{"id":2229,"date":"2020-03-28T23:27:39","date_gmt":"2020-03-28T22:27:39","guid":{"rendered":"http:\/\/agora.xtec.cat\/escllumsdelnord\/?page_id=2229"},"modified":"2025-05-11T20:18:31","modified_gmt":"2025-05-11T18:18:31","slug":"festes","status":"publish","type":"page","link":"https:\/\/agora.xtec.cat\/escllumsdelnord\/la-nostra-escola\/festes\/","title":{"rendered":"Festes"},"content":{"rendered":"<p><span style=\"font-size: 1.6875em; font-weight: bold;\">Castanyada<\/span><\/p>\n<div class=\"entry-content\">\n<header class=\"entry-header\">\n<div class=\"entry-content\">\n<p><a style=\"color: #2795b6;\" href=\"https:\/\/agora.xtec.cat\/escllumsdelnord\/wp-content\/uploads\/usu1797\/2020\/04\/castany.jpg\"><img loading=\"lazy\" decoding=\"async\" class=\"wp-image-2749 aligncenter\" src=\"https:\/\/agora.xtec.cat\/escllumsdelnord\/wp-content\/uploads\/usu1797\/2020\/04\/castany.jpg\" sizes=\"auto, (max-width: 775px) 100vw, 775px\" srcset=\"https:\/\/agora.xtec.cat\/escllumsdelnord\/wp-content\/uploads\/usu1797\/2020\/04\/castany.jpg 775w, https:\/\/agora.xtec.cat\/escllumsdelnord\/wp-content\/uploads\/usu1797\/2020\/04\/castany-300x98.jpg 300w, https:\/\/agora.xtec.cat\/escllumsdelnord\/wp-content\/uploads\/usu1797\/2020\/04\/castany-768x252.jpg 768w\" alt=\"\" width=\"667\" height=\"219\" \/><\/a>La festa de la castanyada \u00e9s la primera celebraci\u00f3 oberta a les fam\u00edlies de les quals realitzem a l\u2019escola. Celebrem aquesta diada amb una mostra de balls tradicionals a la tarda i acabem la festa menjant, castanyes, coca i xocolata que ens prepara l\u2019AFA.<\/p>\n<\/div>\n<h3 class=\"entry-title\">Dia de la m\u00fasica<\/h3>\n<p>Cada any el 22 de novembre fem un homenatge a la patrona de la m\u00fasica, Santa Cec\u00edlia. Des de l&#8217;especialitat de m\u00fasica ens sorprenem any rere any amb alguna activitat musical.<\/p>\n<h3 class=\"entry-title\">Festival de Nadal<\/h3>\n<\/header>\n<div class=\"entry-content\">\n<p><img loading=\"lazy\" decoding=\"async\" class=\"wp-image-2754 aligncenter\" src=\"https:\/\/agora.xtec.cat\/escllumsdelnord\/wp-content\/uploads\/usu1797\/2020\/04\/nadal.png\" sizes=\"auto, (max-width: 1282px) 100vw, 1282px\" srcset=\"https:\/\/agora.xtec.cat\/escllumsdelnord\/wp-content\/uploads\/usu1797\/2020\/04\/nadal.png 1282w, https:\/\/agora.xtec.cat\/escllumsdelnord\/wp-content\/uploads\/usu1797\/2020\/04\/nadal-300x72.png 300w, https:\/\/agora.xtec.cat\/escllumsdelnord\/wp-content\/uploads\/usu1797\/2020\/04\/nadal-768x183.png 768w, https:\/\/agora.xtec.cat\/escllumsdelnord\/wp-content\/uploads\/usu1797\/2020\/04\/nadal-1024x244.png 1024w\" alt=\"\" width=\"796\" height=\"190\" \/><\/p>\n<p style=\"text-align: justify;\">L\u2019\u00faltim dilluns del primer trimestre, abans de marxar de vacances, fem el festival de Nadal al Casino Ceret\u00e0.\u00a0 Cantem nadales i ballem can\u00e7ons. La nostra fam\u00edlia m\u00e9s propera pot venir a veure&#8217;ns en directe.<\/p>\n<p style=\"text-align: justify;\">De manera interna fem cagar el Ti\u00f3, ens visita el Patge Reial, recitem poesies d&#8217;hivern&#8230;<\/p>\n<\/div>\n<\/div>\n<header class=\"entry-header\">\n<h3>DENIP (Dia escolar de la no-viol\u00e8ncia i la Pau)<\/h3>\n<p>Des de l&#8217;aula celebrem aquesta diada, fent diferents activitats, murals, debats, taules rodones comentant curtmetratges&#8230; Per tal de promoure la pau. El dia 30 de gener fem una activitat de tancament al pati on participa tot l&#8217;alumnat i els docents.<\/p>\n<h3 class=\"entry-title\">Dia de les lleng\u00fces maternes<\/h3>\n<p>El Dia Internacional de la Llengua Materna, celebrat el 21 de febrer, \u00e9s una oportunitat per fomentar la diversitat ling\u00fc\u00edstica i cultural a l&#8217;escola.<\/p>\n<h3 class=\"entry-title\">Carnaval<\/h3>\n<\/header>\n<div class=\"entry-content\">\n<p><img loading=\"lazy\" decoding=\"async\" class=\"wp-image-2842 alignright\" src=\"https:\/\/agora.xtec.cat\/escllumsdelnord\/wp-content\/uploads\/usu1797\/2020\/04\/carnaval-banner.png\" sizes=\"auto, (max-width: 886px) 100vw, 886px\" srcset=\"https:\/\/agora.xtec.cat\/escllumsdelnord\/wp-content\/uploads\/usu1797\/2020\/04\/carnaval-banner.png 886w, https:\/\/agora.xtec.cat\/escllumsdelnord\/wp-content\/uploads\/usu1797\/2020\/04\/carnaval-banner-300x86.png 300w, https:\/\/agora.xtec.cat\/escllumsdelnord\/wp-content\/uploads\/usu1797\/2020\/04\/carnaval-banner-768x221.png 768w\" alt=\"\" width=\"348\" height=\"100\" \/><\/p>\n<p style=\"text-align: justify;\">L&#8217;\u00e8poca de Carnaval \u00e9s festa grossa a l&#8217;escola, esperem l&#8217;arribada de la Reina o Rei Carnestoltes amb el Consell del Bull preparat per l&#8217;alumnat de 6\u00e8. Durant la setmana de Carnaval complim les ordres esbojarrades; celebrem fent un bon esmorzar el Dijous Llarder i el divendres de Carnaval sortim a la Rua del poble on esteu tots convidats! A la tarda anem a veure un espectacle, subvencionat per l&#8217;Ajuntament, amb els companys i companyes de l&#8217;escola Alfons I i Vedruna.<\/p>\n<\/div>\n<header class=\"entry-header\">\n<h3 class=\"entry-title\">8 de mar\u00e7 (Dia Internacional de la Dona)<\/h3>\n<p>A l&#8217;escola no deixem de commemorar aquesta diada per tal de treballar la perspectiva de g\u00e8nere entre l&#8217;alumnat. Acabem fent una activitat de tancament tota l&#8217;escola junta, al pati.<\/p>\n<h3 class=\"entry-title\">Arribada de la primavera<\/h3>\n<\/header>\n<div class=\"entry-content\">\n<p>El divendres abans d&#8217;acabar el segon trimestre celebrem l&#8217;arribada de la primavera anant a algun espai proper a l&#8217;escola i fer activitats i jocs a l&#8217;aire lliure tot l&#8217;alumnat de l&#8217;escola.<\/p>\n<h3 class=\"entry-title\">Sant Jordi i setmana del conte i de la poesia<\/h3>\n<p>Per Sant Jordi, per no perdre la tradici\u00f3, anem a visitar les parades dalt del poble i a la tarda mirem l&#8217;obra de teatre de la llegenda de sant Jordi i celebrem la cerim\u00f2nia d&#8217;entrega de premis del certamen literari de l&#8217;escola. Durant la setmana participem en moltes activitats de car\u00e0cter literari. L&#8217;alumnat de CS fa una lectura de poesia al Museu Cerd\u00e0 on es convida als companys i companyes de 4t i a totes les fam\u00edlies que vulguin participar.<\/p>\n<p>Les noies i nois de 6\u00e8 fan una obra de teatre per recaptar fons pel viatge de final de curs al Casino Ceret\u00e0.<\/p>\n<\/div>\n<h3 class=\"entry-title\">Final de curs<\/h3>\n<p>Per acabar el curs l&#8217;AFA prepara una gran festa amb l&#8217;alumnat i les fam\u00edlies.<\/p>\n<p>A l&#8217;escola els m\u00e9s grans preparen una gimcana d&#8217;all\u00f2 m\u00e9s divertida per als seus companys i companyes. E<span style=\"font-family: inherit; font-size: 1em;\">ns acomiadem del curs i dels nois i noies de 6\u00e8 amb molta gresca i diversi\u00f3.<\/span><\/p>\n<h3 class=\"entry-title\">Promoci\u00f3 I5 i 6\u00e8<\/h3>\n<p>L&#8217;\u00faltima setmana juny acompanyem l&#8217;alumnat d&#8217;I5 a tancar l&#8217;etapa d&#8217;infantil i a donar-los la benvinguda a l&#8217;etapa de prim\u00e0ria. Per altra banda, acomiadem a l&#8217;alumnat m\u00e9s gran de l&#8217;escola que fa un pas m\u00e9s a la seva vida acad\u00e8mica i continuen el seu cam\u00ed cap a l&#8217;institut.<\/p>\n","protected":false},"excerpt":{"rendered":"<p>Castanyada La festa de la castanyada \u00e9s la primera celebraci\u00f3 oberta a les fam\u00edlies de les quals realitzem a l\u2019escola. Celebrem aquesta diada amb una mostra de balls tradicionals a la tarda i acabem la festa menjant, castanyes, coca i xocolata que ens prepara l\u2019AFA. Dia de la m\u00fasica Cada any el 22 de novembre [&hellip;]<\/p>\n","protected":false},"author":7,"featured_media":0,"parent":2223,"menu_order":2,"comment_status":"closed","ping_status":"closed","template":"","meta":{"_bbp_topic_count":0,"_bbp_reply_count":0,"_bbp_total_topic_count":0,"_bbp_total_reply_count":0,"_bbp_voice_count":0,"_bbp_anonymous_reply_count":0,"_bbp_topic_count_hidden":0,"_bbp_reply_count_hidden":0,"_bbp_forum_subforum_count":0,"site-sidebar-layout":"default","site-content-layout":"","ast-site-content-layout":"","site-content-style":"default","site-sidebar-style":"default","ast-global-header-display":"","ast-banner-title-visibility":"","ast-main-header-display":"","ast-hfb-above-header-display":"","ast-hfb-below-header-display":"","ast-hfb-mobile-header-display":"","site-post-title":"","ast-breadcrumbs-content":"","ast-featured-img":"","footer-sml-layout":"","theme-transparent-header-meta":"","adv-header-id-meta":"","stick-header-meta":"","header-above-stick-meta":"","header-main-stick-meta":"","header-below-stick-meta":"","astra-migrate-meta-layouts":"default","ast-page-background-enabled":"default","ast-page-background-meta":{"desktop":{"background-color":"var(--ast-global-color-4)","background-image":"","background-repeat":"repeat","background-position":"center center","background-size":"auto","background-attachment":"scroll","background-type":"","background-media":"","overlay-type":"","overlay-color":"","overlay-opacity":"","overlay-gradient":""},"tablet":{"background-color":"","background-image":"","background-repeat":"repeat","background-position":"center center","background-size":"auto","background-attachment":"scroll","background-type":"","background-media":"","overlay-type":"","overlay-color":"","overlay-opacity":"","overlay-gradient":""},"mobile":{"background-color":"","background-image":"","background-repeat":"repeat","background-position":"center center","background-size":"auto","background-attachment":"scroll","background-type":"","background-media":"","overlay-type":"","overlay-color":"","overlay-opacity":"","overlay-gradient":""}},"ast-content-background-meta":{"desktop":{"background-color":"var(--ast-global-color-5)","background-image":"","background-repeat":"repeat","background-position":"center center","background-size":"auto","background-attachment":"scroll","background-type":"","background-media":"","overlay-type":"","overlay-color":"","overlay-opacity":"","overlay-gradient":""},"tablet":{"background-color":"var(--ast-global-color-5)","background-image":"","background-repeat":"repeat","background-position":"center center","background-size":"auto","background-attachment":"scroll","background-type":"","background-media":"","overlay-type":"","overlay-color":"","overlay-opacity":"","overlay-gradient":""},"mobile":{"background-color":"var(--ast-global-color-5)","background-image":"","background-repeat":"repeat","background-position":"center center","background-size":"auto","background-attachment":"scroll","background-type":"","background-media":"","overlay-type":"","overlay-color":"","overlay-opacity":"","overlay-gradient":""}},"footnotes":""},"class_list":["post-2229","page","type-page","status-publish","hentry"],"post_mailing_queue_ids":[],"_links":{"self":[{"href":"https:\/\/agora.xtec.cat\/escllumsdelnord\/wp-json\/wp\/v2\/pages\/2229","targetHints":{"allow":["GET"]}}],"collection":[{"href":"https:\/\/agora.xtec.cat\/escllumsdelnord\/wp-json\/wp\/v2\/pages"}],"about":[{"href":"https:\/\/agora.xtec.cat\/escllumsdelnord\/wp-json\/wp\/v2\/types\/page"}],"author":[{"embeddable":true,"href":"https:\/\/agora.xtec.cat\/escllumsdelnord\/wp-json\/wp\/v2\/users\/7"}],"replies":[{"embeddable":true,"href":"https:\/\/agora.xtec.cat\/escllumsdelnord\/wp-json\/wp\/v2\/comments?post=2229"}],"version-history":[{"count":5,"href":"https:\/\/agora.xtec.cat\/escllumsdelnord\/wp-json\/wp\/v2\/pages\/2229\/revisions"}],"predecessor-version":[{"id":9583,"href":"https:\/\/agora.xtec.cat\/escllumsdelnord\/wp-json\/wp\/v2\/pages\/2229\/revisions\/9583"}],"up":[{"embeddable":true,"href":"https:\/\/agora.xtec.cat\/escllumsdelnord\/wp-json\/wp\/v2\/pages\/2223"}],"wp:attachment":[{"href":"https:\/\/agora.xtec.cat\/escllumsdelnord\/wp-json\/wp\/v2\/media?parent=2229"}],"curies":[{"name":"wp","href":"https:\/\/api.w.org\/{rel}","templated":true}]}}