{"id":22,"date":"2014-09-18T12:19:57","date_gmt":"2014-09-18T11:19:57","guid":{"rendered":"http:\/\/agora.xtec.cat\/escllumsdelnord\/?page_id=22"},"modified":"2025-03-12T16:21:16","modified_gmt":"2025-03-12T15:21:16","slug":"lescola","status":"publish","type":"page","link":"https:\/\/agora.xtec.cat\/escllumsdelnord\/lescola\/","title":{"rendered":"L&#8217;escola"},"content":{"rendered":"<p><strong>Horari<\/strong><\/p>\n<p>Mat\u00ed: De 9.00 h a 12.30 h (les portes s&#8217;obren a les 8.55 h)<\/p>\n<p>Tarda: De 15.00 h a 16.30 h (les portes s&#8217;obren a les 14.59 h)<\/p>\n<p style=\"text-align: justify;\"><strong>Servei d&#8217;acollida<\/strong> de 8.00 h a 9.00 h i de 16.30 h a 17.30 h. Subvencionat parcialment per l&#8217;Ajuntament de Puigcerd\u00e0.<\/p>\n<p style=\"text-align: justify;\"><strong>Servei de menjador<\/strong> gestionat pel Consell Comarcal amb la contractaci\u00f3 de l\u2019empresa \u201cAramark\u201d.<\/p>\n<p style=\"text-align: justify;\">Durant la franja de 12.30\u202fh a 15.00\u202fh: s&#8217;ofereixen <strong>activitats extraescolars<\/strong> gestionades per diferents entitats del municipi. (Lleng\u00fces, m\u00fasica, educaci\u00f3 emocional, esports&#8230;)<a href=\"https:\/\/drive.google.com\/file\/d\/1LSc99GR4QIH343Idk2Io9E0ypAgwfZuK\/view?usp=sharing\" target=\"_blank\" rel=\"noopener\"><img loading=\"lazy\" decoding=\"async\" class=\"alignnone size-full wp-image-9391\" src=\"https:\/\/agora.xtec.cat\/escllumsdelnord\/wp-content\/uploads\/usu1797\/2025\/03\/Coneixent-lescola-Llums-del-Nord.png\" alt=\"\" width=\"960\" height=\"540\" srcset=\"https:\/\/agora.xtec.cat\/escllumsdelnord\/wp-content\/uploads\/usu1797\/2025\/03\/Coneixent-lescola-Llums-del-Nord.png 960w, https:\/\/agora.xtec.cat\/escllumsdelnord\/wp-content\/uploads\/usu1797\/2025\/03\/Coneixent-lescola-Llums-del-Nord-300x169.png 300w, https:\/\/agora.xtec.cat\/escllumsdelnord\/wp-content\/uploads\/usu1797\/2025\/03\/Coneixent-lescola-Llums-del-Nord-768x432.png 768w\" sizes=\"auto, (max-width: 960px) 100vw, 960px\" \/><\/a><\/p>\n\n\n<p><strong>Normes de car\u00e0cter general del centre<\/strong><\/p>\n\n\n\n<p>\u2013 Les\u00a0<strong>faltes d\u2019assist\u00e8ncia<\/strong>\u00a0han de ser justificades. Les fam\u00edlies o tutors legals que arribin tard sense justificant, de manera reiterada, seran convocats a mantenir una reuni\u00f3 amb el tutor\/a. En cas de reincid\u00e8ncia se\u2019ls convocar\u00e0 des de direcci\u00f3. En cas d\u2019absentisme escolar l\u2019escola informar\u00e0 els Serveis Socials de l\u2019Ajuntament..<\/p>\n\n\n\n<p>\u2013 Es demana&nbsp;<strong>puntualitat<\/strong>&nbsp;tant a l\u2019entrar a l\u2019escola com al venir-los a buscar. En cas de retard, tant en l\u2019arribada com en la recollida, caldr\u00e0 signar al llibre de retards i adjuntar-hi el justificant, si \u00e9s el cas.<\/p>\n\n\n\n<p>\u2013 Les\u00a0<strong>portes<\/strong>\u00a0del recinte escolar\u00a0<strong>s\u2019obriran uns 5 minuts abans<\/strong>\u00a0de l\u2019horari lectiu (mat\u00ed i tarda). Els acompanyants han de deixar els nens a la porta i no entrar al recinte.<\/p>\n\n\n\n<p>\u2013 Per assistir a l\u2019escola els alumnes\u00a0<strong>no han de portar objectes de valor<\/strong> ni diners que, en cas de perdre\u2019ls s\u00f3n font de disgustos per a tots, i de la p\u00e8rdua dels quals no es far\u00e0 responsable l\u2019escola.<\/p>\n\n\n\n<p>\u2013 Est\u00e0<strong>\u00a0prohibit portar m\u00f2bils, jocs electr\u00f2nics, reproductors de m\u00fasica o qualsevol altre aparell electr\u00f2nic<\/strong>. En cas d\u2019incompliment quedaran dipositats a l\u2019escola fins quan l\u2019equip docent determini.<\/p>\n\n\n\n<p>\u2013 El&nbsp;<strong>vestuari<\/strong>&nbsp;de l\u2019alumnat ha de ser&nbsp;<strong>adequat<\/strong>&nbsp;a l\u2019espai educatiu.<\/p>\n\n\n\n<p>\u2013 Han de tenir cura del seu cos,\u00a0<strong>dutxar-se cada dia i evitar els par\u00e0sits<\/strong>. En cas de tenir-ne cal fer el tractament a casa i avisar a l&#8217;escola per evitar el contagi .<\/p>\n\n\n\n<p>\u2013 Els nens i nenes\u00a0<strong>no poden assistir a l\u2019escola si estan malalts<\/strong>. Si durant l\u2019estada a l\u2019escola es detecta una d\u2019aquestes situacions, es trucar\u00e0 als pares perqu\u00e8 els vinguin a recollir. Si s\u2019assisteix a classe amb s\u00edmptomes de malaltia s\u2019exposa als altres el perill de contagi i a ell\/a se l\u2019est\u00e0 privant del dret al benestar.<\/p>\n\n\n\n<p>\u2013&nbsp;<strong>Nom\u00e9s es permetr\u00e0 l\u2019entrada d\u2019animals dom\u00e8stics<\/strong>, en aquells casos que es requereixi&nbsp;<strong>per raons pedag\u00f2giques<\/strong>.<\/p>\n\n\n\n<p>\u2013 Es demanar\u00e0\u00a0<strong>certificat m\u00e8dic i recepta sempre que s\u2019hagi d\u2019administrar un medicament<\/strong>, aix\u00ed com la corresponent\u00a0<strong>autoritzaci\u00f3 dels pares<\/strong>\u00a0on caldr\u00e0 indicar les dosis i les hores.<\/p>\n\n\n\n<p>\u2013\u00a0<strong>Un cop finalitzin les classes cap alumne\/a podr\u00e0 tornar a l\u2019aula<\/strong>\u00a0a buscar coses que s\u2019hagi oblidat, ja que el cos docent ja no es troba en aquest espai. Tamb\u00e9 us demanem que si algun dia es deixen algun estri a casa, no el porteu vosaltres. \u00c9s una manera d&#8217;ajudar-los a guanyar autonomia.<\/p>\n","protected":false},"excerpt":{"rendered":"<p>Horari Mat\u00ed: De 9.00 h a 12.30 h (les portes s&#8217;obren a les 8.55 h) Tarda: De 15.00 h a 16.30 h (les portes s&#8217;obren a les 14.59 h) Servei d&#8217;acollida de 8.00 h a 9.00 h i de 16.30 h a 17.30 h. Subvencionat parcialment per l&#8217;Ajuntament de Puigcerd\u00e0. Servei de menjador gestionat pel [&hellip;]<\/p>\n","protected":false},"author":1,"featured_media":0,"parent":0,"menu_order":0,"comment_status":"closed","ping_status":"closed","template":"page-templates\/side-menu.php","meta":{"_bbp_topic_count":0,"_bbp_reply_count":0,"_bbp_total_topic_count":0,"_bbp_total_reply_count":0,"_bbp_voice_count":0,"_bbp_anonymous_reply_count":0,"_bbp_topic_count_hidden":0,"_bbp_reply_count_hidden":0,"_bbp_forum_subforum_count":0,"site-sidebar-layout":"default","site-content-layout":"","ast-site-content-layout":"","site-content-style":"default","site-sidebar-style":"default","ast-global-header-display":"","ast-banner-title-visibility":"","ast-main-header-display":"","ast-hfb-above-header-display":"","ast-hfb-below-header-display":"","ast-hfb-mobile-header-display":"","site-post-title":"","ast-breadcrumbs-content":"","ast-featured-img":"","footer-sml-layout":"","theme-transparent-header-meta":"","adv-header-id-meta":"","stick-header-meta":"","header-above-stick-meta":"","header-main-stick-meta":"","header-below-stick-meta":"","astra-migrate-meta-layouts":"default","ast-page-background-enabled":"default","ast-page-background-meta":{"desktop":{"background-color":"var(--ast-global-color-4)","background-image":"","background-repeat":"repeat","background-position":"center center","background-size":"auto","background-attachment":"scroll","background-type":"","background-media":"","overlay-type":"","overlay-color":"","overlay-opacity":"","overlay-gradient":""},"tablet":{"background-color":"","background-image":"","background-repeat":"repeat","background-position":"center center","background-size":"auto","background-attachment":"scroll","background-type":"","background-media":"","overlay-type":"","overlay-color":"","overlay-opacity":"","overlay-gradient":""},"mobile":{"background-color":"","background-image":"","background-repeat":"repeat","background-position":"center center","background-size":"auto","background-attachment":"scroll","background-type":"","background-media":"","overlay-type":"","overlay-color":"","overlay-opacity":"","overlay-gradient":""}},"ast-content-background-meta":{"desktop":{"background-color":"var(--ast-global-color-5)","background-image":"","background-repeat":"repeat","background-position":"center center","background-size":"auto","background-attachment":"scroll","background-type":"","background-media":"","overlay-type":"","overlay-color":"","overlay-opacity":"","overlay-gradient":""},"tablet":{"background-color":"var(--ast-global-color-5)","background-image":"","background-repeat":"repeat","background-position":"center center","background-size":"auto","background-attachment":"scroll","background-type":"","background-media":"","overlay-type":"","overlay-color":"","overlay-opacity":"","overlay-gradient":""},"mobile":{"background-color":"var(--ast-global-color-5)","background-image":"","background-repeat":"repeat","background-position":"center center","background-size":"auto","background-attachment":"scroll","background-type":"","background-media":"","overlay-type":"","overlay-color":"","overlay-opacity":"","overlay-gradient":""}},"footnotes":""},"class_list":["post-22","page","type-page","status-publish","hentry"],"post_mailing_queue_ids":[],"_links":{"self":[{"href":"https:\/\/agora.xtec.cat\/escllumsdelnord\/wp-json\/wp\/v2\/pages\/22","targetHints":{"allow":["GET"]}}],"collection":[{"href":"https:\/\/agora.xtec.cat\/escllumsdelnord\/wp-json\/wp\/v2\/pages"}],"about":[{"href":"https:\/\/agora.xtec.cat\/escllumsdelnord\/wp-json\/wp\/v2\/types\/page"}],"author":[{"embeddable":true,"href":"https:\/\/agora.xtec.cat\/escllumsdelnord\/wp-json\/wp\/v2\/users\/1"}],"replies":[{"embeddable":true,"href":"https:\/\/agora.xtec.cat\/escllumsdelnord\/wp-json\/wp\/v2\/comments?post=22"}],"version-history":[{"count":5,"href":"https:\/\/agora.xtec.cat\/escllumsdelnord\/wp-json\/wp\/v2\/pages\/22\/revisions"}],"predecessor-version":[{"id":9406,"href":"https:\/\/agora.xtec.cat\/escllumsdelnord\/wp-json\/wp\/v2\/pages\/22\/revisions\/9406"}],"wp:attachment":[{"href":"https:\/\/agora.xtec.cat\/escllumsdelnord\/wp-json\/wp\/v2\/media?parent=22"}],"curies":[{"name":"wp","href":"https:\/\/api.w.org\/{rel}","templated":true}]}}