{"id":1742,"date":"2019-12-03T13:00:18","date_gmt":"2019-12-03T12:00:18","guid":{"rendered":"http:\/\/agora.xtec.cat\/escllumsdelnord\/?page_id=1742"},"modified":"2025-02-17T16:17:27","modified_gmt":"2025-02-17T15:17:27","slug":"projecte-linguistic","status":"publish","type":"page","link":"https:\/\/agora.xtec.cat\/escllumsdelnord\/projecte-educatiu\/projecte-linguistic\/","title":{"rendered":"Projecte ling\u00fc\u00edstic"},"content":{"rendered":"<p>El projecte ling\u00fc\u00edstic \u00e9s el document que recull els aspectes relatius a l&#8217;ensenyament i a l&#8217;\u00fas de les lleng\u00fces en el centre educatiu.<\/p>\n<p>En aquest document queden definits el tractament de la llengua catalana com a llengua vehicular i d&#8217;aprenentatge, el proc\u00e9s d&#8217;ensenyament i aprenentatge de la llengua castellana, les diferents opcions amb refer\u00e8ncia a les lleng\u00fces estrangeres i els criteris generals per a les adequacions de les lleng\u00fces a la realitat socioling\u00fc\u00edstica del centre.<\/p>\n<p>Una vegada es tinguin les noves directrius del Departament d&#8217;Educaci\u00f3 i Formaci\u00f3 Professional s&#8217;actualitzar\u00e0.<\/p>\n<p><iframe loading=\"lazy\" class=\"scribd_iframe_embed\" title=\"Projecte Ling\u00fc\u00edstic 2018. Escola Llums Del Nord.\" src=\"https:\/\/www.scribd.com\/embeds\/436811423\/content?start_page=1&amp;view_mode=scroll&amp;show_recommendations=true&amp;access_key=key-Y2X5xfA078tOceISpnMg\" width=\"600\" height=\"800\" frameborder=\"0\" scrolling=\"no\" data-auto-height=\"false\" data-aspect-ratio=\"0.7055599060297573\"><\/iframe><\/p>\n","protected":false},"excerpt":{"rendered":"<p>El projecte ling\u00fc\u00edstic \u00e9s el document que recull els aspectes relatius a l&#8217;ensenyament i a l&#8217;\u00fas de les lleng\u00fces en el centre educatiu. En aquest document queden definits el tractament de la llengua catalana com a llengua vehicular i d&#8217;aprenentatge, el proc\u00e9s d&#8217;ensenyament i aprenentatge de la llengua castellana, les diferents opcions amb refer\u00e8ncia a [&hellip;]<\/p>\n","protected":false},"author":7,"featured_media":0,"parent":64,"menu_order":0,"comment_status":"closed","ping_status":"closed","template":"page-templates\/side-menu.php","meta":{"_bbp_topic_count":0,"_bbp_reply_count":0,"_bbp_total_topic_count":0,"_bbp_total_reply_count":0,"_bbp_voice_count":0,"_bbp_anonymous_reply_count":0,"_bbp_topic_count_hidden":0,"_bbp_reply_count_hidden":0,"_bbp_forum_subforum_count":0,"site-sidebar-layout":"default","site-content-layout":"","ast-site-content-layout":"","site-content-style":"default","site-sidebar-style":"default","ast-global-header-display":"","ast-banner-title-visibility":"","ast-main-header-display":"","ast-hfb-above-header-display":"","ast-hfb-below-header-display":"","ast-hfb-mobile-header-display":"","site-post-title":"","ast-breadcrumbs-content":"","ast-featured-img":"","footer-sml-layout":"","theme-transparent-header-meta":"","adv-header-id-meta":"","stick-header-meta":"","header-above-stick-meta":"","header-main-stick-meta":"","header-below-stick-meta":"","astra-migrate-meta-layouts":"default","ast-page-background-enabled":"default","ast-page-background-meta":{"desktop":{"background-color":"var(--ast-global-color-4)","background-image":"","background-repeat":"repeat","background-position":"center center","background-size":"auto","background-attachment":"scroll","background-type":"","background-media":"","overlay-type":"","overlay-color":"","overlay-opacity":"","overlay-gradient":""},"tablet":{"background-color":"","background-image":"","background-repeat":"repeat","background-position":"center center","background-size":"auto","background-attachment":"scroll","background-type":"","background-media":"","overlay-type":"","overlay-color":"","overlay-opacity":"","overlay-gradient":""},"mobile":{"background-color":"","background-image":"","background-repeat":"repeat","background-position":"center center","background-size":"auto","background-attachment":"scroll","background-type":"","background-media":"","overlay-type":"","overlay-color":"","overlay-opacity":"","overlay-gradient":""}},"ast-content-background-meta":{"desktop":{"background-color":"var(--ast-global-color-5)","background-image":"","background-repeat":"repeat","background-position":"center center","background-size":"auto","background-attachment":"scroll","background-type":"","background-media":"","overlay-type":"","overlay-color":"","overlay-opacity":"","overlay-gradient":""},"tablet":{"background-color":"var(--ast-global-color-5)","background-image":"","background-repeat":"repeat","background-position":"center center","background-size":"auto","background-attachment":"scroll","background-type":"","background-media":"","overlay-type":"","overlay-color":"","overlay-opacity":"","overlay-gradient":""},"mobile":{"background-color":"var(--ast-global-color-5)","background-image":"","background-repeat":"repeat","background-position":"center center","background-size":"auto","background-attachment":"scroll","background-type":"","background-media":"","overlay-type":"","overlay-color":"","overlay-opacity":"","overlay-gradient":""}},"footnotes":""},"class_list":["post-1742","page","type-page","status-publish","hentry"],"post_mailing_queue_ids":[],"_links":{"self":[{"href":"https:\/\/agora.xtec.cat\/escllumsdelnord\/wp-json\/wp\/v2\/pages\/1742","targetHints":{"allow":["GET"]}}],"collection":[{"href":"https:\/\/agora.xtec.cat\/escllumsdelnord\/wp-json\/wp\/v2\/pages"}],"about":[{"href":"https:\/\/agora.xtec.cat\/escllumsdelnord\/wp-json\/wp\/v2\/types\/page"}],"author":[{"embeddable":true,"href":"https:\/\/agora.xtec.cat\/escllumsdelnord\/wp-json\/wp\/v2\/users\/7"}],"replies":[{"embeddable":true,"href":"https:\/\/agora.xtec.cat\/escllumsdelnord\/wp-json\/wp\/v2\/comments?post=1742"}],"version-history":[{"count":3,"href":"https:\/\/agora.xtec.cat\/escllumsdelnord\/wp-json\/wp\/v2\/pages\/1742\/revisions"}],"predecessor-version":[{"id":9296,"href":"https:\/\/agora.xtec.cat\/escllumsdelnord\/wp-json\/wp\/v2\/pages\/1742\/revisions\/9296"}],"up":[{"embeddable":true,"href":"https:\/\/agora.xtec.cat\/escllumsdelnord\/wp-json\/wp\/v2\/pages\/64"}],"wp:attachment":[{"href":"https:\/\/agora.xtec.cat\/escllumsdelnord\/wp-json\/wp\/v2\/media?parent=1742"}],"curies":[{"name":"wp","href":"https:\/\/api.w.org\/{rel}","templated":true}]}}