{"id":38,"date":"2014-09-18T12:34:08","date_gmt":"2014-09-18T11:34:08","guid":{"rendered":"https:\/\/agora.xtec.cat\/esclesfontsgelida\/?page_id=38"},"modified":"2024-12-16T14:07:04","modified_gmt":"2024-12-16T13:07:04","slug":"salut","status":"publish","type":"page","link":"https:\/\/agora.xtec.cat\/esclesfontsgelida\/lescola\/salut\/","title":{"rendered":"Salut"},"content":{"rendered":"\n<p>El car\u00e0cter d&#8217;aquesta p\u00e0gina ha de ser b\u00e0sicament informatiu. En aquesta secci\u00f3&nbsp;cal fer una refer\u00e8ncia directa a q\u00fcestions de salut que afectin directament als alumnes del centre. Es pot categoritzar la informaci\u00f3, per exemple, entre <strong>medicaments<\/strong>, <strong>al\u00b7l\u00e8rgies<\/strong> i <strong>par\u00e0sits<\/strong>.<\/p>\n\n\n\n<div class=\"wp-block-getwid-accordion has-icon-left\" data-active-element=\"none\">\n<div class=\"wp-block-getwid-accordion__header-wrapper\"><span class=\"wp-block-getwid-accordion__header\"><a href=\"#\"><span class=\"wp-block-getwid-accordion__header-title\">Medicaments<\/span><span class=\"wp-block-getwid-accordion__icon is-active\"><i class=\"fas fa-chevron-down\"><\/i><\/span><span class=\"wp-block-getwid-accordion__icon is-passive\"><i class=\"fas fa-chevron-up\"><\/i><\/span><\/a><\/span><\/div><div class=\"wp-block-getwid-accordion__content-wrapper\"><div class=\"wp-block-getwid-accordion__content\">\n<p>Phasellus volutpat lacus quis interdum fringilla. Mauris consequat nec massa nec efficitur. Pellentesque ultrices malesuada dui et tempor. Mauris sit amet finibus felis, vitae vehicula nisi. Nunc vel elit sed odio consectetur ullamcorper nec eget orci. Praesent in sollicitudin mauris. Suspendisse efficitur ligula nec erat pretium porta.&nbsp;<\/p>\n\n\n\n<ul class=\"wp-block-list\">\n<li>Phasellus volutpat lacus quis interdum fringilla. <\/li>\n\n\n\n<li>Mauris consequat nec massa nec efficitur. <\/li>\n\n\n\n<li>Pellentesque ultrices malesuada dui et tempor. <\/li>\n\n\n\n<li>Mauris sit amet finibus felis, vitae vehicula nisi. <\/li>\n\n\n\n<li>Nunc vel elit sed odio consectetur ullamcorper nec eget orci. <\/li>\n\n\n\n<li>Praesent in sollicitudin mauris. <\/li>\n\n\n\n<li>Suspendisse efficitur ligula nec erat pretium porta.&nbsp;<\/li>\n<\/ul>\n<\/div><\/div>\n\n\n\n<div class=\"wp-block-getwid-accordion__header-wrapper\"><span class=\"wp-block-getwid-accordion__header\"><a href=\"#\"><span class=\"wp-block-getwid-accordion__header-title\">Al\u00b7l\u00e8rgies<\/span><span class=\"wp-block-getwid-accordion__icon is-active\"><i class=\"fas fa-chevron-down\"><\/i><\/span><span class=\"wp-block-getwid-accordion__icon is-passive\"><i class=\"fas fa-chevron-up\"><\/i><\/span><\/a><\/span><\/div><div class=\"wp-block-getwid-accordion__content-wrapper\"><div class=\"wp-block-getwid-accordion__content\">\n<p>Phasellus volutpat lacus quis interdum fringilla. Mauris consequat nec massa nec efficitur. Pellentesque ultrices malesuada dui et tempor. Mauris sit amet finibus felis, vitae vehicula nisi. Nunc vel elit sed odio consectetur ullamcorper nec eget orci. <\/p>\n\n\n\n<ul class=\"wp-block-list\">\n<li>Praesent in sollicitudin mauris. <\/li>\n\n\n\n<li>Suspendisse efficitur ligula nec erat pretium porta.&nbsp;<\/li>\n<\/ul>\n<\/div><\/div>\n\n\n\n<div class=\"wp-block-getwid-accordion__header-wrapper\"><span class=\"wp-block-getwid-accordion__header\"><a href=\"#\"><span class=\"wp-block-getwid-accordion__header-title\">Par\u00e0sits<\/span><span class=\"wp-block-getwid-accordion__icon is-active\"><i class=\"fas fa-chevron-down\"><\/i><\/span><span class=\"wp-block-getwid-accordion__icon is-passive\"><i class=\"fas fa-chevron-up\"><\/i><\/span><\/a><\/span><\/div><div class=\"wp-block-getwid-accordion__content-wrapper\"><div class=\"wp-block-getwid-accordion__content\">\n<p>Phasellus volutpat lacus quis interdum fringilla. Mauris consequat nec massa nec efficitur. Pellentesque ultrices malesuada dui et tempor. Mauris sit amet finibus felis, vitae vehicula nisi. Nunc vel elit sed odio consectetur ullamcorper nec eget orci. Praesent in sollicitudin mauris. Suspendisse efficitur ligula nec erat pretium porta.&nbsp;<\/p>\n\n\n\n<p>Phasellus volutpat lacus quis interdum fringilla. Mauris consequat nec massa nec efficitur. Pellentesque ultrices malesuada dui et tempor. Mauris sit amet finibus felis, vitae vehicula nisi. Nunc vel elit sed odio consectetur ullamcorper nec eget orci. <\/p>\n\n\n\n<ul class=\"wp-block-list\">\n<li>Praesent in sollicitudin mauris. Suspendisse efficitur ligula nec erat pretium porta.&nbsp;<\/li>\n<\/ul>\n<\/div><\/div>\n<\/div>\n\n\n\n<div style=\"height:49px\" aria-hidden=\"true\" class=\"wp-block-spacer\"><\/div>\n","protected":false},"excerpt":{"rendered":"<p>El car\u00e0cter d&#8217;aquesta p\u00e0gina ha de ser b\u00e0sicament informatiu. En aquesta secci\u00f3&nbsp;cal fer una refer\u00e8ncia directa a q\u00fcestions de salut que afectin directament als alumnes del centre. Es pot categoritzar la informaci\u00f3, per exemple, entre medicaments, al\u00b7l\u00e8rgies i par\u00e0sits.<\/p>\n","protected":false},"author":1,"featured_media":0,"parent":22,"menu_order":80,"comment_status":"closed","ping_status":"closed","template":"","meta":{"site-sidebar-layout":"default","site-content-layout":"","ast-site-content-layout":"default","site-content-style":"default","site-sidebar-style":"default","ast-global-header-display":"","ast-banner-title-visibility":"","ast-main-header-display":"","ast-hfb-above-header-display":"","ast-hfb-below-header-display":"","ast-hfb-mobile-header-display":"","site-post-title":"","ast-breadcrumbs-content":"","ast-featured-img":"","footer-sml-layout":"","theme-transparent-header-meta":"","adv-header-id-meta":"","stick-header-meta":"","header-above-stick-meta":"","header-main-stick-meta":"","header-below-stick-meta":"","astra-migrate-meta-layouts":"set","ast-page-background-enabled":"default","ast-page-background-meta":{"desktop":{"background-color":"var(--ast-global-color-4)","background-image":"","background-repeat":"repeat","background-position":"center center","background-size":"auto","background-attachment":"scroll","background-type":"","background-media":"","overlay-type":"","overlay-color":"","overlay-opacity":"","overlay-gradient":""},"tablet":{"background-color":"","background-image":"","background-repeat":"repeat","background-position":"center center","background-size":"auto","background-attachment":"scroll","background-type":"","background-media":"","overlay-type":"","overlay-color":"","overlay-opacity":"","overlay-gradient":""},"mobile":{"background-color":"","background-image":"","background-repeat":"repeat","background-position":"center center","background-size":"auto","background-attachment":"scroll","background-type":"","background-media":"","overlay-type":"","overlay-color":"","overlay-opacity":"","overlay-gradient":""}},"ast-content-background-meta":{"desktop":{"background-color":"var(--ast-global-color-5)","background-image":"","background-repeat":"repeat","background-position":"center center","background-size":"auto","background-attachment":"scroll","background-type":"","background-media":"","overlay-type":"","overlay-color":"","overlay-opacity":"","overlay-gradient":""},"tablet":{"background-color":"var(--ast-global-color-5)","background-image":"","background-repeat":"repeat","background-position":"center center","background-size":"auto","background-attachment":"scroll","background-type":"","background-media":"","overlay-type":"","overlay-color":"","overlay-opacity":"","overlay-gradient":""},"mobile":{"background-color":"var(--ast-global-color-5)","background-image":"","background-repeat":"repeat","background-position":"center center","background-size":"auto","background-attachment":"scroll","background-type":"","background-media":"","overlay-type":"","overlay-color":"","overlay-opacity":"","overlay-gradient":""}},"footnotes":""},"class_list":["post-38","page","type-page","status-publish","hentry"],"post_mailing_queue_ids":[],"_links":{"self":[{"href":"https:\/\/agora.xtec.cat\/esclesfontsgelida\/wp-json\/wp\/v2\/pages\/38","targetHints":{"allow":["GET"]}}],"collection":[{"href":"https:\/\/agora.xtec.cat\/esclesfontsgelida\/wp-json\/wp\/v2\/pages"}],"about":[{"href":"https:\/\/agora.xtec.cat\/esclesfontsgelida\/wp-json\/wp\/v2\/types\/page"}],"author":[{"embeddable":true,"href":"https:\/\/agora.xtec.cat\/esclesfontsgelida\/wp-json\/wp\/v2\/users\/1"}],"replies":[{"embeddable":true,"href":"https:\/\/agora.xtec.cat\/esclesfontsgelida\/wp-json\/wp\/v2\/comments?post=38"}],"version-history":[{"count":6,"href":"https:\/\/agora.xtec.cat\/esclesfontsgelida\/wp-json\/wp\/v2\/pages\/38\/revisions"}],"predecessor-version":[{"id":605,"href":"https:\/\/agora.xtec.cat\/esclesfontsgelida\/wp-json\/wp\/v2\/pages\/38\/revisions\/605"}],"up":[{"embeddable":true,"href":"https:\/\/agora.xtec.cat\/esclesfontsgelida\/wp-json\/wp\/v2\/pages\/22"}],"wp:attachment":[{"href":"https:\/\/agora.xtec.cat\/esclesfontsgelida\/wp-json\/wp\/v2\/media?parent=38"}],"curies":[{"name":"wp","href":"https:\/\/api.w.org\/{rel}","templated":true}]}}