{"id":32,"date":"2014-09-18T12:31:33","date_gmt":"2014-09-18T11:31:33","guid":{"rendered":"https:\/\/agora.xtec.cat\/esclesfontsgelida\/?page_id=32"},"modified":"2026-04-29T09:30:40","modified_gmt":"2026-04-29T07:30:40","slug":"calendari-del-curs","status":"publish","type":"page","link":"https:\/\/agora.xtec.cat\/esclesfontsgelida\/esdeveniments\/calendari-del-curs\/","title":{"rendered":"PREINSCRIPCI\u00d3 2026-2027"},"content":{"rendered":"\n<h4 class=\"wp-block-heading\"><a href=\"https:\/\/preinscripcio.gencat.cat\/ca\/inici\/index.html\" data-type=\"link\" data-id=\"https:\/\/preinscripcio.gencat.cat\/ca\/inici\/index.html\" target=\"_blank\" rel=\"noreferrer noopener\">INFORMACI\u00d3<\/a><\/h4>\n\n\n\n<figure class=\"wp-block-table\"><table class=\"has-fixed-layout\"><tbody><tr><td class=\"has-text-align-center\" data-align=\"center\"><strong>ACTUACIONS<\/strong><\/td><td class=\"has-text-align-center\" data-align=\"center\"><strong>DATA<\/strong><\/td><\/tr><tr><td class=\"has-text-align-center\" data-align=\"center\"><s>Portes obertes per a les fam\u00edlies de l&#8217;escola<\/s><\/td><td class=\"has-text-align-center\" data-align=\"center\"><s>Divendres 27 de febrer, de 16.45 h a 18 h<\/s><\/td><\/tr><tr><td class=\"has-text-align-center\" data-align=\"center\">Portes obertes per a noves fam\u00edlies<br><a href=\"https:\/\/docs.google.com\/forms\/d\/e\/1FAIpQLScFYwkxBOr5Rw6JZ_q77WgcSR9KEjEB6nM3fccCRywGH47y9w\/viewform?usp=sharing&amp;ouid=109052745274168951020\">-&gt;Inscripci\u00f3&lt;-<\/a><\/td><td class=\"has-text-align-center\" data-align=\"center\">Dimarts 3 de mar\u00e7 (mat\u00ed i tarda)<\/td><\/tr><tr><td class=\"has-text-align-center\" data-align=\"center\"><a href=\"https:\/\/agora.xtec.cat\/esclesfontsgelida\/wp-content\/uploads\/usu2467\/2026\/03\/INFORME_OFERTA_OME_INFORME_OFERTA-4.pdf\" data-type=\"link\" data-id=\"https:\/\/agora.xtec.cat\/esclesfontsgelida\/wp-content\/uploads\/usu2467\/2026\/03\/INFORME_OFERTA_OME_INFORME_OFERTA-4.pdf\" target=\"_blank\" rel=\"noreferrer noopener\">PUBLICACI\u00d3 DE L&#8217;OFERTA INICIAL DE PLACES<\/a><\/td><td class=\"has-text-align-center\" data-align=\"center\">3 de mar\u00e7 <\/td><\/tr><tr><td class=\"has-text-align-center\" data-align=\"center\">PRESENTACI\u00d3 DE SOL\u00b7LICITUDS<\/td><td class=\"has-text-align-center\" data-align=\"center\">Del 4 al 18 de mar\u00e7 (a partir de les 9 hores)<\/td><\/tr><tr><td class=\"has-text-align-center\" data-align=\"center\"><a href=\"https:\/\/agora.xtec.cat\/esclesfontsgelida\/wp-content\/uploads\/usu2467\/2026\/04\/INFORME_BAREM_PROVISIONAL_BAREM.pdf\" target=\"_blank\" rel=\"noreferrer noopener\">LLISTA DE SOL\u00b7LICITUDS AMB PUNTUACI\u00d3 PROVISIONAL<\/a><\/td><td class=\"has-text-align-center\" data-align=\"center\">15 d&#8217;abril<\/td><\/tr><tr><td class=\"has-text-align-center\" data-align=\"center\">PRESENTACI\u00d3 DE RECLAMACIONS<\/td><td class=\"has-text-align-center\" data-align=\"center\">Del 15 al 20 d&#8217;abril<\/td><\/tr><tr><td class=\"has-text-align-center\" data-align=\"center\"><a href=\"https:\/\/agora.xtec.cat\/esclesfontsgelida\/wp-content\/uploads\/usu2467\/2026\/04\/INFORME_BAREM_RESOLTES_BAREM.pdf\" target=\"_blank\" rel=\"noreferrer noopener\">LLISTA DE SOL\u00b7LICITUDS AMB LA PUNTUACI\u00d3 UN COP RESOLTES LES RECLAMACIONS<\/a><\/td><td class=\"has-text-align-center\" data-align=\"center\">23 d&#8217;abril<\/td><\/tr><tr><td class=\"has-text-align-center\" data-align=\"center\"><a href=\"https:\/\/agora.xtec.cat\/esclesfontsgelida\/wp-content\/uploads\/usu2467\/2026\/04\/20260428-sorteig-obligatoris.jpg_1172691498.jpg\" target=\"_blank\" rel=\"noreferrer noopener\">SORTEIG PER RESOLDRE LES SOL\u00b7LICITUDS DE PREINSCRIPCI\u00d3 EMPATADES EN PUNTS<\/a><\/td><td class=\"has-text-align-center\" data-align=\"center\">28 d&#8217;abril a les 11 hores<\/td><\/tr><tr><td class=\"has-text-align-center\" data-align=\"center\"><a href=\"https:\/\/agora.xtec.cat\/esclesfontsgelida\/wp-content\/uploads\/usu2467\/2026\/04\/INFORME_BAREM_DEFINITIU_BAREM.pdf\" target=\"_blank\" rel=\"noreferrer noopener\">LLISTA ORDENADA<\/a><\/td><td class=\"has-text-align-center\" data-align=\"center\">29 d&#8217;abril<\/td><\/tr><tr><td class=\"has-text-align-center\" data-align=\"center\">AMPLIACI\u00d3 DE PETICIONS DE PREINSCRIPCI\u00d3 PER A ALUMNES SENSE PLA\u00c7A ASSIGNADA A CAP CENTRE<\/td><td class=\"has-text-align-center\" data-align=\"center\">De l&#8217;1 al 3 de juny<\/td><\/tr><tr><td class=\"has-text-align-center\" data-align=\"center\">OFERTA FINAL DE PLACES ESCOLARS<\/td><td class=\"has-text-align-center\" data-align=\"center\">10 de juny<\/td><\/tr><tr><td class=\"has-text-align-center\" data-align=\"center\">LLISTA D&#8217;ALUMNES ADMESOS I LLISTA D&#8217;ESPERA<\/td><td class=\"has-text-align-center\" data-align=\"center\">10 de juny<\/td><\/tr><tr><td class=\"has-text-align-center\" data-align=\"center\">MATRICULACI\u00d3<\/td><td class=\"has-text-align-center\" data-align=\"center\">Del 22 al 30 de juny<\/td><\/tr><\/tbody><\/table><\/figure>\n\n\n\n<figure class=\"wp-block-image aligncenter size-large\"><a href=\"https:\/\/agora.xtec.cat\/esclesfontsgelida\/wp-content\/uploads\/usu2467\/2026\/02\/PORTES-OBERTES-2026.pdf\"><img loading=\"lazy\" decoding=\"async\" width=\"724\" height=\"1024\" src=\"https:\/\/agora.xtec.cat\/esclesfontsgelida\/wp-content\/uploads\/usu2467\/2026\/02\/PORTES-OBERTES-2026-pdf-724x1024.jpg\" alt=\"\" class=\"wp-image-196009\"\/><\/a><\/figure>\n","protected":false},"excerpt":{"rendered":"<p>INFORMACI\u00d3 ACTUACIONS DATA Portes obertes per a les fam\u00edlies de l&#8217;escola Divendres 27 de febrer, de 16.45 h a 18 h Portes obertes per a noves fam\u00edlies-&gt;Inscripci\u00f3&lt;- Dimarts 3 de mar\u00e7 (mat\u00ed i tarda) PUBLICACI\u00d3 DE L&#8217;OFERTA INICIAL DE PLACES 3 de mar\u00e7 PRESENTACI\u00d3 DE SOL\u00b7LICITUDS Del 4 al 18 de mar\u00e7 (a partir de [&hellip;]<\/p>\n","protected":false},"author":1,"featured_media":0,"parent":179732,"menu_order":50,"comment_status":"closed","ping_status":"closed","template":"","meta":{"site-sidebar-layout":"default","site-content-layout":"","ast-site-content-layout":"default","site-content-style":"default","site-sidebar-style":"default","ast-global-header-display":"","ast-banner-title-visibility":"","ast-main-header-display":"","ast-hfb-above-header-display":"","ast-hfb-below-header-display":"","ast-hfb-mobile-header-display":"","site-post-title":"","ast-breadcrumbs-content":"","ast-featured-img":"","footer-sml-layout":"","theme-transparent-header-meta":"","adv-header-id-meta":"","stick-header-meta":"","header-above-stick-meta":"","header-main-stick-meta":"","header-below-stick-meta":"","astra-migrate-meta-layouts":"set","ast-page-background-enabled":"default","ast-page-background-meta":{"desktop":{"background-color":"var(--ast-global-color-4)","background-image":"","background-repeat":"repeat","background-position":"center center","background-size":"auto","background-attachment":"scroll","background-type":"","background-media":"","overlay-type":"","overlay-color":"","overlay-opacity":"","overlay-gradient":""},"tablet":{"background-color":"","background-image":"","background-repeat":"repeat","background-position":"center center","background-size":"auto","background-attachment":"scroll","background-type":"","background-media":"","overlay-type":"","overlay-color":"","overlay-opacity":"","overlay-gradient":""},"mobile":{"background-color":"","background-image":"","background-repeat":"repeat","background-position":"center center","background-size":"auto","background-attachment":"scroll","background-type":"","background-media":"","overlay-type":"","overlay-color":"","overlay-opacity":"","overlay-gradient":""}},"ast-content-background-meta":{"desktop":{"background-color":"var(--ast-global-color-5)","background-image":"","background-repeat":"repeat","background-position":"center center","background-size":"auto","background-attachment":"scroll","background-type":"","background-media":"","overlay-type":"","overlay-color":"","overlay-opacity":"","overlay-gradient":""},"tablet":{"background-color":"var(--ast-global-color-5)","background-image":"","background-repeat":"repeat","background-position":"center center","background-size":"auto","background-attachment":"scroll","background-type":"","background-media":"","overlay-type":"","overlay-color":"","overlay-opacity":"","overlay-gradient":""},"mobile":{"background-color":"var(--ast-global-color-5)","background-image":"","background-repeat":"repeat","background-position":"center center","background-size":"auto","background-attachment":"scroll","background-type":"","background-media":"","overlay-type":"","overlay-color":"","overlay-opacity":"","overlay-gradient":""}},"footnotes":""},"class_list":["post-32","page","type-page","status-publish","hentry"],"post_mailing_queue_ids":[],"_links":{"self":[{"href":"https:\/\/agora.xtec.cat\/esclesfontsgelida\/wp-json\/wp\/v2\/pages\/32","targetHints":{"allow":["GET"]}}],"collection":[{"href":"https:\/\/agora.xtec.cat\/esclesfontsgelida\/wp-json\/wp\/v2\/pages"}],"about":[{"href":"https:\/\/agora.xtec.cat\/esclesfontsgelida\/wp-json\/wp\/v2\/types\/page"}],"author":[{"embeddable":true,"href":"https:\/\/agora.xtec.cat\/esclesfontsgelida\/wp-json\/wp\/v2\/users\/1"}],"replies":[{"embeddable":true,"href":"https:\/\/agora.xtec.cat\/esclesfontsgelida\/wp-json\/wp\/v2\/comments?post=32"}],"version-history":[{"count":6,"href":"https:\/\/agora.xtec.cat\/esclesfontsgelida\/wp-json\/wp\/v2\/pages\/32\/revisions"}],"predecessor-version":[{"id":196058,"href":"https:\/\/agora.xtec.cat\/esclesfontsgelida\/wp-json\/wp\/v2\/pages\/32\/revisions\/196058"}],"up":[{"embeddable":true,"href":"https:\/\/agora.xtec.cat\/esclesfontsgelida\/wp-json\/wp\/v2\/pages\/179732"}],"wp:attachment":[{"href":"https:\/\/agora.xtec.cat\/esclesfontsgelida\/wp-json\/wp\/v2\/media?parent=32"}],"curies":[{"name":"wp","href":"https:\/\/api.w.org\/{rel}","templated":true}]}}