{"id":12038,"date":"2017-06-26T16:57:50","date_gmt":"2017-06-26T16:57:50","guid":{"rendered":"http:\/\/www.escolalesfontsgelida.cat\/?page_id=12038"},"modified":"2026-02-11T15:39:58","modified_gmt":"2026-02-11T14:39:58","slug":"6e-classe-1","status":"publish","type":"page","link":"https:\/\/agora.xtec.cat\/esclesfontsgelida\/6e-classe-1\/","title":{"rendered":"6\u00e8 A &#8211; ELS PA\u00cfSOS"},"content":{"rendered":"<p>FOTOGRAFIA DE GRUP<\/p>\n<p><a href=\"https:\/\/www.escolalesfontsgelida.cat\/wp-content\/uploads\/2025\/10\/6e-A-25-26-tots-ok.jpg\"><img loading=\"lazy\" decoding=\"async\" class=\"aligncenter size-full wp-image-195691\" src=\"https:\/\/www.escolalesfontsgelida.cat\/wp-content\/uploads\/2025\/10\/6e-A-25-26-tots-ok.jpg\" alt=\"\" width=\"2048\" height=\"1536\" srcset=\"https:\/\/agora.xtec.cat\/esclesfontsgelida\/wp-content\/uploads\/usu2467\/2025\/10\/6e-A-25-26-tots-ok.jpg 2048w, https:\/\/agora.xtec.cat\/esclesfontsgelida\/wp-content\/uploads\/usu2467\/2025\/10\/6e-A-25-26-tots-ok-300x225.jpg 300w, https:\/\/agora.xtec.cat\/esclesfontsgelida\/wp-content\/uploads\/usu2467\/2025\/10\/6e-A-25-26-tots-ok-1024x768.jpg 1024w, https:\/\/agora.xtec.cat\/esclesfontsgelida\/wp-content\/uploads\/usu2467\/2025\/10\/6e-A-25-26-tots-ok-768x576.jpg 768w, https:\/\/agora.xtec.cat\/esclesfontsgelida\/wp-content\/uploads\/usu2467\/2025\/10\/6e-A-25-26-tots-ok-1536x1152.jpg 1536w\" sizes=\"auto, (max-width: 2048px) 100vw, 2048px\" \/><\/a><\/p>\n<p>PROFESSORAT<\/p>\n<ul>\n<li>Tutoria: <strong>M\u00f2nica Santasusana<\/strong><\/li>\n<li>Castell\u00e0: <strong>Eva Garc\u00eda<\/strong><\/li>\n<li>Angl\u00e8s: <strong>Paula Vilageliu<\/strong><\/li>\n<li>M\u00fasica: <strong>Francesc Garc\u00eda<\/strong><\/li>\n<li>Educaci\u00f3 F\u00edsica: <strong>F\u00e8lix Mallofr\u00e9<\/strong><\/li>\n<li>Religi\u00f3: <strong>Elliot Barrag\u00e1n<\/strong><\/li>\n<li>SEP: <strong>Eva Garc\u00eda i Maribel Zamora<\/strong><\/li>\n<li>Refor\u00e7: <strong>Alba Coma<\/strong><\/li>\n<li>Pl\u00e0stica: <strong>M\u00f2nica Santasusana<\/strong><\/li>\n<li>MESI: <strong>Pere Noguero i Ferran Benet<\/strong><\/li>\n<li>Vetlladora: <strong>Roc\u00edo Macias<\/strong><\/li>\n<\/ul>\n<p>HORARI<\/p>\n<p><a href=\"https:\/\/www.escolalesfontsgelida.cat\/wp-content\/uploads\/2025\/10\/6e-A-horari.jpg\"><img loading=\"lazy\" decoding=\"async\" class=\"aligncenter size-full wp-image-195692\" src=\"https:\/\/www.escolalesfontsgelida.cat\/wp-content\/uploads\/2025\/10\/6e-A-horari.jpg\" alt=\"\" width=\"1092\" height=\"541\" srcset=\"https:\/\/agora.xtec.cat\/esclesfontsgelida\/wp-content\/uploads\/usu2467\/2025\/10\/6e-A-horari.jpg 1092w, https:\/\/agora.xtec.cat\/esclesfontsgelida\/wp-content\/uploads\/usu2467\/2025\/10\/6e-A-horari-300x149.jpg 300w, https:\/\/agora.xtec.cat\/esclesfontsgelida\/wp-content\/uploads\/usu2467\/2025\/10\/6e-A-horari-1024x507.jpg 1024w, https:\/\/agora.xtec.cat\/esclesfontsgelida\/wp-content\/uploads\/usu2467\/2025\/10\/6e-A-horari-768x380.jpg 768w\" sizes=\"auto, (max-width: 1092px) 100vw, 1092px\" \/><\/a><\/p>\n<p>CONTINGUTS<\/p>\n<p><a href=\"https:\/\/agora.xtec.cat\/esclesfontsgelida\/wp-content\/uploads\/usu2467\/2026\/02\/6e-Web-5_compressed.pdf\" target=\"_blank\" rel=\"noopener\">Visualitza els continguts del curs<\/a><\/p>\n","protected":false},"excerpt":{"rendered":"<p>FOTOGRAFIA DE GRUP PROFESSORAT Tutoria: M\u00f2nica Santasusana Castell\u00e0: Eva Garc\u00eda Angl\u00e8s: Paula Vilageliu M\u00fasica: Francesc Garc\u00eda Educaci\u00f3 F\u00edsica: F\u00e8lix Mallofr\u00e9 Religi\u00f3: Elliot Barrag\u00e1n SEP: Eva Garc\u00eda i Maribel Zamora Refor\u00e7: Alba Coma Pl\u00e0stica: M\u00f2nica Santasusana MESI: Pere Noguero i Ferran Benet Vetlladora: Roc\u00edo Macias HORARI CONTINGUTS Visualitza els continguts del curs<\/p>\n","protected":false},"author":1,"featured_media":0,"parent":0,"menu_order":15,"comment_status":"closed","ping_status":"closed","template":"","meta":{"site-sidebar-layout":"default","site-content-layout":"","ast-site-content-layout":"default","site-content-style":"default","site-sidebar-style":"default","ast-global-header-display":"","ast-banner-title-visibility":"","ast-main-header-display":"","ast-hfb-above-header-display":"","ast-hfb-below-header-display":"","ast-hfb-mobile-header-display":"","site-post-title":"","ast-breadcrumbs-content":"","ast-featured-img":"","footer-sml-layout":"","theme-transparent-header-meta":"","adv-header-id-meta":"","stick-header-meta":"","header-above-stick-meta":"","header-main-stick-meta":"","header-below-stick-meta":"","astra-migrate-meta-layouts":"set","ast-page-background-enabled":"default","ast-page-background-meta":{"desktop":{"background-color":"var(--ast-global-color-4)","background-image":"","background-repeat":"repeat","background-position":"center center","background-size":"auto","background-attachment":"scroll","background-type":"","background-media":"","overlay-type":"","overlay-color":"","overlay-opacity":"","overlay-gradient":""},"tablet":{"background-color":"","background-image":"","background-repeat":"repeat","background-position":"center center","background-size":"auto","background-attachment":"scroll","background-type":"","background-media":"","overlay-type":"","overlay-color":"","overlay-opacity":"","overlay-gradient":""},"mobile":{"background-color":"","background-image":"","background-repeat":"repeat","background-position":"center center","background-size":"auto","background-attachment":"scroll","background-type":"","background-media":"","overlay-type":"","overlay-color":"","overlay-opacity":"","overlay-gradient":""}},"ast-content-background-meta":{"desktop":{"background-color":"var(--ast-global-color-5)","background-image":"","background-repeat":"repeat","background-position":"center center","background-size":"auto","background-attachment":"scroll","background-type":"","background-media":"","overlay-type":"","overlay-color":"","overlay-opacity":"","overlay-gradient":""},"tablet":{"background-color":"var(--ast-global-color-5)","background-image":"","background-repeat":"repeat","background-position":"center center","background-size":"auto","background-attachment":"scroll","background-type":"","background-media":"","overlay-type":"","overlay-color":"","overlay-opacity":"","overlay-gradient":""},"mobile":{"background-color":"var(--ast-global-color-5)","background-image":"","background-repeat":"repeat","background-position":"center center","background-size":"auto","background-attachment":"scroll","background-type":"","background-media":"","overlay-type":"","overlay-color":"","overlay-opacity":"","overlay-gradient":""}},"footnotes":""},"class_list":["post-12038","page","type-page","status-publish","hentry"],"post_mailing_queue_ids":[],"_links":{"self":[{"href":"https:\/\/agora.xtec.cat\/esclesfontsgelida\/wp-json\/wp\/v2\/pages\/12038","targetHints":{"allow":["GET"]}}],"collection":[{"href":"https:\/\/agora.xtec.cat\/esclesfontsgelida\/wp-json\/wp\/v2\/pages"}],"about":[{"href":"https:\/\/agora.xtec.cat\/esclesfontsgelida\/wp-json\/wp\/v2\/types\/page"}],"author":[{"embeddable":true,"href":"https:\/\/agora.xtec.cat\/esclesfontsgelida\/wp-json\/wp\/v2\/users\/1"}],"replies":[{"embeddable":true,"href":"https:\/\/agora.xtec.cat\/esclesfontsgelida\/wp-json\/wp\/v2\/comments?post=12038"}],"version-history":[{"count":2,"href":"https:\/\/agora.xtec.cat\/esclesfontsgelida\/wp-json\/wp\/v2\/pages\/12038\/revisions"}],"predecessor-version":[{"id":196002,"href":"https:\/\/agora.xtec.cat\/esclesfontsgelida\/wp-json\/wp\/v2\/pages\/12038\/revisions\/196002"}],"wp:attachment":[{"href":"https:\/\/agora.xtec.cat\/esclesfontsgelida\/wp-json\/wp\/v2\/media?parent=12038"}],"curies":[{"name":"wp","href":"https:\/\/api.w.org\/{rel}","templated":true}]}}