{"id":12034,"date":"2017-06-26T16:56:17","date_gmt":"2017-06-26T16:56:17","guid":{"rendered":"http:\/\/www.escolalesfontsgelida.cat\/?page_id=12034"},"modified":"2026-02-11T15:38:09","modified_gmt":"2026-02-11T14:38:09","slug":"5e-classe-1","status":"publish","type":"page","link":"https:\/\/agora.xtec.cat\/esclesfontsgelida\/5e-classe-1\/","title":{"rendered":"5\u00e8 A &#8211; LA TROPA TEATRAL"},"content":{"rendered":"<p>FOTOGRAFIA DE GRUP<\/p>\n<p><a href=\"https:\/\/agora.xtec.cat\/esclesfontsgelida\/wp-content\/uploads\/usu2467\/2025\/10\/5eA-25-26-menys-Aire-i-Karla-scaled-1.jpg\"><img loading=\"lazy\" decoding=\"async\" class=\"alignnone size-large wp-image-195687\" src=\"https:\/\/agora.xtec.cat\/esclesfontsgelida\/wp-content\/uploads\/usu2467\/2025\/10\/5eA-25-26-menys-Aire-i-Karla-scaled-1-1024x683.jpg\" alt=\"\" width=\"1024\" height=\"683\" srcset=\"https:\/\/agora.xtec.cat\/esclesfontsgelida\/wp-content\/uploads\/usu2467\/2025\/10\/5eA-25-26-menys-Aire-i-Karla-scaled-1-1024x683.jpg 1024w, https:\/\/agora.xtec.cat\/esclesfontsgelida\/wp-content\/uploads\/usu2467\/2025\/10\/5eA-25-26-menys-Aire-i-Karla-scaled-1-300x200.jpg 300w, https:\/\/agora.xtec.cat\/esclesfontsgelida\/wp-content\/uploads\/usu2467\/2025\/10\/5eA-25-26-menys-Aire-i-Karla-scaled-1-768x512.jpg 768w, https:\/\/agora.xtec.cat\/esclesfontsgelida\/wp-content\/uploads\/usu2467\/2025\/10\/5eA-25-26-menys-Aire-i-Karla-scaled-1-1536x1024.jpg 1536w, https:\/\/agora.xtec.cat\/esclesfontsgelida\/wp-content\/uploads\/usu2467\/2025\/10\/5eA-25-26-menys-Aire-i-Karla-scaled-1-2048x1366.jpg 2048w\" sizes=\"auto, (max-width: 1024px) 100vw, 1024px\" \/><\/a><\/p>\n<p>PROFESSORAT<\/p>\n<ul>\n<li>Tutoria: <strong>Alba Coma<\/strong><\/li>\n<li>Castell\u00e0: <strong>Jordi Mercader<\/strong><\/li>\n<li>Angl\u00e8s: <strong>Paula Vilageliu<\/strong><\/li>\n<li>M\u00fasica: <strong>Francesc Garc\u00eda<\/strong><\/li>\n<li>Educaci\u00f3 F\u00edsica: <strong>F\u00e8lix Mallofr\u00e9<\/strong><\/li>\n<li>Religi\u00f3: <strong>Elliot Barrag\u00e1n<\/strong><\/li>\n<li>SEP: <strong>Jordi Mercader<\/strong><\/li>\n<li>Refor\u00e7: <strong>Bernat Noya<\/strong><\/li>\n<li>Pl\u00e0stica: <strong>Alba Coma<\/strong><\/li>\n<li>MESI: <strong>Pere Noguero i Ferran Benet<\/strong><\/li>\n<li>Vetlladora: <strong>Roc\u00edo Macias<\/strong><\/li>\n<\/ul>\n<p>HORARI<\/p>\n<p><a href=\"https:\/\/www.escolalesfontsgelida.cat\/wp-content\/uploads\/2025\/10\/5eA-horari.jpg\"><img loading=\"lazy\" decoding=\"async\" class=\"aligncenter size-full wp-image-195688\" src=\"https:\/\/www.escolalesfontsgelida.cat\/wp-content\/uploads\/2025\/10\/5eA-horari.jpg\" alt=\"\" width=\"1090\" height=\"547\" srcset=\"https:\/\/agora.xtec.cat\/esclesfontsgelida\/wp-content\/uploads\/usu2467\/2025\/10\/5eA-horari.jpg 1090w, https:\/\/agora.xtec.cat\/esclesfontsgelida\/wp-content\/uploads\/usu2467\/2025\/10\/5eA-horari-300x151.jpg 300w, https:\/\/agora.xtec.cat\/esclesfontsgelida\/wp-content\/uploads\/usu2467\/2025\/10\/5eA-horari-1024x514.jpg 1024w, https:\/\/agora.xtec.cat\/esclesfontsgelida\/wp-content\/uploads\/usu2467\/2025\/10\/5eA-horari-768x385.jpg 768w\" sizes=\"auto, (max-width: 1090px) 100vw, 1090px\" \/><\/a><\/p>\n<p>CONTINGUTS<\/p>\n<p><a href=\"https:\/\/agora.xtec.cat\/esclesfontsgelida\/wp-content\/uploads\/usu2467\/2026\/02\/5e-Web-2_compressed.pdf\" target=\"_blank\" rel=\"noopener\">Visualitza els continguts del curs<\/a><\/p>\n","protected":false},"excerpt":{"rendered":"<p>FOTOGRAFIA DE GRUP PROFESSORAT Tutoria: Alba Coma Castell\u00e0: Jordi Mercader Angl\u00e8s: Paula Vilageliu M\u00fasica: Francesc Garc\u00eda Educaci\u00f3 F\u00edsica: F\u00e8lix Mallofr\u00e9 Religi\u00f3: Elliot Barrag\u00e1n SEP: Jordi Mercader Refor\u00e7: Bernat Noya Pl\u00e0stica: Alba Coma MESI: Pere Noguero i Ferran Benet Vetlladora: Roc\u00edo Macias HORARI CONTINGUTS Visualitza els continguts del curs<\/p>\n","protected":false},"author":1,"featured_media":0,"parent":0,"menu_order":13,"comment_status":"closed","ping_status":"closed","template":"","meta":{"site-sidebar-layout":"default","site-content-layout":"","ast-site-content-layout":"default","site-content-style":"default","site-sidebar-style":"default","ast-global-header-display":"","ast-banner-title-visibility":"","ast-main-header-display":"","ast-hfb-above-header-display":"","ast-hfb-below-header-display":"","ast-hfb-mobile-header-display":"","site-post-title":"","ast-breadcrumbs-content":"","ast-featured-img":"","footer-sml-layout":"","theme-transparent-header-meta":"","adv-header-id-meta":"","stick-header-meta":"","header-above-stick-meta":"","header-main-stick-meta":"","header-below-stick-meta":"","astra-migrate-meta-layouts":"set","ast-page-background-enabled":"default","ast-page-background-meta":{"desktop":{"background-color":"var(--ast-global-color-4)","background-image":"","background-repeat":"repeat","background-position":"center center","background-size":"auto","background-attachment":"scroll","background-type":"","background-media":"","overlay-type":"","overlay-color":"","overlay-opacity":"","overlay-gradient":""},"tablet":{"background-color":"","background-image":"","background-repeat":"repeat","background-position":"center center","background-size":"auto","background-attachment":"scroll","background-type":"","background-media":"","overlay-type":"","overlay-color":"","overlay-opacity":"","overlay-gradient":""},"mobile":{"background-color":"","background-image":"","background-repeat":"repeat","background-position":"center center","background-size":"auto","background-attachment":"scroll","background-type":"","background-media":"","overlay-type":"","overlay-color":"","overlay-opacity":"","overlay-gradient":""}},"ast-content-background-meta":{"desktop":{"background-color":"var(--ast-global-color-5)","background-image":"","background-repeat":"repeat","background-position":"center center","background-size":"auto","background-attachment":"scroll","background-type":"","background-media":"","overlay-type":"","overlay-color":"","overlay-opacity":"","overlay-gradient":""},"tablet":{"background-color":"var(--ast-global-color-5)","background-image":"","background-repeat":"repeat","background-position":"center center","background-size":"auto","background-attachment":"scroll","background-type":"","background-media":"","overlay-type":"","overlay-color":"","overlay-opacity":"","overlay-gradient":""},"mobile":{"background-color":"var(--ast-global-color-5)","background-image":"","background-repeat":"repeat","background-position":"center center","background-size":"auto","background-attachment":"scroll","background-type":"","background-media":"","overlay-type":"","overlay-color":"","overlay-opacity":"","overlay-gradient":""}},"footnotes":""},"class_list":["post-12034","page","type-page","status-publish","hentry"],"post_mailing_queue_ids":[],"_links":{"self":[{"href":"https:\/\/agora.xtec.cat\/esclesfontsgelida\/wp-json\/wp\/v2\/pages\/12034","targetHints":{"allow":["GET"]}}],"collection":[{"href":"https:\/\/agora.xtec.cat\/esclesfontsgelida\/wp-json\/wp\/v2\/pages"}],"about":[{"href":"https:\/\/agora.xtec.cat\/esclesfontsgelida\/wp-json\/wp\/v2\/types\/page"}],"author":[{"embeddable":true,"href":"https:\/\/agora.xtec.cat\/esclesfontsgelida\/wp-json\/wp\/v2\/users\/1"}],"replies":[{"embeddable":true,"href":"https:\/\/agora.xtec.cat\/esclesfontsgelida\/wp-json\/wp\/v2\/comments?post=12034"}],"version-history":[{"count":3,"href":"https:\/\/agora.xtec.cat\/esclesfontsgelida\/wp-json\/wp\/v2\/pages\/12034\/revisions"}],"predecessor-version":[{"id":195999,"href":"https:\/\/agora.xtec.cat\/esclesfontsgelida\/wp-json\/wp\/v2\/pages\/12034\/revisions\/195999"}],"wp:attachment":[{"href":"https:\/\/agora.xtec.cat\/esclesfontsgelida\/wp-json\/wp\/v2\/media?parent=12034"}],"curies":[{"name":"wp","href":"https:\/\/api.w.org\/{rel}","templated":true}]}}