{"id":12026,"date":"2017-06-26T16:54:04","date_gmt":"2017-06-26T16:54:04","guid":{"rendered":"http:\/\/www.escolalesfontsgelida.cat\/?page_id=12026"},"modified":"2026-02-11T15:30:29","modified_gmt":"2026-02-11T14:30:29","slug":"3ra","status":"publish","type":"page","link":"https:\/\/agora.xtec.cat\/esclesfontsgelida\/3ra\/","title":{"rendered":"3r A &#8211; ELS CASTELLS"},"content":{"rendered":"<p>FOTOGRAFIA DE GRUP<\/p>\n<p><a href=\"https:\/\/www.escolalesfontsgelida.cat\/wp-content\/uploads\/2025\/10\/3r-25-26-menys-Ismael-i-Berta.jpg\"><img loading=\"lazy\" decoding=\"async\" class=\"aligncenter size-full wp-image-195681\" src=\"https:\/\/www.escolalesfontsgelida.cat\/wp-content\/uploads\/2025\/10\/3r-25-26-menys-Ismael-i-Berta.jpg\" alt=\"\" width=\"1600\" height=\"1200\" srcset=\"https:\/\/agora.xtec.cat\/esclesfontsgelida\/wp-content\/uploads\/usu2467\/2025\/10\/3r-25-26-menys-Ismael-i-Berta.jpg 1600w, https:\/\/agora.xtec.cat\/esclesfontsgelida\/wp-content\/uploads\/usu2467\/2025\/10\/3r-25-26-menys-Ismael-i-Berta-300x225.jpg 300w, https:\/\/agora.xtec.cat\/esclesfontsgelida\/wp-content\/uploads\/usu2467\/2025\/10\/3r-25-26-menys-Ismael-i-Berta-1024x768.jpg 1024w, https:\/\/agora.xtec.cat\/esclesfontsgelida\/wp-content\/uploads\/usu2467\/2025\/10\/3r-25-26-menys-Ismael-i-Berta-768x576.jpg 768w, https:\/\/agora.xtec.cat\/esclesfontsgelida\/wp-content\/uploads\/usu2467\/2025\/10\/3r-25-26-menys-Ismael-i-Berta-1536x1152.jpg 1536w\" sizes=\"auto, (max-width: 1600px) 100vw, 1600px\" \/><\/a><\/p>\n<p>PROFESSORAT<\/p>\n<ul>\n<li>Tutoria: <strong>Griselda Baqu\u00e9s i N\u00faria Margalef<\/strong><\/li>\n<li>Castell\u00e0: <strong>N\u00faria Margalef<\/strong><\/li>\n<li>Angl\u00e8s: <strong>Paula Vilageliu<\/strong><\/li>\n<li>M\u00fasica: <strong>Francesc Garc\u00eda<\/strong><\/li>\n<li>Educaci\u00f3 F\u00edsica: <strong>F\u00e8lix Mallofr\u00e9<\/strong><\/li>\n<li>Religi\u00f3: <strong>Elliot Barrag\u00e1n<\/strong><\/li>\n<li>SEP: <strong>Griselda Baqu\u00e9s i N\u00faria Margalef<\/strong><\/li>\n<li>Racons: <strong>Griselda Baqu\u00e9s i N\u00faria Margalef<\/strong><\/li>\n<li>Tallers: <strong>N\u00faria Margalef<\/strong><\/li>\n<li>MESI: <strong>Maria de Moner i Eva Gallardo<\/strong><\/li>\n<li>Vetlladora: <strong>Roc\u00edo Macias<\/strong><\/li>\n<\/ul>\n<p>HORARI<\/p>\n<p><a href=\"https:\/\/www.escolalesfontsgelida.cat\/wp-content\/uploads\/2025\/10\/3r-horari.jpg\"><img loading=\"lazy\" decoding=\"async\" class=\"aligncenter size-full wp-image-195682\" src=\"https:\/\/www.escolalesfontsgelida.cat\/wp-content\/uploads\/2025\/10\/3r-horari.jpg\" alt=\"\" width=\"1092\" height=\"544\" srcset=\"https:\/\/agora.xtec.cat\/esclesfontsgelida\/wp-content\/uploads\/usu2467\/2025\/10\/3r-horari.jpg 1092w, https:\/\/agora.xtec.cat\/esclesfontsgelida\/wp-content\/uploads\/usu2467\/2025\/10\/3r-horari-300x149.jpg 300w, https:\/\/agora.xtec.cat\/esclesfontsgelida\/wp-content\/uploads\/usu2467\/2025\/10\/3r-horari-1024x510.jpg 1024w, https:\/\/agora.xtec.cat\/esclesfontsgelida\/wp-content\/uploads\/usu2467\/2025\/10\/3r-horari-768x383.jpg 768w\" sizes=\"auto, (max-width: 1092px) 100vw, 1092px\" \/><\/a><\/p>\n<p>CONTINGUTS<\/p>\n<p><a href=\"https:\/\/agora.xtec.cat\/esclesfontsgelida\/wp-content\/uploads\/usu2467\/2026\/02\/3r-Web-1_compressed.pdf\" target=\"_blank\" rel=\"noopener\">Visualitza els continguts del curs<\/a><\/p>\n","protected":false},"excerpt":{"rendered":"<p>FOTOGRAFIA DE GRUP PROFESSORAT Tutoria: Griselda Baqu\u00e9s i N\u00faria Margalef Castell\u00e0: N\u00faria Margalef Angl\u00e8s: Paula Vilageliu M\u00fasica: Francesc Garc\u00eda Educaci\u00f3 F\u00edsica: F\u00e8lix Mallofr\u00e9 Religi\u00f3: Elliot Barrag\u00e1n SEP: Griselda Baqu\u00e9s i N\u00faria Margalef Racons: Griselda Baqu\u00e9s i N\u00faria Margalef Tallers: N\u00faria Margalef MESI: Maria de Moner i Eva Gallardo Vetlladora: Roc\u00edo Macias HORARI CONTINGUTS Visualitza els [&hellip;]<\/p>\n","protected":false},"author":1,"featured_media":0,"parent":0,"menu_order":9,"comment_status":"closed","ping_status":"closed","template":"","meta":{"site-sidebar-layout":"default","site-content-layout":"","ast-site-content-layout":"default","site-content-style":"default","site-sidebar-style":"default","ast-global-header-display":"","ast-banner-title-visibility":"","ast-main-header-display":"","ast-hfb-above-header-display":"","ast-hfb-below-header-display":"","ast-hfb-mobile-header-display":"","site-post-title":"","ast-breadcrumbs-content":"","ast-featured-img":"","footer-sml-layout":"","theme-transparent-header-meta":"","adv-header-id-meta":"","stick-header-meta":"","header-above-stick-meta":"","header-main-stick-meta":"","header-below-stick-meta":"","astra-migrate-meta-layouts":"set","ast-page-background-enabled":"default","ast-page-background-meta":{"desktop":{"background-color":"var(--ast-global-color-4)","background-image":"","background-repeat":"repeat","background-position":"center center","background-size":"auto","background-attachment":"scroll","background-type":"","background-media":"","overlay-type":"","overlay-color":"","overlay-opacity":"","overlay-gradient":""},"tablet":{"background-color":"","background-image":"","background-repeat":"repeat","background-position":"center center","background-size":"auto","background-attachment":"scroll","background-type":"","background-media":"","overlay-type":"","overlay-color":"","overlay-opacity":"","overlay-gradient":""},"mobile":{"background-color":"","background-image":"","background-repeat":"repeat","background-position":"center center","background-size":"auto","background-attachment":"scroll","background-type":"","background-media":"","overlay-type":"","overlay-color":"","overlay-opacity":"","overlay-gradient":""}},"ast-content-background-meta":{"desktop":{"background-color":"var(--ast-global-color-5)","background-image":"","background-repeat":"repeat","background-position":"center center","background-size":"auto","background-attachment":"scroll","background-type":"","background-media":"","overlay-type":"","overlay-color":"","overlay-opacity":"","overlay-gradient":""},"tablet":{"background-color":"var(--ast-global-color-5)","background-image":"","background-repeat":"repeat","background-position":"center center","background-size":"auto","background-attachment":"scroll","background-type":"","background-media":"","overlay-type":"","overlay-color":"","overlay-opacity":"","overlay-gradient":""},"mobile":{"background-color":"var(--ast-global-color-5)","background-image":"","background-repeat":"repeat","background-position":"center center","background-size":"auto","background-attachment":"scroll","background-type":"","background-media":"","overlay-type":"","overlay-color":"","overlay-opacity":"","overlay-gradient":""}},"footnotes":""},"class_list":["post-12026","page","type-page","status-publish","hentry"],"post_mailing_queue_ids":[],"_links":{"self":[{"href":"https:\/\/agora.xtec.cat\/esclesfontsgelida\/wp-json\/wp\/v2\/pages\/12026","targetHints":{"allow":["GET"]}}],"collection":[{"href":"https:\/\/agora.xtec.cat\/esclesfontsgelida\/wp-json\/wp\/v2\/pages"}],"about":[{"href":"https:\/\/agora.xtec.cat\/esclesfontsgelida\/wp-json\/wp\/v2\/types\/page"}],"author":[{"embeddable":true,"href":"https:\/\/agora.xtec.cat\/esclesfontsgelida\/wp-json\/wp\/v2\/users\/1"}],"replies":[{"embeddable":true,"href":"https:\/\/agora.xtec.cat\/esclesfontsgelida\/wp-json\/wp\/v2\/comments?post=12026"}],"version-history":[{"count":2,"href":"https:\/\/agora.xtec.cat\/esclesfontsgelida\/wp-json\/wp\/v2\/pages\/12026\/revisions"}],"predecessor-version":[{"id":195993,"href":"https:\/\/agora.xtec.cat\/esclesfontsgelida\/wp-json\/wp\/v2\/pages\/12026\/revisions\/195993"}],"wp:attachment":[{"href":"https:\/\/agora.xtec.cat\/esclesfontsgelida\/wp-json\/wp\/v2\/media?parent=12026"}],"curies":[{"name":"wp","href":"https:\/\/api.w.org\/{rel}","templated":true}]}}