{"id":12010,"date":"2017-06-26T16:49:00","date_gmt":"2017-06-26T16:49:00","guid":{"rendered":"http:\/\/www.escolalesfontsgelida.cat\/?page_id=12010"},"modified":"2025-12-05T00:05:02","modified_gmt":"2025-12-04T23:05:02","slug":"i5a-2","status":"publish","type":"page","link":"https:\/\/agora.xtec.cat\/esclesfontsgelida\/i5a-2\/","title":{"rendered":"I5 A &#8211; ELS CONILLS"},"content":{"rendered":"<p>FOTOGRAFIA DE GRUP<\/p>\n<p><a href=\"https:\/\/www.escolalesfontsgelida.cat\/wp-content\/uploads\/2025\/10\/i5A-25-26-tots-ok.jpg\"><img loading=\"lazy\" decoding=\"async\" class=\"aligncenter size-full wp-image-195698\" src=\"https:\/\/www.escolalesfontsgelida.cat\/wp-content\/uploads\/2025\/10\/i5A-25-26-tots-ok.jpg\" alt=\"\" width=\"2048\" height=\"1536\" srcset=\"https:\/\/agora.xtec.cat\/esclesfontsgelida\/wp-content\/uploads\/usu2467\/2025\/10\/i5A-25-26-tots-ok.jpg 2048w, https:\/\/agora.xtec.cat\/esclesfontsgelida\/wp-content\/uploads\/usu2467\/2025\/10\/i5A-25-26-tots-ok-300x225.jpg 300w, https:\/\/agora.xtec.cat\/esclesfontsgelida\/wp-content\/uploads\/usu2467\/2025\/10\/i5A-25-26-tots-ok-1024x768.jpg 1024w, https:\/\/agora.xtec.cat\/esclesfontsgelida\/wp-content\/uploads\/usu2467\/2025\/10\/i5A-25-26-tots-ok-768x576.jpg 768w, https:\/\/agora.xtec.cat\/esclesfontsgelida\/wp-content\/uploads\/usu2467\/2025\/10\/i5A-25-26-tots-ok-1536x1152.jpg 1536w\" sizes=\"auto, (max-width: 2048px) 100vw, 2048px\" \/><\/a><\/p>\n<p>PROFESSORAT<\/p>\n<ul>\n<li>Tutoria: <strong>Sheila Boza<\/strong><\/li>\n<li>Angl\u00e8s: <strong>Vanessa Mil\u00e1n<\/strong><\/li>\n<li>M\u00fasica:<strong> Francesc Garc\u00eda<\/strong><\/li>\n<li>Psicomotricitat: <strong>Andrea Segovia<\/strong><\/li>\n<li>MESI: <strong>Leo Zumaquero<\/strong><\/li>\n<li>Vetlladora: <strong>Roc\u00edo Macias<\/strong><\/li>\n<\/ul>\n<p>HORARI<\/p>\n<p><a href=\"https:\/\/www.escolalesfontsgelida.cat\/wp-content\/uploads\/2025\/10\/i5A-horari.jpg\"><img loading=\"lazy\" decoding=\"async\" class=\"aligncenter size-full wp-image-195699\" src=\"https:\/\/www.escolalesfontsgelida.cat\/wp-content\/uploads\/2025\/10\/i5A-horari.jpg\" alt=\"\" width=\"910\" height=\"550\" srcset=\"https:\/\/agora.xtec.cat\/esclesfontsgelida\/wp-content\/uploads\/usu2467\/2025\/10\/i5A-horari.jpg 910w, https:\/\/agora.xtec.cat\/esclesfontsgelida\/wp-content\/uploads\/usu2467\/2025\/10\/i5A-horari-300x181.jpg 300w, https:\/\/agora.xtec.cat\/esclesfontsgelida\/wp-content\/uploads\/usu2467\/2025\/10\/i5A-horari-768x464.jpg 768w\" sizes=\"auto, (max-width: 910px) 100vw, 910px\" \/><\/a><\/p>\n","protected":false},"excerpt":{"rendered":"<p>FOTOGRAFIA DE GRUP PROFESSORAT Tutoria: Sheila Boza Angl\u00e8s: Vanessa Mil\u00e1n M\u00fasica: Francesc Garc\u00eda Psicomotricitat: Andrea Segovia MESI: Leo Zumaquero Vetlladora: Roc\u00edo Macias HORARI<\/p>\n","protected":false},"author":1,"featured_media":0,"parent":0,"menu_order":49,"comment_status":"closed","ping_status":"closed","template":"","meta":{"site-sidebar-layout":"default","site-content-layout":"","ast-site-content-layout":"default","site-content-style":"default","site-sidebar-style":"default","ast-global-header-display":"","ast-banner-title-visibility":"","ast-main-header-display":"","ast-hfb-above-header-display":"","ast-hfb-below-header-display":"","ast-hfb-mobile-header-display":"","site-post-title":"","ast-breadcrumbs-content":"","ast-featured-img":"","footer-sml-layout":"","theme-transparent-header-meta":"","adv-header-id-meta":"","stick-header-meta":"","header-above-stick-meta":"","header-main-stick-meta":"","header-below-stick-meta":"","astra-migrate-meta-layouts":"set","ast-page-background-enabled":"default","ast-page-background-meta":{"desktop":{"background-color":"var(--ast-global-color-4)","background-image":"","background-repeat":"repeat","background-position":"center center","background-size":"auto","background-attachment":"scroll","background-type":"","background-media":"","overlay-type":"","overlay-color":"","overlay-opacity":"","overlay-gradient":""},"tablet":{"background-color":"","background-image":"","background-repeat":"repeat","background-position":"center center","background-size":"auto","background-attachment":"scroll","background-type":"","background-media":"","overlay-type":"","overlay-color":"","overlay-opacity":"","overlay-gradient":""},"mobile":{"background-color":"","background-image":"","background-repeat":"repeat","background-position":"center center","background-size":"auto","background-attachment":"scroll","background-type":"","background-media":"","overlay-type":"","overlay-color":"","overlay-opacity":"","overlay-gradient":""}},"ast-content-background-meta":{"desktop":{"background-color":"var(--ast-global-color-5)","background-image":"","background-repeat":"repeat","background-position":"center center","background-size":"auto","background-attachment":"scroll","background-type":"","background-media":"","overlay-type":"","overlay-color":"","overlay-opacity":"","overlay-gradient":""},"tablet":{"background-color":"var(--ast-global-color-5)","background-image":"","background-repeat":"repeat","background-position":"center center","background-size":"auto","background-attachment":"scroll","background-type":"","background-media":"","overlay-type":"","overlay-color":"","overlay-opacity":"","overlay-gradient":""},"mobile":{"background-color":"var(--ast-global-color-5)","background-image":"","background-repeat":"repeat","background-position":"center center","background-size":"auto","background-attachment":"scroll","background-type":"","background-media":"","overlay-type":"","overlay-color":"","overlay-opacity":"","overlay-gradient":""}},"footnotes":""},"class_list":["post-12010","page","type-page","status-publish","hentry"],"post_mailing_queue_ids":[],"_links":{"self":[{"href":"https:\/\/agora.xtec.cat\/esclesfontsgelida\/wp-json\/wp\/v2\/pages\/12010","targetHints":{"allow":["GET"]}}],"collection":[{"href":"https:\/\/agora.xtec.cat\/esclesfontsgelida\/wp-json\/wp\/v2\/pages"}],"about":[{"href":"https:\/\/agora.xtec.cat\/esclesfontsgelida\/wp-json\/wp\/v2\/types\/page"}],"author":[{"embeddable":true,"href":"https:\/\/agora.xtec.cat\/esclesfontsgelida\/wp-json\/wp\/v2\/users\/1"}],"replies":[{"embeddable":true,"href":"https:\/\/agora.xtec.cat\/esclesfontsgelida\/wp-json\/wp\/v2\/comments?post=12010"}],"version-history":[{"count":1,"href":"https:\/\/agora.xtec.cat\/esclesfontsgelida\/wp-json\/wp\/v2\/pages\/12010\/revisions"}],"predecessor-version":[{"id":195935,"href":"https:\/\/agora.xtec.cat\/esclesfontsgelida\/wp-json\/wp\/v2\/pages\/12010\/revisions\/195935"}],"wp:attachment":[{"href":"https:\/\/agora.xtec.cat\/esclesfontsgelida\/wp-json\/wp\/v2\/media?parent=12010"}],"curies":[{"name":"wp","href":"https:\/\/api.w.org\/{rel}","templated":true}]}}