{"id":11925,"date":"2017-05-08T14:26:35","date_gmt":"2017-05-08T14:26:35","guid":{"rendered":"http:\/\/www.escolalesfontsgelida.cat\/?page_id=11925"},"modified":"2025-12-02T12:29:28","modified_gmt":"2025-12-02T11:29:28","slug":"galeria-fotografica","status":"publish","type":"page","link":"https:\/\/agora.xtec.cat\/esclesfontsgelida\/galeria-fotografica\/","title":{"rendered":"Galeries fotogr\u00e0fiques"},"content":{"rendered":"<table style=\"border-collapse: collapse; width: 100%; height: 138px;\">\n<tbody>\n<tr style=\"height: 23px;\">\n<td style=\"width: 25%; text-align: center; height: 23px;\"><a href=\"https:\/\/agora.xtec.cat\/esclesfontsgelida\/fotos-i3-a\/\" target=\"_blank\" rel=\"noopener\">FOTOS I3 A<\/a><\/td>\n<td style=\"width: 25%; text-align: center; height: 23px;\"><a href=\"https:\/\/agora.xtec.cat\/esclesfontsgelida\/fotos-1r\/\" target=\"_blank\" rel=\"noopener\">FOTOS 1r A<\/a><\/td>\n<td style=\"width: 25%; text-align: center; height: 23px;\"><a href=\"https:\/\/agora.xtec.cat\/esclesfontsgelida\/fotos-3r-a\/\" target=\"_blank\" rel=\"noopener\">FOTOS 3r<\/a><\/td>\n<td style=\"width: 25%; text-align: center; height: 23px;\"><a href=\"https:\/\/agora.xtec.cat\/esclesfontsgelida\/fotos-5e-a\/\" target=\"_blank\" rel=\"noopener\">FOTOS 5\u00e8 A<\/a><\/td>\n<\/tr>\n<tr style=\"height: 23px;\">\n<td style=\"width: 25%; text-align: center; height: 23px;\"><a href=\"https:\/\/agora.xtec.cat\/esclesfontsgelida\/fotos-i3-b\/\" target=\"_blank\" rel=\"noopener\">FOTOS I3 B<\/a><\/td>\n<td style=\"width: 25%; text-align: center; height: 23px;\"><a href=\"https:\/\/agora.xtec.cat\/esclesfontsgelida\/fotos-1r-b\/\" target=\"_blank\" rel=\"noopener\">FOTOS 1r B<\/a><\/td>\n<td style=\"width: 25%; text-align: center; height: 23px;\"><a href=\"https:\/\/agora.xtec.cat\/esclesfontsgelida\/fotos-4t-a\/\" target=\"_blank\" rel=\"noopener\">FOTOS 4t A<\/a><\/td>\n<td style=\"width: 25%; text-align: center; height: 23px;\"><a href=\"https:\/\/agora.xtec.cat\/esclesfontsgelida\/fotos-5e-b\/\" target=\"_blank\" rel=\"noopener\">FOTOS 5\u00e8 B<\/a><\/td>\n<\/tr>\n<tr style=\"height: 23px;\">\n<td style=\"width: 25%; text-align: center; height: 23px;\"><a href=\"https:\/\/agora.xtec.cat\/esclesfontsgelida\/fotos-i4-a\/\" target=\"_blank\" rel=\"noopener\">FOTOS I4 A<\/a><\/td>\n<td style=\"width: 25%; text-align: center; height: 23px;\"><a href=\"https:\/\/agora.xtec.cat\/esclesfontsgelida\/fotos-2n-a\/\" target=\"_blank\" rel=\"noopener\">FOTOS 2n A<\/a><\/td>\n<td style=\"width: 25%; text-align: center; height: 23px;\"><a href=\"https:\/\/agora.xtec.cat\/esclesfontsgelida\/fotos-4t-b\/\" target=\"_blank\" rel=\"noopener\">FOTOS 4t B<\/a><\/td>\n<td style=\"width: 25%; text-align: center; height: 23px;\"><a href=\"https:\/\/agora.xtec.cat\/esclesfontsgelida\/fotos-6e-a\/\" target=\"_blank\" rel=\"noopener\">FOTOS 6\u00e8 A<\/a><\/td>\n<\/tr>\n<tr style=\"height: 23px;\">\n<td style=\"width: 25%; text-align: center; height: 23px;\"><a href=\"https:\/\/agora.xtec.cat\/esclesfontsgelida\/fotos-i4-b\/\" target=\"_blank\" rel=\"noopener\">FOTOS I4 B<\/a><\/td>\n<td style=\"width: 25%; text-align: center; height: 23px;\"><a href=\"https:\/\/agora.xtec.cat\/esclesfontsgelida\/fotos-2n-b\/\" target=\"_blank\" rel=\"noopener\">FOTOS 2n B<\/a><\/td>\n<td style=\"width: 25%; text-align: center; height: 23px;\">\u00a0<\/td>\n<td style=\"width: 25%; text-align: center; height: 23px;\"><a href=\"https:\/\/agora.xtec.cat\/esclesfontsgelida\/fotos-6e-b\/\" target=\"_blank\" rel=\"noopener\">FOTOS 6\u00e8 B<\/a><\/td>\n<\/tr>\n<tr style=\"height: 23px;\">\n<td style=\"width: 25%; text-align: center; height: 23px;\"><a href=\"https:\/\/agora.xtec.cat\/esclesfontsgelida\/fotos-i5-a\/\" target=\"_blank\" rel=\"noopener\">FOTOS I5 A<\/a><\/td>\n<td style=\"width: 25%; text-align: center; height: 23px;\">\u00a0<\/td>\n<td style=\"width: 25%; text-align: center; height: 23px;\">\u00a0<\/td>\n<td style=\"width: 25%; text-align: center; height: 23px;\">\u00a0<\/td>\n<\/tr>\n<tr style=\"height: 23px;\">\n<td style=\"width: 25%; text-align: center; height: 23px;\"><a href=\"https:\/\/agora.xtec.cat\/esclesfontsgelida\/fotos-i5-b\/\" target=\"_blank\" rel=\"noopener\">FOTOS I5 B<\/a><\/td>\n<td style=\"width: 25%; text-align: center; height: 23px;\">\u00a0<\/td>\n<td style=\"width: 25%; text-align: center; height: 23px;\">\u00a0<\/td>\n<td style=\"width: 25%; text-align: center; height: 23px;\">\u00a0<\/td>\n<\/tr>\n<\/tbody>\n<\/table>\n\n\n<p><\/p>\n","protected":false},"excerpt":{"rendered":"<p>FOTOS I3 A FOTOS 1r A FOTOS 3r FOTOS 5\u00e8 A FOTOS I3 B FOTOS 1r B FOTOS 4t A FOTOS 5\u00e8 B FOTOS I4 A FOTOS 2n A FOTOS 4t B FOTOS 6\u00e8 A FOTOS I4 B FOTOS 2n B \u00a0 FOTOS 6\u00e8 B FOTOS I5 A \u00a0 \u00a0 \u00a0 FOTOS I5 B \u00a0 [&hellip;]<\/p>\n","protected":false},"author":1,"featured_media":0,"parent":0,"menu_order":44,"comment_status":"closed","ping_status":"closed","template":"","meta":{"site-sidebar-layout":"default","site-content-layout":"","ast-site-content-layout":"default","site-content-style":"default","site-sidebar-style":"default","ast-global-header-display":"","ast-banner-title-visibility":"","ast-main-header-display":"","ast-hfb-above-header-display":"","ast-hfb-below-header-display":"","ast-hfb-mobile-header-display":"","site-post-title":"","ast-breadcrumbs-content":"","ast-featured-img":"","footer-sml-layout":"","theme-transparent-header-meta":"","adv-header-id-meta":"","stick-header-meta":"","header-above-stick-meta":"","header-main-stick-meta":"","header-below-stick-meta":"","astra-migrate-meta-layouts":"set","ast-page-background-enabled":"default","ast-page-background-meta":{"desktop":{"background-color":"var(--ast-global-color-4)","background-image":"","background-repeat":"repeat","background-position":"center center","background-size":"auto","background-attachment":"scroll","background-type":"","background-media":"","overlay-type":"","overlay-color":"","overlay-opacity":"","overlay-gradient":""},"tablet":{"background-color":"","background-image":"","background-repeat":"repeat","background-position":"center center","background-size":"auto","background-attachment":"scroll","background-type":"","background-media":"","overlay-type":"","overlay-color":"","overlay-opacity":"","overlay-gradient":""},"mobile":{"background-color":"","background-image":"","background-repeat":"repeat","background-position":"center center","background-size":"auto","background-attachment":"scroll","background-type":"","background-media":"","overlay-type":"","overlay-color":"","overlay-opacity":"","overlay-gradient":""}},"ast-content-background-meta":{"desktop":{"background-color":"var(--ast-global-color-5)","background-image":"","background-repeat":"repeat","background-position":"center center","background-size":"auto","background-attachment":"scroll","background-type":"","background-media":"","overlay-type":"","overlay-color":"","overlay-opacity":"","overlay-gradient":""},"tablet":{"background-color":"var(--ast-global-color-5)","background-image":"","background-repeat":"repeat","background-position":"center center","background-size":"auto","background-attachment":"scroll","background-type":"","background-media":"","overlay-type":"","overlay-color":"","overlay-opacity":"","overlay-gradient":""},"mobile":{"background-color":"var(--ast-global-color-5)","background-image":"","background-repeat":"repeat","background-position":"center center","background-size":"auto","background-attachment":"scroll","background-type":"","background-media":"","overlay-type":"","overlay-color":"","overlay-opacity":"","overlay-gradient":""}},"footnotes":""},"class_list":["post-11925","page","type-page","status-publish","hentry"],"post_mailing_queue_ids":[],"_links":{"self":[{"href":"https:\/\/agora.xtec.cat\/esclesfontsgelida\/wp-json\/wp\/v2\/pages\/11925","targetHints":{"allow":["GET"]}}],"collection":[{"href":"https:\/\/agora.xtec.cat\/esclesfontsgelida\/wp-json\/wp\/v2\/pages"}],"about":[{"href":"https:\/\/agora.xtec.cat\/esclesfontsgelida\/wp-json\/wp\/v2\/types\/page"}],"author":[{"embeddable":true,"href":"https:\/\/agora.xtec.cat\/esclesfontsgelida\/wp-json\/wp\/v2\/users\/1"}],"replies":[{"embeddable":true,"href":"https:\/\/agora.xtec.cat\/esclesfontsgelida\/wp-json\/wp\/v2\/comments?post=11925"}],"version-history":[{"count":3,"href":"https:\/\/agora.xtec.cat\/esclesfontsgelida\/wp-json\/wp\/v2\/pages\/11925\/revisions"}],"predecessor-version":[{"id":195838,"href":"https:\/\/agora.xtec.cat\/esclesfontsgelida\/wp-json\/wp\/v2\/pages\/11925\/revisions\/195838"}],"wp:attachment":[{"href":"https:\/\/agora.xtec.cat\/esclesfontsgelida\/wp-json\/wp\/v2\/media?parent=11925"}],"curies":[{"name":"wp","href":"https:\/\/api.w.org\/{rel}","templated":true}]}}