{"id":11886,"date":"2017-05-08T13:22:37","date_gmt":"2017-05-08T13:22:37","guid":{"rendered":"http:\/\/www.escolalesfontsgelida.cat\/?page_id=11886"},"modified":"2025-12-04T23:43:30","modified_gmt":"2025-12-04T22:43:30","slug":"sortides-i-colonies","status":"publish","type":"page","link":"https:\/\/agora.xtec.cat\/esclesfontsgelida\/lescola-2\/sortides-i-colonies\/","title":{"rendered":"SORTIDES I COL\u00d2NIES"},"content":{"rendered":"<p><a href=\"https:\/\/agora.xtec.cat\/esclesfontsgelida\/wp-content\/uploads\/usu2467\/2025\/12\/Sortides-i-colonies-3-Large.jpg\"><img loading=\"lazy\" decoding=\"async\" class=\"size-large wp-image-195926\" src=\"https:\/\/agora.xtec.cat\/esclesfontsgelida\/wp-content\/uploads\/usu2467\/2025\/12\/Sortides-i-colonies-3-Large-1024x768.jpg\" alt=\"\" width=\"1024\" height=\"768\" srcset=\"https:\/\/agora.xtec.cat\/esclesfontsgelida\/wp-content\/uploads\/usu2467\/2025\/12\/Sortides-i-colonies-3-Large-1024x768.jpg 1024w, https:\/\/agora.xtec.cat\/esclesfontsgelida\/wp-content\/uploads\/usu2467\/2025\/12\/Sortides-i-colonies-3-Large-300x225.jpg 300w, https:\/\/agora.xtec.cat\/esclesfontsgelida\/wp-content\/uploads\/usu2467\/2025\/12\/Sortides-i-colonies-3-Large-768x576.jpg 768w, https:\/\/agora.xtec.cat\/esclesfontsgelida\/wp-content\/uploads\/usu2467\/2025\/12\/Sortides-i-colonies-3-Large.jpg 1440w\" sizes=\"auto, (max-width: 1024px) 100vw, 1024px\" \/><\/a><\/p>\n<p>Sortides i col\u00f2nies<\/p>\n<p>A l\u2019escola complementem la formaci\u00f3 dels nostres alumnes amb les sortides i les col\u00f2nies, que trobem de vital import\u00e0ncia en el proc\u00e9s de socialitzaci\u00f3 i en la cohesi\u00f3 de grup. \u00c9s en aquests moments quan podem interrelacionar-nos de forma m\u00e9s espont\u00e0nia, i con\u00e8ixer els nostres companys i mestres en un ambient m\u00e9s proper. Anem de col\u00f2nies amb els nens i nenes d&#8217;I5, 2n, 4t i 6\u00e8, i la resta de cursos fan sortides fora del municipi i per l&#8217;entorn proper. A m\u00e9s, realitzem altres activitats culturals complement\u00e0ries com l&#8217;art esc\u00e8nic.<\/p>\n","protected":false},"excerpt":{"rendered":"<p>Sortides i col\u00f2nies A l\u2019escola complementem la formaci\u00f3 dels nostres alumnes amb les sortides i les col\u00f2nies, que trobem de vital import\u00e0ncia en el proc\u00e9s de socialitzaci\u00f3 i en la cohesi\u00f3 de grup. \u00c9s en aquests moments quan podem interrelacionar-nos de forma m\u00e9s espont\u00e0nia, i con\u00e8ixer els nostres companys i mestres en un ambient m\u00e9s [&hellip;]<\/p>\n","protected":false},"author":1,"featured_media":12296,"parent":11672,"menu_order":12,"comment_status":"closed","ping_status":"closed","template":"","meta":{"site-sidebar-layout":"default","site-content-layout":"","ast-site-content-layout":"default","site-content-style":"default","site-sidebar-style":"default","ast-global-header-display":"","ast-banner-title-visibility":"","ast-main-header-display":"","ast-hfb-above-header-display":"","ast-hfb-below-header-display":"","ast-hfb-mobile-header-display":"","site-post-title":"","ast-breadcrumbs-content":"","ast-featured-img":"","footer-sml-layout":"","theme-transparent-header-meta":"","adv-header-id-meta":"","stick-header-meta":"","header-above-stick-meta":"","header-main-stick-meta":"","header-below-stick-meta":"","astra-migrate-meta-layouts":"set","ast-page-background-enabled":"default","ast-page-background-meta":{"desktop":{"background-color":"var(--ast-global-color-4)","background-image":"","background-repeat":"repeat","background-position":"center center","background-size":"auto","background-attachment":"scroll","background-type":"","background-media":"","overlay-type":"","overlay-color":"","overlay-opacity":"","overlay-gradient":""},"tablet":{"background-color":"","background-image":"","background-repeat":"repeat","background-position":"center center","background-size":"auto","background-attachment":"scroll","background-type":"","background-media":"","overlay-type":"","overlay-color":"","overlay-opacity":"","overlay-gradient":""},"mobile":{"background-color":"","background-image":"","background-repeat":"repeat","background-position":"center center","background-size":"auto","background-attachment":"scroll","background-type":"","background-media":"","overlay-type":"","overlay-color":"","overlay-opacity":"","overlay-gradient":""}},"ast-content-background-meta":{"desktop":{"background-color":"var(--ast-global-color-5)","background-image":"","background-repeat":"repeat","background-position":"center center","background-size":"auto","background-attachment":"scroll","background-type":"","background-media":"","overlay-type":"","overlay-color":"","overlay-opacity":"","overlay-gradient":""},"tablet":{"background-color":"var(--ast-global-color-5)","background-image":"","background-repeat":"repeat","background-position":"center center","background-size":"auto","background-attachment":"scroll","background-type":"","background-media":"","overlay-type":"","overlay-color":"","overlay-opacity":"","overlay-gradient":""},"mobile":{"background-color":"var(--ast-global-color-5)","background-image":"","background-repeat":"repeat","background-position":"center center","background-size":"auto","background-attachment":"scroll","background-type":"","background-media":"","overlay-type":"","overlay-color":"","overlay-opacity":"","overlay-gradient":""}},"footnotes":""},"class_list":["post-11886","page","type-page","status-publish","has-post-thumbnail","hentry"],"post_mailing_queue_ids":[],"_links":{"self":[{"href":"https:\/\/agora.xtec.cat\/esclesfontsgelida\/wp-json\/wp\/v2\/pages\/11886","targetHints":{"allow":["GET"]}}],"collection":[{"href":"https:\/\/agora.xtec.cat\/esclesfontsgelida\/wp-json\/wp\/v2\/pages"}],"about":[{"href":"https:\/\/agora.xtec.cat\/esclesfontsgelida\/wp-json\/wp\/v2\/types\/page"}],"author":[{"embeddable":true,"href":"https:\/\/agora.xtec.cat\/esclesfontsgelida\/wp-json\/wp\/v2\/users\/1"}],"replies":[{"embeddable":true,"href":"https:\/\/agora.xtec.cat\/esclesfontsgelida\/wp-json\/wp\/v2\/comments?post=11886"}],"version-history":[{"count":1,"href":"https:\/\/agora.xtec.cat\/esclesfontsgelida\/wp-json\/wp\/v2\/pages\/11886\/revisions"}],"predecessor-version":[{"id":195927,"href":"https:\/\/agora.xtec.cat\/esclesfontsgelida\/wp-json\/wp\/v2\/pages\/11886\/revisions\/195927"}],"up":[{"embeddable":true,"href":"https:\/\/agora.xtec.cat\/esclesfontsgelida\/wp-json\/wp\/v2\/pages\/11672"}],"wp:featuredmedia":[{"embeddable":true,"href":"https:\/\/agora.xtec.cat\/esclesfontsgelida\/wp-json\/wp\/v2\/media\/12296"}],"wp:attachment":[{"href":"https:\/\/agora.xtec.cat\/esclesfontsgelida\/wp-json\/wp\/v2\/media?parent=11886"}],"curies":[{"name":"wp","href":"https:\/\/api.w.org\/{rel}","templated":true}]}}