{"id":11879,"date":"2017-05-08T13:16:06","date_gmt":"2017-05-08T13:16:06","guid":{"rendered":"http:\/\/www.escolalesfontsgelida.cat\/?page_id=11879"},"modified":"2025-12-04T23:39:40","modified_gmt":"2025-12-04T22:39:40","slug":"educacio-artistica","status":"publish","type":"page","link":"https:\/\/agora.xtec.cat\/esclesfontsgelida\/lescola-2\/educacio-artistica\/","title":{"rendered":"EDUCACI\u00d3 ART\u00cdSTICA"},"content":{"rendered":"<p><a href=\"https:\/\/agora.xtec.cat\/esclesfontsgelida\/wp-content\/uploads\/usu2467\/2025\/12\/Educacio-artistica-1-Large.jpg\"><img loading=\"lazy\" decoding=\"async\" class=\"alignnone size-large wp-image-195922\" src=\"https:\/\/agora.xtec.cat\/esclesfontsgelida\/wp-content\/uploads\/usu2467\/2025\/12\/Educacio-artistica-1-Large-1024x768.jpg\" alt=\"\" width=\"1024\" height=\"768\" srcset=\"https:\/\/agora.xtec.cat\/esclesfontsgelida\/wp-content\/uploads\/usu2467\/2025\/12\/Educacio-artistica-1-Large-1024x768.jpg 1024w, https:\/\/agora.xtec.cat\/esclesfontsgelida\/wp-content\/uploads\/usu2467\/2025\/12\/Educacio-artistica-1-Large-300x225.jpg 300w, https:\/\/agora.xtec.cat\/esclesfontsgelida\/wp-content\/uploads\/usu2467\/2025\/12\/Educacio-artistica-1-Large-768x576.jpg 768w, https:\/\/agora.xtec.cat\/esclesfontsgelida\/wp-content\/uploads\/usu2467\/2025\/12\/Educacio-artistica-1-Large.jpg 1440w\" sizes=\"auto, (max-width: 1024px) 100vw, 1024px\" \/><\/a><\/p>\n<p>Ensenyaments art\u00edstics<\/p>\n<p>Des de l\u2019\u00e0rea d\u2019educaci\u00f3 art\u00edstica apropem l\u2019art als nostres alumnes perqu\u00e8 adquireixin una formaci\u00f3 que els permeti comprendre el m\u00f3n art\u00edstic i cultural, i a participar-hi.<\/p>\n<p>A <strong>m\u00fasica<\/strong> treballem els diversos elements que en formen part explorant instruments, elements propis del llenguiatge, diferents estils\u00a0 musicals&#8230; Fem activitats com el concert de Nadal, obert a totes les fam\u00edlies de l\u2019escola, o la creaci\u00f3 i interpretaci\u00f3 de la can\u00e7\u00f3 del projecte de la classe.<\/p>\n<p>A 5\u00e8 participem a la Cant\u00e0nia que organitza l\u2019Auditori de Barcelona, i a sis\u00e8 anem de col\u00f2nies al CDA Pau Casals per treballar d\u2019una manera m\u00e9s significativa la vida del compositor, la hist\u00f2ria i els instruments de la m\u00fasica rock, i la feina que es fa en un estudi de gravaci\u00f3.<\/p>\n<p>A <strong>pl\u00e0stica<\/strong> cada curs treballa dos pintors per tal de con\u00e8ixer diferents t\u00e8cniques i estils pict\u00f2rics, i els trets m\u00e9s rellevants de la seva vida i obra.<\/p>\n","protected":false},"excerpt":{"rendered":"<p>Ensenyaments art\u00edstics Des de l\u2019\u00e0rea d\u2019educaci\u00f3 art\u00edstica apropem l\u2019art als nostres alumnes perqu\u00e8 adquireixin una formaci\u00f3 que els permeti comprendre el m\u00f3n art\u00edstic i cultural, i a participar-hi. A m\u00fasica treballem els diversos elements que en formen part explorant instruments, elements propis del llenguiatge, diferents estils\u00a0 musicals&#8230; Fem activitats com el concert de Nadal, obert [&hellip;]<\/p>\n","protected":false},"author":1,"featured_media":12289,"parent":11672,"menu_order":10,"comment_status":"closed","ping_status":"closed","template":"","meta":{"site-sidebar-layout":"default","site-content-layout":"","ast-site-content-layout":"default","site-content-style":"default","site-sidebar-style":"default","ast-global-header-display":"","ast-banner-title-visibility":"","ast-main-header-display":"","ast-hfb-above-header-display":"","ast-hfb-below-header-display":"","ast-hfb-mobile-header-display":"","site-post-title":"","ast-breadcrumbs-content":"","ast-featured-img":"","footer-sml-layout":"","theme-transparent-header-meta":"","adv-header-id-meta":"","stick-header-meta":"","header-above-stick-meta":"","header-main-stick-meta":"","header-below-stick-meta":"","astra-migrate-meta-layouts":"set","ast-page-background-enabled":"default","ast-page-background-meta":{"desktop":{"background-color":"var(--ast-global-color-4)","background-image":"","background-repeat":"repeat","background-position":"center center","background-size":"auto","background-attachment":"scroll","background-type":"","background-media":"","overlay-type":"","overlay-color":"","overlay-opacity":"","overlay-gradient":""},"tablet":{"background-color":"","background-image":"","background-repeat":"repeat","background-position":"center center","background-size":"auto","background-attachment":"scroll","background-type":"","background-media":"","overlay-type":"","overlay-color":"","overlay-opacity":"","overlay-gradient":""},"mobile":{"background-color":"","background-image":"","background-repeat":"repeat","background-position":"center center","background-size":"auto","background-attachment":"scroll","background-type":"","background-media":"","overlay-type":"","overlay-color":"","overlay-opacity":"","overlay-gradient":""}},"ast-content-background-meta":{"desktop":{"background-color":"var(--ast-global-color-5)","background-image":"","background-repeat":"repeat","background-position":"center center","background-size":"auto","background-attachment":"scroll","background-type":"","background-media":"","overlay-type":"","overlay-color":"","overlay-opacity":"","overlay-gradient":""},"tablet":{"background-color":"var(--ast-global-color-5)","background-image":"","background-repeat":"repeat","background-position":"center center","background-size":"auto","background-attachment":"scroll","background-type":"","background-media":"","overlay-type":"","overlay-color":"","overlay-opacity":"","overlay-gradient":""},"mobile":{"background-color":"var(--ast-global-color-5)","background-image":"","background-repeat":"repeat","background-position":"center center","background-size":"auto","background-attachment":"scroll","background-type":"","background-media":"","overlay-type":"","overlay-color":"","overlay-opacity":"","overlay-gradient":""}},"footnotes":""},"class_list":["post-11879","page","type-page","status-publish","has-post-thumbnail","hentry"],"post_mailing_queue_ids":[],"_links":{"self":[{"href":"https:\/\/agora.xtec.cat\/esclesfontsgelida\/wp-json\/wp\/v2\/pages\/11879","targetHints":{"allow":["GET"]}}],"collection":[{"href":"https:\/\/agora.xtec.cat\/esclesfontsgelida\/wp-json\/wp\/v2\/pages"}],"about":[{"href":"https:\/\/agora.xtec.cat\/esclesfontsgelida\/wp-json\/wp\/v2\/types\/page"}],"author":[{"embeddable":true,"href":"https:\/\/agora.xtec.cat\/esclesfontsgelida\/wp-json\/wp\/v2\/users\/1"}],"replies":[{"embeddable":true,"href":"https:\/\/agora.xtec.cat\/esclesfontsgelida\/wp-json\/wp\/v2\/comments?post=11879"}],"version-history":[{"count":1,"href":"https:\/\/agora.xtec.cat\/esclesfontsgelida\/wp-json\/wp\/v2\/pages\/11879\/revisions"}],"predecessor-version":[{"id":195923,"href":"https:\/\/agora.xtec.cat\/esclesfontsgelida\/wp-json\/wp\/v2\/pages\/11879\/revisions\/195923"}],"up":[{"embeddable":true,"href":"https:\/\/agora.xtec.cat\/esclesfontsgelida\/wp-json\/wp\/v2\/pages\/11672"}],"wp:featuredmedia":[{"embeddable":true,"href":"https:\/\/agora.xtec.cat\/esclesfontsgelida\/wp-json\/wp\/v2\/media\/12289"}],"wp:attachment":[{"href":"https:\/\/agora.xtec.cat\/esclesfontsgelida\/wp-json\/wp\/v2\/media?parent=11879"}],"curies":[{"name":"wp","href":"https:\/\/api.w.org\/{rel}","templated":true}]}}