{"id":11877,"date":"2017-05-08T13:14:41","date_gmt":"2017-05-08T13:14:41","guid":{"rendered":"http:\/\/www.escolalesfontsgelida.cat\/?page_id=11877"},"modified":"2025-12-04T23:37:31","modified_gmt":"2025-12-04T22:37:31","slug":"educacio-fisica","status":"publish","type":"page","link":"https:\/\/agora.xtec.cat\/esclesfontsgelida\/lescola-2\/educacio-fisica\/","title":{"rendered":"EDUCACI\u00d3 F\u00cdSICA I PSICOMOTRICITAT"},"content":{"rendered":"<p><a href=\"https:\/\/agora.xtec.cat\/esclesfontsgelida\/wp-content\/uploads\/usu2467\/2025\/12\/IMG_3841-Large.jpg\"><img loading=\"lazy\" decoding=\"async\" class=\"alignnone size-large wp-image-195920\" src=\"https:\/\/agora.xtec.cat\/esclesfontsgelida\/wp-content\/uploads\/usu2467\/2025\/12\/IMG_3841-Large-1024x768.jpg\" alt=\"\" width=\"1024\" height=\"768\" srcset=\"https:\/\/agora.xtec.cat\/esclesfontsgelida\/wp-content\/uploads\/usu2467\/2025\/12\/IMG_3841-Large-1024x768.jpg 1024w, https:\/\/agora.xtec.cat\/esclesfontsgelida\/wp-content\/uploads\/usu2467\/2025\/12\/IMG_3841-Large-300x225.jpg 300w, https:\/\/agora.xtec.cat\/esclesfontsgelida\/wp-content\/uploads\/usu2467\/2025\/12\/IMG_3841-Large-768x576.jpg 768w, https:\/\/agora.xtec.cat\/esclesfontsgelida\/wp-content\/uploads\/usu2467\/2025\/12\/IMG_3841-Large.jpg 1440w\" sizes=\"auto, (max-width: 1024px) 100vw, 1024px\" \/><\/a><\/p>\n<p>Educaci\u00f3 f\u00edsica i psicomotricitat<\/p>\n<p>L&#8217;educaci\u00f3 f\u00edsica a l&#8217;etapa d&#8217;Educaci\u00f3 Prim\u00e0ria ha de contribuir al desenvolupament integral de l&#8217;alumnat emprant el cos i el moviment com a mitjans prioritaris i fonamentals.<\/p>\n<p>A l\u2019hora d&#8217;educaci\u00f3 f\u00edsica fem diferents din\u00e0miques: jocs, iniciaci\u00f3 esportiva, habilitats gimn\u00e0stiques, i expressi\u00f3 corporal. A m\u00e9s, a primer i a segon de prim\u00e0ria realitzem diferents sessions de piscina.<\/p>\n<p>A trav\u00e9s de la psicomotricitat, els infants poden viure el plaer sensoriomotor en totes les seves possibilitats: gatejar, caminar, c\u00f3rrer, saltar, amagar-se, construir&#8230;<\/p>\n","protected":false},"excerpt":{"rendered":"<p>Educaci\u00f3 f\u00edsica i psicomotricitat L&#8217;educaci\u00f3 f\u00edsica a l&#8217;etapa d&#8217;Educaci\u00f3 Prim\u00e0ria ha de contribuir al desenvolupament integral de l&#8217;alumnat emprant el cos i el moviment com a mitjans prioritaris i fonamentals. A l\u2019hora d&#8217;educaci\u00f3 f\u00edsica fem diferents din\u00e0miques: jocs, iniciaci\u00f3 esportiva, habilitats gimn\u00e0stiques, i expressi\u00f3 corporal. A m\u00e9s, a primer i a segon de prim\u00e0ria realitzem [&hellip;]<\/p>\n","protected":false},"author":1,"featured_media":12285,"parent":11672,"menu_order":9,"comment_status":"closed","ping_status":"closed","template":"","meta":{"site-sidebar-layout":"default","site-content-layout":"","ast-site-content-layout":"default","site-content-style":"default","site-sidebar-style":"default","ast-global-header-display":"","ast-banner-title-visibility":"","ast-main-header-display":"","ast-hfb-above-header-display":"","ast-hfb-below-header-display":"","ast-hfb-mobile-header-display":"","site-post-title":"","ast-breadcrumbs-content":"","ast-featured-img":"","footer-sml-layout":"","theme-transparent-header-meta":"","adv-header-id-meta":"","stick-header-meta":"","header-above-stick-meta":"","header-main-stick-meta":"","header-below-stick-meta":"","astra-migrate-meta-layouts":"set","ast-page-background-enabled":"default","ast-page-background-meta":{"desktop":{"background-color":"var(--ast-global-color-4)","background-image":"","background-repeat":"repeat","background-position":"center center","background-size":"auto","background-attachment":"scroll","background-type":"","background-media":"","overlay-type":"","overlay-color":"","overlay-opacity":"","overlay-gradient":""},"tablet":{"background-color":"","background-image":"","background-repeat":"repeat","background-position":"center center","background-size":"auto","background-attachment":"scroll","background-type":"","background-media":"","overlay-type":"","overlay-color":"","overlay-opacity":"","overlay-gradient":""},"mobile":{"background-color":"","background-image":"","background-repeat":"repeat","background-position":"center center","background-size":"auto","background-attachment":"scroll","background-type":"","background-media":"","overlay-type":"","overlay-color":"","overlay-opacity":"","overlay-gradient":""}},"ast-content-background-meta":{"desktop":{"background-color":"var(--ast-global-color-5)","background-image":"","background-repeat":"repeat","background-position":"center center","background-size":"auto","background-attachment":"scroll","background-type":"","background-media":"","overlay-type":"","overlay-color":"","overlay-opacity":"","overlay-gradient":""},"tablet":{"background-color":"var(--ast-global-color-5)","background-image":"","background-repeat":"repeat","background-position":"center center","background-size":"auto","background-attachment":"scroll","background-type":"","background-media":"","overlay-type":"","overlay-color":"","overlay-opacity":"","overlay-gradient":""},"mobile":{"background-color":"var(--ast-global-color-5)","background-image":"","background-repeat":"repeat","background-position":"center center","background-size":"auto","background-attachment":"scroll","background-type":"","background-media":"","overlay-type":"","overlay-color":"","overlay-opacity":"","overlay-gradient":""}},"footnotes":""},"class_list":["post-11877","page","type-page","status-publish","has-post-thumbnail","hentry"],"post_mailing_queue_ids":[],"_links":{"self":[{"href":"https:\/\/agora.xtec.cat\/esclesfontsgelida\/wp-json\/wp\/v2\/pages\/11877","targetHints":{"allow":["GET"]}}],"collection":[{"href":"https:\/\/agora.xtec.cat\/esclesfontsgelida\/wp-json\/wp\/v2\/pages"}],"about":[{"href":"https:\/\/agora.xtec.cat\/esclesfontsgelida\/wp-json\/wp\/v2\/types\/page"}],"author":[{"embeddable":true,"href":"https:\/\/agora.xtec.cat\/esclesfontsgelida\/wp-json\/wp\/v2\/users\/1"}],"replies":[{"embeddable":true,"href":"https:\/\/agora.xtec.cat\/esclesfontsgelida\/wp-json\/wp\/v2\/comments?post=11877"}],"version-history":[{"count":1,"href":"https:\/\/agora.xtec.cat\/esclesfontsgelida\/wp-json\/wp\/v2\/pages\/11877\/revisions"}],"predecessor-version":[{"id":195921,"href":"https:\/\/agora.xtec.cat\/esclesfontsgelida\/wp-json\/wp\/v2\/pages\/11877\/revisions\/195921"}],"up":[{"embeddable":true,"href":"https:\/\/agora.xtec.cat\/esclesfontsgelida\/wp-json\/wp\/v2\/pages\/11672"}],"wp:featuredmedia":[{"embeddable":true,"href":"https:\/\/agora.xtec.cat\/esclesfontsgelida\/wp-json\/wp\/v2\/media\/12285"}],"wp:attachment":[{"href":"https:\/\/agora.xtec.cat\/esclesfontsgelida\/wp-json\/wp\/v2\/media?parent=11877"}],"curies":[{"name":"wp","href":"https:\/\/api.w.org\/{rel}","templated":true}]}}