{"id":11783,"date":"2017-05-08T11:03:27","date_gmt":"2017-05-08T11:03:27","guid":{"rendered":"http:\/\/www.escolalesfontsgelida.cat\/?page_id=11783"},"modified":"2025-12-04T11:15:01","modified_gmt":"2025-12-04T10:15:01","slug":"els-tallers","status":"publish","type":"page","link":"https:\/\/agora.xtec.cat\/esclesfontsgelida\/lescola-2\/els-tallers\/","title":{"rendered":"ELS TALLERS"},"content":{"rendered":"<p>Els nostres tallers<\/p>\n<p><a href=\"https:\/\/agora.xtec.cat\/esclesfontsgelida\/wp-content\/uploads\/usu2467\/2025\/12\/tallers.jpg\"><img loading=\"lazy\" decoding=\"async\" class=\"alignnone size-large wp-image-195906\" src=\"https:\/\/agora.xtec.cat\/esclesfontsgelida\/wp-content\/uploads\/usu2467\/2025\/12\/tallers-1024x768.jpg\" alt=\"\" width=\"1024\" height=\"768\" srcset=\"https:\/\/agora.xtec.cat\/esclesfontsgelida\/wp-content\/uploads\/usu2467\/2025\/12\/tallers-1024x768.jpg 1024w, https:\/\/agora.xtec.cat\/esclesfontsgelida\/wp-content\/uploads\/usu2467\/2025\/12\/tallers-300x225.jpg 300w, https:\/\/agora.xtec.cat\/esclesfontsgelida\/wp-content\/uploads\/usu2467\/2025\/12\/tallers-768x576.jpg 768w, https:\/\/agora.xtec.cat\/esclesfontsgelida\/wp-content\/uploads\/usu2467\/2025\/12\/tallers-1536x1152.jpg 1536w, https:\/\/agora.xtec.cat\/esclesfontsgelida\/wp-content\/uploads\/usu2467\/2025\/12\/tallers-2048x1536.jpg 2048w\" sizes=\"auto, (max-width: 1024px) 100vw, 1024px\" \/><\/a><\/p>\n<p><span style=\"color: #7dc1c6;\">Els tallers<\/span><\/p>\n<p>Els alumnes\u00a0<span class=\"hiddenGrammarError\">d&#8217;I5<\/span> fem tallers variats amb els alumnes de Primer de Prim\u00e0ria. Algunes de les activitats proposades estan relacionades amb el m\u00f3n de les arts (pl\u00e0stica), audiovisuals, dansa, expressi\u00f3 corporal, teatre, jocs tradicionals&#8230;\u00a0Aquests tallers es realitzen durant tot el curs i tots els infants tenen l&#8217;oportunitat de passar per tots els plantejats.<\/p>\n<p>Fent tallers es desenvolupa la creativitat i la imaginaci\u00f3, es fomenten les interaccions socials, el treball en equip, la cooperaci\u00f3 i la col\u00b7laboraci\u00f3 amb la resta de companys\/es. Tamb\u00e9 es creen din\u00e0miques m\u00e9s participatives i connecten els coneixements previs que tenen els nens amb els nous. L&#8217;objectiu principal \u00e9s potenciar l&#8217;autonomia i la motivaci\u00f3.<\/p>\n<p><span style=\"color: #7dc1c6;\">Els tallers de lectura<\/span><\/p>\n<p>Els tallers de lectura s\u00f3n una eina que utilitzem a Cicle Mitj\u00e0 i a Cicle Superior per tal de millorar la comprensi\u00f3 i les diferents estrat\u00e8gies que la faciliten. Les estrat\u00e8gies que hem d&#8217;aplicar a l&#8217;hora de llegir s\u00f3n necess\u00e0ries per una bona comprensi\u00f3,\u00a0 i cada taller treballa una d&#8217;aquestes estrat\u00e8gies de forma expl\u00edcita. Els tallers de lectura s\u00f3n els seg\u00fcents: fer connexions, fer-se preguntes, hip\u00f2tesis i prediccions, fer infer\u00e8ncies, reorganitzar i integrar la informaci\u00f3, resumir, supervisar i reparar la comprensi\u00f3, i visualitzar.<\/p>\n","protected":false},"excerpt":{"rendered":"<p>Els nostres tallers Els tallers Els alumnes\u00a0d&#8217;I5 fem tallers variats amb els alumnes de Primer de Prim\u00e0ria. Algunes de les activitats proposades estan relacionades amb el m\u00f3n de les arts (pl\u00e0stica), audiovisuals, dansa, expressi\u00f3 corporal, teatre, jocs tradicionals&#8230;\u00a0Aquests tallers es realitzen durant tot el curs i tots els infants tenen l&#8217;oportunitat de passar per tots [&hellip;]<\/p>\n","protected":false},"author":1,"featured_media":12272,"parent":11672,"menu_order":3,"comment_status":"closed","ping_status":"closed","template":"","meta":{"site-sidebar-layout":"default","site-content-layout":"","ast-site-content-layout":"default","site-content-style":"default","site-sidebar-style":"default","ast-global-header-display":"","ast-banner-title-visibility":"","ast-main-header-display":"","ast-hfb-above-header-display":"","ast-hfb-below-header-display":"","ast-hfb-mobile-header-display":"","site-post-title":"","ast-breadcrumbs-content":"","ast-featured-img":"","footer-sml-layout":"","theme-transparent-header-meta":"","adv-header-id-meta":"","stick-header-meta":"","header-above-stick-meta":"","header-main-stick-meta":"","header-below-stick-meta":"","astra-migrate-meta-layouts":"set","ast-page-background-enabled":"default","ast-page-background-meta":{"desktop":{"background-color":"var(--ast-global-color-4)","background-image":"","background-repeat":"repeat","background-position":"center center","background-size":"auto","background-attachment":"scroll","background-type":"","background-media":"","overlay-type":"","overlay-color":"","overlay-opacity":"","overlay-gradient":""},"tablet":{"background-color":"","background-image":"","background-repeat":"repeat","background-position":"center center","background-size":"auto","background-attachment":"scroll","background-type":"","background-media":"","overlay-type":"","overlay-color":"","overlay-opacity":"","overlay-gradient":""},"mobile":{"background-color":"","background-image":"","background-repeat":"repeat","background-position":"center center","background-size":"auto","background-attachment":"scroll","background-type":"","background-media":"","overlay-type":"","overlay-color":"","overlay-opacity":"","overlay-gradient":""}},"ast-content-background-meta":{"desktop":{"background-color":"var(--ast-global-color-5)","background-image":"","background-repeat":"repeat","background-position":"center center","background-size":"auto","background-attachment":"scroll","background-type":"","background-media":"","overlay-type":"","overlay-color":"","overlay-opacity":"","overlay-gradient":""},"tablet":{"background-color":"var(--ast-global-color-5)","background-image":"","background-repeat":"repeat","background-position":"center center","background-size":"auto","background-attachment":"scroll","background-type":"","background-media":"","overlay-type":"","overlay-color":"","overlay-opacity":"","overlay-gradient":""},"mobile":{"background-color":"var(--ast-global-color-5)","background-image":"","background-repeat":"repeat","background-position":"center center","background-size":"auto","background-attachment":"scroll","background-type":"","background-media":"","overlay-type":"","overlay-color":"","overlay-opacity":"","overlay-gradient":""}},"footnotes":""},"class_list":["post-11783","page","type-page","status-publish","has-post-thumbnail","hentry"],"post_mailing_queue_ids":[],"_links":{"self":[{"href":"https:\/\/agora.xtec.cat\/esclesfontsgelida\/wp-json\/wp\/v2\/pages\/11783","targetHints":{"allow":["GET"]}}],"collection":[{"href":"https:\/\/agora.xtec.cat\/esclesfontsgelida\/wp-json\/wp\/v2\/pages"}],"about":[{"href":"https:\/\/agora.xtec.cat\/esclesfontsgelida\/wp-json\/wp\/v2\/types\/page"}],"author":[{"embeddable":true,"href":"https:\/\/agora.xtec.cat\/esclesfontsgelida\/wp-json\/wp\/v2\/users\/1"}],"replies":[{"embeddable":true,"href":"https:\/\/agora.xtec.cat\/esclesfontsgelida\/wp-json\/wp\/v2\/comments?post=11783"}],"version-history":[{"count":1,"href":"https:\/\/agora.xtec.cat\/esclesfontsgelida\/wp-json\/wp\/v2\/pages\/11783\/revisions"}],"predecessor-version":[{"id":195907,"href":"https:\/\/agora.xtec.cat\/esclesfontsgelida\/wp-json\/wp\/v2\/pages\/11783\/revisions\/195907"}],"up":[{"embeddable":true,"href":"https:\/\/agora.xtec.cat\/esclesfontsgelida\/wp-json\/wp\/v2\/pages\/11672"}],"wp:featuredmedia":[{"embeddable":true,"href":"https:\/\/agora.xtec.cat\/esclesfontsgelida\/wp-json\/wp\/v2\/media\/12272"}],"wp:attachment":[{"href":"https:\/\/agora.xtec.cat\/esclesfontsgelida\/wp-json\/wp\/v2\/media?parent=11783"}],"curies":[{"name":"wp","href":"https:\/\/api.w.org\/{rel}","templated":true}]}}