{"id":11752,"date":"2017-05-08T10:39:52","date_gmt":"2017-05-08T10:39:52","guid":{"rendered":"http:\/\/www.escolalesfontsgelida.cat\/?page_id=11752"},"modified":"2025-12-03T15:37:18","modified_gmt":"2025-12-03T14:37:18","slug":"objectius","status":"publish","type":"page","link":"https:\/\/agora.xtec.cat\/esclesfontsgelida\/lescola-2\/objectius\/","title":{"rendered":"OBJECTIUS PRINCIPALS"},"content":{"rendered":"<p>Objectius principals<\/p>\n<div id='gallery-1' class='gallery galleryid-11752 gallery-columns-2 gallery-size-large'><figure class='gallery-item'>\n\t\t\t<div class='gallery-icon landscape'>\n\t\t\t\t<img loading=\"lazy\" decoding=\"async\" width=\"1024\" height=\"768\" src=\"https:\/\/agora.xtec.cat\/esclesfontsgelida\/wp-content\/uploads\/usu2467\/2025\/12\/Objectius-principals-2-Large-1024x768.jpg\" class=\"attachment-large size-large\" alt=\"\" srcset=\"https:\/\/agora.xtec.cat\/esclesfontsgelida\/wp-content\/uploads\/usu2467\/2025\/12\/Objectius-principals-2-Large-1024x768.jpg 1024w, https:\/\/agora.xtec.cat\/esclesfontsgelida\/wp-content\/uploads\/usu2467\/2025\/12\/Objectius-principals-2-Large-300x225.jpg 300w, https:\/\/agora.xtec.cat\/esclesfontsgelida\/wp-content\/uploads\/usu2467\/2025\/12\/Objectius-principals-2-Large-768x576.jpg 768w, https:\/\/agora.xtec.cat\/esclesfontsgelida\/wp-content\/uploads\/usu2467\/2025\/12\/Objectius-principals-2-Large.jpg 1440w\" sizes=\"auto, (max-width: 1024px) 100vw, 1024px\" \/>\n\t\t\t<\/div><\/figure><figure class='gallery-item'>\n\t\t\t<div class='gallery-icon landscape'>\n\t\t\t\t<img loading=\"lazy\" decoding=\"async\" width=\"1024\" height=\"614\" src=\"https:\/\/agora.xtec.cat\/esclesfontsgelida\/wp-content\/uploads\/usu2467\/2025\/12\/Objectius-principals-3-Large-1024x614.jpg\" class=\"attachment-large size-large\" alt=\"\" srcset=\"https:\/\/agora.xtec.cat\/esclesfontsgelida\/wp-content\/uploads\/usu2467\/2025\/12\/Objectius-principals-3-Large-1024x614.jpg 1024w, https:\/\/agora.xtec.cat\/esclesfontsgelida\/wp-content\/uploads\/usu2467\/2025\/12\/Objectius-principals-3-Large-300x180.jpg 300w, https:\/\/agora.xtec.cat\/esclesfontsgelida\/wp-content\/uploads\/usu2467\/2025\/12\/Objectius-principals-3-Large-768x461.jpg 768w, https:\/\/agora.xtec.cat\/esclesfontsgelida\/wp-content\/uploads\/usu2467\/2025\/12\/Objectius-principals-3-Large-1536x922.jpg 1536w, https:\/\/agora.xtec.cat\/esclesfontsgelida\/wp-content\/uploads\/usu2467\/2025\/12\/Objectius-principals-3-Large.jpg 1800w\" sizes=\"auto, (max-width: 1024px) 100vw, 1024px\" \/>\n\t\t\t<\/div><\/figure><figure class='gallery-item'>\n\t\t\t<div class='gallery-icon landscape'>\n\t\t\t\t<img loading=\"lazy\" decoding=\"async\" width=\"1024\" height=\"768\" src=\"https:\/\/agora.xtec.cat\/esclesfontsgelida\/wp-content\/uploads\/usu2467\/2025\/12\/Objectius-8-Large-1024x768.jpg\" class=\"attachment-large size-large\" alt=\"\" srcset=\"https:\/\/agora.xtec.cat\/esclesfontsgelida\/wp-content\/uploads\/usu2467\/2025\/12\/Objectius-8-Large-1024x768.jpg 1024w, https:\/\/agora.xtec.cat\/esclesfontsgelida\/wp-content\/uploads\/usu2467\/2025\/12\/Objectius-8-Large-300x225.jpg 300w, https:\/\/agora.xtec.cat\/esclesfontsgelida\/wp-content\/uploads\/usu2467\/2025\/12\/Objectius-8-Large-768x576.jpg 768w, https:\/\/agora.xtec.cat\/esclesfontsgelida\/wp-content\/uploads\/usu2467\/2025\/12\/Objectius-8-Large.jpg 1440w\" sizes=\"auto, (max-width: 1024px) 100vw, 1024px\" \/>\n\t\t\t<\/div><\/figure><figure class='gallery-item'>\n\t\t\t<div class='gallery-icon landscape'>\n\t\t\t\t<img loading=\"lazy\" decoding=\"async\" width=\"1024\" height=\"768\" src=\"https:\/\/agora.xtec.cat\/esclesfontsgelida\/wp-content\/uploads\/usu2467\/2025\/12\/Plastica-7-Large-1024x768.jpg\" class=\"attachment-large size-large\" alt=\"\" srcset=\"https:\/\/agora.xtec.cat\/esclesfontsgelida\/wp-content\/uploads\/usu2467\/2025\/12\/Plastica-7-Large-1024x768.jpg 1024w, https:\/\/agora.xtec.cat\/esclesfontsgelida\/wp-content\/uploads\/usu2467\/2025\/12\/Plastica-7-Large-300x225.jpg 300w, https:\/\/agora.xtec.cat\/esclesfontsgelida\/wp-content\/uploads\/usu2467\/2025\/12\/Plastica-7-Large-768x576.jpg 768w, https:\/\/agora.xtec.cat\/esclesfontsgelida\/wp-content\/uploads\/usu2467\/2025\/12\/Plastica-7-Large.jpg 1440w\" sizes=\"auto, (max-width: 1024px) 100vw, 1024px\" \/>\n\t\t\t<\/div><\/figure>\n\t\t<\/div>\n\n<p><span style=\"color: #7dc1c6;\">Una escola activa i constructivista<\/span><\/p>\n<p>La nostra escola \u00e9s una escola ACTIVA i CONSTRUCTIVISTA, que potencia en els alumnes una actitud curiosa, cr\u00edtica i investigadora, bases per a una bona formaci\u00f3 i adquisici\u00f3 dels aprenentatges. Els alumnes aprenen a aprendre d\u2019una forma din\u00e0mica i vivencial, i per aix\u00f2 donem import\u00e0ncia a l\u2019adquisici\u00f3 dels aprenentatges a trav\u00e9s de metodologies actives com els racons de treball, els tallers, els projectes, o l\u2019aprenentatge manipulatiu.<\/p>\n<p><span style=\"color: #7dc1c6;\">Compet\u00e8ncies digitals<\/span><\/p>\n<p>Donem import\u00e0ncia tamb\u00e9 a la compet\u00e8ncia digital dels nostres alumnes, introduint la rob\u00f2tica a Educaci\u00f3 Infantil i Prim\u00e0ria i fent \u00fas de les Pissarres Digitals Interactives, els ordinadors de sobretaula i els ordinadors port\u00e0tils. Les noves tecnologies s\u00f3n tamb\u00e9 una eina de comunicaci\u00f3 amb les fam\u00edlies a trav\u00e9s de la p\u00e0gina web, l&#8217;APP Dinantia i l\u2019Instagram.<\/p>\n<p><span style=\"color: #7dc1c6;\">Manipulaci\u00f3 i experimentaci\u00f3<\/span><\/p>\n<p>A Educaci\u00f3 Infantil treballem a trav\u00e9s del material <i>manipulatiu, <\/i>que \u00e9s aquell\u00a0 que es pot transformar, \u00e9s a <i>dir<\/i>, manipular.<\/p>\n<p>A partir de la manipulaci\u00f3 de materials m\u00e9s estructurats com blocs l\u00f2gics, material Montessori, regletes, Geomacs, contruccions&#8230;. i d\u2019altres m\u00e9s comuns com taps de suro, rul\u00b7los, llegums, &#8230; els alumnes construeixen els aprenentatges de forma significativa i funcional.<\/p>\n","protected":false},"excerpt":{"rendered":"<p>Objectius principals Una escola activa i constructivista La nostra escola \u00e9s una escola ACTIVA i CONSTRUCTIVISTA, que potencia en els alumnes una actitud curiosa, cr\u00edtica i investigadora, bases per a una bona formaci\u00f3 i adquisici\u00f3 dels aprenentatges. Els alumnes aprenen a aprendre d\u2019una forma din\u00e0mica i vivencial, i per aix\u00f2 donem import\u00e0ncia a l\u2019adquisici\u00f3 dels [&hellip;]<\/p>\n","protected":false},"author":1,"featured_media":12302,"parent":11672,"menu_order":1,"comment_status":"closed","ping_status":"closed","template":"","meta":{"site-sidebar-layout":"default","site-content-layout":"","ast-site-content-layout":"default","site-content-style":"default","site-sidebar-style":"default","ast-global-header-display":"","ast-banner-title-visibility":"","ast-main-header-display":"","ast-hfb-above-header-display":"","ast-hfb-below-header-display":"","ast-hfb-mobile-header-display":"","site-post-title":"","ast-breadcrumbs-content":"","ast-featured-img":"","footer-sml-layout":"","theme-transparent-header-meta":"","adv-header-id-meta":"","stick-header-meta":"","header-above-stick-meta":"","header-main-stick-meta":"","header-below-stick-meta":"","astra-migrate-meta-layouts":"set","ast-page-background-enabled":"default","ast-page-background-meta":{"desktop":{"background-color":"var(--ast-global-color-4)","background-image":"","background-repeat":"repeat","background-position":"center center","background-size":"auto","background-attachment":"scroll","background-type":"","background-media":"","overlay-type":"","overlay-color":"","overlay-opacity":"","overlay-gradient":""},"tablet":{"background-color":"","background-image":"","background-repeat":"repeat","background-position":"center center","background-size":"auto","background-attachment":"scroll","background-type":"","background-media":"","overlay-type":"","overlay-color":"","overlay-opacity":"","overlay-gradient":""},"mobile":{"background-color":"","background-image":"","background-repeat":"repeat","background-position":"center center","background-size":"auto","background-attachment":"scroll","background-type":"","background-media":"","overlay-type":"","overlay-color":"","overlay-opacity":"","overlay-gradient":""}},"ast-content-background-meta":{"desktop":{"background-color":"var(--ast-global-color-5)","background-image":"","background-repeat":"repeat","background-position":"center center","background-size":"auto","background-attachment":"scroll","background-type":"","background-media":"","overlay-type":"","overlay-color":"","overlay-opacity":"","overlay-gradient":""},"tablet":{"background-color":"var(--ast-global-color-5)","background-image":"","background-repeat":"repeat","background-position":"center center","background-size":"auto","background-attachment":"scroll","background-type":"","background-media":"","overlay-type":"","overlay-color":"","overlay-opacity":"","overlay-gradient":""},"mobile":{"background-color":"var(--ast-global-color-5)","background-image":"","background-repeat":"repeat","background-position":"center center","background-size":"auto","background-attachment":"scroll","background-type":"","background-media":"","overlay-type":"","overlay-color":"","overlay-opacity":"","overlay-gradient":""}},"footnotes":""},"class_list":["post-11752","page","type-page","status-publish","has-post-thumbnail","hentry"],"post_mailing_queue_ids":[],"_links":{"self":[{"href":"https:\/\/agora.xtec.cat\/esclesfontsgelida\/wp-json\/wp\/v2\/pages\/11752","targetHints":{"allow":["GET"]}}],"collection":[{"href":"https:\/\/agora.xtec.cat\/esclesfontsgelida\/wp-json\/wp\/v2\/pages"}],"about":[{"href":"https:\/\/agora.xtec.cat\/esclesfontsgelida\/wp-json\/wp\/v2\/types\/page"}],"author":[{"embeddable":true,"href":"https:\/\/agora.xtec.cat\/esclesfontsgelida\/wp-json\/wp\/v2\/users\/1"}],"replies":[{"embeddable":true,"href":"https:\/\/agora.xtec.cat\/esclesfontsgelida\/wp-json\/wp\/v2\/comments?post=11752"}],"version-history":[{"count":3,"href":"https:\/\/agora.xtec.cat\/esclesfontsgelida\/wp-json\/wp\/v2\/pages\/11752\/revisions"}],"predecessor-version":[{"id":195905,"href":"https:\/\/agora.xtec.cat\/esclesfontsgelida\/wp-json\/wp\/v2\/pages\/11752\/revisions\/195905"}],"up":[{"embeddable":true,"href":"https:\/\/agora.xtec.cat\/esclesfontsgelida\/wp-json\/wp\/v2\/pages\/11672"}],"wp:featuredmedia":[{"embeddable":true,"href":"https:\/\/agora.xtec.cat\/esclesfontsgelida\/wp-json\/wp\/v2\/media\/12302"}],"wp:attachment":[{"href":"https:\/\/agora.xtec.cat\/esclesfontsgelida\/wp-json\/wp\/v2\/media?parent=11752"}],"curies":[{"name":"wp","href":"https:\/\/api.w.org\/{rel}","templated":true}]}}