{"id":858,"date":"2019-03-31T17:53:36","date_gmt":"2019-03-31T15:53:36","guid":{"rendered":"https:\/\/agora.xtec.cat\/esclescomesrodonya\/?page_id=858"},"modified":"2022-12-02T11:26:32","modified_gmt":"2022-12-02T10:26:32","slug":"festes-i-diades","status":"publish","type":"page","link":"https:\/\/agora.xtec.cat\/esclescomesrodonya\/festes-i-diades\/","title":{"rendered":"Festes, diades, activitats i sortides"},"content":{"rendered":"<p>Durant el curs escolar, a l&#8217;escola es celebren diferents festes i diades. Els alumnes fan activitats espec\u00edfiques i aprofitem per fer-ne un petit recull fotogr\u00e0fic.<\/p>\n<p>A m\u00e9s a m\u00e9s es duen a terme diferents activitats a l&#8217;escola, sortides i col\u00f2nies per complementar els aprenentatges i gaudir d&#8217;una altra manera d&#8217;adquisici\u00f3 de continguts.<\/p>\n<p>Per finalitzar l&#8217;etapa educativa de prim\u00e0ria, els alumnes de 6\u00e8 van de viatge de final de curs.<\/p>\n","protected":false},"excerpt":{"rendered":"<p>Durant el curs escolar, a l&#8217;escola es celebren diferents festes i diades. Els alumnes fan activitats espec\u00edfiques i aprofitem per fer-ne un petit recull fotogr\u00e0fic.<br \/>\nA m\u00e9s a m\u00e9s es duen a terme diferents activitats a l&#8217;escola, sortides i col\u00f2nies per complementar els aprenentatges i gaudir&hellip;  <a href=\"https:\/\/agora.xtec.cat\/esclescomesrodonya\/festes-i-diades\/\" title=\"Read Festes, diades, activitats i sortides\">Llegeix m\u00e9s\u00bb<\/a><\/p>\n","protected":false},"author":1,"featured_media":0,"parent":0,"menu_order":0,"comment_status":"closed","ping_status":"closed","template":"","meta":{"_bbp_topic_count":0,"_bbp_reply_count":0,"_bbp_total_topic_count":0,"_bbp_total_reply_count":0,"_bbp_voice_count":0,"_bbp_anonymous_reply_count":0,"_bbp_topic_count_hidden":0,"_bbp_reply_count_hidden":0,"_bbp_forum_subforum_count":0,"footnotes":""},"class_list":["post-858","page","type-page","status-publish","hentry"],"post_mailing_queue_ids":[],"_links":{"self":[{"href":"https:\/\/agora.xtec.cat\/esclescomesrodonya\/wp-json\/wp\/v2\/pages\/858","targetHints":{"allow":["GET"]}}],"collection":[{"href":"https:\/\/agora.xtec.cat\/esclescomesrodonya\/wp-json\/wp\/v2\/pages"}],"about":[{"href":"https:\/\/agora.xtec.cat\/esclescomesrodonya\/wp-json\/wp\/v2\/types\/page"}],"author":[{"embeddable":true,"href":"https:\/\/agora.xtec.cat\/esclescomesrodonya\/wp-json\/wp\/v2\/users\/1"}],"replies":[{"embeddable":true,"href":"https:\/\/agora.xtec.cat\/esclescomesrodonya\/wp-json\/wp\/v2\/comments?post=858"}],"version-history":[{"count":3,"href":"https:\/\/agora.xtec.cat\/esclescomesrodonya\/wp-json\/wp\/v2\/pages\/858\/revisions"}],"predecessor-version":[{"id":11212,"href":"https:\/\/agora.xtec.cat\/esclescomesrodonya\/wp-json\/wp\/v2\/pages\/858\/revisions\/11212"}],"wp:attachment":[{"href":"https:\/\/agora.xtec.cat\/esclescomesrodonya\/wp-json\/wp\/v2\/media?parent=858"}],"curies":[{"name":"wp","href":"https:\/\/api.w.org\/{rel}","templated":true}]}}