{"id":84,"date":"2014-09-18T14:11:31","date_gmt":"2014-09-18T13:11:31","guid":{"rendered":"http:\/\/agora.xtec.cat\/esclescomesrodonya\/?page_id=84"},"modified":"2025-09-11T16:48:16","modified_gmt":"2025-09-11T14:48:16","slug":"activitats-extraescolars","status":"publish","type":"page","link":"https:\/\/agora.xtec.cat\/esclescomesrodonya\/ampa\/activitats-extraescolars\/","title":{"rendered":"ACTIVITATS EXTRAESCOLARS"},"content":{"rendered":"<p>Durant aquest curs el proposaran les seg\u00fcents activitats:<\/p>\n<div>\n<p><span style=\"text-decoration: underline;\"><em><b>ACTIVITATS MAT\u00cd franja de 8.00 a 9.00h<\/b><\/em><\/span><\/p>\n<p><b>ACOLLIDA MATINAL franja de 8.00 a 9.00h<\/b><\/p>\n<p><span style=\"font-weight: 400;\">S\u2019ofereix un servei d\u2019acollida matinal per aquelles fam\u00edlies que hagin de deixar els infants a l\u2019escola abans de les 9.00 del mat\u00ed. L\u2019acollida s\u2019ofereix des de la Llar d\u2019infants fins a 6\u00e8 d\u2019Educaci\u00f3 Prim\u00e0ria. <\/span><\/p>\n<p><span style=\"font-weight: 400;\">Hi ha l&#8217;opci\u00f3 de fer \u00fas:<\/span><\/p>\n<ul>\n<li><span style=\"font-weight: 400;\">\u00fas del servei fixe de 30 minuts. \u00a0 <\/span><\/li>\n<li><span style=\"font-weight: 400;\">\u00fas del servei fixe d\u20191 hora.\u00a0<\/span><\/li>\n<li><span style=\"font-weight: 400;\">\u00fas del servei puntual de 30 minuts.\u00a0 \u00a0 \u00a0 \u00a0<\/span><\/li>\n<li><span style=\"font-weight: 400;\">\u00fas del servei puntual d\u20191 hora.<\/span><\/li>\n<\/ul>\n<p>&nbsp;<\/p>\n<p><span style=\"text-decoration: underline;\"><span style=\"font-weight: 400;\">Us recordem com s\u2019utilitza el servei:<\/span><\/span><\/p>\n<ul>\n<li style=\"font-weight: 400;\" aria-level=\"1\"><b>Per aquelles fam\u00edlies que tinguin previst utilitzar el servei 10 o m\u00e9s dies al mes:<\/b><\/li>\n<\/ul>\n<ol>\n<li style=\"font-weight: 400;\" aria-level=\"1\"><span style=\"font-weight: 400;\">Aviseu a la monitora a trav\u00e9s de whatsapp de qu\u00e8 aquell mes faran l\u2019\u00fas del servei de forma fixa i indiquen si ser\u00e0 1a hora o \u00bd hora (8.30 h a 9 h).<\/span><\/li>\n<li style=\"font-weight: 400;\" aria-level=\"1\"><span style=\"font-weight: 400;\">La monitora us agregar\u00e0 en un grup de whatsapp del servei d\u2019acollida.\u00a0<\/span><\/li>\n<li style=\"font-weight: 400;\" aria-level=\"1\"><span style=\"font-weight: 400;\">Pagueu per avan\u00e7at el preu (segons la taula) el primer dia del mes que en feu \u00fas, a la mateixa monitora i en efectiu (import exacte).<\/span><\/li>\n<li style=\"font-weight: 400;\" aria-level=\"1\"><span style=\"font-weight: 400;\">S\u2019entrer\u00e0 per la porta vermella del menjador.\u00a0 i accedir\u00e0 al menjador.<\/span><\/li>\n<li style=\"font-weight: 400;\" aria-level=\"1\"><span style=\"font-weight: 400;\">Heu d\u2019avisar a la monitora el dia que <\/span><span style=\"font-weight: 400;\">NO<\/span><span style=\"font-weight: 400;\"> facin \u00fas del servei.<\/span><\/li>\n<\/ol>\n<ul>\n<li style=\"font-weight: 400;\" aria-level=\"1\"><b>Per aquelles fam\u00edlies que tinguin previst utilitzar el servei de forma puntual:<\/b><\/li>\n<\/ul>\n<ol>\n<li style=\"font-weight: 400;\" aria-level=\"1\"><span style=\"font-weight: 400;\">Aviseu a la monitora el dia abans a trav\u00e9s d\u2019un el whatsapp.<\/span><\/li>\n<li style=\"font-weight: 400;\" aria-level=\"1\"><span style=\"font-weight: 400;\">La monitora us agregar\u00e0 en un grup de whatsapp del servei d\u2019acollida.\u00a0<\/span><\/li>\n<li style=\"font-weight: 400;\" aria-level=\"1\"><span style=\"font-weight: 400;\">Paguen el mateix dia d\u2019\u00fas a la monitora el preu (segons la taula de preus) en efectiu (import exacte).<\/span><\/li>\n<li style=\"font-weight: 400;\" aria-level=\"1\"><span style=\"font-weight: 400;\">S\u2019entrer\u00e0 per la porta vermella del menjador.\u00a0<\/span><\/li>\n<li style=\"font-weight: 400;\" aria-level=\"1\"><b>\u00c9s important<\/b><span style=\"font-weight: 400;\"> haver avisat la monitora. En cas de no fer-ho, podria ser el cas que, per manca d\u2019alumnat, aquell dia no s\u2019ofereixi el servei.<\/span><\/li>\n<\/ol>\n<p><span style=\"font-weight: 400;\">Contacte de la monitora:<\/span><\/p>\n<ul>\n<li aria-level=\"1\"><b>Nom: Carolina Amantini 622406534<\/b><\/li>\n<\/ul>\n<p><span style=\"font-weight: 400;\">Taula de preus:<\/span><\/p>\n<table>\n<tbody>\n<tr>\n<td rowspan=\"2\"><\/td>\n<td colspan=\"2\"><b>SOCIS AMPA<\/b><\/td>\n<td colspan=\"2\"><b>NO ASSOCIATS AMPA<\/b><\/td>\n<\/tr>\n<tr>\n<td><span style=\"font-weight: 400;\">1h (8 a 9)<\/span><\/td>\n<td><span style=\"font-weight: 400;\">30 m (8.30 a 9)<\/span><\/td>\n<td><span style=\"font-weight: 400;\">1h (8 a 9)<\/span><\/td>\n<td><span style=\"font-weight: 400;\">30 m (8.30 a 9)<\/span><\/td>\n<\/tr>\n<tr>\n<td><b>\u00das Fixe<\/b><\/td>\n<td><span style=\"font-weight: 400;\">50 \u20ac<\/span><\/td>\n<td><span style=\"font-weight: 400;\">30 \u20ac<\/span><\/td>\n<td><span style=\"font-weight: 400;\">80 \u20ac<\/span><\/td>\n<td><span style=\"font-weight: 400;\">50 \u20ac<\/span><\/td>\n<\/tr>\n<tr>\n<td><b>\u00das espor\u00e0dic<\/b><\/td>\n<td><span style=\"font-weight: 400;\">5 \u20ac<\/span><\/td>\n<td><span style=\"font-weight: 400;\">3\u20ac<\/span><\/td>\n<td><span style=\"font-weight: 400;\">8 \u20ac<\/span><\/td>\n<td><span style=\"font-weight: 400;\">5 \u20ac<\/span><\/td>\n<\/tr>\n<\/tbody>\n<\/table>\n<\/div>\n<div><\/div>\n<div>\n<p><span style=\"text-decoration: underline;\"><em><b>ACTIVITATS MIGDIA franja de 12.30 a 13.30h<\/b><\/em><\/span><\/p>\n<p><b>ROB\u00d2TICA EDUCATIVA<\/b><b><br \/>\n<\/b><\/p>\n<p><b>Descripci\u00f3 de l\u2019activitat:<\/b><span style=\"font-weight: 400;\"> L\u2019activitat est\u00e0 adre\u00e7ada a tot l<\/span><b>\u2019alumnat de prim\u00e0ria<\/b><span style=\"font-weight: 400;\"> i es planteja des l\u2019oportunitat de poder provar una diversitat molt \u00e0mplia d\u2019activitats a fer. Impressi\u00f3 i disseny 3D, programaci\u00f3 a partir de plataformes com Scatch, interactuaci\u00f3 amb robots, ulleres 3D&#8230;<\/span><\/p>\n<p><b>Horari:<\/b><span style=\"font-weight: 400;\"> Dimarts de 12.30 a 13.30 h.\u00a0<\/span><\/p>\n<p><b>Calendari:<\/b><span style=\"font-weight: 400;\"> a partir del dimarts 7 d\u2019octubre fins al dimarts 26 de maig.<\/span><\/p>\n<p><b>Monitor: <\/b><span style=\"font-weight: 400;\">Josep Maria Duch<\/span><\/p>\n<p><b>Preu: <\/b><span style=\"font-weight: 400;\">33\u20ac\/ mes socis de l\u2019AMPA<\/span><\/p>\n<p><span style=\"font-weight: 400;\">\u00a0\u00a0\u00a0\u00a0\u00a0\u00a0\u00a0\u00a0\u00a0\u00a0\u00a035\u20ac\/ mes NO socis de l\u2019AMPA<\/span><\/p>\n<p><b>Pagament<\/b><span style=\"font-weight: 400;\">: a trav\u00e9s d\u2019una transfer\u00e8ncia a l\u2019AMPA al <\/span><b>ES39 0081 0125 6100 0143 0649 <\/b><span style=\"font-weight: 400;\">entre els <\/span><span style=\"font-weight: 400;\">dies 20 i 30\/31 del mes anterior<\/span><span style=\"font-weight: 400;\"> al mes que es far\u00e0 l\u2019activitat\u00a0 (ara al setembre s\u2019ha de pagar el mes d\u2019octubre, a finals d\u2019octubre, es paga el mes de novembre i aix\u00ed successivament).<\/span><\/p>\n<p><span style=\"font-weight: 400;\">Cal pagar el mes sencer encara que comencen m\u00e9s tard l\u2019activitat.\u00a0<\/span><\/p>\n<p><b>M\u00e0xim de places: <\/b><span style=\"font-weight: 400;\">No hi ha l\u00edmit.<\/span><b><br \/>\n<\/b><\/p>\n<p>&nbsp;<\/p>\n<p><b>ART EXPANSIU\u00a0<\/b><b><br \/>\n<\/b><\/p>\n<p><b>Descripci\u00f3 de l\u2019activitat:<\/b><span style=\"font-weight: 400;\"> L\u2019activitat est\u00e0 adre\u00e7ada a l<\/span><b>\u2019alumnat d\u2019Educaci\u00f3 Prim\u00e0ria<\/b><span style=\"font-weight: 400;\">. La monitora proposar\u00e0 diferents activitats art\u00edstiques molt enriquidores, on es divertiran alhora que desenvolupen habilitats clau i per descobrir el fascinant m\u00f3n de l&#8217;art.<\/span><\/p>\n<p><b>Horari:<\/b><span style=\"font-weight: 400;\">\u00a0 dimecres de 12.30 a 13.30h. pels alumnes de 1r, 2n i 3r d\u2019educaci\u00f3 prim\u00e0ria.<\/span><\/p>\n<p><span style=\"font-weight: 400;\">\u00a0\u00a0\u00a0\u00a0\u00a0\u00a0\u00a0\u00a0\u00a0\u00a0\u00a0\u00a0\u00a0\u00a0\u00a0dijous de 12.30 a 13.30h pels alumnes de 4t, 5\u00e8 i 6\u00e8 d\u2019educaci\u00f3 prim\u00e0ria.\u00a0<\/span><\/p>\n<p><b>Calendari:<\/b><span style=\"font-weight: 400;\"> a partir del dimecres 8 d\u2019octubre o dijous 9 al 28 de maig \/ 4 de juny.<\/span><\/p>\n<p><b>Monitora: <\/b><span style=\"font-weight: 400;\">Mar\u00edl Mart\u00ed L\u00f3pez<\/span><\/p>\n<p><b>Preu: <\/b><span style=\"font-weight: 400;\">25\u20ac\/ mes socis de l\u2019AMPA\u00a0 o\u00a0 28\u20ac\/ mes NO socis de l\u2019AMPA<\/span><\/p>\n<p><b>Pagament<\/b><span style=\"font-weight: 400;\">: a trav\u00e9s d\u2019una transfer\u00e8ncia a l\u2019AMPA al <\/span><b>ES39 0081 0125 6100 0143 0649 <\/b><span style=\"font-weight: 400;\">entre els <\/span><span style=\"font-weight: 400;\">dies 20 i 30\/31 del mes anterior<\/span><span style=\"font-weight: 400;\"> al mes que es far\u00e0 l\u2019activitat\u00a0 (ara al setembre s\u2019ha de pagar el mes d\u2019octubre, a finals d\u2019octubre, es paga el mes de novembre i aix\u00ed successivament).<\/span><\/p>\n<p><span style=\"font-weight: 400;\">Cal pagar el mes sencer encara que comencen m\u00e9s tard l\u2019activitat.\u00a0<\/span><\/p>\n<p><b>M\u00e0xim de places: <\/b><span style=\"font-weight: 400;\">No hi ha l\u00edmit.<\/span><\/p>\n<p><b><br \/>\n<\/b><span style=\"text-decoration: underline;\"><em><b>ACTIVITATS TARDA franja de 16.30 a 18h<\/b><\/em><\/span><\/p>\n<p><b>FUTBOL<\/b><b><br \/>\n<\/b><\/p>\n<p><b>Descripci\u00f3 de l\u2019activitat:<\/b><span style=\"font-weight: 400;\"> l\u2019activitat est\u00e0 adre\u00e7ada a l<\/span><b>\u2019alumnat d\u2019Educaci\u00f3 Prim\u00e0ria<\/b><span style=\"font-weight: 400;\">. L\u2019alumnat inscrit anir\u00e0 amb els entrenadors o entrenadores des de l\u2019Escola a les pistes. All\u00ed berenaran i, tot seguit, comen\u00e7aran l\u2019activitat.\u00a0\u00a0<\/span><\/p>\n<p><b>Horari:<\/b><span style=\"font-weight: 400;\"> dimecres i divendres de 16.30 a 18 h.<\/span><\/p>\n<p><b>Calendari:<\/b><span style=\"font-weight: 400;\"> A partir del dimecres 1 d\u2019octubre fins al divendres 29 de maig.<\/span><\/p>\n<p><b>Monitor: <\/b><span style=\"font-weight: 400;\">Entrenadors del Club Futbol Sala Vila-rodona.<\/span><\/p>\n<p><b>Preu: <\/b><span style=\"font-weight: 400;\">25 \u20ac\/ mes socis de l\u2019AMPA<\/span><\/p>\n<p><span style=\"font-weight: 400;\">\u00a0\u00a0\u00a0\u00a0\u00a0\u00a0\u00a0\u00a0\u00a0\u00a0\u00a030\u20ac\/ mes NO socis de l\u2019AMPA<\/span><\/p>\n<p><b>Pagament<\/b><span style=\"font-weight: 400;\">: a trav\u00e9s d\u2019una transfer\u00e8ncia a l\u2019AMPA al <\/span><b>ES39 0081 0125 6100 0143 0649 <\/b><span style=\"font-weight: 400;\">entre els dies 20 i 30 del mes anterior al mes que es far\u00e0 l\u2019activitat.\u00a0<\/span><\/p>\n<p><span style=\"font-weight: 400;\">Cal pagar el mes sencer encara que comencen m\u00e9s tard l\u2019activitat (excepte al setembre que es cobrar\u00e0 mig mes).\u00a0<\/span><\/p>\n<p><b>M\u00e0xim de places: <\/b><span style=\"font-weight: 400;\">No hi ha l\u00edmit. Per tirar endavant l\u2019activitat hi ha d\u2019haver entre 8 i 10 alumnes inscrits.\u00a0<\/span><\/p>\n<\/div>\n<div><\/div>\n<div><\/div>\n<div><\/div>\n<div>Per qualsevol dubte sobre les activitats EXTRAESCOLARS, podeu escriure&#8217;ns al correu: <a href=\"mailto:amparodonya@gmail.com\" target=\"_blank\" rel=\"noopener\">amparodonya@gmail.com<\/a><\/div>\n<p>&nbsp;<\/p>\n<p>&nbsp;<\/p>\n<p>&nbsp;<\/p>\n","protected":false},"excerpt":{"rendered":"<p>Durant aquest curs el proposaran les seg\u00fcents activitats:<\/p>\n<p>ACTIVITATS MAT\u00cd franja de 8.00 a 9.00h<br \/>\nACOLLIDA MATINAL franja de 8.00 a 9.00h<br \/>\nS\u2019ofereix un servei d\u2019acollida matinal per aquelles fam\u00edlies que hagin de deixar els infants a l\u2019escola abans de les 9.00 del mat\u00ed. L\u2019acollida s\u2019ofereix des de&hellip;  <a href=\"https:\/\/agora.xtec.cat\/esclescomesrodonya\/ampa\/activitats-extraescolars\/\" title=\"Read ACTIVITATS EXTRAESCOLARS\">Llegeix m\u00e9s\u00bb<\/a><\/p>\n","protected":false},"author":1,"featured_media":0,"parent":8841,"menu_order":20,"comment_status":"closed","ping_status":"closed","template":"page-templates\/side-menu.php","meta":{"_bbp_topic_count":0,"_bbp_reply_count":0,"_bbp_total_topic_count":0,"_bbp_total_reply_count":0,"_bbp_voice_count":0,"_bbp_anonymous_reply_count":0,"_bbp_topic_count_hidden":0,"_bbp_reply_count_hidden":0,"_bbp_forum_subforum_count":0,"footnotes":""},"class_list":["post-84","page","type-page","status-publish","hentry"],"post_mailing_queue_ids":[],"_links":{"self":[{"href":"https:\/\/agora.xtec.cat\/esclescomesrodonya\/wp-json\/wp\/v2\/pages\/84","targetHints":{"allow":["GET"]}}],"collection":[{"href":"https:\/\/agora.xtec.cat\/esclescomesrodonya\/wp-json\/wp\/v2\/pages"}],"about":[{"href":"https:\/\/agora.xtec.cat\/esclescomesrodonya\/wp-json\/wp\/v2\/types\/page"}],"author":[{"embeddable":true,"href":"https:\/\/agora.xtec.cat\/esclescomesrodonya\/wp-json\/wp\/v2\/users\/1"}],"replies":[{"embeddable":true,"href":"https:\/\/agora.xtec.cat\/esclescomesrodonya\/wp-json\/wp\/v2\/comments?post=84"}],"version-history":[{"count":4,"href":"https:\/\/agora.xtec.cat\/esclescomesrodonya\/wp-json\/wp\/v2\/pages\/84\/revisions"}],"predecessor-version":[{"id":11936,"href":"https:\/\/agora.xtec.cat\/esclescomesrodonya\/wp-json\/wp\/v2\/pages\/84\/revisions\/11936"}],"up":[{"embeddable":true,"href":"https:\/\/agora.xtec.cat\/esclescomesrodonya\/wp-json\/wp\/v2\/pages\/8841"}],"wp:attachment":[{"href":"https:\/\/agora.xtec.cat\/esclescomesrodonya\/wp-json\/wp\/v2\/media?parent=84"}],"curies":[{"name":"wp","href":"https:\/\/api.w.org\/{rel}","templated":true}]}}