{"id":82,"date":"2014-09-18T14:10:51","date_gmt":"2014-09-18T13:10:51","guid":{"rendered":"http:\/\/agora.xtec.cat\/esclescomesrodonya\/?page_id=82"},"modified":"2025-09-11T16:41:53","modified_gmt":"2025-09-11T14:41:53","slug":"casal-destiu","status":"publish","type":"page","link":"https:\/\/agora.xtec.cat\/esclescomesrodonya\/ampa\/casal-destiu\/","title":{"rendered":"Casal d&#8217;estiu"},"content":{"rendered":"<div class=\"gmail_quote\">\n<div dir=\"ltr\">\n<div><strong>CASAL D&#8217;ESTIU 2025<\/strong><\/div>\n<div><\/div>\n<\/div>\n<div>Aquest any el casal d&#8217;Estiu tamb\u00e9 est\u00e0 organitzat per l&#8217;Ajuntament de Rodony\u00e0 i el Consell Esportiu de l&#8217;Alt Camp.<\/div>\n<div>Si voleu m\u00e9s informaci\u00f3 podeu trucar al 977628528 o entrar a la p\u00e0gina web del Consell Esportiu de l&#8217;Alt Camp: <a href=\"https:\/\/www.cealtcamp.cat\/serveis\/estiu-esportiu-2023\/\">CASAL D&#8217;ESTIU<\/a><\/div>\n<div dir=\"ltr\">\n<div><\/div>\n<div><\/div>\n<div><strong>CASAL D&#8217;ESTIU 2024<\/strong><\/div>\n<\/div>\n<\/div>\n<div><\/div>\n<div>Organitzat per l&#8217;Ajuntament de Rodony\u00e0. Truca al 977628528 i demana informaci\u00f3. Tamb\u00e9 pots buscar informaci\u00f3 al Canal eagora de l&#8217;Ajuntament o a la p\u00e0gina web del Consell Esportiu de l&#8217;Alt Camp: <a href=\"http:\/\/www.cealtcamp.cat\/serveis\/estiu-esportiu-2023\/\">http:\/\/www.cealtcamp.cat\/serveis\/estiu-esportiu-2023\/<\/a><\/div>\n<div><\/div>\n<div><\/div>\n<div><img loading=\"lazy\" decoding=\"async\" class=\"aligncenter wp-image-11786\" src=\"https:\/\/agora.xtec.cat\/esclescomesrodonya\/wp-content\/uploads\/usu1986\/2024\/10\/casal1.png\" alt=\"\" width=\"296\" height=\"419\" srcset=\"https:\/\/agora.xtec.cat\/esclescomesrodonya\/wp-content\/uploads\/usu1986\/2024\/10\/casal1.png 516w, https:\/\/agora.xtec.cat\/esclescomesrodonya\/wp-content\/uploads\/usu1986\/2024\/10\/casal1-212x300.png 212w, https:\/\/agora.xtec.cat\/esclescomesrodonya\/wp-content\/uploads\/usu1986\/2024\/10\/casal1-106x150.png 106w\" sizes=\"auto, (max-width: 296px) 100vw, 296px\" \/><\/div>\n<div><\/div>\n<div><\/div>\n<div><a href=\"http:\/\/www.cealtcamp.cat\/wp-content\/uploads\/2024\/05\/Rodonya-publicitat-estiu.pdf\">http:\/\/www.cealtcamp.cat\/wp-content\/uploads\/2024\/05\/Rodonya-publicitat-estiu.pdf<\/a><\/div>\n<div class=\"gmail_quote\">\n<div dir=\"ltr\">\n<div><\/div>\n<\/div>\n<\/div>\n<div><\/div>\n<div class=\"gmail_quote\">\n<div dir=\"ltr\">\n<div><strong>CASAL D&#8217;ESTIU 2023<\/strong><\/div>\n<\/div>\n<\/div>\n<div><img loading=\"lazy\" decoding=\"async\" class=\"aligncenter wp-image-11433\" src=\"https:\/\/agora.xtec.cat\/esclescomesrodonya\/wp-content\/uploads\/usu1986\/2023\/05\/Cartell_Casal_Esportiu_Rodonya_23.png\" alt=\"\" width=\"438\" height=\"438\" srcset=\"https:\/\/agora.xtec.cat\/esclescomesrodonya\/wp-content\/uploads\/usu1986\/2023\/05\/Cartell_Casal_Esportiu_Rodonya_23.png 1080w, https:\/\/agora.xtec.cat\/esclescomesrodonya\/wp-content\/uploads\/usu1986\/2023\/05\/Cartell_Casal_Esportiu_Rodonya_23-300x300.png 300w, https:\/\/agora.xtec.cat\/esclescomesrodonya\/wp-content\/uploads\/usu1986\/2023\/05\/Cartell_Casal_Esportiu_Rodonya_23-1024x1024.png 1024w, https:\/\/agora.xtec.cat\/esclescomesrodonya\/wp-content\/uploads\/usu1986\/2023\/05\/Cartell_Casal_Esportiu_Rodonya_23-150x150.png 150w, https:\/\/agora.xtec.cat\/esclescomesrodonya\/wp-content\/uploads\/usu1986\/2023\/05\/Cartell_Casal_Esportiu_Rodonya_23-768x768.png 768w\" sizes=\"auto, (max-width: 438px) 100vw, 438px\" \/><\/div>\n<div class=\"gmail_quote\">\n<div dir=\"ltr\">\n<div><\/div>\n<div>\n<p>&nbsp;<\/p>\n<p><span style=\"font-family: arial, sans-serif;\">Aquest any s&#8217;oferiran 7 setmanes de casal, comen\u00e7ant el 26 de juny fins l&#8217;11 d&#8217;agost.\u00a0<\/span><\/p>\n<div>\n<p><span style=\"font-family: arial, sans-serif;\"><b>Us podeu inscriure fins el 12 de juny a un preu redu\u00eft: 34\u20ac. Despr\u00e9s del 12 de juny, aquest preu\u00a0<\/b><b>augmentar\u00e0: 44\u20ac.<\/b>\u00a0A m\u00e9s a m\u00e9s s&#8217;haur\u00e0 de pagar una\u00a0asseguran\u00e7a de 5\u20ac (es paga un sol cop).<\/span><\/p>\n<div><span style=\"font-family: arial, sans-serif;\"><br \/>\nEl preu redu\u00eft del Casal \u00e9s gr\u00e0cies a la subvenci\u00f3 de\u00a01.000,00.-\u20ac\u00a0\u00a0que l\u2019Ajuntament de Rodony\u00e0 ens aporta.<br \/>\n<\/span><\/div>\n<div><span style=\"font-family: arial, sans-serif;\">\u00a0<\/span><\/div>\n<div>\n<p><span style=\"font-family: arial, sans-serif;\">Per poder fer el casal, al preu previst, hi ha d&#8217;haver un m\u00ednim de 15 nens per setmana de mitjana. Si el n\u00famero \u00e9s inferior, no es podr\u00e0 fer el casal o s\u2019haur\u00e0 de variar el preu. Recordeu que les places s\u00f3n limitades.<\/span><\/p>\n<p><b>Dates l\u00edmit d&#8217;inscripci\u00f3 despr\u00e9s del 12 de juny:<\/b><\/p>\n<\/div>\n<div><span style=\"font-family: arial, sans-serif;\">&#8211; Si queden places lliures (a partir del 12 de juny), s&#8217;autoritzar\u00e0 la inscripci\u00f3 de m\u00e9s infants, per\u00f2 amb el preu de\u00a0<b>44\u20ac.<\/b><b><br \/>\n<\/b><\/span><\/div>\n<div>\n<p><span style=\"font-family: arial, sans-serif;\">&#8211; Per fer la inscripci\u00f3 a l\u2019ESTIU ESPORTIU 2023, s\u2019hauran de respectar la data l\u00edmit, que\u00a0ser\u00e0 el\u00a0<b>dilluns anterior a la setmana que es vol apuntar<\/b>. Passada la data l\u00edmit no es podr\u00e0\u00a0inscriure, de forma autom\u00e0tica, cap infant a l\u2019activitat. Les inscripcions posteriors a\u00a0aquesta data hauran de ser admeses per la organitzaci\u00f3.<\/span><\/p>\n<p><b>Pagament:\u00a0<\/b><\/p>\n<\/div>\n<div><span style=\"font-family: arial, sans-serif;\">El pagament es far\u00e0\u00a0<b>per avan\u00e7at\u00a0<\/b>directament al compte de Banc Sabadell de l&#8217;AMPA (ES39 0081 0125 6100 0143 0649).\u00a0Cap infant podr\u00e0 comen\u00e7ar-lo si no s&#8217;ha abonat pr\u00e8viament.<\/span><\/div>\n<div><span style=\"font-family: arial, sans-serif;\">\u00a0<\/span><\/div>\n<div><b><a href=\"https:\/\/docs.google.com\/forms\/d\/e\/1FAIpQLSeTJwLi63jqr7mArGlrqNu_surnzEfFGCdd5QEH8UMJX29W9A\/viewform\" target=\"_blank\" rel=\"noopener\" data-saferedirecturl=\"https:\/\/www.google.com\/url?q=https:\/\/docs.google.com\/forms\/d\/e\/1FAIpQLSeTJwLi63jqr7mArGlrqNu_surnzEfFGCdd5QEH8UMJX29W9A\/viewform&amp;source=gmail&amp;ust=1685455454313000&amp;usg=AOvVaw0ttn1lRdreYUASI2eZ4S8B\"><span style=\"font-family: arial, sans-serif;\">FORMULARI D&#8217;INSCRIPCI\u00d3 A L&#8217;ESTIU ESPORTIU DE RODONY\u00c0 2023<\/span><\/a><\/b><\/div>\n<div><span style=\"font-family: arial, sans-serif;\">\u00a0<\/span><\/div>\n<div><span style=\"font-family: arial, sans-serif;\">A<span class=\"gmail_default\">quest any tamb\u00e9 hi haur\u00e0 opci\u00f3 de\u00a0<b>servei d&#8217;acollida<\/b>\u00a0de 8 a 9h i\u00a0<b>servei de menjador<\/b>\u00a0de 13 a 15h.\u00a0<\/span><\/span><\/div>\n<div>Els preus d&#8217;aquest servei s\u00f3n els seg\u00fcents:<\/div>\n<p><span style=\"font-family: arial, sans-serif;\">De 8 a 9<span class=\"gmail_default\">h<\/span>: 1<span class=\"gmail_default\">5<\/span> \u20ac per setmana,<span class=\"gmail_default\"> de 8.30 a 9.00h: 6\u20ac per setmana<\/span><br \/>\nDe 13 a 15<span class=\"gmail_default\">h<\/span>: Els infants han de portar el dinar en carmanyola.<\/span><\/p>\n<\/div>\n<ul>\n<li><span style=\"font-family: arial, sans-serif;\">15 \u20ac per setmana (Si hi ha m\u00e9s de 10 inscrits).<\/span><\/li>\n<li><span style=\"font-family: arial, sans-serif;\">20 \u20ac per setmana (Si hi ha de 4 a 10 inscrits).<\/span><\/li>\n<li>25 \u20ac per setmana (Si hi ha menys de 4 inscrits).<\/li>\n<\/ul>\n<\/div>\n<\/div>\n<\/div>\n<div class=\"gmail_quote\">\n<div dir=\"ltr\">\n<div><\/div>\n<p><span style=\"font-family: arial, sans-serif;\">Dies espor\u00e0dics:<br \/>\nDe 8 a 9 h: 5\u20ac per dia<span class=\"gmail_default\">, de 8.30h a 9.00h: 4\u20ac<\/span><br \/>\n<\/span><\/p>\n<div><span style=\"font-family: arial, sans-serif;\">De 13 a 15 h: 7\u20ac per dia<\/span><\/div>\n<div><span style=\"font-family: arial, sans-serif;\"><br \/>\nPer qualsevol dubte, el podeu dirigir a l&#8217;adre\u00e7a seg\u00fcent:\u00a0<a href=\"mailto:amparodonya@gmail.com\" target=\"_blank\" rel=\"noopener\">amparodonya@gmail.com<\/a><\/span><\/div>\n<\/div>\n<\/div>\n<p>&nbsp;<\/p>\n","protected":false},"excerpt":{"rendered":"<p>CASAL D&#8217;ESTIU 2025<\/p>\n<p>Aquest any el casal d&#8217;Estiu tamb\u00e9 est\u00e0 organitzat per l&#8217;Ajuntament de Rodony\u00e0 i el Consell Esportiu de l&#8217;Alt Camp.<br \/>\nSi voleu m\u00e9s informaci\u00f3 podeu trucar al 977628528 o entrar a la p\u00e0gina web del Consell Esportiu de l&#8217;Alt Camp: <a href=\"https:\/\/www.cealtcamp.cat\/serveis\/estiu-esportiu-2023\/\">CASAL D&#8217;ESTIU<\/a><\/p>\n<p>CASAL D&#8217;ESTIU 2024<\/p>\n<p>Organitzat&hellip;  <a href=\"https:\/\/agora.xtec.cat\/esclescomesrodonya\/ampa\/casal-destiu\/\" title=\"Read Casal d&#8217;estiu\">Llegeix m\u00e9s\u00bb<\/a><\/p>\n","protected":false},"author":1,"featured_media":0,"parent":8841,"menu_order":30,"comment_status":"closed","ping_status":"closed","template":"page-templates\/side-menu.php","meta":{"_bbp_topic_count":0,"_bbp_reply_count":0,"_bbp_total_topic_count":0,"_bbp_total_reply_count":0,"_bbp_voice_count":0,"_bbp_anonymous_reply_count":0,"_bbp_topic_count_hidden":0,"_bbp_reply_count_hidden":0,"_bbp_forum_subforum_count":0,"footnotes":""},"class_list":["post-82","page","type-page","status-publish","hentry"],"post_mailing_queue_ids":[],"_links":{"self":[{"href":"https:\/\/agora.xtec.cat\/esclescomesrodonya\/wp-json\/wp\/v2\/pages\/82","targetHints":{"allow":["GET"]}}],"collection":[{"href":"https:\/\/agora.xtec.cat\/esclescomesrodonya\/wp-json\/wp\/v2\/pages"}],"about":[{"href":"https:\/\/agora.xtec.cat\/esclescomesrodonya\/wp-json\/wp\/v2\/types\/page"}],"author":[{"embeddable":true,"href":"https:\/\/agora.xtec.cat\/esclescomesrodonya\/wp-json\/wp\/v2\/users\/1"}],"replies":[{"embeddable":true,"href":"https:\/\/agora.xtec.cat\/esclescomesrodonya\/wp-json\/wp\/v2\/comments?post=82"}],"version-history":[{"count":6,"href":"https:\/\/agora.xtec.cat\/esclescomesrodonya\/wp-json\/wp\/v2\/pages\/82\/revisions"}],"predecessor-version":[{"id":11935,"href":"https:\/\/agora.xtec.cat\/esclescomesrodonya\/wp-json\/wp\/v2\/pages\/82\/revisions\/11935"}],"up":[{"embeddable":true,"href":"https:\/\/agora.xtec.cat\/esclescomesrodonya\/wp-json\/wp\/v2\/pages\/8841"}],"wp:attachment":[{"href":"https:\/\/agora.xtec.cat\/esclescomesrodonya\/wp-json\/wp\/v2\/media?parent=82"}],"curies":[{"name":"wp","href":"https:\/\/api.w.org\/{rel}","templated":true}]}}