{"id":793,"date":"2019-03-31T17:31:46","date_gmt":"2019-03-31T15:31:46","guid":{"rendered":"https:\/\/agora.xtec.cat\/esclescomesrodonya\/?page_id=793"},"modified":"2019-04-04T10:27:55","modified_gmt":"2019-04-04T08:27:55","slug":"projecte-de-convivencia","status":"publish","type":"page","link":"https:\/\/agora.xtec.cat\/esclescomesrodonya\/documents-de-centre\/projecte-de-convivencia\/","title":{"rendered":"Projecte de conviv\u00e8ncia"},"content":{"rendered":"<p>Aquest \u00e9s el nou <strong>Pla de Conviv\u00e8ncia de l&#8217;Escola<\/strong> Les Comes aprovat pel Consell Escolar.\u00a0Gr\u00e0cies a aquest document la comissi\u00f3 de conviv\u00e8ncia podr\u00e0 mediar a l&#8217;escola.<\/p>\n<p><a href=\"https:\/\/drive.google.com\/file\/d\/0B49WE96JNJO_Zjk5MjE3ZmQtZDY4OC00MzQ4LWJlY2MtNmE5M2E0ZjFiZGEz\/view\"><img loading=\"lazy\" decoding=\"async\" class=\" wp-image-965 aligncenter\" src=\"https:\/\/agora.xtec.cat\/esclescomesrodonya\/wp-content\/uploads\/usu1986\/2019\/04\/portada-pla-de-conviv\u00e8ncia.png\" alt=\"\" width=\"252\" height=\"316\" srcset=\"https:\/\/agora.xtec.cat\/esclescomesrodonya\/wp-content\/uploads\/usu1986\/2019\/04\/portada-pla-de-conviv\u00e8ncia.png 589w, https:\/\/agora.xtec.cat\/esclescomesrodonya\/wp-content\/uploads\/usu1986\/2019\/04\/portada-pla-de-conviv\u00e8ncia-239x300.png 239w\" sizes=\"auto, (max-width: 252px) 100vw, 252px\" \/><\/a><\/p>\n","protected":false},"excerpt":{"rendered":"<p>Aquest \u00e9s el nou Pla de Conviv\u00e8ncia de l&#8217;Escola Les Comes aprovat pel Consell Escolar.\u00a0Gr\u00e0cies a aquest document la comissi\u00f3 de conviv\u00e8ncia podr\u00e0 mediar a l&#8217;escola.<br \/>\n<a href=\"https:\/\/drive.google.com\/file\/d\/0B49WE96JNJO_Zjk5MjE3ZmQtZDY4OC00MzQ4LWJlY2MtNmE5M2E0ZjFiZGEz\/view\"><\/a><\/p>\n","protected":false},"author":1,"featured_media":0,"parent":781,"menu_order":50,"comment_status":"closed","ping_status":"closed","template":"page-templates\/side-menu.php","meta":{"_bbp_topic_count":0,"_bbp_reply_count":0,"_bbp_total_topic_count":0,"_bbp_total_reply_count":0,"_bbp_voice_count":0,"_bbp_anonymous_reply_count":0,"_bbp_topic_count_hidden":0,"_bbp_reply_count_hidden":0,"_bbp_forum_subforum_count":0,"footnotes":""},"class_list":["post-793","page","type-page","status-publish","hentry"],"post_mailing_queue_ids":[],"_links":{"self":[{"href":"https:\/\/agora.xtec.cat\/esclescomesrodonya\/wp-json\/wp\/v2\/pages\/793","targetHints":{"allow":["GET"]}}],"collection":[{"href":"https:\/\/agora.xtec.cat\/esclescomesrodonya\/wp-json\/wp\/v2\/pages"}],"about":[{"href":"https:\/\/agora.xtec.cat\/esclescomesrodonya\/wp-json\/wp\/v2\/types\/page"}],"author":[{"embeddable":true,"href":"https:\/\/agora.xtec.cat\/esclescomesrodonya\/wp-json\/wp\/v2\/users\/1"}],"replies":[{"embeddable":true,"href":"https:\/\/agora.xtec.cat\/esclescomesrodonya\/wp-json\/wp\/v2\/comments?post=793"}],"version-history":[{"count":3,"href":"https:\/\/agora.xtec.cat\/esclescomesrodonya\/wp-json\/wp\/v2\/pages\/793\/revisions"}],"predecessor-version":[{"id":1018,"href":"https:\/\/agora.xtec.cat\/esclescomesrodonya\/wp-json\/wp\/v2\/pages\/793\/revisions\/1018"}],"up":[{"embeddable":true,"href":"https:\/\/agora.xtec.cat\/esclescomesrodonya\/wp-json\/wp\/v2\/pages\/781"}],"wp:attachment":[{"href":"https:\/\/agora.xtec.cat\/esclescomesrodonya\/wp-json\/wp\/v2\/media?parent=793"}],"curies":[{"name":"wp","href":"https:\/\/api.w.org\/{rel}","templated":true}]}}