{"id":789,"date":"2019-03-31T17:24:19","date_gmt":"2019-03-31T15:24:19","guid":{"rendered":"https:\/\/agora.xtec.cat\/esclescomesrodonya\/?page_id=789"},"modified":"2019-11-12T15:22:53","modified_gmt":"2019-11-12T14:22:53","slug":"carta-de-compromis-educatiu","status":"publish","type":"page","link":"https:\/\/agora.xtec.cat\/esclescomesrodonya\/documents-de-centre\/carta-de-compromis-educatiu\/","title":{"rendered":"Carta de comprom\u00eds educatiu"},"content":{"rendered":"<p style=\"text-align: justify;\">Per tal d\u2019incentivar la implicaci\u00f3 de les fam\u00edlies en l\u2019educaci\u00f3 dels seus fills i filles, la llei d\u2019educaci\u00f3 de Catalunya de 2009 estableix que els centres educatius elaboraran una &#8220;Carta de Comprom\u00eds Educatiu&#8221; que s\u2019ha de formalitzar en el moment de la matr\u00edcula. Aquesta Carta ha de recollir els elements m\u00e9s significatius del centre en base al seu Projecte Educatiu per tal que tota la comunitat escolar el conegui. Explicita quin \u00e9s el comprom\u00eds de l\u2019escola amb les fam\u00edlies que han escollit aquell centre i quin \u00e9s el comprom\u00eds de les fam\u00edlies cap al centre.<\/p>\n<p style=\"text-align: justify;\">Per tant, la Carta compromet a l\u2019equip docent i, al mateix temps, a les fam\u00edlies que han acceptat les propostes exposades. En la Carta s\u2019expressen tamb\u00e9 les condicions per a assolir un entorn de conviv\u00e8ncia i respecte pel desenvolupament de les activitats educatives.<\/p>\n<p style=\"text-align: justify;\">El Claustre, les fam\u00edlies i el Consell Escolar de l\u2019escola han aprovat la Carta durant el curs 2010-11 i ser\u00e0 revisada peri\u00f2dicament. En primer moment ha de ser signada pel\/per la director\/a, en representaci\u00f3 del centre, i per cada una de les fam\u00edlies que s\u2019incorporen.<\/p>\n<p style=\"text-align: justify;\">Tamb\u00e9 s\u2019ha presentat a totes les fam\u00edlies actuals per a qu\u00e8 la signin com mostra del seu comprom\u00eds amb l\u2019escola i amb l\u2019educaci\u00f3 dels seus fills i filles.<\/p>\n<p style=\"text-align: justify;\">Pretenem que aquest document sigui un bon mitj\u00e0 per dialogar en un mateix llenguatge i unificar criteris pel que fa a l&#8217;educaci\u00f3\u00a0dels nostres alumnes.<\/p>\n<p><a href=\"https:\/\/docs.google.com\/open?id=0B49WE96JNJO_bmNMNTBmN2JSOHliajRxVDdhQ3djQQ\">CARTA DE COMPROM\u00cdS EDUCATIU<\/a><\/p>\n","protected":false},"excerpt":{"rendered":"<p>Per tal d\u2019incentivar la implicaci\u00f3 de les fam\u00edlies en l\u2019educaci\u00f3 dels seus fills i filles, la llei d\u2019educaci\u00f3 de Catalunya de 2009 estableix que els centres educatius elaboraran una &#8220;Carta de Comprom\u00eds Educatiu&#8221; que s\u2019ha de formalitzar en el moment de la matr\u00edcula. Aquesta Carta&hellip;  <a href=\"https:\/\/agora.xtec.cat\/esclescomesrodonya\/documents-de-centre\/carta-de-compromis-educatiu\/\" title=\"Read Carta de comprom\u00eds educatiu\">Llegeix m\u00e9s\u00bb<\/a><\/p>\n","protected":false},"author":1,"featured_media":0,"parent":781,"menu_order":40,"comment_status":"closed","ping_status":"closed","template":"page-templates\/side-menu.php","meta":{"_bbp_topic_count":0,"_bbp_reply_count":0,"_bbp_total_topic_count":0,"_bbp_total_reply_count":0,"_bbp_voice_count":0,"_bbp_anonymous_reply_count":0,"_bbp_topic_count_hidden":0,"_bbp_reply_count_hidden":0,"_bbp_forum_subforum_count":0,"footnotes":""},"class_list":["post-789","page","type-page","status-publish","hentry"],"post_mailing_queue_ids":[],"_links":{"self":[{"href":"https:\/\/agora.xtec.cat\/esclescomesrodonya\/wp-json\/wp\/v2\/pages\/789","targetHints":{"allow":["GET"]}}],"collection":[{"href":"https:\/\/agora.xtec.cat\/esclescomesrodonya\/wp-json\/wp\/v2\/pages"}],"about":[{"href":"https:\/\/agora.xtec.cat\/esclescomesrodonya\/wp-json\/wp\/v2\/types\/page"}],"author":[{"embeddable":true,"href":"https:\/\/agora.xtec.cat\/esclescomesrodonya\/wp-json\/wp\/v2\/users\/1"}],"replies":[{"embeddable":true,"href":"https:\/\/agora.xtec.cat\/esclescomesrodonya\/wp-json\/wp\/v2\/comments?post=789"}],"version-history":[{"count":3,"href":"https:\/\/agora.xtec.cat\/esclescomesrodonya\/wp-json\/wp\/v2\/pages\/789\/revisions"}],"predecessor-version":[{"id":9148,"href":"https:\/\/agora.xtec.cat\/esclescomesrodonya\/wp-json\/wp\/v2\/pages\/789\/revisions\/9148"}],"up":[{"embeddable":true,"href":"https:\/\/agora.xtec.cat\/esclescomesrodonya\/wp-json\/wp\/v2\/pages\/781"}],"wp:attachment":[{"href":"https:\/\/agora.xtec.cat\/esclescomesrodonya\/wp-json\/wp\/v2\/media?parent=789"}],"curies":[{"name":"wp","href":"https:\/\/api.w.org\/{rel}","templated":true}]}}