{"id":787,"date":"2019-03-31T17:21:27","date_gmt":"2019-03-31T15:21:27","guid":{"rendered":"https:\/\/agora.xtec.cat\/esclescomesrodonya\/?page_id=787"},"modified":"2019-12-18T13:37:05","modified_gmt":"2019-12-18T12:37:05","slug":"normes-dorganitzacio-i-funcionament","status":"publish","type":"page","link":"https:\/\/agora.xtec.cat\/esclescomesrodonya\/documents-de-centre\/normes-dorganitzacio-i-funcionament\/","title":{"rendered":"Normes d&#8217;Organitzaci\u00f3 i Funcionament del Centre"},"content":{"rendered":"<p>Aquest document pret\u00e9n ser un conjunt de regles, preceptes i instruccions que regulen la vida de l&#8217;Escola i facilita l&#8217;organitzaci\u00f3 operativa del Centre. \u00c9s l&#8217;instrument que possibilita el ple exercici dels drets que la legislaci\u00f3 vigent reconeix als diferents membres de la comunitat escolar, i tamb\u00e9 \u00e9s el mitj\u00e0 que garanteix el control que cal i l&#8217;exig\u00e8ncia en el compliment de les funcions pr\u00f2pies de cada persona o \u00f2rgan de la instituci\u00f3. Per llegir-lo podeu clicar al seg\u00fcent enlla\u00e7:<\/p>\n<p><a href=\"https:\/\/drive.google.com\/file\/d\/1ry9f4R_ZJ6eNZAf4qBm3JMt1lK4Tf07r\/view?usp=sharing\">NOFC<\/a><\/p>\n","protected":false},"excerpt":{"rendered":"<p>Aquest document pret\u00e9n ser un conjunt de regles, preceptes i instruccions que regulen la vida de l&#8217;Escola i facilita l&#8217;organitzaci\u00f3 operativa del Centre. \u00c9s l&#8217;instrument que possibilita el ple exercici dels drets que la legislaci\u00f3 vigent reconeix als diferents membres de la comunitat escolar, i&hellip;  <a href=\"https:\/\/agora.xtec.cat\/esclescomesrodonya\/documents-de-centre\/normes-dorganitzacio-i-funcionament\/\" title=\"Read Normes d&#8217;Organitzaci\u00f3 i Funcionament del Centre\">Llegeix m\u00e9s\u00bb<\/a><\/p>\n","protected":false},"author":1,"featured_media":0,"parent":781,"menu_order":30,"comment_status":"closed","ping_status":"closed","template":"page-templates\/side-menu.php","meta":{"_bbp_topic_count":0,"_bbp_reply_count":0,"_bbp_total_topic_count":0,"_bbp_total_reply_count":0,"_bbp_voice_count":0,"_bbp_anonymous_reply_count":0,"_bbp_topic_count_hidden":0,"_bbp_reply_count_hidden":0,"_bbp_forum_subforum_count":0,"footnotes":""},"class_list":["post-787","page","type-page","status-publish","hentry"],"post_mailing_queue_ids":[],"_links":{"self":[{"href":"https:\/\/agora.xtec.cat\/esclescomesrodonya\/wp-json\/wp\/v2\/pages\/787","targetHints":{"allow":["GET"]}}],"collection":[{"href":"https:\/\/agora.xtec.cat\/esclescomesrodonya\/wp-json\/wp\/v2\/pages"}],"about":[{"href":"https:\/\/agora.xtec.cat\/esclescomesrodonya\/wp-json\/wp\/v2\/types\/page"}],"author":[{"embeddable":true,"href":"https:\/\/agora.xtec.cat\/esclescomesrodonya\/wp-json\/wp\/v2\/users\/1"}],"replies":[{"embeddable":true,"href":"https:\/\/agora.xtec.cat\/esclescomesrodonya\/wp-json\/wp\/v2\/comments?post=787"}],"version-history":[{"count":4,"href":"https:\/\/agora.xtec.cat\/esclescomesrodonya\/wp-json\/wp\/v2\/pages\/787\/revisions"}],"predecessor-version":[{"id":9316,"href":"https:\/\/agora.xtec.cat\/esclescomesrodonya\/wp-json\/wp\/v2\/pages\/787\/revisions\/9316"}],"up":[{"embeddable":true,"href":"https:\/\/agora.xtec.cat\/esclescomesrodonya\/wp-json\/wp\/v2\/pages\/781"}],"wp:attachment":[{"href":"https:\/\/agora.xtec.cat\/esclescomesrodonya\/wp-json\/wp\/v2\/media?parent=787"}],"curies":[{"name":"wp","href":"https:\/\/api.w.org\/{rel}","templated":true}]}}