{"id":785,"date":"2019-03-31T17:20:50","date_gmt":"2019-03-31T15:20:50","guid":{"rendered":"https:\/\/agora.xtec.cat\/esclescomesrodonya\/?page_id=785"},"modified":"2019-11-12T15:28:36","modified_gmt":"2019-11-12T14:28:36","slug":"projecte-de-direccio","status":"publish","type":"page","link":"https:\/\/agora.xtec.cat\/esclescomesrodonya\/documents-de-centre\/projecte-de-direccio\/","title":{"rendered":"Projecte de direcci\u00f3"},"content":{"rendered":"<p>El Projecte de Direcci\u00f3 pret\u00e9n ser una proposta raonada i planificada, feta a quatre anys vista. Tota planificaci\u00f3 implica un intent de racionalitzaci\u00f3 per posar en ordre i facilitar la comprensi\u00f3 del centre i fruit d\u2019aquest proc\u00e9s de detecci\u00f3 de necessitats, es poden concretar un conjunt d\u2019objectius i propostes d\u2019acci\u00f3, que s\u00f3n el que podeu trobar en aquest document.<\/p>\n","protected":false},"excerpt":{"rendered":"<p>El Projecte de Direcci\u00f3 pret\u00e9n ser una proposta raonada i planificada, feta a quatre anys vista. Tota planificaci\u00f3 implica un intent de racionalitzaci\u00f3 per posar en ordre i facilitar la comprensi\u00f3 del centre i fruit d\u2019aquest proc\u00e9s de detecci\u00f3 de necessitats, es poden concretar un&hellip;  <a href=\"https:\/\/agora.xtec.cat\/esclescomesrodonya\/documents-de-centre\/projecte-de-direccio\/\" title=\"Read Projecte de direcci\u00f3\">Llegeix m\u00e9s\u00bb<\/a><\/p>\n","protected":false},"author":1,"featured_media":0,"parent":781,"menu_order":20,"comment_status":"closed","ping_status":"closed","template":"page-templates\/side-menu.php","meta":{"_bbp_topic_count":0,"_bbp_reply_count":0,"_bbp_total_topic_count":0,"_bbp_total_reply_count":0,"_bbp_voice_count":0,"_bbp_anonymous_reply_count":0,"_bbp_topic_count_hidden":0,"_bbp_reply_count_hidden":0,"_bbp_forum_subforum_count":0,"footnotes":""},"class_list":["post-785","page","type-page","status-publish","hentry"],"post_mailing_queue_ids":[],"_links":{"self":[{"href":"https:\/\/agora.xtec.cat\/esclescomesrodonya\/wp-json\/wp\/v2\/pages\/785","targetHints":{"allow":["GET"]}}],"collection":[{"href":"https:\/\/agora.xtec.cat\/esclescomesrodonya\/wp-json\/wp\/v2\/pages"}],"about":[{"href":"https:\/\/agora.xtec.cat\/esclescomesrodonya\/wp-json\/wp\/v2\/types\/page"}],"author":[{"embeddable":true,"href":"https:\/\/agora.xtec.cat\/esclescomesrodonya\/wp-json\/wp\/v2\/users\/1"}],"replies":[{"embeddable":true,"href":"https:\/\/agora.xtec.cat\/esclescomesrodonya\/wp-json\/wp\/v2\/comments?post=785"}],"version-history":[{"count":3,"href":"https:\/\/agora.xtec.cat\/esclescomesrodonya\/wp-json\/wp\/v2\/pages\/785\/revisions"}],"predecessor-version":[{"id":9153,"href":"https:\/\/agora.xtec.cat\/esclescomesrodonya\/wp-json\/wp\/v2\/pages\/785\/revisions\/9153"}],"up":[{"embeddable":true,"href":"https:\/\/agora.xtec.cat\/esclescomesrodonya\/wp-json\/wp\/v2\/pages\/781"}],"wp:attachment":[{"href":"https:\/\/agora.xtec.cat\/esclescomesrodonya\/wp-json\/wp\/v2\/media?parent=785"}],"curies":[{"name":"wp","href":"https:\/\/api.w.org\/{rel}","templated":true}]}}