{"id":71,"date":"2014-09-18T12:44:56","date_gmt":"2014-09-18T11:44:56","guid":{"rendered":"http:\/\/agora.xtec.cat\/esclescomesrodonya\/?page_id=71"},"modified":"2025-09-11T16:36:27","modified_gmt":"2025-09-11T14:36:27","slug":"serveis-digitals","status":"publish","type":"page","link":"https:\/\/agora.xtec.cat\/esclescomesrodonya\/serveis\/serveis-digitals\/","title":{"rendered":"Serveis digitals (bloc, ebando i correu)"},"content":{"rendered":"<p>L\u2019escola<b>\u00a0LES COMES<\/b>\u00a0ofereix diferents\u00a0<strong>serveis\u00a0digitals<\/strong>\u00a0a la comunitat educativa:<\/p>\n<p><strong>\u00a0NODES<\/strong>\u00a0\u00a0<a href=\"https:\/\/agora.xtec.cat\/esclescomesrodonya\/\">https:\/\/agora.xtec.cat\/esclescomesrodonya\/<\/a><\/p>\n<p><strong>El correu electr\u00f2nic\u00a0<a href=\"https:\/\/agora.xtec.cat\/esclescomesrodonya\/wp-content\/uploads\/usu1986\/2019\/04\/correu.png\"><img loading=\"lazy\" decoding=\"async\" class=\"alignnone wp-image-1068\" src=\"https:\/\/agora.xtec.cat\/esclescomesrodonya\/wp-content\/uploads\/usu1986\/2019\/04\/correu.png\" alt=\"\" width=\"76\" height=\"55\" \/><\/a><\/strong>(e3005571@xtec.cat) el podeu fer servir com a via de comunicaci\u00f3, sempre que s&#8217;hagi d&#8217;enviar alguna notificaci\u00f3 o que tingueu algun dubte.<\/p>\n<p>Per altra banda, amb l\u2019objectiu de millorar la comunicaci\u00f3 amb les fam\u00edlies i ser m\u00e9s responsables amb l\u2019\u00fas del paper, fem servir l\u2019aplicaci\u00f3 <strong>eAGORA<\/strong>. Amb aquesta, rebreu notificacions de: recordatoris, circulars de festes i informacions puntuals a l&#8217;instant mitjan\u00e7ant el m\u00f2bil, sense que es converteixi en un xat.<\/p>\n<p>Per instal\u00b7lar-vos aquesta aplicaci\u00f3, cal que seguiu les <strong>instruccions seg\u00fcents:<\/strong><\/p>\n<ol>\n<li>Busqueu l\u2019aplicaci\u00f3 eBando a\u00a0<a href=\"https:\/\/agora.xtec.cat\/esclescomesrodonya\/wp-content\/uploads\/usu1986\/2019\/04\/ebando.jpg\"><img loading=\"lazy\" decoding=\"async\" class=\"wp-image-1062 alignnone\" src=\"https:\/\/agora.xtec.cat\/esclescomesrodonya\/wp-content\/uploads\/usu1986\/2019\/04\/ebando.jpg\" alt=\"\" width=\"314\" height=\"55\" srcset=\"https:\/\/agora.xtec.cat\/esclescomesrodonya\/wp-content\/uploads\/usu1986\/2019\/04\/ebando.jpg 343w, https:\/\/agora.xtec.cat\/esclescomesrodonya\/wp-content\/uploads\/usu1986\/2019\/04\/ebando-300x52.jpg 300w\" sizes=\"auto, (max-width: 314px) 100vw, 314px\" \/><\/a> escaneja el codi QR\u00a0\u00a0\u00a0\u00a0\u00a0\u00a0\u00a0<a href=\"https:\/\/agora.xtec.cat\/esclescomesrodonya\/wp-content\/uploads\/usu1986\/2019\/04\/codi-QR-ebando.jpg\"><img loading=\"lazy\" decoding=\"async\" class=\"alignnone size-full wp-image-1063\" src=\"https:\/\/agora.xtec.cat\/esclescomesrodonya\/wp-content\/uploads\/usu1986\/2019\/04\/codi-QR-ebando.jpg\" alt=\"\" width=\"126\" height=\"129\" \/><\/a><\/li>\n<\/ol>\n<p>En el cas que ja tingueu l\u2019aplicatiu instal\u00b7lat us podeu saltar l\u2019apartat 1 i 2. Afegir canal i escriure el codi de l\u2019apartat 5.<\/p>\n<ol start=\"2\">\n<li>Instal\u00b7leu (no s\u2019ha de pagar res, ni afegir n\u00famero de compte o targeta).<\/li>\n<li>Premeu Obre.<\/li>\n<li>Cerca canals.<\/li>\n<li>Escriviu el seg\u00fcent codi <strong>#F4B5RFCN3N<\/strong> premeu<\/li>\n<li>Us sortir\u00e0 el logo i el nom de l\u2019escola al costat a la banda dreta hi ha un quadrat on cal posar un tic<\/li>\n<li>A la part superior hi ha la paraula GUARDAR, premeu-la.<\/li>\n<li>Us arribar\u00e0 un missatge de benvinguda.<\/li>\n<\/ol>\n<p>Tamb\u00e9 ens podeu trobar en les <strong>Xarxes Socials<\/strong>, de moment, estem a Instagram<a href=\"https:\/\/agora.xtec.cat\/esclescomesrodonya\/wp-content\/uploads\/usu1986\/2019\/04\/instagram.jpg\"><img loading=\"lazy\" decoding=\"async\" class=\"alignnone wp-image-1066\" src=\"https:\/\/agora.xtec.cat\/esclescomesrodonya\/wp-content\/uploads\/usu1986\/2019\/04\/instagram.jpg\" alt=\"\" width=\"98\" height=\"97\" srcset=\"https:\/\/agora.xtec.cat\/esclescomesrodonya\/wp-content\/uploads\/usu1986\/2019\/04\/instagram.jpg 225w, https:\/\/agora.xtec.cat\/esclescomesrodonya\/wp-content\/uploads\/usu1986\/2019\/04\/instagram-150x150.jpg 150w\" sizes=\"auto, (max-width: 98px) 100vw, 98px\" \/><\/a>. Si ens voleu seguir podeu buscar <strong>escolarodonya.<\/strong><\/p>\n<p>&nbsp;<\/p>\n","protected":false},"excerpt":{"rendered":"<p>L\u2019escola\u00a0LES COMES\u00a0ofereix diferents\u00a0serveis\u00a0digitals\u00a0a la comunitat educativa:<br \/>\n\u00a0NODES\u00a0\u00a0<a href=\"https:\/\/agora.xtec.cat\/esclescomesrodonya\/\">https:\/\/agora.xtec.cat\/esclescomesrodonya\/<\/a><br \/>\nEl correu electr\u00f2nic\u00a0<a href=\"https:\/\/agora.xtec.cat\/esclescomesrodonya\/wp-content\/uploads\/usu1986\/2019\/04\/correu.png\"><\/a>(e3005571@xtec.cat) el podeu fer servir com a via de comunicaci\u00f3, sempre que s&#8217;hagi d&#8217;enviar alguna notificaci\u00f3 o que tingueu algun dubte.<br \/>\nPer altra banda, amb l\u2019objectiu de millorar la comunicaci\u00f3 amb les fam\u00edlies i ser m\u00e9s responsables&hellip;  <a href=\"https:\/\/agora.xtec.cat\/esclescomesrodonya\/serveis\/serveis-digitals\/\" title=\"Read Serveis digitals (bloc, ebando i correu)\">Llegeix m\u00e9s\u00bb<\/a><\/p>\n","protected":false},"author":1,"featured_media":0,"parent":66,"menu_order":10,"comment_status":"closed","ping_status":"closed","template":"page-templates\/side-menu.php","meta":{"_bbp_topic_count":0,"_bbp_reply_count":0,"_bbp_total_topic_count":0,"_bbp_total_reply_count":0,"_bbp_voice_count":0,"_bbp_anonymous_reply_count":0,"_bbp_topic_count_hidden":0,"_bbp_reply_count_hidden":0,"_bbp_forum_subforum_count":0,"footnotes":""},"class_list":["post-71","page","type-page","status-publish","hentry"],"post_mailing_queue_ids":[],"_links":{"self":[{"href":"https:\/\/agora.xtec.cat\/esclescomesrodonya\/wp-json\/wp\/v2\/pages\/71","targetHints":{"allow":["GET"]}}],"collection":[{"href":"https:\/\/agora.xtec.cat\/esclescomesrodonya\/wp-json\/wp\/v2\/pages"}],"about":[{"href":"https:\/\/agora.xtec.cat\/esclescomesrodonya\/wp-json\/wp\/v2\/types\/page"}],"author":[{"embeddable":true,"href":"https:\/\/agora.xtec.cat\/esclescomesrodonya\/wp-json\/wp\/v2\/users\/1"}],"replies":[{"embeddable":true,"href":"https:\/\/agora.xtec.cat\/esclescomesrodonya\/wp-json\/wp\/v2\/comments?post=71"}],"version-history":[{"count":5,"href":"https:\/\/agora.xtec.cat\/esclescomesrodonya\/wp-json\/wp\/v2\/pages\/71\/revisions"}],"predecessor-version":[{"id":11934,"href":"https:\/\/agora.xtec.cat\/esclescomesrodonya\/wp-json\/wp\/v2\/pages\/71\/revisions\/11934"}],"up":[{"embeddable":true,"href":"https:\/\/agora.xtec.cat\/esclescomesrodonya\/wp-json\/wp\/v2\/pages\/66"}],"wp:attachment":[{"href":"https:\/\/agora.xtec.cat\/esclescomesrodonya\/wp-json\/wp\/v2\/media?parent=71"}],"curies":[{"name":"wp","href":"https:\/\/api.w.org\/{rel}","templated":true}]}}