{"id":34,"date":"2014-09-18T12:32:18","date_gmt":"2014-09-18T11:32:18","guid":{"rendered":"http:\/\/agora.xtec.cat\/esclescomesrodonya\/?page_id=34"},"modified":"2022-12-02T11:27:32","modified_gmt":"2022-12-02T10:27:32","slug":"oferta-educativa","status":"publish","type":"page","link":"https:\/\/agora.xtec.cat\/esclescomesrodonya\/lescola\/oferta-educativa\/","title":{"rendered":"Oferta educativa"},"content":{"rendered":"<p>L&#8217;Escola ofereix l&#8217;oportunitat de poder matricular els alumnes a partir d&#8217;1 any.<\/p>\n<ul>\n<li>Llar d&#8217;infants: a partir d&#8217;1 any fins P2<\/li>\n<li>Educaci\u00f3 Infantil: I3, I4 i I5<\/li>\n<li>Educaci\u00f3 Prim\u00e0ria: 1r, 2n, 3r, 4t, 5\u00e8 i 6\u00e8<\/li>\n<\/ul>\n<p>Un grup per cada nivell educatiu: per veure l&#8217;oferta de places podeu entrar al seg\u00fcent enlla\u00e7 <a href=\"http:\/\/mapaescolar.gencat.cat\/\">http:\/\/mapaescolar.gencat.cat\/<\/a> i escriure el codi de centre 43005571<\/p>\n<p style=\"text-align: left;\">\n","protected":false},"excerpt":{"rendered":"<p>L&#8217;Escola ofereix l&#8217;oportunitat de poder matricular els alumnes a partir d&#8217;1 any.<\/p>\n<ul>\n<li>Llar d&#8217;infants: a partir d&#8217;1 any fins P2<\/li>\n<li>Educaci\u00f3 Infantil: I3, I4 i I5<\/li>\n<li>Educaci\u00f3 Prim\u00e0ria: 1r, 2n, 3r, 4t, 5\u00e8 i 6\u00e8<\/li>\n<\/ul>\n<p>Un grup per cada nivell educatiu: per veure l&#8217;oferta de places podeu entrar al&hellip;  <a href=\"https:\/\/agora.xtec.cat\/esclescomesrodonya\/lescola\/oferta-educativa\/\" title=\"Read Oferta educativa\">Llegeix m\u00e9s\u00bb<\/a><\/p>\n","protected":false},"author":1,"featured_media":0,"parent":22,"menu_order":30,"comment_status":"closed","ping_status":"closed","template":"page-templates\/side-menu.php","meta":{"_bbp_topic_count":0,"_bbp_reply_count":0,"_bbp_total_topic_count":0,"_bbp_total_reply_count":0,"_bbp_voice_count":0,"_bbp_anonymous_reply_count":0,"_bbp_topic_count_hidden":0,"_bbp_reply_count_hidden":0,"_bbp_forum_subforum_count":0,"footnotes":""},"class_list":["post-34","page","type-page","status-publish","hentry"],"post_mailing_queue_ids":[],"_links":{"self":[{"href":"https:\/\/agora.xtec.cat\/esclescomesrodonya\/wp-json\/wp\/v2\/pages\/34","targetHints":{"allow":["GET"]}}],"collection":[{"href":"https:\/\/agora.xtec.cat\/esclescomesrodonya\/wp-json\/wp\/v2\/pages"}],"about":[{"href":"https:\/\/agora.xtec.cat\/esclescomesrodonya\/wp-json\/wp\/v2\/types\/page"}],"author":[{"embeddable":true,"href":"https:\/\/agora.xtec.cat\/esclescomesrodonya\/wp-json\/wp\/v2\/users\/1"}],"replies":[{"embeddable":true,"href":"https:\/\/agora.xtec.cat\/esclescomesrodonya\/wp-json\/wp\/v2\/comments?post=34"}],"version-history":[{"count":3,"href":"https:\/\/agora.xtec.cat\/esclescomesrodonya\/wp-json\/wp\/v2\/pages\/34\/revisions"}],"predecessor-version":[{"id":11213,"href":"https:\/\/agora.xtec.cat\/esclescomesrodonya\/wp-json\/wp\/v2\/pages\/34\/revisions\/11213"}],"up":[{"embeddable":true,"href":"https:\/\/agora.xtec.cat\/esclescomesrodonya\/wp-json\/wp\/v2\/pages\/22"}],"wp:attachment":[{"href":"https:\/\/agora.xtec.cat\/esclescomesrodonya\/wp-json\/wp\/v2\/media?parent=34"}],"curies":[{"name":"wp","href":"https:\/\/api.w.org\/{rel}","templated":true}]}}