{"id":73,"date":"2014-09-18T14:01:51","date_gmt":"2014-09-18T13:01:51","guid":{"rendered":"http:\/\/agora.xtec.cat\/esclesciencies\/?page_id=73"},"modified":"2026-04-29T08:42:02","modified_gmt":"2026-04-29T06:42:02","slug":"menjador-escolar","status":"publish","type":"page","link":"https:\/\/agora.xtec.cat\/esclesciencies\/serveis\/menjador-escolar\/","title":{"rendered":"Menjador escolar"},"content":{"rendered":"<p><span style=\"color: #20124d;\"><span style=\"font-size: medium;\">El menjador escolar el gestiona l&#8217;empresa Com a casa menjadors, amb cuina en el propi centre. Els men\u00fas escolars estan elaborats per la T\u00e8cnica de Nutrici\u00f3 de l&#8217;empresa, a inst\u00e0ncies de la normativa del Departament de Salut.<\/span><\/span><\/p>\n<p>La Coordinadora de menjador \u00e9s l&#8217;Aurora Moreno. Per contactar amb ella, ho podeu fer mitjan\u00e7ant correu electr\u00f2nic, aurora@lesciencies.cat, o per tel\u00e8fon al 722 31 86 89.<\/p>\n<p><a href=\"https:\/\/drive.google.com\/file\/d\/19wCsHl8WqhjGvGSc6hB-ok2wxrSGyRJb\/view?usp=sharing\"><strong>INSCRIPCI\u00d3\u00a0<\/strong><\/a><\/p>\n<p>&nbsp;<\/p>\n<p><strong>Men\u00fas abril 2026<\/strong><\/p>\n<table style=\"border-collapse: collapse; width: 100%; height: 101px;\">\n<tbody>\n<tr style=\"height: 32px;\">\n<td style=\"width: 16.6667%; text-align: center; height: 32px;\"><a href=\"https:\/\/drive.google.com\/file\/d\/1ZKtxgVnb0IHfiVHnEr9loIDaSHLYZXt3\/view?usp=sharing\">Men\u00fa basal<\/a><\/td>\n<td style=\"width: 16.6667%; text-align: center; height: 32px;\"><a href=\"https:\/\/drive.google.com\/file\/d\/1YXftl1foDbZiHdhx8RHhWM9nsZkPfJ4l\/view?usp=sharing\">Men\u00fa halal<\/a><\/td>\n<td style=\"width: 16.6667%; text-align: center; height: 32px;\"><a href=\"https:\/\/drive.google.com\/file\/d\/1922Q1Fgwfs_4K1VAM4NzRS9Qo0r_Dadw\/view?usp=sharing\">Men\u00fa sense ou<\/a><\/td>\n<td style=\"width: 16.6667%; text-align: center; height: 32px;\"><a href=\"https:\/\/drive.google.com\/file\/d\/1LTANPVVBV_ky8aL213RGRPb44-QVUVB_\/view?usp=sharing\">Men\u00fa sense ou ni fruits secs<\/a><\/td>\n<\/tr>\n<tr style=\"height: 37px;\">\n<td style=\"width: 16.6667%; height: 37px; text-align: center;\"><a href=\"https:\/\/drive.google.com\/file\/d\/13fPQ21tqKozFWJVk-yw3MEsD8realMO0\/view?usp=sharing\">Men\u00fa sense lactosa, fructosa ni sorbitol<\/a><\/td>\n<td style=\"width: 16.6667%; height: 37px; text-align: center;\"><a href=\"https:\/\/drive.google.com\/file\/d\/1Jjo9vNVQ0Zgphymv_2mLIPwOwCQ01H_Q\/view?usp=sharing\">Men\u00fa sense lactosa o prote\u00efna de la llet<\/a><\/td>\n<td style=\"width: 16.6667%; height: 37px; text-align: center;\"><a href=\"https:\/\/drive.google.com\/file\/d\/1w7ukX77D4F2fEOCre0VtZg4opUbzUqvO\/view?usp=sharing\">Men\u00fa sense carn<\/a><\/td>\n<td style=\"width: 16.6667%; height: 37px; text-align: center;\"><a href=\"https:\/\/drive.google.com\/file\/d\/1tQ76TNHlzkq62bhhj0jcJOT1kYNMXPnG\/view?usp=sharing\">Men\u00fa sense porc<\/a><\/td>\n<\/tr>\n<tr style=\"height: 32px;\">\n<td style=\"width: 16.6667%; text-align: center; height: 32px;\"><a href=\"https:\/\/drive.google.com\/file\/d\/1JBVN1jGTSnyLS1FloF-C_fctrAS6q5dB\/view?usp=sharing\">Men\u00fa sense gluten<\/a><\/td>\n<td style=\"width: 16.6667%; text-align: center; height: 32px;\"><a href=\"https:\/\/drive.google.com\/file\/d\/1o4dbfjMVg2yfxpZYkQfko6fZqquk-YgY\/view?usp=sharing\">Men\u00fa sense peix<\/a><\/td>\n<td style=\"width: 16.6667%; text-align: center; height: 32px;\"><a href=\"https:\/\/drive.google.com\/file\/d\/1Qmz1jFIAeq36jlGXmS-SxrU350VFv4yL\/view?usp=sharing\">Men\u00fa sense llenties<\/a><\/td>\n<td style=\"width: 16.6667%; text-align: center; height: 32px;\"><a href=\"https:\/\/drive.google.com\/file\/d\/1joROKMXGimYqiYSBnJA2UYLTWpknQRXT\/view?usp=sharing\">Men\u00fa sense marisc ni ou<\/a><\/td>\n<\/tr>\n<\/tbody>\n<\/table>\n<p><strong>Men\u00fas maig 2026<\/strong><\/p>\n<table style=\"border-collapse: collapse; width: 100%;\">\n<tbody>\n<tr>\n<td style=\"width: 25%; text-align: center;\"><a href=\"https:\/\/drive.google.com\/file\/d\/1CtvkBvheBiHAQwkzhhyBEEt9PLoZ6D8W\/view?usp=sharing\">Men\u00fa basal<\/a><\/td>\n<td style=\"width: 25%; text-align: center;\"><a href=\"https:\/\/drive.google.com\/file\/d\/19AolVXg23Lf1OUKnAtnNDC1fpyFvAPJi\/view?usp=sharing\">Men\u00fa halal<\/a><\/td>\n<td style=\"width: 25%; text-align: center;\"><a href=\"https:\/\/drive.google.com\/file\/d\/1Mmi_wcpI1lk1P4U80qIT7-n5jY7E_riy\/view?usp=sharing\">Men\u00fa sense ou<\/a><\/td>\n<td style=\"width: 25%; text-align: center;\">Men\u00fa sense ou ni fruits secs<\/td>\n<\/tr>\n<tr>\n<td style=\"width: 25%; text-align: center;\">Men\u00fa sense lactosa, fructosa ni sorbitol<\/td>\n<td style=\"width: 25%; text-align: center;\"><a href=\"https:\/\/drive.google.com\/file\/d\/1m2jTAL5fUbj5PNz8BsRMx33WEfTm1dHX\/view?usp=sharing\">Men\u00fa sense lactosa o prote\u00efna de la llet<\/a><\/td>\n<td style=\"width: 25%; text-align: center;\"><a href=\"https:\/\/drive.google.com\/file\/d\/1EukYgDDgBrZRulIYf0kvPBr4ARR5jlC7\/view?usp=sharing\">Men\u00fa sense carn<\/a><\/td>\n<td style=\"width: 25%; text-align: center;\"><a href=\"https:\/\/drive.google.com\/file\/d\/1yB84urDomOW-yLFUgZrmd14ktndeijsg\/view?usp=sharing\">Men\u00fa sense porc<\/a><\/td>\n<\/tr>\n<tr>\n<td style=\"width: 25%; text-align: center;\"><a href=\"https:\/\/drive.google.com\/file\/d\/1GHAwF17tpI3wrwuevTy6ipoZM6mOkO0M\/view?usp=sharing\">Men\u00fa sense gluten<\/a><\/td>\n<td style=\"width: 25%; text-align: center;\"><a href=\"https:\/\/drive.google.com\/file\/d\/1ZLNT_y2yis4eBXgTKACcNqUarFtqp6JX\/view?usp=sharing\">Men\u00fa sense peix<\/a><\/td>\n<td style=\"width: 25%; text-align: center;\">Men\u00fa sense llenties<\/td>\n<td style=\"width: 25%; text-align: center;\">Men\u00fa sense marisc ni ou<\/td>\n<\/tr>\n<\/tbody>\n<\/table>\n","protected":false},"excerpt":{"rendered":"<p>El menjador escolar el gestiona l&#8217;empresa Com a casa menjadors, amb cuina en el propi centre. Els men\u00fas escolars estan elaborats per la T\u00e8cnica de Nutrici\u00f3 de l&#8217;empresa, a inst\u00e0ncies de la normativa del Departament de Salut.<br \/>\nLa Coordinadora de menjador \u00e9s l&#8217;Aurora Moreno. Per contactar&hellip;  <a href=\"https:\/\/agora.xtec.cat\/esclesciencies\/serveis\/menjador-escolar\/\" title=\"Read Menjador escolar\">Llegeix m\u00e9s\u00bb<\/a><\/p>\n","protected":false},"author":1,"featured_media":0,"parent":66,"menu_order":30,"comment_status":"closed","ping_status":"closed","template":"","meta":{"_bbp_topic_count":0,"_bbp_reply_count":0,"_bbp_total_topic_count":0,"_bbp_total_reply_count":0,"_bbp_voice_count":0,"_bbp_anonymous_reply_count":0,"_bbp_topic_count_hidden":0,"_bbp_reply_count_hidden":0,"_bbp_forum_subforum_count":0,"footnotes":""},"class_list":["post-73","page","type-page","status-publish","hentry"],"post_mailing_queue_ids":[],"_links":{"self":[{"href":"https:\/\/agora.xtec.cat\/esclesciencies\/wp-json\/wp\/v2\/pages\/73","targetHints":{"allow":["GET"]}}],"collection":[{"href":"https:\/\/agora.xtec.cat\/esclesciencies\/wp-json\/wp\/v2\/pages"}],"about":[{"href":"https:\/\/agora.xtec.cat\/esclesciencies\/wp-json\/wp\/v2\/types\/page"}],"author":[{"embeddable":true,"href":"https:\/\/agora.xtec.cat\/esclesciencies\/wp-json\/wp\/v2\/users\/1"}],"replies":[{"embeddable":true,"href":"https:\/\/agora.xtec.cat\/esclesciencies\/wp-json\/wp\/v2\/comments?post=73"}],"version-history":[{"count":7,"href":"https:\/\/agora.xtec.cat\/esclesciencies\/wp-json\/wp\/v2\/pages\/73\/revisions"}],"predecessor-version":[{"id":7008,"href":"https:\/\/agora.xtec.cat\/esclesciencies\/wp-json\/wp\/v2\/pages\/73\/revisions\/7008"}],"up":[{"embeddable":true,"href":"https:\/\/agora.xtec.cat\/esclesciencies\/wp-json\/wp\/v2\/pages\/66"}],"wp:attachment":[{"href":"https:\/\/agora.xtec.cat\/esclesciencies\/wp-json\/wp\/v2\/media?parent=73"}],"curies":[{"name":"wp","href":"https:\/\/api.w.org\/{rel}","templated":true}]}}