{"id":64,"date":"2014-09-18T12:39:08","date_gmt":"2014-09-18T11:39:08","guid":{"rendered":"http:\/\/agora.xtec.cat\/esclesciencies\/?page_id=64"},"modified":"2025-03-14T12:36:39","modified_gmt":"2025-03-14T11:36:39","slug":"projecte-educatiu","status":"publish","type":"page","link":"https:\/\/agora.xtec.cat\/esclesciencies\/projecte-educatiu\/","title":{"rendered":"Projecte educatiu"},"content":{"rendered":"<p>L\u2019Escola Les Ci\u00e8ncies aspira a l\u2019assoliment de l\u2019excel\u00b7l\u00e8ncia educativa perqu\u00e8 cada alumne desenvolupi el seu m\u00e0xim potencial. Compromesos amb la inclusi\u00f3, la diversitat i la col\u00b7laboraci\u00f3 amb fam\u00edlies i institucions, volem formar una comunitat on el respecte, la conviv\u00e8ncia, la innovaci\u00f3 i el desenvolupament integral de l\u2019alumnat siguin els pilars de la nostra escola. La nostra visi\u00f3 \u00e9s la d\u2019aconseguir impactar positivament en la vida del nostre alumnat, les fam\u00edlies i la nostra comunitat i, per qu\u00e8 no, posar el nostre gra de sorra en aconseguir un m\u00f3n millor.<\/p>\n<p>El nostre <a href=\"https:\/\/drive.google.com\/file\/d\/1Tp40LXsltZALBTRfEjWweqT5R9myXFyS\/view?usp=sharing\">PEC<\/a> fa refer\u00e8ncia a aix\u00f2 esmentat anteriorment, com ens organitzem i com es gestiona l\u2019escola.<\/p>\n<p><a href=\"https:\/\/drive.google.com\/file\/d\/1Tp40LXsltZALBTRfEjWweqT5R9myXFyS\/view?usp=sharing\">Podeu veure el nostre Projecte Educatiu de Centre clicant aqu\u00ed sobre.<\/a><\/p>\n","protected":false},"excerpt":{"rendered":"<p>L\u2019Escola Les Ci\u00e8ncies aspira a l\u2019assoliment de l\u2019excel\u00b7l\u00e8ncia educativa perqu\u00e8 cada alumne desenvolupi el seu m\u00e0xim potencial. Compromesos amb la inclusi\u00f3, la diversitat i la col\u00b7laboraci\u00f3 amb fam\u00edlies i institucions, volem formar una comunitat on el respecte, la conviv\u00e8ncia, la innovaci\u00f3 i el desenvolupament integral&hellip;  <a href=\"https:\/\/agora.xtec.cat\/esclesciencies\/projecte-educatiu\/\" title=\"Read Projecte educatiu\">Llegeix m\u00e9s\u00bb<\/a><\/p>\n","protected":false},"author":1,"featured_media":0,"parent":0,"menu_order":0,"comment_status":"closed","ping_status":"closed","template":"","meta":{"_bbp_topic_count":0,"_bbp_reply_count":0,"_bbp_total_topic_count":0,"_bbp_total_reply_count":0,"_bbp_voice_count":0,"_bbp_anonymous_reply_count":0,"_bbp_topic_count_hidden":0,"_bbp_reply_count_hidden":0,"_bbp_forum_subforum_count":0,"footnotes":""},"class_list":["post-64","page","type-page","status-publish","hentry"],"post_mailing_queue_ids":[],"_links":{"self":[{"href":"https:\/\/agora.xtec.cat\/esclesciencies\/wp-json\/wp\/v2\/pages\/64","targetHints":{"allow":["GET"]}}],"collection":[{"href":"https:\/\/agora.xtec.cat\/esclesciencies\/wp-json\/wp\/v2\/pages"}],"about":[{"href":"https:\/\/agora.xtec.cat\/esclesciencies\/wp-json\/wp\/v2\/types\/page"}],"author":[{"embeddable":true,"href":"https:\/\/agora.xtec.cat\/esclesciencies\/wp-json\/wp\/v2\/users\/1"}],"replies":[{"embeddable":true,"href":"https:\/\/agora.xtec.cat\/esclesciencies\/wp-json\/wp\/v2\/comments?post=64"}],"version-history":[{"count":5,"href":"https:\/\/agora.xtec.cat\/esclesciencies\/wp-json\/wp\/v2\/pages\/64\/revisions"}],"predecessor-version":[{"id":6737,"href":"https:\/\/agora.xtec.cat\/esclesciencies\/wp-json\/wp\/v2\/pages\/64\/revisions\/6737"}],"wp:attachment":[{"href":"https:\/\/agora.xtec.cat\/esclesciencies\/wp-json\/wp\/v2\/media?parent=64"}],"curies":[{"name":"wp","href":"https:\/\/api.w.org\/{rel}","templated":true}]}}