{"id":5907,"date":"2022-07-29T20:31:34","date_gmt":"2022-07-29T18:31:34","guid":{"rendered":"https:\/\/agora.xtec.cat\/esclesciencies\/?page_id=5907"},"modified":"2025-03-14T13:52:36","modified_gmt":"2025-03-14T12:52:36","slug":"projecte-linguistic","status":"publish","type":"page","link":"https:\/\/agora.xtec.cat\/esclesciencies\/projecte-linguistic-2\/projecte-linguistic\/","title":{"rendered":"Projecte ling\u00fc\u00edstic"},"content":{"rendered":"<p>El projecte ling\u00fc\u00edstic \u00e9s el document que recull els aspectes relatius a l&#8217;ensenyament i a l&#8217;\u00fas de les lleng\u00fces en el centre educatiu.<\/p>\n<p>En aquest document queden definits el tractament de la llengua catalana i, si escau, de l&#8217;aran\u00e8s com a llengua vehicular i d&#8217;aprenentatge, el proc\u00e9s d&#8217;ensenyament i aprenentatge de la llengua castellana, les diferents opcions amb refer\u00e8ncia a les lleng\u00fces estrangeres i els criteris generals per a les adequacions de les lleng\u00fces a la realitat socioling\u00fc\u00edstica del centre.<\/p>\n<p>Si voleu veure el nostre <a href=\"https:\/\/drive.google.com\/file\/d\/1IwahrIkQMVxG6Nll6n77SvEdq4b3wIl-\/view?usp=sharing\">projecte ling\u00fc\u00edstic<\/a>, cliqueu a l&#8217;<a href=\"https:\/\/drive.google.com\/file\/d\/1IwahrIkQMVxG6Nll6n77SvEdq4b3wIl-\/view?usp=sharing\">enlla\u00e7.<\/a><\/p>\n","protected":false},"excerpt":{"rendered":"<p>El projecte ling\u00fc\u00edstic \u00e9s el document que recull els aspectes relatius a l&#8217;ensenyament i a l&#8217;\u00fas de les lleng\u00fces en el centre educatiu.<br \/>\nEn aquest document queden definits el tractament de la llengua catalana i, si escau, de l&#8217;aran\u00e8s com a llengua vehicular i d&#8217;aprenentatge, el&hellip;  <a href=\"https:\/\/agora.xtec.cat\/esclesciencies\/projecte-linguistic-2\/projecte-linguistic\/\" title=\"Read Projecte ling\u00fc\u00edstic\">Llegeix m\u00e9s\u00bb<\/a><\/p>\n","protected":false},"author":1,"featured_media":0,"parent":5906,"menu_order":0,"comment_status":"closed","ping_status":"closed","template":"","meta":{"_bbp_topic_count":0,"_bbp_reply_count":0,"_bbp_total_topic_count":0,"_bbp_total_reply_count":0,"_bbp_voice_count":0,"_bbp_anonymous_reply_count":0,"_bbp_topic_count_hidden":0,"_bbp_reply_count_hidden":0,"_bbp_forum_subforum_count":0,"footnotes":""},"class_list":["post-5907","page","type-page","status-publish","hentry"],"post_mailing_queue_ids":[],"_links":{"self":[{"href":"https:\/\/agora.xtec.cat\/esclesciencies\/wp-json\/wp\/v2\/pages\/5907","targetHints":{"allow":["GET"]}}],"collection":[{"href":"https:\/\/agora.xtec.cat\/esclesciencies\/wp-json\/wp\/v2\/pages"}],"about":[{"href":"https:\/\/agora.xtec.cat\/esclesciencies\/wp-json\/wp\/v2\/types\/page"}],"author":[{"embeddable":true,"href":"https:\/\/agora.xtec.cat\/esclesciencies\/wp-json\/wp\/v2\/users\/1"}],"replies":[{"embeddable":true,"href":"https:\/\/agora.xtec.cat\/esclesciencies\/wp-json\/wp\/v2\/comments?post=5907"}],"version-history":[{"count":6,"href":"https:\/\/agora.xtec.cat\/esclesciencies\/wp-json\/wp\/v2\/pages\/5907\/revisions"}],"predecessor-version":[{"id":6739,"href":"https:\/\/agora.xtec.cat\/esclesciencies\/wp-json\/wp\/v2\/pages\/5907\/revisions\/6739"}],"up":[{"embeddable":true,"href":"https:\/\/agora.xtec.cat\/esclesciencies\/wp-json\/wp\/v2\/pages\/5906"}],"wp:attachment":[{"href":"https:\/\/agora.xtec.cat\/esclesciencies\/wp-json\/wp\/v2\/media?parent=5907"}],"curies":[{"name":"wp","href":"https:\/\/api.w.org\/{rel}","templated":true}]}}