{"id":446,"date":"2016-06-05T16:04:05","date_gmt":"2016-06-05T15:04:05","guid":{"rendered":"http:\/\/agora.xtec.cat\/esclesciencies\/?page_id=446"},"modified":"2026-04-29T09:07:47","modified_gmt":"2026-04-29T07:07:47","slug":"preinscripcio-i-matriculacio","status":"publish","type":"page","link":"https:\/\/agora.xtec.cat\/esclesciencies\/lescola\/preinscripcio-i-matriculacio\/","title":{"rendered":"Preinscripci\u00f3 i matr\u00edcula"},"content":{"rendered":"<h4><a href=\"https:\/\/agora.xtec.cat\/esclesciencies\/wp-content\/uploads\/usu790\/2026\/02\/Preinscripcio_baners_Web_educacio__Preinscripcio_web_educacio_1900x372_3imatges.jpg\"><img loading=\"lazy\" decoding=\"async\" class=\"wp-image-6973 alignnone\" src=\"https:\/\/agora.xtec.cat\/esclesciencies\/wp-content\/uploads\/usu790\/2026\/02\/Preinscripcio_baners_Web_educacio__Preinscripcio_web_educacio_1900x372_3imatges-1024x200.jpg\" alt=\"\" width=\"742\" height=\"145\" srcset=\"https:\/\/agora.xtec.cat\/esclesciencies\/wp-content\/uploads\/usu790\/2026\/02\/Preinscripcio_baners_Web_educacio__Preinscripcio_web_educacio_1900x372_3imatges-1024x200.jpg 1024w, https:\/\/agora.xtec.cat\/esclesciencies\/wp-content\/uploads\/usu790\/2026\/02\/Preinscripcio_baners_Web_educacio__Preinscripcio_web_educacio_1900x372_3imatges-300x59.jpg 300w, https:\/\/agora.xtec.cat\/esclesciencies\/wp-content\/uploads\/usu790\/2026\/02\/Preinscripcio_baners_Web_educacio__Preinscripcio_web_educacio_1900x372_3imatges-768x150.jpg 768w, https:\/\/agora.xtec.cat\/esclesciencies\/wp-content\/uploads\/usu790\/2026\/02\/Preinscripcio_baners_Web_educacio__Preinscripcio_web_educacio_1900x372_3imatges-1536x301.jpg 1536w, https:\/\/agora.xtec.cat\/esclesciencies\/wp-content\/uploads\/usu790\/2026\/02\/Preinscripcio_baners_Web_educacio__Preinscripcio_web_educacio_1900x372_3imatges.jpg 1900w\" sizes=\"auto, (max-width: 742px) 100vw, 742px\" \/><\/a><\/h4>\n<h4 style=\"text-align: left;\"><strong>PREINSCRIPCI\u00d3 2026\/2027<\/strong><\/h4>\n<p style=\"text-align: left;\">Presentaci\u00f3 de sol\u00b7licituds del 4 al 18 de mar\u00e7 de 2026 telem\u00e0ticament<\/p>\n<h4 style=\"text-align: left;\"><strong>MATR\u00cdCULA 2026\/2027<\/strong><\/h4>\n<p>Del 22 al 30 de juny de 2026<\/p>\n<p>&nbsp;<\/p>\n<table style=\"height: 501px; width: 74.4852%;\">\n<tbody>\n<tr style=\"height: 49px;\">\n<td style=\"width: 219px; text-align: left; height: 49px;\"><strong>Resoluci\u00f3\u00a0<\/strong><\/td>\n<td style=\"width: 507px; height: 49px;\"><a href=\"https:\/\/drive.google.com\/file\/d\/1gCSBsHpW2xURKVHXRsVmp9JkSxZxP2oN\/view?usp=sharing\">Resoluci\u00f3 preinscripci\u00f3 i matr\u00edcula 2026-2027<\/a><\/td>\n<\/tr>\n<tr style=\"height: 95px;\">\n<td style=\"width: 219px; text-align: left; height: 95px;\"><strong>Sol\u00b7licitud<\/strong><\/td>\n<td style=\"width: 507px; height: 95px;\"><a href=\"https:\/\/tramits.gencat.cat\/ca\/tramits\/tramits-temes\/perinscripcio-obligatoris?moda=1\">Infantil<\/a>\u00a0 &#8211;\u00a0 <a href=\"https:\/\/tramits.gencat.cat\/ca\/tramits\/tramits-temes\/perinscripcio-obligatoris?moda=2\">Prim\u00e0ria<\/a><\/td>\n<\/tr>\n<tr style=\"height: 31px;\">\n<td style=\"width: 219px; text-align: left; height: 31px;\"><strong>Calendari<\/strong><\/td>\n<td style=\"width: 507px; height: 31px;\"><a href=\"https:\/\/drive.google.com\/file\/d\/1LoNoDfNiuRUEsqviXugov7BLoseFtHH9\/view?usp=sharing\">Calendari preinscripci\u00f3<\/a><\/td>\n<\/tr>\n<tr style=\"height: 31px;\">\n<td style=\"width: 219px; text-align: left; height: 31px;\"><strong>L\u00edmits geogr\u00e0fics\u00a0<\/strong><\/td>\n<td style=\"width: 507px; height: 31px;\"><a href=\"https:\/\/drive.google.com\/file\/d\/1Un_tYqUOiuhEyxAzXbN6xAfw3WxnZwiE\/view?usp=sharing\">L\u00edmits zona 5<\/a><\/td>\n<\/tr>\n<tr style=\"height: 31px;\">\n<td style=\"width: 219px; text-align: left; height: 31px;\"><strong>Publicaci\u00f3 oferta inicial<\/strong><\/td>\n<td style=\"width: 507px; height: 31px;\"><!-- Drive options:{\"ids\":[\"1xeKstt9EE1ccYRzmTM4RkCbeI0R5Ppym\"],\"isCopyOperation\":true,\"isPlainTextTitle\":false} --><a href=\"https:\/\/drive.google.com\/file\/d\/1oYC4ZpLCZfrm_47fF1ubPfeb0midWIHG\/view?usp=sharing\">Oferta inicial<\/a><\/td>\n<\/tr>\n<tr style=\"height: 31px;\">\n<td style=\"width: 219px; text-align: left; height: 16px;\"><strong>Publicaci\u00f3 llistes puntuaci\u00f3 provisional<\/strong><\/td>\n<td style=\"width: 507px; height: 16px;\"><a href=\"https:\/\/drive.google.com\/file\/d\/1qUZO2Rq8gtKW_-hNbu7k74bampSZSpar\/view?usp=sharing\">Llista barem provisional<\/a><\/p>\n<p>Consulta telem\u00e0tica barem provisional i reclamacions:\u00a0 \u00a0 <a href=\"https:\/\/preinscripcio.gencat.cat\/ca\/estudis\/infantil-3-6\/preinscriute\/seguiment-sollicitud\/llista-sollicituds-puntuacio\/\">Infantil<\/a>\u00a0 \u00a0 \u00a0 \u00a0 \u00a0 \u00a0\u00a0 <a href=\"https:\/\/preinscripcio.gencat.cat\/ca\/estudis\/primaria\/preinscriute\/seguiment-sollicitud\/llista-sollicituds-puntuacio\/\">Prim\u00e0ria<\/a><\/td>\n<\/tr>\n<tr style=\"height: 31px;\">\n<td style=\"width: 219px; text-align: left; height: 31px;\"><strong>Publicaci\u00f3 llistes puntuaci\u00f3\u00a0 definitiu<\/strong><\/td>\n<td style=\"width: 507px; height: 31px;\"><a href=\"https:\/\/drive.google.com\/file\/d\/13v31zlCwcnpCNZm35eupiKhWVhYDvMc1\/view?usp=sharing\">Barem definitiu<\/a><\/td>\n<\/tr>\n<tr style=\"height: 31px;\">\n<td style=\"width: 219px; text-align: left; height: 31px;\"><strong>Sorteig<\/strong><\/td>\n<td style=\"width: 507px; height: 31px;\"><a href=\"https:\/\/preinscripcio.gencat.cat\/ca\/estudis\/primaria\/preinscriute\/seguiment-sollicitud\/sorteig-desempat\/\">42.129<\/a><\/td>\n<\/tr>\n<tr style=\"height: 31px;\">\n<td style=\"width: 219px; text-align: left; height: 31px;\"><strong>Publicaci\u00f3 llistes ordenades<\/strong><\/td>\n<td style=\"width: 507px; height: 31px;\"><a href=\"https:\/\/drive.google.com\/file\/d\/1dZrKR4s0jz7KPLY4TIL9CwVzHC_W_hZR\/view?usp=sharing\">Llista ordenada<\/a><\/td>\n<\/tr>\n<tr style=\"height: 31px;\">\n<td style=\"width: 219px; text-align: left; height: 31px;\"><strong>Publicaci\u00f3 oferta final<\/strong><\/td>\n<td style=\"width: 507px; height: 31px;\">Oferta definitiva<\/td>\n<\/tr>\n<tr style=\"height: 31px;\">\n<td style=\"width: 219px; text-align: left; height: 31px;\"><strong>Alumnes assignats al centre<\/strong><\/td>\n<td style=\"width: 507px; height: 31px;\">Alumnes assignats<\/td>\n<\/tr>\n<tr style=\"height: 31px;\">\n<td style=\"width: 219px; text-align: left; height: 31px;\"><strong>Alumnes preinscrits<\/strong><\/td>\n<td style=\"width: 507px; height: 31px;\">Alumnes preinscrits<\/td>\n<\/tr>\n<tr style=\"height: 31px;\">\n<td style=\"width: 219px; text-align: left; height: 31px;\"><strong>Llista d&#8217;espera<\/strong><\/td>\n<td style=\"width: 507px; height: 31px;\">Llista espera<\/td>\n<\/tr>\n<tr style=\"height: 31px;\">\n<td style=\"width: 219px; text-align: left; height: 31px;\"><strong>Informaci\u00f3 GENCAT<\/strong><\/td>\n<td style=\"width: 507px; height: 31px;\"><a href=\"https:\/\/preinscripcio.gencat.cat\/ca\/inici\/\">Enlla\u00e7 a la web del Departament d&#8217;Educaci\u00f3<\/a><\/td>\n<\/tr>\n<\/tbody>\n<\/table>\n","protected":false},"excerpt":{"rendered":"<p><a href=\"https:\/\/agora.xtec.cat\/esclesciencies\/wp-content\/uploads\/usu790\/2026\/02\/Preinscripcio_baners_Web_educacio__Preinscripcio_web_educacio_1900x372_3imatges.jpg\"><\/a><br \/>\nPREINSCRIPCI\u00d3 2026\/2027<br \/>\nPresentaci\u00f3 de sol\u00b7licituds del 4 al 18 de mar\u00e7 de 2026 telem\u00e0ticament<br \/>\nMATR\u00cdCULA 2026\/2027<br \/>\nDel 22 al 30 de juny de 2026<br \/>\n&nbsp;<\/p>\n<p>Resoluci\u00f3\u00a0<br \/>\n<a href=\"https:\/\/drive.google.com\/file\/d\/1gCSBsHpW2xURKVHXRsVmp9JkSxZxP2oN\/view?usp=sharing\">Resoluci\u00f3 preinscripci\u00f3 i matr\u00edcula 2026-2027<\/a><\/p>\n<p>Sol\u00b7licitud<br \/>\n<a href=\"https:\/\/tramits.gencat.cat\/ca\/tramits\/tramits-temes\/perinscripcio-obligatoris?moda=1\">Infantil<\/a>\u00a0 &#8211;\u00a0 <a href=\"https:\/\/tramits.gencat.cat\/ca\/tramits\/tramits-temes\/perinscripcio-obligatoris?moda=2\">Prim\u00e0ria<\/a><\/p>\n<p>Calendari<br \/>\n<a href=\"https:\/\/drive.google.com\/file\/d\/1LoNoDfNiuRUEsqviXugov7BLoseFtHH9\/view?usp=sharing\">Calendari preinscripci\u00f3<\/a><\/p>\n<p>L\u00edmits geogr\u00e0fics\u00a0<br \/>\n<a href=\"https:\/\/drive.google.com\/file\/d\/1Un_tYqUOiuhEyxAzXbN6xAfw3WxnZwiE\/view?usp=sharing\">L\u00edmits zona 5<\/a><\/p>\n<p>Publicaci\u00f3 oferta inicial<br \/>\n<a href=\"https:\/\/drive.google.com\/file\/d\/1oYC4ZpLCZfrm_47fF1ubPfeb0midWIHG\/view?usp=sharing\">Oferta inicial<\/a><\/p>\n<p>Publicaci\u00f3 llistes puntuaci\u00f3 provisional<br \/>\n<a href=\"https:\/\/drive.google.com\/file\/d\/1qUZO2Rq8gtKW_-hNbu7k74bampSZSpar\/view?usp=sharing\">Llista&hellip;  <a href=\"https:\/\/agora.xtec.cat\/esclesciencies\/lescola\/preinscripcio-i-matriculacio\/\" title=\"Read Preinscripci\u00f3 i matr\u00edcula\">Llegeix m\u00e9s\u00bb<\/a><\/p>\n","protected":false},"author":1,"featured_media":0,"parent":22,"menu_order":100,"comment_status":"closed","ping_status":"closed","template":"","meta":{"_bbp_topic_count":0,"_bbp_reply_count":0,"_bbp_total_topic_count":0,"_bbp_total_reply_count":0,"_bbp_voice_count":0,"_bbp_anonymous_reply_count":0,"_bbp_topic_count_hidden":0,"_bbp_reply_count_hidden":0,"_bbp_forum_subforum_count":0,"footnotes":""},"class_list":["post-446","page","type-page","status-publish","hentry"],"post_mailing_queue_ids":[],"_links":{"self":[{"href":"https:\/\/agora.xtec.cat\/esclesciencies\/wp-json\/wp\/v2\/pages\/446","targetHints":{"allow":["GET"]}}],"collection":[{"href":"https:\/\/agora.xtec.cat\/esclesciencies\/wp-json\/wp\/v2\/pages"}],"about":[{"href":"https:\/\/agora.xtec.cat\/esclesciencies\/wp-json\/wp\/v2\/types\/page"}],"author":[{"embeddable":true,"href":"https:\/\/agora.xtec.cat\/esclesciencies\/wp-json\/wp\/v2\/users\/1"}],"replies":[{"embeddable":true,"href":"https:\/\/agora.xtec.cat\/esclesciencies\/wp-json\/wp\/v2\/comments?post=446"}],"version-history":[{"count":7,"href":"https:\/\/agora.xtec.cat\/esclesciencies\/wp-json\/wp\/v2\/pages\/446\/revisions"}],"predecessor-version":[{"id":7009,"href":"https:\/\/agora.xtec.cat\/esclesciencies\/wp-json\/wp\/v2\/pages\/446\/revisions\/7009"}],"up":[{"embeddable":true,"href":"https:\/\/agora.xtec.cat\/esclesciencies\/wp-json\/wp\/v2\/pages\/22"}],"wp:attachment":[{"href":"https:\/\/agora.xtec.cat\/esclesciencies\/wp-json\/wp\/v2\/media?parent=446"}],"curies":[{"name":"wp","href":"https:\/\/api.w.org\/{rel}","templated":true}]}}