{"id":4090,"date":"2020-03-17T13:01:18","date_gmt":"2020-03-17T12:01:18","guid":{"rendered":"http:\/\/agora.xtec.cat\/esclesciencies\/?page_id=4090"},"modified":"2020-04-02T16:23:06","modified_gmt":"2020-04-02T14:23:06","slug":"orientacions-dactivitats","status":"publish","type":"page","link":"https:\/\/agora.xtec.cat\/esclesciencies\/orientacions-dactivitats\/","title":{"rendered":"Orientacions d&#8217;activitats"},"content":{"rendered":"<p>Benvolgudes fam\u00edlies:<\/p>\n<p>Els i les mestres, seguint orientacions del Departament d&#8217;Educaci\u00f3 hem obert aquesta p\u00e0gina per fer-vos algunes recomanacions per aquests dies. Recordeu que s\u00f3n volunt\u00e0ries i no \u00e9s necessari fer-ho tot. A continuaci\u00f3 us indiquem els enlla\u00e7os als quals podeu accedir per cursos i tamb\u00e9 l&#8217;adre\u00e7a de correu electr\u00f2nic dels mestres per si teniu algun dubte en alguna de les tasques (recordeu posar a l&#8217;assumpte el nom del vostre fill\/a). Els enlla\u00e7os us obriran un document que anir\u00e0 actualitzant-se.<\/p>\n<p>Tamb\u00e9 us enllacem unes <a href=\"https:\/\/drive.google.com\/open?id=1wrrcL8QuIm94oDlZBQnQVMgGzLvVCLKTzSfKMNgVHno\">orientacions generals<\/a>.<\/p>\n<p>Esperem que tothom estigui b\u00e9 i que aquesta situaci\u00f3 duri poc i ens retrobem aviat.<\/p>\n<p>Orientacions per cursos:<\/p>\n<table style=\"height: 279px;\" width=\"784\">\n<tbody>\n<tr style=\"height: 31px;\">\n<td style=\"width: 79px; text-align: center; height: 31px;\"><strong>P3<\/strong><\/td>\n<td style=\"width: 697px; height: 31px;\"><a href=\"https:\/\/drive.google.com\/open?id=1RFu4XmWT_64tCKTdjH9bLfmWfGLT3DkI9Y_HIQk9kRE\">orientacions infantil,<\/a> <a href=\"https:\/\/drive.google.com\/open?id=1nDUXUqgwdi36bVeRxgZssXa6pMrg_kpQ\">recomanacions d&#8217;angl\u00e8s<\/a><\/td>\n<\/tr>\n<tr style=\"height: 31px;\">\n<td style=\"width: 79px; text-align: center; height: 31px;\"><strong>P4<\/strong><\/td>\n<td style=\"width: 697px; height: 31px;\"><a href=\"https:\/\/drive.google.com\/open?id=1RFu4XmWT_64tCKTdjH9bLfmWfGLT3DkI9Y_HIQk9kRE\">orientacions infantil,<\/a> <a href=\"https:\/\/drive.google.com\/a\/xtec.cat\/file\/d\/1dBp2X-7zkoubB7EkS_RWtpUa-qJxv5A8\/view?usp=sharing\">r<\/a><a href=\"https:\/\/drive.google.com\/open?id=1nDUXUqgwdi36bVeRxgZssXa6pMrg_kpQ\">ecomanacions d&#8217;angl\u00e8s<\/a><\/td>\n<\/tr>\n<tr style=\"height: 31px;\">\n<td style=\"width: 79px; text-align: center; height: 31px;\"><strong>P5<\/strong><\/td>\n<td style=\"width: 697px; height: 31px;\"><a href=\"https:\/\/drive.google.com\/open?id=1RFu4XmWT_64tCKTdjH9bLfmWfGLT3DkI9Y_HIQk9kRE\">orientacions infantil,<\/a> <a href=\"https:\/\/drive.google.com\/open?id=1nDUXUqgwdi36bVeRxgZssXa6pMrg_kpQ\">recomanacions d&#8217;angl\u00e8s<\/a><\/td>\n<\/tr>\n<tr style=\"height: 31px;\">\n<td style=\"width: 79px; text-align: center; height: 31px;\"><strong>1r<\/strong><\/td>\n<td style=\"width: 697px; height: 31px;\"><a href=\"https:\/\/drive.google.com\/a\/xtec.cat\/file\/d\/1ZflGAJOB84FklW5Lk2m67gv0tpjVskMo\/view?usp=sharing\">recomanacions 1r<\/a>, <a href=\"https:\/\/drive.google.com\/a\/xtec.cat\/file\/d\/1lvCYlEs_17KAArwIdj-xFhWbA_oP6KG3\/view?usp=sharing\">recomanacions castell\u00e0<\/a>, <a href=\"https:\/\/drive.google.com\/a\/xtec.cat\/file\/d\/1HQ_dYzjGfd85ZGza8BnnHEHT2xILXsm_\/view?usp=sharing\">document d&#8217;enlla\u00e7os<\/a>, <a href=\"https:\/\/drive.google.com\/a\/xtec.cat\/file\/d\/1_ctbccvYmsm3m648sW9_eNqWLEXBp8mj\/view?usp=sharing\">recomanacions m\u00fasica,<\/a> <a href=\"https:\/\/docs.google.com\/document\/d\/1ybTBrp1Wdn6Oc7otkp0SEjY7NEP4dkgzQowkRuUnAMc\/edit?usp=sharing\">noves recomanacions<\/a><\/td>\n<\/tr>\n<tr style=\"height: 31px;\">\n<td style=\"width: 79px; text-align: center; height: 31px;\"><strong>2n<\/strong><\/td>\n<td style=\"width: 697px; height: 31px;\"><a href=\"https:\/\/docs.google.com\/document\/d\/1sjsVrOl75ULIM3iSSMNliiFHtHdtQ8-d2IDmUw8a9qM\/edit?usp=sharing\">recomanacions 2n<\/a>, <a href=\"https:\/\/drive.google.com\/a\/xtec.cat\/file\/d\/1nBA_x_-lIp6M-XQt6syzThZ6aHDtcEdC\/view?usp=sharing\">recomanacions m\u00fasica<\/a><\/td>\n<\/tr>\n<tr style=\"height: 31px;\">\n<td style=\"width: 79px; text-align: center; height: 31px;\"><strong>3r<\/strong><\/td>\n<td style=\"width: 697px; height: 31px;\"><a href=\"https:\/\/drive.google.com\/a\/xtec.cat\/file\/d\/1G0_X-OE-pLi_QyDwbTVkNKcryVPRn2XA\/view?usp=sharing\">recomanacions 3r<\/a>, <a href=\"https:\/\/docs.google.com\/document\/d\/1CkqAMpUQQ3VkYpWdPW2XQkaGoExN-Ko-mznHRNj4VAY\/edit?usp=sharing\">recomanacions castell\u00e0<\/a>, <a href=\"https:\/\/drive.google.com\/open?id=1cm1I2Dqp3TtGGu29JJf_E8k3uo9PJXL6k0ew0fPA8po\">recomanacions angl\u00e8s<\/a>, <a href=\"https:\/\/drive.google.com\/a\/xtec.cat\/file\/d\/15U1kIvaquNFEbyBfvfw6wAqiMmKJ_WjD\/view?usp=sharing\">recomanacions m\u00fasica<\/a>, <a href=\"https:\/\/docs.google.com\/document\/d\/1b6DhxjOV4DCR0PQ_jo-ZAL9baP2NSzUe_iF8d7lIfRw\/edit?usp=sharing\">recomanacions catal\u00e0<\/a>, <a href=\"https:\/\/drive.google.com\/a\/xtec.cat\/file\/d\/1Ax_aPY56oOGUH8j38NxZE61LDlf-OVIG\/view?usp=sharing\">recomanacions Meri,<\/a> <a href=\"https:\/\/drive.google.com\/a\/xtec.cat\/file\/d\/185LkFU1oXyDXsvh1ickukMIrWQuxKOnm\/view?usp=sharing\">3a setmana confinament<\/a>, <a href=\"https:\/\/drive.google.com\/a\/xtec.cat\/file\/d\/106cC3xtkB9vh7hX4qnsUJK6SAbkmD4Bs\/view?usp=sharing\">3a setmana coses divertides per fer<\/a>, <a href=\"https:\/\/drive.google.com\/a\/xtec.cat\/file\/d\/1PEs19AvXGhuSc3sOsZUqlMyRwLZ9mfD3\/view?usp=sharing\">instruccions per fer un dau<\/a><\/td>\n<\/tr>\n<tr style=\"height: 31px;\">\n<td style=\"width: 79px; text-align: center; height: 31px;\"><strong>4t<\/strong><\/td>\n<td style=\"width: 697px; height: 31px;\"><a href=\"https:\/\/docs.google.com\/document\/d\/15qzW0jcGggbb34gH_92Me8zpl8pGwlGqzRrq25D1Zfo\/edit?usp=sharing\">recomanacions 4t<\/a>, <a href=\"https:\/\/drive.google.com\/a\/xtec.cat\/file\/d\/1kGs-MfmxdtHLjk6HAiMqOnZ8bQOykYXA\/view?usp=sharing\">recomanacions castell\u00e0<\/a>, <a href=\"https:\/\/docs.google.com\/document\/d\/1nQJUMc7WI2bb_muYS2Xa8p5DvlbKjcgWNgSjsPIpFrI\/edit?usp=sharing\">recomanacions angl\u00e8s<\/a>, <a href=\"https:\/\/drive.google.com\/a\/xtec.cat\/file\/d\/1SG01XhZJMDqpb26CxtX9YvudsXUVjEYo\/view?usp=sharing\">recomanacions m\u00fasica<\/a><\/td>\n<\/tr>\n<tr style=\"height: 31px;\">\n<td style=\"width: 79px; text-align: center; height: 31px;\"><strong>5\u00e8<\/strong><\/td>\n<td style=\"width: 697px; height: 31px;\"><a href=\"https:\/\/drive.google.com\/a\/xtec.cat\/file\/d\/1fujdSpTHwzos1JTNjiwTHu3WE5AYN8TP\/view?usp=sharing\">recomanacions catal\u00e0<\/a>, <a href=\"https:\/\/drive.google.com\/a\/xtec.cat\/file\/d\/1eZLOiX4kkBet9V2NJV_irPZ2sx0Bhp1-\/view?usp=sharing\">recomanacions matem\u00e0tiques<\/a>, <a href=\"https:\/\/drive.google.com\/a\/xtec.cat\/file\/d\/10cCFCU-fDw23VnpHTDsBw-SM5R0k1vZd\/view?usp=sharing\">recomanacions medi<\/a>, <a href=\"https:\/\/drive.google.com\/a\/xtec.cat\/file\/d\/1BV6Q0znRGl8Web0531Cgq5hqyCYPWs0O\/view?usp=sharing\">recomanacions educaci\u00f3 f\u00edsica<\/a>, <a href=\"https:\/\/docs.google.com\/document\/d\/1TqeXgW5sAlUmohLWJsqfdgGyCBVlI7Wj1Q-UTNUhWs0\/edit?usp=sharing\">recomanacions angl\u00e8s<\/a>,<a href=\"https:\/\/drive.google.com\/a\/xtec.cat\/file\/d\/1WcQOE9z46wK9W7v93Dx_nw2nOu_Ibzc-\/view?usp=sharing\"> recomanacions m\u00fasica<\/a>, <a href=\"https:\/\/drive.google.com\/a\/xtec.cat\/file\/d\/1LualRN9xIPYcs7jCa1zn3EJFRLpSaHgE\/view?usp=sharing\">passatemps<\/a>, <a href=\"https:\/\/drive.google.com\/a\/xtec.cat\/file\/d\/1WtTq_J-lPuuT3Tr7lPgqDcdS-vR4LLwZ\/view?usp=sharing\">jerogl\u00edfics<\/a>, <a href=\"https:\/\/docs.google.com\/document\/d\/1AZbvclP7C-TPDl-BeqUNrMuFND9Ktvx4xqS30PvMQgw\/edit?usp=sharing\">recomanacions castell\u00e0<\/a><\/td>\n<\/tr>\n<tr style=\"height: 31px;\">\n<td style=\"width: 79px; text-align: center; height: 31px;\"><strong>6\u00e8<\/strong><\/td>\n<td style=\"width: 697px; height: 31px;\"><a href=\"https:\/\/drive.google.com\/a\/xtec.cat\/file\/d\/1qLo_uDacY-V5ZwdXc1FNTohm7JiD3ZI9\/view?usp=sharing\">carta i recursos<\/a>, <a href=\"https:\/\/drive.google.com\/a\/xtec.cat\/file\/d\/19YFhSD6mPmhcHs3btFEZu4bNORMQxVTY\/view?usp=sharing\">recomanacions castell\u00e0<\/a>, <a href=\"https:\/\/drive.google.com\/a\/xtec.cat\/file\/d\/1ImDeG7h5x21CPrQrPD3NSsJ0XWA5JcaO\/view?usp=sharing\">recomanacions educaci\u00f3 f\u00edsica<\/a>, <a href=\"https:\/\/docs.google.com\/document\/d\/1nU7SCiklU4s6vmPX3g-bvtkG9xw209uk5wNuLvpH9FY\/edit?usp=sharing\">recomanacions angl\u00e8s<\/a>, <a href=\"https:\/\/drive.google.com\/a\/xtec.cat\/file\/d\/1qApzE4Ao99Tc_DQlAHV03UWQKBnmj8mb\/view?usp=sharing\">recomanacions m\u00fasica<\/a><\/td>\n<\/tr>\n<tr>\n<td style=\"width: 79px; text-align: center;\"><\/td>\n<td style=\"width: 697px;\"><a href=\"https:\/\/docs.google.com\/document\/d\/1-BPtF8Y100JG8P5EHQnQbRoXGjQVhFyFudfC8VsqFgg\/edit?usp=sharing\">altres propostes<\/a>,<a href=\"https:\/\/drive.google.com\/a\/xtec.cat\/file\/d\/16-3xCJVPe_G-s1QZ4neGR4fxuJBC9Lb8\/view?usp=sharing\"> educaci\u00f3 f\u00edsica per a tothom<\/a>, <a href=\"https:\/\/drive.google.com\/a\/xtec.cat\/file\/d\/1Zzt_fn_k5Z6gJtjluEibRFmuWZiLHZ_0\/view?usp=sharing\">ioga a casa<\/a>, <a href=\"https:\/\/drive.google.com\/a\/xtec.cat\/file\/d\/1UBOPrzPSHiMrMklM1uz6lIGsNqYnAQvS\/view?usp=sharing\">jocs de daus,<\/a> <a href=\"https:\/\/drive.google.com\/a\/xtec.cat\/file\/d\/102uAWj-22VdHN8GhwumHbA6Q1TGFVBmK\/view?usp=sharing\">educaci\u00f3 f\u00edsica jocs tradicionals<\/a><\/td>\n<\/tr>\n<tr>\n<td style=\"width: 79px; text-align: center;\"><strong>\u00a0<\/strong><\/td>\n<td style=\"width: 697px;\"><a href=\"https:\/\/drive.google.com\/a\/xtec.cat\/file\/d\/1Gm5JtDkqVf7fueNHvtc7puz5Rk8ALteo\/view?usp=sharing\">proposta per a tota la fam\u00edlia<\/a><\/td>\n<\/tr>\n<\/tbody>\n<\/table>\n<p>Adreces electr\u00f2niques:<\/p>\n<ul style=\"list-style-type: disc;\">\n<li><strong>Mar<\/strong>: mar<span class=\"atwho-query\">@lesciencies.cat<\/span><\/li>\n<li><strong>Silvia<\/strong>: silvia@lesciencies.cat<\/li>\n<li><strong>Nuria<\/strong>: nuria@lesciencies.cat<\/li>\n<li><strong>Olga<\/strong>: olga@lesciencies.cat<\/li>\n<li><strong>Noem\u00ed<\/strong>: noemi@lesciencies.cat<\/li>\n<li><strong>Marina<\/strong>: marina@lesciencies.cat<\/li>\n<li><strong>Meri<\/strong>: meri@lesciencies.cat<\/li>\n<li><strong>Eli<\/strong>: eli@lesciencies.cat<\/li>\n<li><strong>David<\/strong>: david@lesciencies.cat<\/li>\n<li><strong>Sara<\/strong>: sara@lesciencies.cat<\/li>\n<li><strong>Cristina<\/strong>: cristina@lesciencies.cat<\/li>\n<li><strong>Joan<\/strong>: joan@lesciencies.cat<\/li>\n<li><strong>Toni<\/strong>: toni@lesciencies.cat<\/li>\n<li><strong>Dori<\/strong>: dori@lesciencies.cat<\/li>\n<li><strong>Ana<\/strong>: ana@lesciencies.cat<\/li>\n<li><strong>Maria<\/strong>: maria<span class=\"\">@lesciencies.cat<\/span><\/li>\n<li><strong>Pili<\/strong>: pili@lesciencies.<\/li>\n<\/ul>\n<p>Per contactar amb l&#8217;equip directiu ho podeu fer a l&#8217;adre\u00e7a electr\u00f2nica del centre, esclesciencies@xtec.cat. Us atendre&#8217;m el m\u00e9s aviat possible.<\/p>\n<p>&nbsp;<\/p>\n<p>&nbsp;<\/p>\n","protected":false},"excerpt":{"rendered":"<p>Benvolgudes fam\u00edlies:<br \/>\nEls i les mestres, seguint orientacions del Departament d&#8217;Educaci\u00f3 hem obert aquesta p\u00e0gina per fer-vos algunes recomanacions per aquests dies. Recordeu que s\u00f3n volunt\u00e0ries i no \u00e9s necessari fer-ho tot. A continuaci\u00f3 us indiquem els enlla\u00e7os als quals podeu accedir per cursos i tamb\u00e9&hellip;  <a href=\"https:\/\/agora.xtec.cat\/esclesciencies\/orientacions-dactivitats\/\" title=\"Read Orientacions d&#8217;activitats\">Llegeix m\u00e9s\u00bb<\/a><\/p>\n","protected":false},"author":1,"featured_media":0,"parent":0,"menu_order":0,"comment_status":"closed","ping_status":"closed","template":"","meta":{"_bbp_topic_count":0,"_bbp_reply_count":0,"_bbp_total_topic_count":0,"_bbp_total_reply_count":0,"_bbp_voice_count":0,"_bbp_anonymous_reply_count":0,"_bbp_topic_count_hidden":0,"_bbp_reply_count_hidden":0,"_bbp_forum_subforum_count":0,"footnotes":""},"class_list":["post-4090","page","type-page","status-publish","hentry"],"post_mailing_queue_ids":[],"_links":{"self":[{"href":"https:\/\/agora.xtec.cat\/esclesciencies\/wp-json\/wp\/v2\/pages\/4090","targetHints":{"allow":["GET"]}}],"collection":[{"href":"https:\/\/agora.xtec.cat\/esclesciencies\/wp-json\/wp\/v2\/pages"}],"about":[{"href":"https:\/\/agora.xtec.cat\/esclesciencies\/wp-json\/wp\/v2\/types\/page"}],"author":[{"embeddable":true,"href":"https:\/\/agora.xtec.cat\/esclesciencies\/wp-json\/wp\/v2\/users\/1"}],"replies":[{"embeddable":true,"href":"https:\/\/agora.xtec.cat\/esclesciencies\/wp-json\/wp\/v2\/comments?post=4090"}],"version-history":[{"count":3,"href":"https:\/\/agora.xtec.cat\/esclesciencies\/wp-json\/wp\/v2\/pages\/4090\/revisions"}],"predecessor-version":[{"id":4254,"href":"https:\/\/agora.xtec.cat\/esclesciencies\/wp-json\/wp\/v2\/pages\/4090\/revisions\/4254"}],"wp:attachment":[{"href":"https:\/\/agora.xtec.cat\/esclesciencies\/wp-json\/wp\/v2\/media?parent=4090"}],"curies":[{"name":"wp","href":"https:\/\/api.w.org\/{rel}","templated":true}]}}