{"id":38,"date":"2014-09-18T12:34:08","date_gmt":"2014-09-18T11:34:08","guid":{"rendered":"http:\/\/agora.xtec.cat\/esclesciencies\/?page_id=38"},"modified":"2018-02-07T16:26:21","modified_gmt":"2018-02-07T15:26:21","slug":"salut","status":"publish","type":"page","link":"https:\/\/agora.xtec.cat\/esclesciencies\/lescola\/salut\/","title":{"rendered":"Salut"},"content":{"rendered":"<p>La nostra escola treballa per garantir un benestar f\u00edsic, mental i social i, per aix\u00f2, participa en\u00a0 diferents activitats que s&#8217;ofereixen des de diferents \u00e0mbits per proporcionar h\u00e0bits saludables a l&#8217;alumnat com poden ser tallers d&#8217;autoprotecci\u00f3, activitat d&#8217;internet segura, tallers de coeducaci\u00f3, activitats\u00a0f\u00edsiques\u00a0i tamb\u00e9 tallers per les fam\u00edlies.<\/p>\n<p>A m\u00e9s a m\u00e9s, al nostre alumnat de 1r i 6\u00e8 de prim\u00e0ria se&#8217;ls realitza una revisi\u00f3 bucodental i als de 6\u00e8 se&#8217;ls proporcionen les vacunes prescriptives corresponents a la seva edat.<\/p>\n<p>El centre tamb\u00e9 potencia h\u00e0bits d&#8217;alimentaci\u00f3 saludables a l&#8217;hora de l&#8217;esmorzar i en el men\u00fa que ofereix l&#8217;empresa de menjador. Per exemple,\u00a0 esmorzem fruita dos dies\u00a0a la setmana i el men\u00fa escolar fa propostes de sopars equilibrats tenint en compte el men\u00fa diari.<\/p>\n","protected":false},"excerpt":{"rendered":"<p>La nostra escola treballa per garantir un benestar f\u00edsic, mental i social i, per aix\u00f2, participa en\u00a0 diferents activitats que s&#8217;ofereixen des de diferents \u00e0mbits per proporcionar h\u00e0bits saludables a l&#8217;alumnat com poden ser tallers d&#8217;autoprotecci\u00f3, activitat d&#8217;internet segura, tallers de coeducaci\u00f3, activitats\u00a0f\u00edsiques\u00a0i tamb\u00e9 tallers&hellip;  <a href=\"https:\/\/agora.xtec.cat\/esclesciencies\/lescola\/salut\/\" title=\"Read Salut\">Llegeix m\u00e9s\u00bb<\/a><\/p>\n","protected":false},"author":1,"featured_media":0,"parent":22,"menu_order":80,"comment_status":"closed","ping_status":"closed","template":"page-templates\/side-menu.php","meta":{"_bbp_topic_count":0,"_bbp_reply_count":0,"_bbp_total_topic_count":0,"_bbp_total_reply_count":0,"_bbp_voice_count":0,"_bbp_anonymous_reply_count":0,"_bbp_topic_count_hidden":0,"_bbp_reply_count_hidden":0,"_bbp_forum_subforum_count":0,"footnotes":""},"class_list":["post-38","page","type-page","status-publish","hentry"],"post_mailing_queue_ids":[],"_links":{"self":[{"href":"https:\/\/agora.xtec.cat\/esclesciencies\/wp-json\/wp\/v2\/pages\/38","targetHints":{"allow":["GET"]}}],"collection":[{"href":"https:\/\/agora.xtec.cat\/esclesciencies\/wp-json\/wp\/v2\/pages"}],"about":[{"href":"https:\/\/agora.xtec.cat\/esclesciencies\/wp-json\/wp\/v2\/types\/page"}],"author":[{"embeddable":true,"href":"https:\/\/agora.xtec.cat\/esclesciencies\/wp-json\/wp\/v2\/users\/1"}],"replies":[{"embeddable":true,"href":"https:\/\/agora.xtec.cat\/esclesciencies\/wp-json\/wp\/v2\/comments?post=38"}],"version-history":[{"count":4,"href":"https:\/\/agora.xtec.cat\/esclesciencies\/wp-json\/wp\/v2\/pages\/38\/revisions"}],"predecessor-version":[{"id":2111,"href":"https:\/\/agora.xtec.cat\/esclesciencies\/wp-json\/wp\/v2\/pages\/38\/revisions\/2111"}],"up":[{"embeddable":true,"href":"https:\/\/agora.xtec.cat\/esclesciencies\/wp-json\/wp\/v2\/pages\/22"}],"wp:attachment":[{"href":"https:\/\/agora.xtec.cat\/esclesciencies\/wp-json\/wp\/v2\/media?parent=38"}],"curies":[{"name":"wp","href":"https:\/\/api.w.org\/{rel}","templated":true}]}}