{"id":36,"date":"2014-09-18T12:33:11","date_gmt":"2014-09-18T11:33:11","guid":{"rendered":"http:\/\/agora.xtec.cat\/esclesciencies\/?page_id=36"},"modified":"2025-09-03T11:27:56","modified_gmt":"2025-09-03T09:27:56","slug":"material-escolar","status":"publish","type":"page","link":"https:\/\/agora.xtec.cat\/esclesciencies\/lescola\/material-escolar\/","title":{"rendered":"Llibres i material escolar"},"content":{"rendered":"<p>El material escolar el tenim socialitzat per tal d&#8217;aprendre a compartir-lo, a fer un bon \u00fas i a respectar tot all\u00f2 que \u00e9s com\u00fa per a tots.\u00a0 Les nostres fam\u00edlies fan una aportaci\u00f3 de 80 \u20ac per curs. Amb aquests diners comprem tot all\u00f2 que els nostres alumnes utilitzen durant el curs escolar: pintures, papers de tot tipus, carpetes, bol\u00edgrafs, i tots els materials que considerem necessaris per a les diferents tasques pedag\u00f2giques.<\/p>\n<p>Fa uns anys, a trav\u00e9s de l&#8217;AFA,\u00a0 vam comen\u00e7ar un projecte de socialitzaci\u00f3 de llibres al que les fam\u00edlies s&#8217;adhereixen. Avui dia ja no \u00e9s possible socialitzar tots els llibres i tamb\u00e9 n&#8217;hi ha d&#8217;us individual.<\/p>\n<p>En el seg\u00fcent llistat teniu els llibres que utilitzarem durant el curs 2025-2026. A Educaci\u00f3 Infantil no utilitzem llibres, per\u00f2 s\u00ed fem \u00fas d&#8217;una quantitat important de material did\u00e0ctic.<\/p>\n<p>Educaci\u00f3 prim\u00e0ria:<\/p>\n<ul>\n<li><a href=\"https:\/\/drive.google.com\/file\/d\/1x_QKn4I2xBuATwIUdNB_5qKZQPOg5oP1\/view?usp=drive_link\">Llibres de 1r.<\/a><\/li>\n<li><a href=\"https:\/\/drive.google.com\/file\/d\/1KGqUY_MLyohtFbXhIOny1vIi4f62mMhf\/view?usp=drive_link\">Llibres de 2n.<\/a><\/li>\n<li><a href=\"https:\/\/drive.google.com\/file\/d\/1seU183lVnGrXa4VI2UuyaKO38bAXNeLy\/view?usp=drive_link\">Llibres de 3r.<\/a><\/li>\n<li><a href=\"https:\/\/drive.google.com\/file\/d\/142A8eFWyj7SlZGIEJq5SN47Ej0GRRMdL\/view?usp=drive_link\">Llibres de 4t.<\/a><\/li>\n<li><a href=\"https:\/\/drive.google.com\/file\/d\/1nzDhacwMWzE50ZjmLPAbTI5WRo8JVuFB\/view?usp=drive_link\">Llibres de 5\u00e8.<\/a><\/li>\n<li><a href=\"https:\/\/drive.google.com\/file\/d\/1uXSJE1qwdTRnFBPuAgy5VjaU_KLSdRBf\/view?usp=drive_link\">Llibres de 6\u00e8.<\/a><\/li>\n<\/ul>\n<p>Educaci\u00f3 infantil:<\/p>\n<ul>\n<li><a href=\"https:\/\/drive.google.com\/file\/d\/1DTKDgAbWKpk1KHvUm7rGpGD5hGrNQNP5\/view?usp=sharing\">I3<\/a><\/li>\n<li><a href=\"https:\/\/drive.google.com\/file\/d\/1DTKDgAbWKpk1KHvUm7rGpGD5hGrNQNP5\/view?usp=sharing\">I4<\/a><\/li>\n<li><a href=\"https:\/\/drive.google.com\/file\/d\/1DTKDgAbWKpk1KHvUm7rGpGD5hGrNQNP5\/view?usp=sharing\">I5<\/a><\/li>\n<\/ul>\n<p>&nbsp;<\/p>\n<p>&nbsp;<\/p>\n","protected":false},"excerpt":{"rendered":"<p>El material escolar el tenim socialitzat per tal d&#8217;aprendre a compartir-lo, a fer un bon \u00fas i a respectar tot all\u00f2 que \u00e9s com\u00fa per a tots.\u00a0 Les nostres fam\u00edlies fan una aportaci\u00f3 de 80 \u20ac per curs. Amb aquests diners comprem tot all\u00f2 que&hellip;  <a href=\"https:\/\/agora.xtec.cat\/esclesciencies\/lescola\/material-escolar\/\" title=\"Read Llibres i material escolar\">Llegeix m\u00e9s\u00bb<\/a><\/p>\n","protected":false},"author":1,"featured_media":0,"parent":22,"menu_order":60,"comment_status":"closed","ping_status":"closed","template":"page-templates\/side-menu.php","meta":{"_bbp_topic_count":0,"_bbp_reply_count":0,"_bbp_total_topic_count":0,"_bbp_total_reply_count":0,"_bbp_voice_count":0,"_bbp_anonymous_reply_count":0,"_bbp_topic_count_hidden":0,"_bbp_reply_count_hidden":0,"_bbp_forum_subforum_count":0,"footnotes":""},"class_list":["post-36","page","type-page","status-publish","hentry"],"post_mailing_queue_ids":[],"_links":{"self":[{"href":"https:\/\/agora.xtec.cat\/esclesciencies\/wp-json\/wp\/v2\/pages\/36","targetHints":{"allow":["GET"]}}],"collection":[{"href":"https:\/\/agora.xtec.cat\/esclesciencies\/wp-json\/wp\/v2\/pages"}],"about":[{"href":"https:\/\/agora.xtec.cat\/esclesciencies\/wp-json\/wp\/v2\/types\/page"}],"author":[{"embeddable":true,"href":"https:\/\/agora.xtec.cat\/esclesciencies\/wp-json\/wp\/v2\/users\/1"}],"replies":[{"embeddable":true,"href":"https:\/\/agora.xtec.cat\/esclesciencies\/wp-json\/wp\/v2\/comments?post=36"}],"version-history":[{"count":5,"href":"https:\/\/agora.xtec.cat\/esclesciencies\/wp-json\/wp\/v2\/pages\/36\/revisions"}],"predecessor-version":[{"id":6831,"href":"https:\/\/agora.xtec.cat\/esclesciencies\/wp-json\/wp\/v2\/pages\/36\/revisions\/6831"}],"up":[{"embeddable":true,"href":"https:\/\/agora.xtec.cat\/esclesciencies\/wp-json\/wp\/v2\/pages\/22"}],"wp:attachment":[{"href":"https:\/\/agora.xtec.cat\/esclesciencies\/wp-json\/wp\/v2\/media?parent=36"}],"curies":[{"name":"wp","href":"https:\/\/api.w.org\/{rel}","templated":true}]}}