{"id":34,"date":"2014-09-18T12:32:18","date_gmt":"2014-09-18T11:32:18","guid":{"rendered":"http:\/\/agora.xtec.cat\/esclesciencies\/?page_id=34"},"modified":"2020-10-29T16:15:14","modified_gmt":"2020-10-29T15:15:14","slug":"oferta-educativa","status":"publish","type":"page","link":"https:\/\/agora.xtec.cat\/esclesciencies\/lescola\/oferta-educativa\/","title":{"rendered":"Oferta educativa"},"content":{"rendered":"<p>La nostra escola ofereix escolaritzaci\u00f3 per a nens i nenes d&#8217;Educaci\u00f3 Infantil i Prim\u00e0ria \u00e9s a dir, per a\u00a0infants dels 3 fins als 11 anys.<\/p>\n<p>En acabar l&#8217;etapa de prim\u00e0ria el nostre alumnat t\u00e9 com a centres d&#8217;Educaci\u00f3 Secund\u00e0ria adscrits l&#8217;IES \u201cIsaac Alb\u00e9niz\u201d, \u201cPompeu Fabra\u201d i &#8220;La Riera&#8221;, per continuar els seus estudis fins a 2n de Batxillerat.<\/p>\n<p>&nbsp;<\/p>\n","protected":false},"excerpt":{"rendered":"<p>La nostra escola ofereix escolaritzaci\u00f3 per a nens i nenes d&#8217;Educaci\u00f3 Infantil i Prim\u00e0ria \u00e9s a dir, per a\u00a0infants dels 3 fins als 11 anys.<br \/>\nEn acabar l&#8217;etapa de prim\u00e0ria el nostre alumnat t\u00e9 com a centres d&#8217;Educaci\u00f3 Secund\u00e0ria adscrits l&#8217;IES \u201cIsaac Alb\u00e9niz\u201d, \u201cPompeu Fabra\u201d i&hellip;  <a href=\"https:\/\/agora.xtec.cat\/esclesciencies\/lescola\/oferta-educativa\/\" title=\"Read Oferta educativa\">Llegeix m\u00e9s\u00bb<\/a><\/p>\n","protected":false},"author":1,"featured_media":0,"parent":22,"menu_order":50,"comment_status":"closed","ping_status":"closed","template":"page-templates\/side-menu.php","meta":{"_bbp_topic_count":0,"_bbp_reply_count":0,"_bbp_total_topic_count":0,"_bbp_total_reply_count":0,"_bbp_voice_count":0,"_bbp_anonymous_reply_count":0,"_bbp_topic_count_hidden":0,"_bbp_reply_count_hidden":0,"_bbp_forum_subforum_count":0,"footnotes":""},"class_list":["post-34","page","type-page","status-publish","hentry"],"post_mailing_queue_ids":[],"_links":{"self":[{"href":"https:\/\/agora.xtec.cat\/esclesciencies\/wp-json\/wp\/v2\/pages\/34","targetHints":{"allow":["GET"]}}],"collection":[{"href":"https:\/\/agora.xtec.cat\/esclesciencies\/wp-json\/wp\/v2\/pages"}],"about":[{"href":"https:\/\/agora.xtec.cat\/esclesciencies\/wp-json\/wp\/v2\/types\/page"}],"author":[{"embeddable":true,"href":"https:\/\/agora.xtec.cat\/esclesciencies\/wp-json\/wp\/v2\/users\/1"}],"replies":[{"embeddable":true,"href":"https:\/\/agora.xtec.cat\/esclesciencies\/wp-json\/wp\/v2\/comments?post=34"}],"version-history":[{"count":4,"href":"https:\/\/agora.xtec.cat\/esclesciencies\/wp-json\/wp\/v2\/pages\/34\/revisions"}],"predecessor-version":[{"id":4916,"href":"https:\/\/agora.xtec.cat\/esclesciencies\/wp-json\/wp\/v2\/pages\/34\/revisions\/4916"}],"up":[{"embeddable":true,"href":"https:\/\/agora.xtec.cat\/esclesciencies\/wp-json\/wp\/v2\/pages\/22"}],"wp:attachment":[{"href":"https:\/\/agora.xtec.cat\/esclesciencies\/wp-json\/wp\/v2\/media?parent=34"}],"curies":[{"name":"wp","href":"https:\/\/api.w.org\/{rel}","templated":true}]}}