{"id":32,"date":"2014-09-18T12:31:33","date_gmt":"2014-09-18T11:31:33","guid":{"rendered":"http:\/\/agora.xtec.cat\/esclesciencies\/?page_id=32"},"modified":"2026-03-05T10:24:08","modified_gmt":"2026-03-05T09:24:08","slug":"calendari-del-curs","status":"publish","type":"page","link":"https:\/\/agora.xtec.cat\/esclesciencies\/lescola\/calendari-del-curs\/","title":{"rendered":"Calendari del curs"},"content":{"rendered":"<p><span style=\"font-weight: 400;\">El calendari del <a href=\"https:\/\/drive.google.com\/file\/d\/1KT7e7DniIOV7y0Sl1b-hIll9ffpJ0rP-\/view?usp=sharing\">curs escolar 2025-2026<\/a> compr\u00e8n el per\u00edode que va des de l&#8217;1 de setembre de 2025 fins al 31 d&#8217;agost de 2026.\u00a0<\/span><\/p>\n<p><span style=\"font-weight: 400;\">En el segon cicle d&#8217;educaci\u00f3 infantil i l&#8217;educaci\u00f3 prim\u00e0ria, les classes han de comen\u00e7ar el dia 8 de setembre de 2025 i finalitzaran el 19 de juny de 2026.\u00a0<\/span><\/p>\n<p>L&#8217;horari escolar \u00e9s de 9 a 12:30h i de 15 a 16:30h.<\/p>\n<p><b>Vacances escolars i dies festius <\/b><\/p>\n<p><span style=\"font-weight: 400;\">Tenen la consideraci\u00f3 de per\u00edode de vacances escolars: Curs 2025-26.<\/span><\/p>\n<p><span style=\"font-weight: 400;\">Nadal:<\/span><span style=\"font-weight: 400;\"> del 20 de desembre de 2025 al 7 de gener de 2026, ambd\u00f3s inclosos.<\/span><\/p>\n<p><span style=\"font-weight: 400;\">Setmana Santa<\/span><span style=\"font-weight: 400;\">: del 28 de mar\u00e7 al 6 d&#8217;abril de 2026, ambd\u00f3s inclosos.<\/span><\/p>\n<p><b>Dies de festa local: <\/b><\/p>\n<ul>\n<li>11 de maig de 2026<\/li>\n<li>25 de maig de 2026<\/li>\n<\/ul>\n<p>Dies<b> festius de lliure disposici\u00f3<\/b><span style=\"font-weight: 400;\">:<\/span><\/p>\n<ul>\n<li style=\"font-weight: 400;\" aria-level=\"1\"><span style=\"font-weight: 400;\">3 de novembre de 2025<\/span><\/li>\n<li style=\"font-weight: 400;\" aria-level=\"1\"><span style=\"font-weight: 400;\">5 de desembre de 2025\u00a0\u00a0<\/span><\/li>\n<li style=\"font-weight: 400;\" aria-level=\"1\"><span style=\"font-weight: 400;\">16 de febrer de 2026\u00a0\u00a0<\/span><\/li>\n<li style=\"font-weight: 400;\" aria-level=\"1\"><span style=\"font-weight: 400;\">30 d&#8217;abril de 2026<\/span><\/li>\n<\/ul>\n<p><span style=\"font-weight: 400;\">Jornada intensiva el dia 19 de desembre de 2025 i del dia 8 al 19 de juny de 2026<\/span><\/p>\n<p>&nbsp;<\/p>\n<p>&nbsp;<\/p>\n","protected":false},"excerpt":{"rendered":"<p>El calendari del <a href=\"https:\/\/drive.google.com\/file\/d\/1KT7e7DniIOV7y0Sl1b-hIll9ffpJ0rP-\/view?usp=sharing\">curs escolar 2025-2026<\/a> compr\u00e8n el per\u00edode que va des de l&#8217;1 de setembre de 2025 fins al 31 d&#8217;agost de 2026.\u00a0<br \/>\nEn el segon cicle d&#8217;educaci\u00f3 infantil i l&#8217;educaci\u00f3 prim\u00e0ria, les classes han de comen\u00e7ar el dia 8 de setembre de 2025&hellip;  <a href=\"https:\/\/agora.xtec.cat\/esclesciencies\/lescola\/calendari-del-curs\/\" title=\"Read Calendari del curs\">Llegeix m\u00e9s\u00bb<\/a><\/p>\n","protected":false},"author":1,"featured_media":0,"parent":22,"menu_order":40,"comment_status":"closed","ping_status":"closed","template":"page-templates\/side-menu.php","meta":{"_bbp_topic_count":0,"_bbp_reply_count":0,"_bbp_total_topic_count":0,"_bbp_total_reply_count":0,"_bbp_voice_count":0,"_bbp_anonymous_reply_count":0,"_bbp_topic_count_hidden":0,"_bbp_reply_count_hidden":0,"_bbp_forum_subforum_count":0,"footnotes":""},"class_list":["post-32","page","type-page","status-publish","hentry"],"post_mailing_queue_ids":[],"_links":{"self":[{"href":"https:\/\/agora.xtec.cat\/esclesciencies\/wp-json\/wp\/v2\/pages\/32","targetHints":{"allow":["GET"]}}],"collection":[{"href":"https:\/\/agora.xtec.cat\/esclesciencies\/wp-json\/wp\/v2\/pages"}],"about":[{"href":"https:\/\/agora.xtec.cat\/esclesciencies\/wp-json\/wp\/v2\/types\/page"}],"author":[{"embeddable":true,"href":"https:\/\/agora.xtec.cat\/esclesciencies\/wp-json\/wp\/v2\/users\/1"}],"replies":[{"embeddable":true,"href":"https:\/\/agora.xtec.cat\/esclesciencies\/wp-json\/wp\/v2\/comments?post=32"}],"version-history":[{"count":7,"href":"https:\/\/agora.xtec.cat\/esclesciencies\/wp-json\/wp\/v2\/pages\/32\/revisions"}],"predecessor-version":[{"id":6996,"href":"https:\/\/agora.xtec.cat\/esclesciencies\/wp-json\/wp\/v2\/pages\/32\/revisions\/6996"}],"up":[{"embeddable":true,"href":"https:\/\/agora.xtec.cat\/esclesciencies\/wp-json\/wp\/v2\/pages\/22"}],"wp:attachment":[{"href":"https:\/\/agora.xtec.cat\/esclesciencies\/wp-json\/wp\/v2\/media?parent=32"}],"curies":[{"name":"wp","href":"https:\/\/api.w.org\/{rel}","templated":true}]}}