{"id":30,"date":"2014-09-18T12:30:23","date_gmt":"2014-09-18T11:30:23","guid":{"rendered":"http:\/\/agora.xtec.cat\/esclesciencies\/?page_id=30"},"modified":"2018-02-20T10:40:52","modified_gmt":"2018-02-20T09:40:52","slug":"instal%c2%b7lacions","status":"publish","type":"page","link":"https:\/\/agora.xtec.cat\/esclesciencies\/lescola\/instal%c2%b7lacions\/","title":{"rendered":"Instal\u00b7lacions"},"content":{"rendered":"<p style=\"text-align: left;\">L&#8217;edifici de l&#8217;escola t\u00e9 dues plantes. A la planta baixa hi trobem les aules d&#8217;educaci\u00f3 infantil, l&#8217;aula de psicomotricitat, la zona de despatxos, la biblioteca, el despatx de l&#8217;Ampa, el menjador i la cuina. A la primera planta estan totes les aules d&#8217;Educaci\u00f3 Prim\u00e0ria, la sala de mestres, l&#8217;aula de m\u00fasica, l&#8217;aula d&#8217;Educaci\u00f3 Especial, aules complement\u00e0ries i tutories. El centre tamb\u00e9 t\u00e9 un gimn\u00e0s amb vestidors i dutxes i una \u00e0mplia zona d&#8217;esbarjo amb pistes esportives, zona verda amb plantes arom\u00e0tiques, hort i sorral.<\/p>\n<p><iframe loading=\"lazy\" src=\"https:\/\/www.youtube.com\/embed\/_FrtQrICBNA\" width=\"560\" height=\"315\" frameborder=\"0\" allowfullscreen=\"allowfullscreen\"><\/iframe><\/p>\n","protected":false},"excerpt":{"rendered":"<p>L&#8217;edifici de l&#8217;escola t\u00e9 dues plantes. A la planta baixa hi trobem les aules d&#8217;educaci\u00f3 infantil, l&#8217;aula de psicomotricitat, la zona de despatxos, la biblioteca, el despatx de l&#8217;Ampa, el menjador i la cuina. A la primera planta estan totes les aules d&#8217;Educaci\u00f3 Prim\u00e0ria, la&hellip;  <a href=\"https:\/\/agora.xtec.cat\/esclesciencies\/lescola\/instal%c2%b7lacions\/\" title=\"Read Instal\u00b7lacions\">Llegeix m\u00e9s\u00bb<\/a><\/p>\n","protected":false},"author":1,"featured_media":0,"parent":22,"menu_order":70,"comment_status":"closed","ping_status":"closed","template":"page-templates\/side-menu.php","meta":{"_bbp_topic_count":0,"_bbp_reply_count":0,"_bbp_total_topic_count":0,"_bbp_total_reply_count":0,"_bbp_voice_count":0,"_bbp_anonymous_reply_count":0,"_bbp_topic_count_hidden":0,"_bbp_reply_count_hidden":0,"_bbp_forum_subforum_count":0,"footnotes":""},"class_list":["post-30","page","type-page","status-publish","hentry"],"post_mailing_queue_ids":[],"_links":{"self":[{"href":"https:\/\/agora.xtec.cat\/esclesciencies\/wp-json\/wp\/v2\/pages\/30","targetHints":{"allow":["GET"]}}],"collection":[{"href":"https:\/\/agora.xtec.cat\/esclesciencies\/wp-json\/wp\/v2\/pages"}],"about":[{"href":"https:\/\/agora.xtec.cat\/esclesciencies\/wp-json\/wp\/v2\/types\/page"}],"author":[{"embeddable":true,"href":"https:\/\/agora.xtec.cat\/esclesciencies\/wp-json\/wp\/v2\/users\/1"}],"replies":[{"embeddable":true,"href":"https:\/\/agora.xtec.cat\/esclesciencies\/wp-json\/wp\/v2\/comments?post=30"}],"version-history":[{"count":3,"href":"https:\/\/agora.xtec.cat\/esclesciencies\/wp-json\/wp\/v2\/pages\/30\/revisions"}],"predecessor-version":[{"id":2172,"href":"https:\/\/agora.xtec.cat\/esclesciencies\/wp-json\/wp\/v2\/pages\/30\/revisions\/2172"}],"up":[{"embeddable":true,"href":"https:\/\/agora.xtec.cat\/esclesciencies\/wp-json\/wp\/v2\/pages\/22"}],"wp:attachment":[{"href":"https:\/\/agora.xtec.cat\/esclesciencies\/wp-json\/wp\/v2\/media?parent=30"}],"curies":[{"name":"wp","href":"https:\/\/api.w.org\/{rel}","templated":true}]}}