{"id":34,"date":"2014-09-18T12:32:18","date_gmt":"2014-09-18T11:32:18","guid":{"rendered":"http:\/\/agora.xtec.cat\/esclesarrels-mollerussa\/?page_id=34"},"modified":"2023-02-20T10:44:58","modified_gmt":"2023-02-20T09:44:58","slug":"oferta-educativa","status":"publish","type":"page","link":"https:\/\/agora.xtec.cat\/esclesarrels-mollerussa\/oferta-educativa\/","title":{"rendered":"Oferta educativa"},"content":{"rendered":"<p>L&#8217;escola p\u00fablica Les Arrels ofereix <strong>Educaci\u00f3 Infantil<\/strong>, \u00e9s a dir, els nivells que anomenem I<strong>3, I4 i I5<\/strong>. Els nens i nenes poden comen\u00e7ar a I3 el mateix any que compleixen els tres anys.<\/p>\n<p>Quan s&#8217;acaba I5 (5anys) comencen l&#8217;etapa d&#8217;<strong>Educaci\u00f3 Prim\u00e0ria<\/strong>, ensenyament obligatori per a les fam\u00edlies. Es pot cursar des de <strong>1r fins a 6\u00e8<\/strong>. La nostra escola \u00e9s essencialment d&#8217;una l\u00ednia (un grup per nivell) tot i que, per necessitats de matr\u00edcula al municipi, hi hagut anys que hem comptat amb doble l\u00ednia a diferents nivells.<\/p>\n<p>A banda de l&#8217;oferta educativa p\u00fablica i gratu\u00efta, l&#8217;escola \u00e9s oberta a partir de les 7.45 tenint l&#8217;oportunitat de gaudir de l&#8217;acollida matinal organitzada per l&#8217;AMPA.<\/p>\n","protected":false},"excerpt":{"rendered":"<p>L&#8217;escola p\u00fablica Les Arrels ofereix Educaci\u00f3 Infantil, \u00e9s a dir, els nivells que anomenem I3, I4 i I5. Els nens i nenes poden comen\u00e7ar a I3 el mateix any que compleixen els tres anys.<br \/>\nQuan s&#8217;acaba I5 (5anys) comencen l&#8217;etapa d&#8217;Educaci\u00f3 Prim\u00e0ria, ensenyament obligatori per a&hellip;  <a href=\"https:\/\/agora.xtec.cat\/esclesarrels-mollerussa\/oferta-educativa\/\" title=\"Read Oferta educativa\">Llegeix m\u00e9s\u00bb<\/a><\/p>\n","protected":false},"author":1,"featured_media":0,"parent":0,"menu_order":60,"comment_status":"closed","ping_status":"closed","template":"page-templates\/side-menu.php","meta":{"_bbp_topic_count":0,"_bbp_reply_count":0,"_bbp_total_topic_count":0,"_bbp_total_reply_count":0,"_bbp_voice_count":0,"_bbp_anonymous_reply_count":0,"_bbp_topic_count_hidden":0,"_bbp_reply_count_hidden":0,"_bbp_forum_subforum_count":0,"footnotes":""},"class_list":["post-34","page","type-page","status-publish","hentry"],"post_mailing_queue_ids":[],"_links":{"self":[{"href":"https:\/\/agora.xtec.cat\/esclesarrels-mollerussa\/wp-json\/wp\/v2\/pages\/34","targetHints":{"allow":["GET"]}}],"collection":[{"href":"https:\/\/agora.xtec.cat\/esclesarrels-mollerussa\/wp-json\/wp\/v2\/pages"}],"about":[{"href":"https:\/\/agora.xtec.cat\/esclesarrels-mollerussa\/wp-json\/wp\/v2\/types\/page"}],"author":[{"embeddable":true,"href":"https:\/\/agora.xtec.cat\/esclesarrels-mollerussa\/wp-json\/wp\/v2\/users\/1"}],"replies":[{"embeddable":true,"href":"https:\/\/agora.xtec.cat\/esclesarrels-mollerussa\/wp-json\/wp\/v2\/comments?post=34"}],"version-history":[{"count":4,"href":"https:\/\/agora.xtec.cat\/esclesarrels-mollerussa\/wp-json\/wp\/v2\/pages\/34\/revisions"}],"predecessor-version":[{"id":9615,"href":"https:\/\/agora.xtec.cat\/esclesarrels-mollerussa\/wp-json\/wp\/v2\/pages\/34\/revisions\/9615"}],"wp:attachment":[{"href":"https:\/\/agora.xtec.cat\/esclesarrels-mollerussa\/wp-json\/wp\/v2\/media?parent=34"}],"curies":[{"name":"wp","href":"https:\/\/api.w.org\/{rel}","templated":true}]}}