{"id":498,"date":"2015-08-26T10:48:59","date_gmt":"2015-08-26T08:48:59","guid":{"rendered":"http:\/\/escolalarrabassada.cat\/?page_id=498"},"modified":"2025-08-01T07:32:48","modified_gmt":"2025-08-01T05:32:48","slug":"pec","status":"publish","type":"page","link":"https:\/\/agora.xtec.cat\/esclarrabassada\/pec\/","title":{"rendered":"PEC"},"content":{"rendered":"\n<p><strong>PROJECTE EDUCATIU DE CENTRE<\/strong><\/p>\n\n\n\n<p>\u00c9s la m\u00e0xima expressi\u00f3 de l&#8217;autonomia dels centres educatius, recull la identitat del centre, n&#8217;explica els objectius, n&#8217;orienta l&#8217;activitat i hi d\u00f3na sentit amb la finalitat que els alumnes assoleixin les compet\u00e8ncies b\u00e0siques i el m\u00e0xim aprofitament educatiu.<\/p>\n\n\n\n<h3 class=\"wp-block-heading has-text-align-center\"><iframe loading=\"lazy\" src=\"https:\/\/cdn.flipsnack.com\/widget\/v2\/widget.html?hash=fvc3y3mko\" width=\"100%\" height=\"700\" frameborder=\"0\"><\/iframe><\/h3>\n","protected":false},"excerpt":{"rendered":"<p>PROJECTE EDUCATIU DE CENTRE \u00c9s la m\u00e0xima expressi\u00f3 de l&#8217;autonomia dels centres educatius, recull la identitat del centre, n&#8217;explica els objectius, n&#8217;orienta l&#8217;activitat i hi d\u00f3na sentit amb la finalitat que els alumnes assoleixin les compet\u00e8ncies b\u00e0siques i el m\u00e0xim aprofitament educatiu.<\/p>\n","protected":false},"author":1,"featured_media":0,"parent":0,"menu_order":0,"comment_status":"closed","ping_status":"closed","template":"","meta":{"_bbp_topic_count":0,"_bbp_reply_count":0,"_bbp_total_topic_count":0,"_bbp_total_reply_count":0,"_bbp_voice_count":0,"_bbp_anonymous_reply_count":0,"_bbp_topic_count_hidden":0,"_bbp_reply_count_hidden":0,"_bbp_forum_subforum_count":0,"site-sidebar-layout":"default","site-content-layout":"","ast-site-content-layout":"default","site-content-style":"default","site-sidebar-style":"default","ast-global-header-display":"","ast-banner-title-visibility":"","ast-main-header-display":"","ast-hfb-above-header-display":"","ast-hfb-below-header-display":"","ast-hfb-mobile-header-display":"","site-post-title":"","ast-breadcrumbs-content":"","ast-featured-img":"","footer-sml-layout":"","theme-transparent-header-meta":"","adv-header-id-meta":"","stick-header-meta":"","header-above-stick-meta":"","header-main-stick-meta":"","header-below-stick-meta":"","astra-migrate-meta-layouts":"set","ast-page-background-enabled":"default","ast-page-background-meta":{"desktop":{"background-color":"var(--ast-global-color-4)","background-image":"","background-repeat":"repeat","background-position":"center center","background-size":"auto","background-attachment":"scroll","background-type":"","background-media":"","overlay-type":"","overlay-color":"","overlay-opacity":"","overlay-gradient":""},"tablet":{"background-color":"","background-image":"","background-repeat":"repeat","background-position":"center center","background-size":"auto","background-attachment":"scroll","background-type":"","background-media":"","overlay-type":"","overlay-color":"","overlay-opacity":"","overlay-gradient":""},"mobile":{"background-color":"","background-image":"","background-repeat":"repeat","background-position":"center center","background-size":"auto","background-attachment":"scroll","background-type":"","background-media":"","overlay-type":"","overlay-color":"","overlay-opacity":"","overlay-gradient":""}},"ast-content-background-meta":{"desktop":{"background-color":"var(--ast-global-color-5)","background-image":"","background-repeat":"repeat","background-position":"center center","background-size":"auto","background-attachment":"scroll","background-type":"","background-media":"","overlay-type":"","overlay-color":"","overlay-opacity":"","overlay-gradient":""},"tablet":{"background-color":"var(--ast-global-color-5)","background-image":"","background-repeat":"repeat","background-position":"center center","background-size":"auto","background-attachment":"scroll","background-type":"","background-media":"","overlay-type":"","overlay-color":"","overlay-opacity":"","overlay-gradient":""},"mobile":{"background-color":"var(--ast-global-color-5)","background-image":"","background-repeat":"repeat","background-position":"center center","background-size":"auto","background-attachment":"scroll","background-type":"","background-media":"","overlay-type":"","overlay-color":"","overlay-opacity":"","overlay-gradient":""}},"footnotes":""},"class_list":["post-498","page","type-page","status-publish","hentry"],"post_mailing_queue_ids":[],"_links":{"self":[{"href":"https:\/\/agora.xtec.cat\/esclarrabassada\/wp-json\/wp\/v2\/pages\/498","targetHints":{"allow":["GET"]}}],"collection":[{"href":"https:\/\/agora.xtec.cat\/esclarrabassada\/wp-json\/wp\/v2\/pages"}],"about":[{"href":"https:\/\/agora.xtec.cat\/esclarrabassada\/wp-json\/wp\/v2\/types\/page"}],"author":[{"embeddable":true,"href":"https:\/\/agora.xtec.cat\/esclarrabassada\/wp-json\/wp\/v2\/users\/1"}],"replies":[{"embeddable":true,"href":"https:\/\/agora.xtec.cat\/esclarrabassada\/wp-json\/wp\/v2\/comments?post=498"}],"version-history":[{"count":4,"href":"https:\/\/agora.xtec.cat\/esclarrabassada\/wp-json\/wp\/v2\/pages\/498\/revisions"}],"predecessor-version":[{"id":25154,"href":"https:\/\/agora.xtec.cat\/esclarrabassada\/wp-json\/wp\/v2\/pages\/498\/revisions\/25154"}],"wp:attachment":[{"href":"https:\/\/agora.xtec.cat\/esclarrabassada\/wp-json\/wp\/v2\/media?parent=498"}],"curies":[{"name":"wp","href":"https:\/\/api.w.org\/{rel}","templated":true}]}}