{"id":495,"date":"2015-08-26T10:41:12","date_gmt":"2015-08-26T08:41:12","guid":{"rendered":"http:\/\/escolalarrabassada.cat\/?page_id=495"},"modified":"2025-08-02T07:37:49","modified_gmt":"2025-08-02T05:37:49","slug":"escola","status":"publish","type":"page","link":"https:\/\/agora.xtec.cat\/esclarrabassada\/escola\/","title":{"rendered":"Escola"},"content":{"rendered":"\n<p>L&#8217;institut escola l&#8217;Arrabassada inicia la seva activitat el curs 2007\/08 en un solar de la partida dels Cossis cedit per l&#8217;ajuntament.<br>En l&#8217;actualitat les etapes d&#8217;infantil i prim\u00e0ria es troben a l&#8217;edifici nou al carrer Merc\u00e8 Rodoreda dins el barri de la Vall de l&#8217;Arrabassada.<\/p>\n\n\n\n<figure class=\"wp-block-image size-large\"><a href=\"https:\/\/agora.xtec.cat\/esclarrabassada\/wp-content\/uploads\/usu1694\/2025\/07\/escola4.jpeg\"><img loading=\"lazy\" decoding=\"async\" width=\"1024\" height=\"385\" src=\"https:\/\/agora.xtec.cat\/esclarrabassada\/wp-content\/uploads\/usu1694\/2025\/07\/escola4-1024x385.jpeg\" alt=\"\" class=\"wp-image-25112\" srcset=\"https:\/\/agora.xtec.cat\/esclarrabassada\/wp-content\/uploads\/usu1694\/2025\/07\/escola4-1024x385.jpeg 1024w, https:\/\/agora.xtec.cat\/esclarrabassada\/wp-content\/uploads\/usu1694\/2025\/07\/escola4-300x113.jpeg 300w, https:\/\/agora.xtec.cat\/esclarrabassada\/wp-content\/uploads\/usu1694\/2025\/07\/escola4-768x289.jpeg 768w, https:\/\/agora.xtec.cat\/esclarrabassada\/wp-content\/uploads\/usu1694\/2025\/07\/escola4.jpeg 1200w\" sizes=\"auto, (max-width: 1024px) 100vw, 1024px\" \/><\/a><\/figure>\n\n\n\n<p>L&#8217;etapa de secund\u00e0ria es troba en l&#8217;antiga seu, als m\u00f2duls prefabricats del carrer Carles Babot i Boixeda.<\/p>\n\n\n\n<figure class=\"wp-block-image size-full\"><a href=\"https:\/\/agora.xtec.cat\/esclarrabassada\/wp-content\/uploads\/usu1694\/2025\/07\/escola2.jpeg\"><img loading=\"lazy\" decoding=\"async\" width=\"976\" height=\"451\" src=\"https:\/\/agora.xtec.cat\/esclarrabassada\/wp-content\/uploads\/usu1694\/2025\/07\/escola2.jpeg\" alt=\"\" class=\"wp-image-25111\" srcset=\"https:\/\/agora.xtec.cat\/esclarrabassada\/wp-content\/uploads\/usu1694\/2025\/07\/escola2.jpeg 976w, https:\/\/agora.xtec.cat\/esclarrabassada\/wp-content\/uploads\/usu1694\/2025\/07\/escola2-300x139.jpeg 300w, https:\/\/agora.xtec.cat\/esclarrabassada\/wp-content\/uploads\/usu1694\/2025\/07\/escola2-768x355.jpeg 768w\" sizes=\"auto, (max-width: 976px) 100vw, 976px\" \/><\/a><\/figure>\n\n\n\n<div class=\"wp-block-columns has-background is-layout-flex wp-container-core-columns-is-layout-1 wp-block-columns-is-layout-flex\" style=\"background-color:#cfe8f3\">\n<div class=\"wp-block-column is-layout-flow wp-block-column-is-layout-flow\">\n<figure class=\"wp-block-image size-full\"><a href=\"https:\/\/youtu.be\/nnO-aILko_4\" target=\"_blank\" rel=\" noreferrer noopener\"><img loading=\"lazy\" decoding=\"async\" width=\"150\" height=\"150\" src=\"https:\/\/agora.xtec.cat\/esclarrabassada\/wp-content\/uploads\/usu1694\/2025\/08\/10anys-1-150x150-1.png\" alt=\"\" class=\"wp-image-25295\"\/><\/a><\/figure>\n<\/div>\n\n\n\n<div class=\"wp-block-column is-layout-flow wp-block-column-is-layout-flow\">\n<figure class=\"wp-block-image size-full\"><a href=\"https:\/\/drive.google.com\/file\/d\/107-WvL-3sMBGfkHLB-gjbvCs3gFd4Jy1\/view?usp=sharing\" target=\"_blank\" rel=\"15 anys d'escola\"><img loading=\"lazy\" decoding=\"async\" width=\"150\" height=\"150\" src=\"https:\/\/agora.xtec.cat\/esclarrabassada\/wp-content\/uploads\/usu1694\/2025\/08\/15anys-150x150-1.png\" alt=\"\" class=\"wp-image-25299\"\/><\/a><\/figure>\n<\/div>\n\n\n\n<div class=\"wp-block-column is-layout-flow wp-block-column-is-layout-flow\"><\/div>\n\n\n\n<div class=\"wp-block-column is-layout-flow wp-block-column-is-layout-flow\"><\/div>\n\n\n\n<div class=\"wp-block-column is-layout-flow wp-block-column-is-layout-flow\"><\/div>\n\n\n\n<div class=\"wp-block-column is-layout-flow wp-block-column-is-layout-flow\"><\/div>\n<\/div>\n","protected":false},"excerpt":{"rendered":"<p>L&#8217;institut escola l&#8217;Arrabassada inicia la seva activitat el curs 2007\/08 en un solar de la partida dels Cossis cedit per l&#8217;ajuntament.En l&#8217;actualitat les etapes d&#8217;infantil i prim\u00e0ria es troben a l&#8217;edifici nou al carrer Merc\u00e8 Rodoreda dins el barri de la Vall de l&#8217;Arrabassada. L&#8217;etapa de secund\u00e0ria es troba en l&#8217;antiga seu, als m\u00f2duls prefabricats [&hellip;]<\/p>\n","protected":false},"author":1,"featured_media":0,"parent":0,"menu_order":0,"comment_status":"closed","ping_status":"closed","template":"","meta":{"_bbp_topic_count":0,"_bbp_reply_count":0,"_bbp_total_topic_count":0,"_bbp_total_reply_count":0,"_bbp_voice_count":0,"_bbp_anonymous_reply_count":0,"_bbp_topic_count_hidden":0,"_bbp_reply_count_hidden":0,"_bbp_forum_subforum_count":0,"site-sidebar-layout":"default","site-content-layout":"","ast-site-content-layout":"default","site-content-style":"default","site-sidebar-style":"default","ast-global-header-display":"","ast-banner-title-visibility":"","ast-main-header-display":"","ast-hfb-above-header-display":"","ast-hfb-below-header-display":"","ast-hfb-mobile-header-display":"","site-post-title":"","ast-breadcrumbs-content":"","ast-featured-img":"","footer-sml-layout":"","theme-transparent-header-meta":"","adv-header-id-meta":"","stick-header-meta":"","header-above-stick-meta":"","header-main-stick-meta":"","header-below-stick-meta":"","astra-migrate-meta-layouts":"set","ast-page-background-enabled":"default","ast-page-background-meta":{"desktop":{"background-color":"var(--ast-global-color-4)","background-image":"","background-repeat":"repeat","background-position":"center center","background-size":"auto","background-attachment":"scroll","background-type":"","background-media":"","overlay-type":"","overlay-color":"","overlay-opacity":"","overlay-gradient":""},"tablet":{"background-color":"","background-image":"","background-repeat":"repeat","background-position":"center center","background-size":"auto","background-attachment":"scroll","background-type":"","background-media":"","overlay-type":"","overlay-color":"","overlay-opacity":"","overlay-gradient":""},"mobile":{"background-color":"","background-image":"","background-repeat":"repeat","background-position":"center center","background-size":"auto","background-attachment":"scroll","background-type":"","background-media":"","overlay-type":"","overlay-color":"","overlay-opacity":"","overlay-gradient":""}},"ast-content-background-meta":{"desktop":{"background-color":"var(--ast-global-color-5)","background-image":"","background-repeat":"repeat","background-position":"center center","background-size":"auto","background-attachment":"scroll","background-type":"","background-media":"","overlay-type":"","overlay-color":"","overlay-opacity":"","overlay-gradient":""},"tablet":{"background-color":"var(--ast-global-color-5)","background-image":"","background-repeat":"repeat","background-position":"center center","background-size":"auto","background-attachment":"scroll","background-type":"","background-media":"","overlay-type":"","overlay-color":"","overlay-opacity":"","overlay-gradient":""},"mobile":{"background-color":"var(--ast-global-color-5)","background-image":"","background-repeat":"repeat","background-position":"center center","background-size":"auto","background-attachment":"scroll","background-type":"","background-media":"","overlay-type":"","overlay-color":"","overlay-opacity":"","overlay-gradient":""}},"footnotes":""},"class_list":["post-495","page","type-page","status-publish","hentry"],"post_mailing_queue_ids":[],"_links":{"self":[{"href":"https:\/\/agora.xtec.cat\/esclarrabassada\/wp-json\/wp\/v2\/pages\/495","targetHints":{"allow":["GET"]}}],"collection":[{"href":"https:\/\/agora.xtec.cat\/esclarrabassada\/wp-json\/wp\/v2\/pages"}],"about":[{"href":"https:\/\/agora.xtec.cat\/esclarrabassada\/wp-json\/wp\/v2\/types\/page"}],"author":[{"embeddable":true,"href":"https:\/\/agora.xtec.cat\/esclarrabassada\/wp-json\/wp\/v2\/users\/1"}],"replies":[{"embeddable":true,"href":"https:\/\/agora.xtec.cat\/esclarrabassada\/wp-json\/wp\/v2\/comments?post=495"}],"version-history":[{"count":6,"href":"https:\/\/agora.xtec.cat\/esclarrabassada\/wp-json\/wp\/v2\/pages\/495\/revisions"}],"predecessor-version":[{"id":25302,"href":"https:\/\/agora.xtec.cat\/esclarrabassada\/wp-json\/wp\/v2\/pages\/495\/revisions\/25302"}],"wp:attachment":[{"href":"https:\/\/agora.xtec.cat\/esclarrabassada\/wp-json\/wp\/v2\/media?parent=495"}],"curies":[{"name":"wp","href":"https:\/\/api.w.org\/{rel}","templated":true}]}}