{"id":402,"date":"2015-07-10T09:55:56","date_gmt":"2015-07-10T07:55:56","guid":{"rendered":"http:\/\/escolalarrabassada.cat\/?page_id=402"},"modified":"2025-08-01T08:24:39","modified_gmt":"2025-08-01T06:24:39","slug":"que-es-lampa-2","status":"publish","type":"page","link":"https:\/\/agora.xtec.cat\/esclarrabassada\/que-es-lampa-2\/","title":{"rendered":"AFA"},"content":{"rendered":"\n<div class=\"wp-block-columns is-layout-flex wp-container-core-columns-is-layout-1 wp-block-columns-is-layout-flex\">\n<div class=\"wp-block-column is-layout-flow wp-container-core-column-is-layout-1 wp-block-column-is-layout-flow\" style=\"padding-top:0;padding-right:0;padding-bottom:0;padding-left:0;flex-basis:66.66%\">\n<h4 class=\"wp-block-heading has-text-align-right has-medium-font-size\"><span style=\"color: #000000;\"><b>Us donem la benvinguda a l&#8217;AFA de l&#8217;Institut escola l&#8217;Arrabassada<\/b><\/span>!<\/h4>\n<\/div>\n\n\n\n<div class=\"wp-block-column is-layout-flow wp-block-column-is-layout-flow\" style=\"flex-basis:33.33%\">\n<h4 class=\"wp-block-heading\"><span style=\"color: #000000;\"><figure><img loading=\"lazy\" decoding=\"async\" class=\"wp-image-6063 alignright\" src=\"http:\/\/agora.xtec.cat\/esclarrabassada\/wp-content\/uploads\/usu1694\/2015\/07\/banderola2-03.png\" alt=\"\" width=\"135\" height=\"77\" srcset=\"https:\/\/agora.xtec.cat\/esclarrabassada\/wp-content\/uploads\/usu1694\/2015\/07\/banderola2-03.png 465w, https:\/\/agora.xtec.cat\/esclarrabassada\/wp-content\/uploads\/usu1694\/2015\/07\/banderola2-03-300x172.png 300w\" sizes=\"auto, (max-width: 135px) 100vw, 135px\" \/><\/figure><\/span><\/h4>\n<\/div>\n<\/div>\n\n\n\n<p class=\"has-medium-font-size\">L&#8217;AFA disposa d&#8217;una plataforma de gesti\u00f3 anomenda &#8220;Miampa&#8221;. Cliqueu a <span style=\"color: #000000;\"><span style=\"color: #ff6600;\"><a style=\"color: #ff6600;\" href=\"https:\/\/afalarrabassada.miampa.com\/\"> <b>AFA<\/b><\/a><\/span><b> <\/b><\/span>per accedir-hi.<\/p>\n\n\n\n<p>Si \u00e9s la primera vegada que entreu us heu de registrar. En aquest <a href=\"https:\/\/drive.google.com\/file\/d\/1aCAwL_lD7_p293bji5PNUUIiUENb-1ux\/view\" data-type=\"link\" data-id=\"https:\/\/drive.google.com\/file\/d\/1aCAwL_lD7_p293bji5PNUUIiUENb-1ux\/view\" target=\"_blank\" rel=\"noreferrer noopener\"><strong>DOCUMENT<\/strong><\/a> trobareu els passos per registrar-vos i fer-vos socis.<\/p>\n\n\n\n<p>Una vegada us heu registrat tamb\u00e9 us podeu descarregar l&#8217;aplicaci\u00f3 m\u00f2bil: heu de buscar &#8220;miampa arrabassada&#8221; a les aplicacions de Google Plai (android) i App Store (iphone) i us apareixer\u00e0 el nostre logotip.<\/p>\n\n\n\n<h4 class=\"wp-block-heading has-medium-font-size\"><span style=\"color: #000000;\"><b>Us convidem a participar activament a la Comunitat Educativa i treballar per completar l&#8217;educaci\u00f3 dels nostres fills i filles a trav\u00e9s de serveis i activitats complement\u00e0ries a les impartides pel nostre centre escolar.<\/b><\/span><\/h4>\n\n\n\n<p class=\"has-medium-font-size\"><span style=\"color: #000000;\"><b>Volem agrair sincerament la col\u00b7laboraci\u00f3 de moltes fam\u00edlies de manera desinteressada, aix\u00ed com la fruct\u00edfera col\u00b7laboraci\u00f3 amb la direcci\u00f3 i l\u2019equip docent.<\/b><\/span><\/p>\n\n\n\n<h4 class=\"wp-block-heading has-medium-font-size\"><span style=\"color: #000000;\"><b>Us animem a ser part fonamental d&#8217;aquesta experi\u00e8ncia, per aix\u00ed sentir orgull de pert\u00e0nyer al nostre institut escola.<\/b><\/span><\/h4>\n\n\n\n<p>&nbsp;<\/p>\n\n\n\n<p class=\"has-medium-font-size\">Si voleu contactar amb nosaltres:<\/p>\n\n\n\n<div class=\"wp-block-columns is-layout-flex wp-container-core-columns-is-layout-2 wp-block-columns-is-layout-flex\">\n<div class=\"wp-block-column is-layout-flow wp-block-column-is-layout-flow\" style=\"flex-basis:33.33%\">\n<div class=\"wp-block-getwid-icon is-aligned-right\"><div class=\"wp-block-getwid-icon__wrapper has-text-color has-ast-global-color-0-color\" style=\"font-size:75px\"><i class=\"fas fa-at\"><\/i><\/div><\/div>\n<\/div>\n\n\n\n<div class=\"wp-block-column is-layout-flow wp-block-column-is-layout-flow\" style=\"flex-basis:66.66%\">\n<p class=\"has-ast-global-color-1-color has-text-color has-link-color has-medium-font-size wp-elements-4d1b63665476cb90b744d00293970324\"><strong>afalarrabassada@ielarrabassada.org<\/strong><\/p>\n<\/div>\n<\/div>\n\n\n\n<h4 class=\"wp-block-heading has-text-align-right has-small-font-size\">La <span style=\"color: #000000;\"><b>Junta de l&#8217;AFA<\/b><\/span><\/h4>\n\n\n\n<p><\/p>\n","protected":false},"excerpt":{"rendered":"<p>Us donem la benvinguda a l&#8217;AFA de l&#8217;Institut escola l&#8217;Arrabassada! L&#8217;AFA disposa d&#8217;una plataforma de gesti\u00f3 anomenda &#8220;Miampa&#8221;. Cliqueu a AFA per accedir-hi. Si \u00e9s la primera vegada que entreu us heu de registrar. En aquest DOCUMENT trobareu els passos per registrar-vos i fer-vos socis. Una vegada us heu registrat tamb\u00e9 us podeu descarregar l&#8217;aplicaci\u00f3 [&hellip;]<\/p>\n","protected":false},"author":1,"featured_media":0,"parent":0,"menu_order":0,"comment_status":"open","ping_status":"open","template":"","meta":{"_bbp_topic_count":0,"_bbp_reply_count":0,"_bbp_total_topic_count":0,"_bbp_total_reply_count":0,"_bbp_voice_count":0,"_bbp_anonymous_reply_count":0,"_bbp_topic_count_hidden":0,"_bbp_reply_count_hidden":0,"_bbp_forum_subforum_count":0,"site-sidebar-layout":"default","site-content-layout":"","ast-site-content-layout":"default","site-content-style":"default","site-sidebar-style":"default","ast-global-header-display":"","ast-banner-title-visibility":"","ast-main-header-display":"","ast-hfb-above-header-display":"","ast-hfb-below-header-display":"","ast-hfb-mobile-header-display":"","site-post-title":"","ast-breadcrumbs-content":"","ast-featured-img":"","footer-sml-layout":"","theme-transparent-header-meta":"","adv-header-id-meta":"","stick-header-meta":"","header-above-stick-meta":"","header-main-stick-meta":"","header-below-stick-meta":"","astra-migrate-meta-layouts":"set","ast-page-background-enabled":"default","ast-page-background-meta":{"desktop":{"background-color":"var(--ast-global-color-4)","background-image":"","background-repeat":"repeat","background-position":"center center","background-size":"auto","background-attachment":"scroll","background-type":"","background-media":"","overlay-type":"","overlay-color":"","overlay-opacity":"","overlay-gradient":""},"tablet":{"background-color":"","background-image":"","background-repeat":"repeat","background-position":"center center","background-size":"auto","background-attachment":"scroll","background-type":"","background-media":"","overlay-type":"","overlay-color":"","overlay-opacity":"","overlay-gradient":""},"mobile":{"background-color":"","background-image":"","background-repeat":"repeat","background-position":"center center","background-size":"auto","background-attachment":"scroll","background-type":"","background-media":"","overlay-type":"","overlay-color":"","overlay-opacity":"","overlay-gradient":""}},"ast-content-background-meta":{"desktop":{"background-color":"var(--ast-global-color-5)","background-image":"","background-repeat":"repeat","background-position":"center center","background-size":"auto","background-attachment":"scroll","background-type":"","background-media":"","overlay-type":"","overlay-color":"","overlay-opacity":"","overlay-gradient":""},"tablet":{"background-color":"var(--ast-global-color-5)","background-image":"","background-repeat":"repeat","background-position":"center center","background-size":"auto","background-attachment":"scroll","background-type":"","background-media":"","overlay-type":"","overlay-color":"","overlay-opacity":"","overlay-gradient":""},"mobile":{"background-color":"var(--ast-global-color-5)","background-image":"","background-repeat":"repeat","background-position":"center center","background-size":"auto","background-attachment":"scroll","background-type":"","background-media":"","overlay-type":"","overlay-color":"","overlay-opacity":"","overlay-gradient":""}},"footnotes":""},"class_list":["post-402","page","type-page","status-publish","hentry"],"post_mailing_queue_ids":[],"_links":{"self":[{"href":"https:\/\/agora.xtec.cat\/esclarrabassada\/wp-json\/wp\/v2\/pages\/402","targetHints":{"allow":["GET"]}}],"collection":[{"href":"https:\/\/agora.xtec.cat\/esclarrabassada\/wp-json\/wp\/v2\/pages"}],"about":[{"href":"https:\/\/agora.xtec.cat\/esclarrabassada\/wp-json\/wp\/v2\/types\/page"}],"author":[{"embeddable":true,"href":"https:\/\/agora.xtec.cat\/esclarrabassada\/wp-json\/wp\/v2\/users\/1"}],"replies":[{"embeddable":true,"href":"https:\/\/agora.xtec.cat\/esclarrabassada\/wp-json\/wp\/v2\/comments?post=402"}],"version-history":[{"count":6,"href":"https:\/\/agora.xtec.cat\/esclarrabassada\/wp-json\/wp\/v2\/pages\/402\/revisions"}],"predecessor-version":[{"id":25178,"href":"https:\/\/agora.xtec.cat\/esclarrabassada\/wp-json\/wp\/v2\/pages\/402\/revisions\/25178"}],"wp:attachment":[{"href":"https:\/\/agora.xtec.cat\/esclarrabassada\/wp-json\/wp\/v2\/media?parent=402"}],"curies":[{"name":"wp","href":"https:\/\/api.w.org\/{rel}","templated":true}]}}