{"id":25151,"date":"2025-08-01T07:32:12","date_gmt":"2025-08-01T05:32:12","guid":{"rendered":"https:\/\/agora.xtec.cat\/esclarrabassada\/?page_id=25151"},"modified":"2025-08-01T07:40:54","modified_gmt":"2025-08-01T05:40:54","slug":"documentacio","status":"publish","type":"page","link":"https:\/\/agora.xtec.cat\/esclarrabassada\/documentacio\/","title":{"rendered":"Documentaci\u00f3"},"content":{"rendered":"\n<p>En aquest espai trobareu alguns dels documents que poden ser d\u2019inter\u00e8s per a la comunitat educativa i que defineixen all\u00f2 que fem a la nostra escola.<\/p>\n\n\n\n<p>Entenem que s\u00f3n documents importants i cal donar-los a con\u00e8ixer per garantir la mesura de transpar\u00e8ncia amb la qual s\u2019afavoreix que les fam\u00edlies disposeu de tota la informaci\u00f3 sobre el funcionament del centre.<\/p>\n\n\n\n<p>Podeu accedir als documents en els seg\u00fcents enlla\u00e7os:<\/p>\n\n\n\n<ul class=\"wp-block-list\">\n<li><a href=\"https:\/\/agora.xtec.cat\/esclarrabassada\/pec\/\" data-type=\"link\" data-id=\"https:\/\/agora.xtec.cat\/esclarrabassada\/pec\/\" target=\"_blank\" rel=\"noreferrer noopener\">Projecte Educatiu de centre (PEC)<\/a><\/li>\n\n\n\n<li><a href=\"https:\/\/agora.xtec.cat\/esclarrabassada\/presentacions-reunions-families\/\" data-type=\"link\" data-id=\"https:\/\/agora.xtec.cat\/esclarrabassada\/presentacions-reunions-families\/\" target=\"_blank\" rel=\"noreferrer noopener\">Normes d\u2019organitzaci\u00f3 i funcionament del centre (NOFC)<\/a><\/li>\n\n\n\n<li><a href=\"https:\/\/agora.xtec.cat\/esclarrabassada\/projecte-linguistic\/\" data-type=\"link\" data-id=\"https:\/\/agora.xtec.cat\/esclarrabassada\/projecte-linguistic\/\" target=\"_blank\" rel=\"noreferrer noopener\">Projecte ling\u00fc\u00edstic<\/a><\/li>\n\n\n\n<li><a href=\"https:\/\/sites.google.com\/xtec.cat\/edcarrabassada\/p%C3%A0gina-principal\" data-type=\"link\" data-id=\"https:\/\/sites.google.com\/xtec.cat\/edcarrabassada\/p%C3%A0gina-principal\" target=\"_blank\" rel=\"noreferrer noopener\">Estrat\u00e8gia digital de centre (EDC)<\/a><\/li>\n\n\n\n<li><a href=\"https:\/\/agora.xtec.cat\/esclarrabassada\/escola\/programacio-general-anual\/\" data-type=\"link\" data-id=\"https:\/\/agora.xtec.cat\/esclarrabassada\/escola\/programacio-general-anual\/\" target=\"_blank\" rel=\"noreferrer noopener\">Programaci\u00f3 general anual (PGA)<\/a><\/li>\n\n\n\n<li><a href=\"https:\/\/agora.xtec.cat\/esclarrabassada\/pla-de-convivencia\/\" data-type=\"link\" data-id=\"https:\/\/agora.xtec.cat\/esclarrabassada\/pla-de-convivencia\/\" target=\"_blank\" rel=\"noreferrer noopener\">Projecte de conviv\u00e8ncia<\/a><\/li>\n<\/ul>\n","protected":false},"excerpt":{"rendered":"<p>En aquest espai trobareu alguns dels documents que poden ser d\u2019inter\u00e8s per a la comunitat educativa i que defineixen all\u00f2 que fem a la nostra escola. Entenem que s\u00f3n documents importants i cal donar-los a con\u00e8ixer per garantir la mesura de transpar\u00e8ncia amb la qual s\u2019afavoreix que les fam\u00edlies disposeu de tota la informaci\u00f3 sobre [&hellip;]<\/p>\n","protected":false},"author":1,"featured_media":0,"parent":0,"menu_order":0,"comment_status":"closed","ping_status":"close","template":"","meta":{"_bbp_topic_count":0,"_bbp_reply_count":0,"_bbp_total_topic_count":0,"_bbp_total_reply_count":0,"_bbp_voice_count":0,"_bbp_anonymous_reply_count":0,"_bbp_topic_count_hidden":0,"_bbp_reply_count_hidden":0,"_bbp_forum_subforum_count":0,"site-sidebar-layout":"default","site-content-layout":"","ast-site-content-layout":"default","site-content-style":"default","site-sidebar-style":"default","ast-global-header-display":"","ast-banner-title-visibility":"","ast-main-header-display":"","ast-hfb-above-header-display":"","ast-hfb-below-header-display":"","ast-hfb-mobile-header-display":"","site-post-title":"","ast-breadcrumbs-content":"","ast-featured-img":"","footer-sml-layout":"","theme-transparent-header-meta":"","adv-header-id-meta":"","stick-header-meta":"","header-above-stick-meta":"","header-main-stick-meta":"","header-below-stick-meta":"","astra-migrate-meta-layouts":"set","ast-page-background-enabled":"default","ast-page-background-meta":{"desktop":{"background-color":"var(--ast-global-color-4)","background-image":"","background-repeat":"repeat","background-position":"center center","background-size":"auto","background-attachment":"scroll","background-type":"","background-media":"","overlay-type":"","overlay-color":"","overlay-opacity":"","overlay-gradient":""},"tablet":{"background-color":"","background-image":"","background-repeat":"repeat","background-position":"center center","background-size":"auto","background-attachment":"scroll","background-type":"","background-media":"","overlay-type":"","overlay-color":"","overlay-opacity":"","overlay-gradient":""},"mobile":{"background-color":"","background-image":"","background-repeat":"repeat","background-position":"center center","background-size":"auto","background-attachment":"scroll","background-type":"","background-media":"","overlay-type":"","overlay-color":"","overlay-opacity":"","overlay-gradient":""}},"ast-content-background-meta":{"desktop":{"background-color":"var(--ast-global-color-5)","background-image":"","background-repeat":"repeat","background-position":"center center","background-size":"auto","background-attachment":"scroll","background-type":"","background-media":"","overlay-type":"","overlay-color":"","overlay-opacity":"","overlay-gradient":""},"tablet":{"background-color":"var(--ast-global-color-5)","background-image":"","background-repeat":"repeat","background-position":"center center","background-size":"auto","background-attachment":"scroll","background-type":"","background-media":"","overlay-type":"","overlay-color":"","overlay-opacity":"","overlay-gradient":""},"mobile":{"background-color":"var(--ast-global-color-5)","background-image":"","background-repeat":"repeat","background-position":"center center","background-size":"auto","background-attachment":"scroll","background-type":"","background-media":"","overlay-type":"","overlay-color":"","overlay-opacity":"","overlay-gradient":""}},"footnotes":""},"class_list":["post-25151","page","type-page","status-publish","hentry"],"post_mailing_queue_ids":[],"_links":{"self":[{"href":"https:\/\/agora.xtec.cat\/esclarrabassada\/wp-json\/wp\/v2\/pages\/25151","targetHints":{"allow":["GET"]}}],"collection":[{"href":"https:\/\/agora.xtec.cat\/esclarrabassada\/wp-json\/wp\/v2\/pages"}],"about":[{"href":"https:\/\/agora.xtec.cat\/esclarrabassada\/wp-json\/wp\/v2\/types\/page"}],"author":[{"embeddable":true,"href":"https:\/\/agora.xtec.cat\/esclarrabassada\/wp-json\/wp\/v2\/users\/1"}],"replies":[{"embeddable":true,"href":"https:\/\/agora.xtec.cat\/esclarrabassada\/wp-json\/wp\/v2\/comments?post=25151"}],"version-history":[{"count":5,"href":"https:\/\/agora.xtec.cat\/esclarrabassada\/wp-json\/wp\/v2\/pages\/25151\/revisions"}],"predecessor-version":[{"id":25160,"href":"https:\/\/agora.xtec.cat\/esclarrabassada\/wp-json\/wp\/v2\/pages\/25151\/revisions\/25160"}],"wp:attachment":[{"href":"https:\/\/agora.xtec.cat\/esclarrabassada\/wp-json\/wp\/v2\/media?parent=25151"}],"curies":[{"name":"wp","href":"https:\/\/api.w.org\/{rel}","templated":true}]}}