{"id":23244,"date":"2024-09-16T12:42:06","date_gmt":"2024-09-16T10:42:06","guid":{"rendered":"https:\/\/agora.xtec.cat\/esclarrabassada\/?page_id=23244"},"modified":"2025-09-09T21:51:31","modified_gmt":"2025-09-09T19:51:31","slug":"ieduca","status":"publish","type":"page","link":"https:\/\/agora.xtec.cat\/esclarrabassada\/ieduca\/","title":{"rendered":"IEDUCA"},"content":{"rendered":"<p><a href=\"https:\/\/agora.xtec.cat\/esclarrabassada\/wp-content\/uploads\/usu1694\/2024\/09\/IEDUCA.png\"><img loading=\"lazy\" decoding=\"async\" class=\"aligncenter size-full wp-image-23247\" src=\"https:\/\/agora.xtec.cat\/esclarrabassada\/wp-content\/uploads\/usu1694\/2024\/09\/IEDUCA.png\" alt=\"\" width=\"241\" height=\"209\" \/><\/a><\/p>\n<p><strong>La gesti\u00f3 d&#8217;aula i assist\u00e8ncia a SECUND\u00c0RIA es far\u00e0 amb l&#8217;entorn IEDUCA.<\/strong><\/p>\n<p><em>DES DEL CENTRE US FACILITAREM CODI D&#8217;USUARI I CONTRASENYA EN FORMAT PAPER O B\u00c9 PER EMAIL.<\/em><\/p>\n<p>SI NO RECORDEU LA CONTRASENYA:\u00a0<a href=\"https:\/\/login.ieduca.com\/password_resetting?centre=iearrabassada&amp;amp;error=login.no_token&amp;amp;lang=ca&amp;amp;modul=base&amp;amp;urlback=Lw%3D%3D\">https:\/\/login.ieduca.com\/password_resetting?centre=iearrabassada&amp;amp;error=login.no_token&amp;amp;lang=ca&amp;amp;modul=base&amp;amp;urlback=Lw%3D%3D<\/a><\/p>\n<p>PODEU TREBALLAR AMB IEDUCA DE 3 MANERES DIFERENTS:<\/p>\n<blockquote><p><em>NOTA: L&#8217;EMPRESA IEDUCA RECOMANA DESINTAL\u00b7LAR &#8220;TOKAPP&#8221; I INSTAL\u00b7LAR &#8220;TOKAPP IEDUCA&#8221;<\/em><\/p>\n<p><em>NOTA: CAL TENIR PRESENT QUE TOTA LA INFORMACI\u00d3 COMPLERTA SEMPRE ESTAR\u00c0 EN L&#8217;OPCI\u00d3 WEB<\/em><\/p><\/blockquote>\n<p>1- A TRAV\u00c9S DE L&#8217;APLICATIU DEL CENTRE TOKAPP<\/p>\n<p>PER AQUESTA OPCI\u00d3 CAL VEURE EL MANUAL\u00a0 <a href=\"https:\/\/agora.xtec.cat\/esclarrabassada\/wp-content\/uploads\/usu1694\/2024\/09\/Manual-dacces-aplicacio-Tokapp-del-centre.pdf\">Manual d&#8217;acces aplicaci\u00f3 Tokapp del centre<\/a><\/p>\n<p>DESPR\u00c9S FER UNA ULLADA A LES OPCIONS QUE ENS PERMET <a href=\"https:\/\/agora.xtec.cat\/esclarrabassada\/wp-content\/uploads\/usu1694\/2024\/10\/Manual-dus-app-Tokapp-del-centre-i-Tokapp-IEDUCA.pdf\">Manual d&#8217;\u00fas app Tokapp del centre i Tokapp IEDUCA<\/a><\/p>\n<p>2- A TRAV\u00c9S DE L&#8217;APLICATIU IEDUCA TOKAPP<\/p>\n<p>CALDR\u00c0 BAIXAR LA APP <a href=\"https:\/\/agora.xtec.cat\/esclarrabassada\/wp-content\/uploads\/usu1694\/2024\/09\/Manual-per-installar-iEducaTokapp-Guia-aplicacio-iEduca-Tokapp-v.05.pdf\">Manual per instal\u00b7lar iEducaTokapp (Guia aplicaci\u00f3 iEduca Tokapp v.05)<\/a><\/p>\n<p>DESPR\u00c9S FER UNA ULLADA A LES OPCIONS QUE ENS PERMET <a href=\"https:\/\/agora.xtec.cat\/esclarrabassada\/wp-content\/uploads\/usu1694\/2024\/10\/Manual-dus-app-Tokapp-del-centre-i-Tokapp-IEDUCA.pdf\">Manual d&#8217;\u00fas app Tokapp del centre i Tokapp IEDUCA<\/a><\/p>\n<p>I LLEGIR AQUEST MANUAL <a href=\"https:\/\/agora.xtec.cat\/esclarrabassada\/wp-content\/uploads\/usu1694\/2024\/09\/Manual-dus-per-les-families-Guia-iEduca-per-les-families.pdf\">Manual d&#8217;\u00fas per les fam\u00edlies (Guia iEduca per les fam\u00edlies)<\/a><\/p>\n<p>3- A TRAV\u00c9S DE LA P\u00c0GINA WEB\u00a0 <a href=\"https:\/\/iearrabassada.ieduca.com\/\">https:\/\/iearrabassada.ieduca.com\/<\/a><\/p>\n<p>I LLEGIR AQUEST MANUAL <a href=\"https:\/\/agora.xtec.cat\/esclarrabassada\/wp-content\/uploads\/usu1694\/2024\/09\/Manual-dus-per-les-families-Guia-iEduca-per-les-families.pdf\">Manual d&#8217;\u00fas per les fam\u00edlies (Guia iEduca per les fam\u00edlies)<\/a><\/p>\n<p>PAGAMENTS SORTIDES I ALTRES: VEURE EL V\u00cdDEO <a href=\"https:\/\/www.youtube.com\/watch?v=6_Z8UqLiqgI\">https:\/\/www.youtube.com\/watch?v=6_Z8UqLiqgI<\/a><\/p>\n","protected":false},"excerpt":{"rendered":"<p>La gesti\u00f3 d&#8217;aula i assist\u00e8ncia a SECUND\u00c0RIA es far\u00e0 amb l&#8217;entorn IEDUCA. DES DEL CENTRE US FACILITAREM CODI D&#8217;USUARI I CONTRASENYA EN FORMAT PAPER O B\u00c9 PER EMAIL. SI NO RECORDEU LA CONTRASENYA:\u00a0https:\/\/login.ieduca.com\/password_resetting?centre=iearrabassada&amp;amp;error=login.no_token&amp;amp;lang=ca&amp;amp;modul=base&amp;amp;urlback=Lw%3D%3D PODEU TREBALLAR AMB IEDUCA DE 3 MANERES DIFERENTS: NOTA: L&#8217;EMPRESA IEDUCA RECOMANA DESINTAL\u00b7LAR &#8220;TOKAPP&#8221; I INSTAL\u00b7LAR &#8220;TOKAPP IEDUCA&#8221; NOTA: CAL TENIR PRESENT [&hellip;]<\/p>\n","protected":false},"author":1,"featured_media":0,"parent":0,"menu_order":0,"comment_status":"closed","ping_status":"closed","template":"","meta":{"_bbp_topic_count":0,"_bbp_reply_count":0,"_bbp_total_topic_count":0,"_bbp_total_reply_count":0,"_bbp_voice_count":0,"_bbp_anonymous_reply_count":0,"_bbp_topic_count_hidden":0,"_bbp_reply_count_hidden":0,"_bbp_forum_subforum_count":0,"site-sidebar-layout":"default","site-content-layout":"","ast-site-content-layout":"default","site-content-style":"default","site-sidebar-style":"default","ast-global-header-display":"","ast-banner-title-visibility":"","ast-main-header-display":"","ast-hfb-above-header-display":"","ast-hfb-below-header-display":"","ast-hfb-mobile-header-display":"","site-post-title":"","ast-breadcrumbs-content":"","ast-featured-img":"","footer-sml-layout":"","theme-transparent-header-meta":"","adv-header-id-meta":"","stick-header-meta":"","header-above-stick-meta":"","header-main-stick-meta":"","header-below-stick-meta":"","astra-migrate-meta-layouts":"set","ast-page-background-enabled":"default","ast-page-background-meta":{"desktop":{"background-color":"var(--ast-global-color-4)","background-image":"","background-repeat":"repeat","background-position":"center center","background-size":"auto","background-attachment":"scroll","background-type":"","background-media":"","overlay-type":"","overlay-color":"","overlay-opacity":"","overlay-gradient":""},"tablet":{"background-color":"","background-image":"","background-repeat":"repeat","background-position":"center center","background-size":"auto","background-attachment":"scroll","background-type":"","background-media":"","overlay-type":"","overlay-color":"","overlay-opacity":"","overlay-gradient":""},"mobile":{"background-color":"","background-image":"","background-repeat":"repeat","background-position":"center center","background-size":"auto","background-attachment":"scroll","background-type":"","background-media":"","overlay-type":"","overlay-color":"","overlay-opacity":"","overlay-gradient":""}},"ast-content-background-meta":{"desktop":{"background-color":"var(--ast-global-color-5)","background-image":"","background-repeat":"repeat","background-position":"center center","background-size":"auto","background-attachment":"scroll","background-type":"","background-media":"","overlay-type":"","overlay-color":"","overlay-opacity":"","overlay-gradient":""},"tablet":{"background-color":"var(--ast-global-color-5)","background-image":"","background-repeat":"repeat","background-position":"center center","background-size":"auto","background-attachment":"scroll","background-type":"","background-media":"","overlay-type":"","overlay-color":"","overlay-opacity":"","overlay-gradient":""},"mobile":{"background-color":"var(--ast-global-color-5)","background-image":"","background-repeat":"repeat","background-position":"center center","background-size":"auto","background-attachment":"scroll","background-type":"","background-media":"","overlay-type":"","overlay-color":"","overlay-opacity":"","overlay-gradient":""}},"footnotes":""},"class_list":["post-23244","page","type-page","status-publish","hentry"],"post_mailing_queue_ids":[],"_links":{"self":[{"href":"https:\/\/agora.xtec.cat\/esclarrabassada\/wp-json\/wp\/v2\/pages\/23244","targetHints":{"allow":["GET"]}}],"collection":[{"href":"https:\/\/agora.xtec.cat\/esclarrabassada\/wp-json\/wp\/v2\/pages"}],"about":[{"href":"https:\/\/agora.xtec.cat\/esclarrabassada\/wp-json\/wp\/v2\/types\/page"}],"author":[{"embeddable":true,"href":"https:\/\/agora.xtec.cat\/esclarrabassada\/wp-json\/wp\/v2\/users\/1"}],"replies":[{"embeddable":true,"href":"https:\/\/agora.xtec.cat\/esclarrabassada\/wp-json\/wp\/v2\/comments?post=23244"}],"version-history":[{"count":6,"href":"https:\/\/agora.xtec.cat\/esclarrabassada\/wp-json\/wp\/v2\/pages\/23244\/revisions"}],"predecessor-version":[{"id":25432,"href":"https:\/\/agora.xtec.cat\/esclarrabassada\/wp-json\/wp\/v2\/pages\/23244\/revisions\/25432"}],"wp:attachment":[{"href":"https:\/\/agora.xtec.cat\/esclarrabassada\/wp-json\/wp\/v2\/media?parent=23244"}],"curies":[{"name":"wp","href":"https:\/\/api.w.org\/{rel}","templated":true}]}}