{"id":482,"date":"2010-09-06T20:30:20","date_gmt":"2010-09-06T18:30:20","guid":{"rendered":"http:\/\/blocs.xtec.cat\/ceiplariba\/?page_id=482"},"modified":"2017-12-03T21:26:13","modified_gmt":"2017-12-03T20:26:13","slug":"menjador-escolar-2","status":"publish","type":"page","link":"https:\/\/agora.xtec.cat\/esclariba\/serveis\/menjador-escolar-2\/","title":{"rendered":"Menjador escolar"},"content":{"rendered":"<p><img loading=\"lazy\" decoding=\"async\" class=\"aligncenter size-full wp-image-3912\" src=\"http:\/\/agora.xtec.cat\/esclariba\/wp-content\/uploads\/usu751\/2010\/09\/logo_slide.png\" alt=\"\" width=\"458\" height=\"236\" srcset=\"https:\/\/agora.xtec.cat\/esclariba\/wp-content\/uploads\/usu751\/2010\/09\/logo_slide.png 458w, https:\/\/agora.xtec.cat\/esclariba\/wp-content\/uploads\/usu751\/2010\/09\/logo_slide-300x155.png 300w\" sizes=\"auto, (max-width: 458px) 100vw, 458px\" \/><\/p>\n<p>El menjador escolar \u00e9s un servei d\u2019ajuda que persegueix fonamentalment dos grans objectius:\u00a0<strong>l\u2019educaci\u00f3<\/strong> <strong>aliment\u00e0ria<\/strong> i\u00a0<strong>l\u2019educaci\u00f3<\/strong> <strong>en el<\/strong> <strong>temps lliure<\/strong>.\u00a0\u00a0El menjador escolar ha de servir perqu\u00e8 l\u2019alumnat hi adquireixi uns h\u00e0bits adequats en tots els seus \u00e0mbits.<\/p>\n<p>El menjador del centre disposa d&#8217;una monitora de menjador, la Sandra Navarro.<\/p>\n<p><strong>Objectius:<\/strong><\/p>\n<ul>\n<li>Crear h\u00e0bits d\u2019higiene, rentar-se les mans abans i despr\u00e9s de dinar.<\/li>\n<li>Aprendre a utilitzar els coberts correctament.<\/li>\n<li>Aconseguir entrar i sortir del menjador en ordre.<\/li>\n<li>Aprendre a mastegar correctament.<\/li>\n<li>Motivar als nens\/es perqu\u00e8 tastin aliments nous.<\/li>\n<li>Ensenyar-los a tenir una correcta higiene bucal.<\/li>\n<li>Dur a terme la campanya del fluor a l\u2019alumnat de prim\u00e0ria.<\/li>\n<li>Crear un ambient on es respectin les normes necess\u00e0ries per a una bona conviv\u00e8ncia.<\/li>\n<li>Donar informaci\u00f3 a les fam\u00edlies a trav\u00e9s d\u2019informes setmanals (ed. infantil)i\/o trimestrals (tot l\u2019alumnat que assisteix fix al menjador).<\/li>\n<\/ul>\n<p><strong>Objectius en el lleure:<\/strong><\/p>\n<ul>\n<li>Potenciar el respecte, la toler\u00e0ncia i la no discriminaci\u00f3.<\/li>\n<li>Aprendre a compartir.<\/li>\n<li>Crear un clima de distenci\u00f3.<\/li>\n<li>Ajudar a desenvolupar els trets d\u2019identitat del centre que formen part del seu Projecte Educatiu de Centre.<\/li>\n<\/ul>\n<p><strong>Els men\u00fas:<\/strong><\/p>\n<p>Cada mes les fam\u00edlies reben un full on hi ha anotats els men\u00fas del mes i a l\u2019hora\u00a0s\u2019aprofita per donar informacions a les fam\u00edlies sobre l\u2019educaci\u00f3 nutricional.<\/p>\n<p>Si voleu estar al dia entreu a la seva web: <a href=\"http:\/\/www.alimentart.com\">www.alimentart.com\u00a0<\/a><\/p>\n<p>&nbsp;<\/p>\n","protected":false},"excerpt":{"rendered":"<p>El menjador escolar \u00e9s un servei d\u2019ajuda que persegueix fonamentalment dos grans objectius:\u00a0l\u2019educaci\u00f3 aliment\u00e0ria i\u00a0l\u2019educaci\u00f3 en el temps lliure.\u00a0\u00a0El menjador escolar ha de servir perqu\u00e8 l\u2019alumnat hi adquireixi uns h\u00e0bits adequats en tots els seus \u00e0mbits. El menjador del centre disposa d&#8217;una monitora de menjador, la Sandra Navarro. Objectius: Crear h\u00e0bits d\u2019higiene, rentar-se les mans [&hellip;]<\/p>\n","protected":false},"author":1,"featured_media":0,"parent":66,"menu_order":0,"comment_status":"open","ping_status":"closed","template":"","meta":{"_bbp_topic_count":0,"_bbp_reply_count":0,"_bbp_total_topic_count":0,"_bbp_total_reply_count":0,"_bbp_voice_count":0,"_bbp_anonymous_reply_count":0,"_bbp_topic_count_hidden":0,"_bbp_reply_count_hidden":0,"_bbp_forum_subforum_count":0,"site-sidebar-layout":"default","site-content-layout":"","ast-site-content-layout":"","site-content-style":"default","site-sidebar-style":"default","ast-global-header-display":"","ast-banner-title-visibility":"","ast-main-header-display":"","ast-hfb-above-header-display":"","ast-hfb-below-header-display":"","ast-hfb-mobile-header-display":"","site-post-title":"","ast-breadcrumbs-content":"","ast-featured-img":"","footer-sml-layout":"","theme-transparent-header-meta":"","adv-header-id-meta":"","stick-header-meta":"","header-above-stick-meta":"","header-main-stick-meta":"","header-below-stick-meta":"","astra-migrate-meta-layouts":"default","ast-page-background-enabled":"default","ast-page-background-meta":{"desktop":{"background-color":"var(--ast-global-color-4)","background-image":"","background-repeat":"repeat","background-position":"center center","background-size":"auto","background-attachment":"scroll","background-type":"","background-media":"","overlay-type":"","overlay-color":"","overlay-opacity":"","overlay-gradient":""},"tablet":{"background-color":"","background-image":"","background-repeat":"repeat","background-position":"center center","background-size":"auto","background-attachment":"scroll","background-type":"","background-media":"","overlay-type":"","overlay-color":"","overlay-opacity":"","overlay-gradient":""},"mobile":{"background-color":"","background-image":"","background-repeat":"repeat","background-position":"center center","background-size":"auto","background-attachment":"scroll","background-type":"","background-media":"","overlay-type":"","overlay-color":"","overlay-opacity":"","overlay-gradient":""}},"ast-content-background-meta":{"desktop":{"background-color":"var(--ast-global-color-5)","background-image":"","background-repeat":"repeat","background-position":"center center","background-size":"auto","background-attachment":"scroll","background-type":"","background-media":"","overlay-type":"","overlay-color":"","overlay-opacity":"","overlay-gradient":""},"tablet":{"background-color":"var(--ast-global-color-5)","background-image":"","background-repeat":"repeat","background-position":"center center","background-size":"auto","background-attachment":"scroll","background-type":"","background-media":"","overlay-type":"","overlay-color":"","overlay-opacity":"","overlay-gradient":""},"mobile":{"background-color":"var(--ast-global-color-5)","background-image":"","background-repeat":"repeat","background-position":"center center","background-size":"auto","background-attachment":"scroll","background-type":"","background-media":"","overlay-type":"","overlay-color":"","overlay-opacity":"","overlay-gradient":""}},"footnotes":""},"class_list":["post-482","page","type-page","status-publish","hentry"],"post_mailing_queue_ids":[],"_links":{"self":[{"href":"https:\/\/agora.xtec.cat\/esclariba\/wp-json\/wp\/v2\/pages\/482","targetHints":{"allow":["GET"]}}],"collection":[{"href":"https:\/\/agora.xtec.cat\/esclariba\/wp-json\/wp\/v2\/pages"}],"about":[{"href":"https:\/\/agora.xtec.cat\/esclariba\/wp-json\/wp\/v2\/types\/page"}],"author":[{"embeddable":true,"href":"https:\/\/agora.xtec.cat\/esclariba\/wp-json\/wp\/v2\/users\/1"}],"replies":[{"embeddable":true,"href":"https:\/\/agora.xtec.cat\/esclariba\/wp-json\/wp\/v2\/comments?post=482"}],"version-history":[{"count":3,"href":"https:\/\/agora.xtec.cat\/esclariba\/wp-json\/wp\/v2\/pages\/482\/revisions"}],"predecessor-version":[{"id":2788,"href":"https:\/\/agora.xtec.cat\/esclariba\/wp-json\/wp\/v2\/pages\/482\/revisions\/2788"}],"up":[{"embeddable":true,"href":"https:\/\/agora.xtec.cat\/esclariba\/wp-json\/wp\/v2\/pages\/66"}],"wp:attachment":[{"href":"https:\/\/agora.xtec.cat\/esclariba\/wp-json\/wp\/v2\/media?parent=482"}],"curies":[{"name":"wp","href":"https:\/\/api.w.org\/{rel}","templated":true}]}}