{"id":26,"date":"2014-09-18T12:24:32","date_gmt":"2014-09-18T11:24:32","guid":{"rendered":"http:\/\/agora.xtec.cat\/esclariba\/?page_id=26"},"modified":"2017-10-29T22:51:54","modified_gmt":"2017-10-29T21:51:54","slug":"historia","status":"publish","type":"page","link":"https:\/\/agora.xtec.cat\/esclariba\/lescola\/historia\/","title":{"rendered":"Hist\u00f2ria"},"content":{"rendered":"<p style=\"text-align: center;\"><span style=\"font-weight: 400;\">L\u2019escola est\u00e0 situada al centre del poble de La Riba (Alt Camp), en un particular edifici gran i ampliat durant els \u00a0anys 80. <\/span><span style=\"font-weight: 400;\">\u00a0\u00a0\u00a0<\/span><\/p>\n<p><span style=\"font-weight: 400;\"><img loading=\"lazy\" decoding=\"async\" class=\"aligncenter size-full wp-image-3663\" src=\"http:\/\/agora.xtec.cat\/esclariba\/wp-content\/uploads\/usu751\/2014\/09\/x.jpg\" alt=\"\" width=\"640\" height=\"480\" srcset=\"https:\/\/agora.xtec.cat\/esclariba\/wp-content\/uploads\/usu751\/2014\/09\/x.jpg 640w, https:\/\/agora.xtec.cat\/esclariba\/wp-content\/uploads\/usu751\/2014\/09\/x-300x225.jpg 300w, https:\/\/agora.xtec.cat\/esclariba\/wp-content\/uploads\/usu751\/2014\/09\/x-200x150.jpg 200w\" sizes=\"auto, (max-width: 640px) 100vw, 640px\" \/>\u00a0\u00a0\u00a0<\/span><\/p>\n<p><b>L&#8217;Escola de La Riba <\/b><span style=\"font-weight: 400;\">\u00e9s una escola petita, p\u00fablica i de poble. \u00c9s una escola rural que esdev\u00e9 una gran fam\u00edlia, propera als infants, arrelada al territori, i que d\u00f3na vida al municipi. \u00c9s una escola molt respectuosa amb l&#8217;entorn, activa, inclusiva, participativa i impulsora d&#8217;activitats que generen aprenentatge, trobada i conviv\u00e8ncia. Aix\u00f2 fa que es donin oportunitats a tots els nens i afavoreix un aprenentatge m\u00e9s actiu, protagonitzat per un alumnat que conviu en aules multigrau. Aquesta interacci\u00f3 entre petits i grans \u00e9s un dels grans actius de l\u2019escola rural i ajuda en la construcci\u00f3 del coneixement. <\/span><\/p>\n<p><span style=\"font-weight: 400;\">L&#8217;escola va entrar a formar part de la ZER El Francol\u00ed (Alt Camp) el curs 2016-2017. Aquesta Zona Escolar Rural est\u00e0 formada per l&#8217;Escola El Bosc de Mont\u00adral, l&#8217;Escola Rocabruna de Picamoixons, l&#8217;Escola Els Til\u00b7lers de La Mas\u00f3 i l&#8217;Escola de La Riba de La Riba. <\/span><\/p>\n<p>&nbsp;<\/p>\n<p><b>La poblaci\u00f3 de La Riba <\/b><span style=\"font-weight: 400;\">es troba situada a la zona de ponent de l\u2019Alt Camp (Tarragona) i actualment compta amb uns 650 habitants en una extensi\u00f3 de 7,99 km\u00b2. Dins del seu terme trobem moltes fonts i tamb\u00e9 indrets d&#8217;una gran bellesa, especialment el conjunt de tolls i gorgs que formen el riu Brugent, art\u00e8ria de La Riba, al llarg del seu curs. Tamb\u00e9 cal destacar el trajecte que va des de la Riba fins a Farena, un espectacle imponent de muntanyes, aigua i natura. <\/span><\/p>\n<p>El municipi de la Riba es troba en el l\u00edmit de tres contrades diferents: el Camp de Tarragona, les Muntanyes de Prades i la Conca de Barber\u00e0. El territori de la Riba \u00e9s tot pendent i abrupte. Assoleix la cota m\u00e0xima al puig de Marc, de 724 m. A la riba esquerra del Francol\u00ed, a la serra Carbon\u00e0ria, es troba Puigcabrer, de 525 m.<\/p>\n<p>Les condicions naturals del terme no han estat prop\u00edcies per al desenvolupament de l&#8217;agricultura. L&#8217;impuls industrial de la Riba t\u00e9 el seu inici durant el segle XVIII, a partir de la instal\u00b7laci\u00f3 dels primers molins de paper moderns fets pel tarragon\u00ed Ignasi Carb\u00f3. Al llarg d&#8217;aquell segle es multiplicaren els establiments paperers, tant dins de la vila com als marges del riu Brugent i tamb\u00e9 del Francol\u00ed.<\/p>\n<p><b>Origen social, cultural i \u00e8tnic de l\u2019alumnat<\/b><\/p>\n<p><span style=\"font-weight: 400;\">La majoria de l\u2019alumnat \u00e9s del poble, malgrat poc a poc s\u2019han anat incorporant al centre alumnat de proced\u00e8ncia estrangera. Tenim escolaritzats alumnes de municipis ve\u00efns amb proced\u00e8ncia familiar al mateix poble. \u00a0Aquests \u00faltims anys, ha crescut molt la matr\u00edcula viva durant el curs, d\u2019alumnes de diferent i variada proced\u00e8ncia.<\/span><\/p>\n<p><span style=\"font-weight: 400;\">El ventall socioecon\u00f2mic de les fam\u00edlies que assisteixen a l\u2019escola \u00e9s molt ampli, predomina un nivell sociocultural mitj\u00e0, mitj\u00e0-baix.<\/span><\/p>\n<p>&nbsp;<\/p>\n","protected":false},"excerpt":{"rendered":"<p>L\u2019escola est\u00e0 situada al centre del poble de La Riba (Alt Camp), en un particular edifici gran i ampliat durant els \u00a0anys 80. \u00a0\u00a0\u00a0 \u00a0\u00a0\u00a0 L&#8217;Escola de La Riba \u00e9s una escola petita, p\u00fablica i de poble. \u00c9s una escola rural que esdev\u00e9 una gran fam\u00edlia, propera als infants, arrelada al territori, i que d\u00f3na [&hellip;]<\/p>\n","protected":false},"author":1,"featured_media":0,"parent":22,"menu_order":20,"comment_status":"closed","ping_status":"closed","template":"page-templates\/side-menu.php","meta":{"_bbp_topic_count":0,"_bbp_reply_count":0,"_bbp_total_topic_count":0,"_bbp_total_reply_count":0,"_bbp_voice_count":0,"_bbp_anonymous_reply_count":0,"_bbp_topic_count_hidden":0,"_bbp_reply_count_hidden":0,"_bbp_forum_subforum_count":0,"site-sidebar-layout":"default","site-content-layout":"","ast-site-content-layout":"","site-content-style":"default","site-sidebar-style":"default","ast-global-header-display":"","ast-banner-title-visibility":"","ast-main-header-display":"","ast-hfb-above-header-display":"","ast-hfb-below-header-display":"","ast-hfb-mobile-header-display":"","site-post-title":"","ast-breadcrumbs-content":"","ast-featured-img":"","footer-sml-layout":"","theme-transparent-header-meta":"","adv-header-id-meta":"","stick-header-meta":"","header-above-stick-meta":"","header-main-stick-meta":"","header-below-stick-meta":"","astra-migrate-meta-layouts":"default","ast-page-background-enabled":"default","ast-page-background-meta":{"desktop":{"background-color":"var(--ast-global-color-4)","background-image":"","background-repeat":"repeat","background-position":"center center","background-size":"auto","background-attachment":"scroll","background-type":"","background-media":"","overlay-type":"","overlay-color":"","overlay-opacity":"","overlay-gradient":""},"tablet":{"background-color":"","background-image":"","background-repeat":"repeat","background-position":"center center","background-size":"auto","background-attachment":"scroll","background-type":"","background-media":"","overlay-type":"","overlay-color":"","overlay-opacity":"","overlay-gradient":""},"mobile":{"background-color":"","background-image":"","background-repeat":"repeat","background-position":"center center","background-size":"auto","background-attachment":"scroll","background-type":"","background-media":"","overlay-type":"","overlay-color":"","overlay-opacity":"","overlay-gradient":""}},"ast-content-background-meta":{"desktop":{"background-color":"var(--ast-global-color-5)","background-image":"","background-repeat":"repeat","background-position":"center center","background-size":"auto","background-attachment":"scroll","background-type":"","background-media":"","overlay-type":"","overlay-color":"","overlay-opacity":"","overlay-gradient":""},"tablet":{"background-color":"var(--ast-global-color-5)","background-image":"","background-repeat":"repeat","background-position":"center center","background-size":"auto","background-attachment":"scroll","background-type":"","background-media":"","overlay-type":"","overlay-color":"","overlay-opacity":"","overlay-gradient":""},"mobile":{"background-color":"var(--ast-global-color-5)","background-image":"","background-repeat":"repeat","background-position":"center center","background-size":"auto","background-attachment":"scroll","background-type":"","background-media":"","overlay-type":"","overlay-color":"","overlay-opacity":"","overlay-gradient":""}},"footnotes":""},"class_list":["post-26","page","type-page","status-publish","hentry"],"post_mailing_queue_ids":[],"_links":{"self":[{"href":"https:\/\/agora.xtec.cat\/esclariba\/wp-json\/wp\/v2\/pages\/26","targetHints":{"allow":["GET"]}}],"collection":[{"href":"https:\/\/agora.xtec.cat\/esclariba\/wp-json\/wp\/v2\/pages"}],"about":[{"href":"https:\/\/agora.xtec.cat\/esclariba\/wp-json\/wp\/v2\/types\/page"}],"author":[{"embeddable":true,"href":"https:\/\/agora.xtec.cat\/esclariba\/wp-json\/wp\/v2\/users\/1"}],"replies":[{"embeddable":true,"href":"https:\/\/agora.xtec.cat\/esclariba\/wp-json\/wp\/v2\/comments?post=26"}],"version-history":[{"count":2,"href":"https:\/\/agora.xtec.cat\/esclariba\/wp-json\/wp\/v2\/pages\/26\/revisions"}],"predecessor-version":[{"id":3664,"href":"https:\/\/agora.xtec.cat\/esclariba\/wp-json\/wp\/v2\/pages\/26\/revisions\/3664"}],"up":[{"embeddable":true,"href":"https:\/\/agora.xtec.cat\/esclariba\/wp-json\/wp\/v2\/pages\/22"}],"wp:attachment":[{"href":"https:\/\/agora.xtec.cat\/esclariba\/wp-json\/wp\/v2\/media?parent=26"}],"curies":[{"name":"wp","href":"https:\/\/api.w.org\/{rel}","templated":true}]}}