{"id":2156,"date":"2016-11-22T20:57:42","date_gmt":"2016-11-22T19:57:42","guid":{"rendered":"http:\/\/agora.xtec.cat\/esclariba\/?page_id=2156"},"modified":"2026-01-21T21:45:12","modified_gmt":"2026-01-21T20:45:12","slug":"claustre","status":"publish","type":"page","link":"https:\/\/agora.xtec.cat\/esclariba\/lescola\/claustre\/","title":{"rendered":"Claustre"},"content":{"rendered":"<h5><span style=\"color: #0000ff;\">\u00a0\u00a0\u00a0<\/span><\/h5>\n<h5><strong><span style=\"color: #0000ff;\">\u00a0 \u00a0 \u00a0EQUIP DIRECTIU DE L&#8217;ESCOLA DE LA RIBA<\/span><\/strong><\/h5>\n<ul>\n<li>\n<h5><strong>Directora: Mari\u00e9 V\u00edlchez<\/strong><\/h5>\n<\/li>\n<li>\n<h5><strong>Secret\u00e0ria: Irene Raf\u00ed<\/strong><\/h5>\n<\/li>\n<\/ul>\n<p>&nbsp;<\/p>\n<h6><span style=\"color: #0000ff; font-size: 1.125em; font-weight: bold;\">\u00a0 \u00a0 \u00a0MESTRES TUTORS:<\/span><\/h6>\n<ul>\n<li>\n<h5><strong>Comunitat petits: Noelia Aranda<\/strong><\/h5>\n<\/li>\n<li>\n<h5><strong>Comunitat mitjans: Irene Raf\u00ed<\/strong><\/h5>\n<\/li>\n<li>\n<h5><strong>Comunitat grans: Sandra Antiller<\/strong><\/h5>\n<\/li>\n<\/ul>\n<h5><strong style=\"font-size: 1.2em;\">\u00a0 \u00a0 \u00a0<\/strong><\/h5>\n<h5><strong style=\"font-size: 1.2em;\">\u00a0 \u00a0 \u00a0<\/strong><span style=\"color: #0000ff; font-size: 1.125em; font-weight: bold;\">MESTRES SUPORT:<\/span><\/h5>\n<ul>\n<li>\n<h5><strong>Gisela Martorell<\/strong><\/h5>\n<\/li>\n<li>\n<h5>Rosa Maria \u00d2dena<\/h5>\n<\/li>\n<\/ul>\n<h5><strong style=\"font-size: 1.2em;\">\u00a0 \u00a0 \u00a0<\/strong><span style=\"color: #0000ff;\">MESTRES ESPECIALISTES ITINERANTS DE LA ZER EL FRANCOL\u00cd:<\/span><\/h5>\n<ul>\n<li>\n<h5>Especialista d&#8217;Educaci\u00f3 F\u00edsica:\u00a0N\u00faria Ferr\u00e9<\/h5>\n<\/li>\n<li>\n<h5>Especialista de M\u00fasica: Eva Qui\u00f1ones<\/h5>\n<\/li>\n<li>\n<h5>Especialistes en Llengua Anglesa: Sandra Antiller i Nat\u00e0lia Duran<\/h5>\n<\/li>\n<li>\n<h5>Especialista de Suport a la inclusi\u00f3: N\u00faria Mestres\/ Patricia Vicente<\/h5>\n<\/li>\n<\/ul>\n<ul>\n<li>\n<h5>Religi\u00f3: Josep Bonet Isla<\/h5>\n<\/li>\n<li>\n<h5>Assessora Art\u00edstica: Armand<\/h5>\n<\/li>\n<li>\n<h5>Assessora Teatral: Francina Fern\u00e1ndez<\/h5>\n<\/li>\n<\/ul>\n<h5><\/h5>\n<h5><span style=\"color: #0000ff;\">\u00a0 \u00a0 \u00a0 <strong>COORDINACIONS DE L&#8217;ESCOLA LA RIBA<\/strong><\/span><\/h5>\n<ul>\n<li>\n<h5>Premsa i revista: Claustre de mestres<\/h5>\n<\/li>\n<li>\n<h5>Festes i sortides: Claustre de mestres<\/h5>\n<\/li>\n<\/ul>\n<h5>\u00a0 \u00a0 <span style=\"color: #0000ff;\">\u00a0 <strong>EQUIP DIRECTIU DE LA ZER EL FRANCOL\u00cd<\/strong><\/span><\/h5>\n<ul>\n<li>\n<h5>Directora: Aurora Roca<\/h5>\n<\/li>\n<li>\n<h5>Cap d&#8217;estudis: Eva Qui\u00f1ones<\/h5>\n<\/li>\n<li>\n<h5>Secretari: M\u00f2nica Cartany\u00e0<\/h5>\n<\/li>\n<\/ul>\n","protected":false},"excerpt":{"rendered":"<p>\u00a0\u00a0\u00a0 \u00a0 \u00a0 \u00a0EQUIP DIRECTIU DE L&#8217;ESCOLA DE LA RIBA Directora: Mari\u00e9 V\u00edlchez Secret\u00e0ria: Irene Raf\u00ed &nbsp; \u00a0 \u00a0 \u00a0MESTRES TUTORS: Comunitat petits: Noelia Aranda Comunitat mitjans: Irene Raf\u00ed Comunitat grans: Sandra Antiller \u00a0 \u00a0 \u00a0 \u00a0 \u00a0 \u00a0MESTRES SUPORT: Gisela Martorell Rosa Maria \u00d2dena \u00a0 \u00a0 \u00a0MESTRES ESPECIALISTES ITINERANTS DE LA ZER EL FRANCOL\u00cd: [&hellip;]<\/p>\n","protected":false},"author":1,"featured_media":0,"parent":22,"menu_order":0,"comment_status":"closed","ping_status":"closed","template":"","meta":{"_bbp_topic_count":0,"_bbp_reply_count":0,"_bbp_total_topic_count":0,"_bbp_total_reply_count":0,"_bbp_voice_count":0,"_bbp_anonymous_reply_count":0,"_bbp_topic_count_hidden":0,"_bbp_reply_count_hidden":0,"_bbp_forum_subforum_count":0,"site-sidebar-layout":"default","site-content-layout":"","ast-site-content-layout":"default","site-content-style":"default","site-sidebar-style":"default","ast-global-header-display":"","ast-banner-title-visibility":"","ast-main-header-display":"","ast-hfb-above-header-display":"","ast-hfb-below-header-display":"","ast-hfb-mobile-header-display":"","site-post-title":"","ast-breadcrumbs-content":"","ast-featured-img":"","footer-sml-layout":"","theme-transparent-header-meta":"enabled","adv-header-id-meta":"","stick-header-meta":"","header-above-stick-meta":"","header-main-stick-meta":"","header-below-stick-meta":"","astra-migrate-meta-layouts":"set","ast-page-background-enabled":"default","ast-page-background-meta":{"desktop":{"background-color":"var(--ast-global-color-4)","background-image":"","background-repeat":"repeat","background-position":"center center","background-size":"auto","background-attachment":"scroll","background-type":"","background-media":"","overlay-type":"","overlay-color":"","overlay-opacity":"","overlay-gradient":""},"tablet":{"background-color":"","background-image":"","background-repeat":"repeat","background-position":"center center","background-size":"auto","background-attachment":"scroll","background-type":"","background-media":"","overlay-type":"","overlay-color":"","overlay-opacity":"","overlay-gradient":""},"mobile":{"background-color":"","background-image":"","background-repeat":"repeat","background-position":"center center","background-size":"auto","background-attachment":"scroll","background-type":"","background-media":"","overlay-type":"","overlay-color":"","overlay-opacity":"","overlay-gradient":""}},"ast-content-background-meta":{"desktop":{"background-color":"var(--ast-global-color-5)","background-image":"","background-repeat":"repeat","background-position":"center center","background-size":"auto","background-attachment":"scroll","background-type":"","background-media":"","overlay-type":"","overlay-color":"","overlay-opacity":"","overlay-gradient":""},"tablet":{"background-color":"var(--ast-global-color-5)","background-image":"","background-repeat":"repeat","background-position":"center center","background-size":"auto","background-attachment":"scroll","background-type":"","background-media":"","overlay-type":"","overlay-color":"","overlay-opacity":"","overlay-gradient":""},"mobile":{"background-color":"var(--ast-global-color-5)","background-image":"","background-repeat":"repeat","background-position":"center center","background-size":"auto","background-attachment":"scroll","background-type":"","background-media":"","overlay-type":"","overlay-color":"","overlay-opacity":"","overlay-gradient":""}},"footnotes":""},"class_list":["post-2156","page","type-page","status-publish","hentry"],"post_mailing_queue_ids":[],"_links":{"self":[{"href":"https:\/\/agora.xtec.cat\/esclariba\/wp-json\/wp\/v2\/pages\/2156","targetHints":{"allow":["GET"]}}],"collection":[{"href":"https:\/\/agora.xtec.cat\/esclariba\/wp-json\/wp\/v2\/pages"}],"about":[{"href":"https:\/\/agora.xtec.cat\/esclariba\/wp-json\/wp\/v2\/types\/page"}],"author":[{"embeddable":true,"href":"https:\/\/agora.xtec.cat\/esclariba\/wp-json\/wp\/v2\/users\/1"}],"replies":[{"embeddable":true,"href":"https:\/\/agora.xtec.cat\/esclariba\/wp-json\/wp\/v2\/comments?post=2156"}],"version-history":[{"count":6,"href":"https:\/\/agora.xtec.cat\/esclariba\/wp-json\/wp\/v2\/pages\/2156\/revisions"}],"predecessor-version":[{"id":8905,"href":"https:\/\/agora.xtec.cat\/esclariba\/wp-json\/wp\/v2\/pages\/2156\/revisions\/8905"}],"up":[{"embeddable":true,"href":"https:\/\/agora.xtec.cat\/esclariba\/wp-json\/wp\/v2\/pages\/22"}],"wp:attachment":[{"href":"https:\/\/agora.xtec.cat\/esclariba\/wp-json\/wp\/v2\/media?parent=2156"}],"curies":[{"name":"wp","href":"https:\/\/api.w.org\/{rel}","templated":true}]}}