{"id":2035,"date":"2009-09-27T18:40:17","date_gmt":"2009-09-27T17:40:17","guid":{"rendered":"http:\/\/blocs.xtec.cat\/ceiplariba\/"},"modified":"2022-04-21T13:03:17","modified_gmt":"2022-04-21T11:03:17","slug":"ampa","status":"publish","type":"page","link":"https:\/\/agora.xtec.cat\/esclariba\/ampa\/","title":{"rendered":"AFA"},"content":{"rendered":"<p>Ja ha passat un any del darrer Connect<span style=\"font-family: Times New Roman;\">@<\/span> &#8211; Escol<span style=\"font-family: Times New Roman;\">@<\/span>, la revista de la nostra escola, en la que tots alumnes, mestres i pares col\u00b7laborem d\u2019alguna manera. I un cop m\u00e9s ens agradaria explicar-vos la tasca que estem duent a terme des de l\u2019 AMiPA per ajudar a l\u2019educaci\u00f3 dels nostres fills<\/p>\n<p>Ja sabeu que cada curs, l\u2019AMiPA col\u00b7labora amb moltes de les activitats que es realitzen a l\u2019escola.<\/p>\n<p>Aquest curs per la festa de Nadal vam tenir com a novetat la visita del \u201cPatge Reial\u201d i el \u201cTi\u00f3\u201d com sempre va repartir regals per a tots els nens i nenes.\u00a0 Despr\u00e9s els nostres fills van fer l\u2019actuaci\u00f3 de nadales.<\/p>\n<p>Per Carnaval, els nens van poder berenar despr\u00e9s d\u2019haver-se passejat per una bona de part del poble lluint les disfresses. Ja fa uns anys un grup de pares s\u2019han animat a disfressar-se i a desfilar juntament amb alumnes i mestres; per als propers anys us animem a participar-hi i aix\u00ed passar una bona estona tots.\u00a0El curs passat vam fer una parada de venda d\u2019objectes nadalencs i flors de Nadal. Enguany, donat el bon resultat anterior, vam repetir l\u2019experi\u00e8ncia el primer cap de setmana de desembre. Va anar for\u00e7a b\u00e9 per\u00f2 esper\u00e0vem m\u00e9s participaci\u00f3 dels pares i m\u00e9s col\u00b7laboraci\u00f3 per muntar l\u2019activitat.<\/p>\n<p>Enguany tamb\u00e9 hi havia la voluntat de fer la parada de llibres i roses per Sant Jordi com l\u2019any passat, per\u00f2 degut a que ha coincidit amb el dia la representaci\u00f3 de l\u2019obra de teatre del CEIP a Valls, vam creure m\u00e9s oport\u00fa no fer-la per la dificultat d\u2019organitzar-la ja que la majoria de pares volien veure els nostres fills fent d\u2019actors. Per cert, com sempre que se\u2019ns ha demanat des de l\u2019escola, a l\u2019obra\u00a0 de teatre alguns pares han col\u00b7laborat fent els decorats i vestits d\u2019alguns actors.<\/p>\n<p><strong><em>Sortides i col\u00f2nies<\/em><\/strong> La novetat d\u2019enguany ha estat, a m\u00e9s d\u2019assumir la despesa del transport per a tots aquells alumnes de l\u2019associaci\u00f3, que els autocars que s\u2019han contractat mitjan\u00e7ant un contracte amb l\u2019empresa Autocars Cabre tinguin cinturons de seguretat tots els seients. Aquesta petici\u00f3 la van fer els pares\u00a0 a la reuni\u00f3 del darrer Consell Escolar del curs passat. \u00a0El mes de novembre va haver-hi una sortida a Masquefa i Capellades i just abans de Setmana Santa la sortida a Sarral. Ara que s\u2019acosten les col\u00f2nies que seran a la zona volc\u00e0nica de la Garrotxa, el transport tamb\u00e9 anir\u00e0 a c\u00e0rrec de l\u2019associaci\u00f3. Aquesta \u00e9s una despesa important en el pressupost de l\u2019entitat.<\/p>\n","protected":false},"excerpt":{"rendered":"<p>Ja ha passat un any del darrer Connect@ &#8211; Escol@, la revista de la nostra escola, en la que tots alumnes, mestres i pares col\u00b7laborem d\u2019alguna manera. I un cop m\u00e9s ens agradaria explicar-vos la tasca que estem duent a terme des de l\u2019 AMiPA per ajudar a l\u2019educaci\u00f3 dels nostres fills Ja sabeu que [&hellip;]<\/p>\n","protected":false},"author":1,"featured_media":0,"parent":0,"menu_order":3,"comment_status":"open","ping_status":"open","template":"","meta":{"_bbp_topic_count":0,"_bbp_reply_count":0,"_bbp_total_topic_count":0,"_bbp_total_reply_count":0,"_bbp_voice_count":0,"_bbp_anonymous_reply_count":0,"_bbp_topic_count_hidden":0,"_bbp_reply_count_hidden":0,"_bbp_forum_subforum_count":0,"site-sidebar-layout":"default","site-content-layout":"","ast-site-content-layout":"","site-content-style":"default","site-sidebar-style":"default","ast-global-header-display":"","ast-banner-title-visibility":"","ast-main-header-display":"","ast-hfb-above-header-display":"","ast-hfb-below-header-display":"","ast-hfb-mobile-header-display":"","site-post-title":"","ast-breadcrumbs-content":"","ast-featured-img":"","footer-sml-layout":"","theme-transparent-header-meta":"","adv-header-id-meta":"","stick-header-meta":"","header-above-stick-meta":"","header-main-stick-meta":"","header-below-stick-meta":"","astra-migrate-meta-layouts":"default","ast-page-background-enabled":"default","ast-page-background-meta":{"desktop":{"background-color":"var(--ast-global-color-4)","background-image":"","background-repeat":"repeat","background-position":"center center","background-size":"auto","background-attachment":"scroll","background-type":"","background-media":"","overlay-type":"","overlay-color":"","overlay-opacity":"","overlay-gradient":""},"tablet":{"background-color":"","background-image":"","background-repeat":"repeat","background-position":"center center","background-size":"auto","background-attachment":"scroll","background-type":"","background-media":"","overlay-type":"","overlay-color":"","overlay-opacity":"","overlay-gradient":""},"mobile":{"background-color":"","background-image":"","background-repeat":"repeat","background-position":"center center","background-size":"auto","background-attachment":"scroll","background-type":"","background-media":"","overlay-type":"","overlay-color":"","overlay-opacity":"","overlay-gradient":""}},"ast-content-background-meta":{"desktop":{"background-color":"var(--ast-global-color-5)","background-image":"","background-repeat":"repeat","background-position":"center center","background-size":"auto","background-attachment":"scroll","background-type":"","background-media":"","overlay-type":"","overlay-color":"","overlay-opacity":"","overlay-gradient":""},"tablet":{"background-color":"var(--ast-global-color-5)","background-image":"","background-repeat":"repeat","background-position":"center center","background-size":"auto","background-attachment":"scroll","background-type":"","background-media":"","overlay-type":"","overlay-color":"","overlay-opacity":"","overlay-gradient":""},"mobile":{"background-color":"var(--ast-global-color-5)","background-image":"","background-repeat":"repeat","background-position":"center center","background-size":"auto","background-attachment":"scroll","background-type":"","background-media":"","overlay-type":"","overlay-color":"","overlay-opacity":"","overlay-gradient":""}},"footnotes":""},"class_list":["post-2035","page","type-page","status-publish","hentry"],"post_mailing_queue_ids":[],"_links":{"self":[{"href":"https:\/\/agora.xtec.cat\/esclariba\/wp-json\/wp\/v2\/pages\/2035","targetHints":{"allow":["GET"]}}],"collection":[{"href":"https:\/\/agora.xtec.cat\/esclariba\/wp-json\/wp\/v2\/pages"}],"about":[{"href":"https:\/\/agora.xtec.cat\/esclariba\/wp-json\/wp\/v2\/types\/page"}],"author":[{"embeddable":true,"href":"https:\/\/agora.xtec.cat\/esclariba\/wp-json\/wp\/v2\/users\/1"}],"replies":[{"embeddable":true,"href":"https:\/\/agora.xtec.cat\/esclariba\/wp-json\/wp\/v2\/comments?post=2035"}],"version-history":[{"count":1,"href":"https:\/\/agora.xtec.cat\/esclariba\/wp-json\/wp\/v2\/pages\/2035\/revisions"}],"predecessor-version":[{"id":8606,"href":"https:\/\/agora.xtec.cat\/esclariba\/wp-json\/wp\/v2\/pages\/2035\/revisions\/8606"}],"wp:attachment":[{"href":"https:\/\/agora.xtec.cat\/esclariba\/wp-json\/wp\/v2\/media?parent=2035"}],"curies":[{"name":"wp","href":"https:\/\/api.w.org\/{rel}","templated":true}]}}