{"id":3217,"date":"2019-02-25T20:09:49","date_gmt":"2019-02-25T19:09:49","guid":{"rendered":"http:\/\/agora.xtec.cat\/esclagranadella\/?page_id=3217"},"modified":"2023-03-09T12:13:48","modified_gmt":"2023-03-09T11:13:48","slug":"documents","status":"publish","type":"page","link":"https:\/\/agora.xtec.cat\/esclagranadella\/lescola\/documents\/","title":{"rendered":"Documents"},"content":{"rendered":"<p><a href=\"https:\/\/agora.xtec.cat\/zerelaia\/wp-content\/uploads\/usu1153\/2021\/11\/NOF-ZER-Elaia-2021.pdf\" target=\"_blank\" rel=\"noopener\">Normes d\u2019organitzaci\u00f3 i funcionament de centre.<\/a><\/p>\n<p><a href=\"https:\/\/drive.google.com\/file\/d\/1rn5k31Qy4P3Tbc0ip0k8on58P0Ga1fhw\/view?usp=sharing\" target=\"_blank\" rel=\"noopener\">Projecte educatiu de ZER (Actualitzat 2021-22)<\/a><\/p>\n<p><a href=\"https:\/\/drive.google.com\/file\/d\/1ig_haKrNyKMWt3lYcaWjqaZRV16kX-kv\/view?usp=sharing\" target=\"_blank\" rel=\"noopener\">Projecte ling\u00fc\u00edstic (Actualitzat 2021-22)<\/a><\/p>\n<p><a href=\"https:\/\/agora.xtec.cat\/zerelaia\/wp-content\/uploads\/usu1153\/2021\/09\/Pla-dorganitzacio-2021-22-ZER-Elaia.pdf\" target=\"_blank\" rel=\"noopener\">Pla d\u2019organitzaci\u00f3 2021-22 ZER Elaia<\/a><\/p>\n<p><a href=\"https:\/\/drive.google.com\/file\/d\/1Yi2FtFSJboHbNO2EkF-Q6zAo6LfFUUky\/view?usp=sharing\" target=\"_blank\" rel=\"noopener noreferrer\">Projecte de conviv\u00e8ncia ZER (Curs 2020-21)<\/a><\/p>\n","protected":false},"excerpt":{"rendered":"<p>Normes d\u2019organitzaci\u00f3 i funcionament de centre. Projecte educatiu de ZER (Actualitzat 2021-22) Projecte ling\u00fc\u00edstic (Actualitzat 2021-22) Pla d\u2019organitzaci\u00f3 2021-22 ZER Elaia Projecte de conviv\u00e8ncia ZER (Curs 2020-21)<\/p>\n","protected":false},"author":1,"featured_media":0,"parent":22,"menu_order":4,"comment_status":"closed","ping_status":"closed","template":"page-templates\/side-menu.php","meta":{"_bbp_topic_count":0,"_bbp_reply_count":0,"_bbp_total_topic_count":0,"_bbp_total_reply_count":0,"_bbp_voice_count":0,"_bbp_anonymous_reply_count":0,"_bbp_topic_count_hidden":0,"_bbp_reply_count_hidden":0,"_bbp_forum_subforum_count":0,"site-sidebar-layout":"default","site-content-layout":"","ast-site-content-layout":"","site-content-style":"default","site-sidebar-style":"default","ast-global-header-display":"","ast-banner-title-visibility":"","ast-main-header-display":"","ast-hfb-above-header-display":"","ast-hfb-below-header-display":"","ast-hfb-mobile-header-display":"","site-post-title":"","ast-breadcrumbs-content":"","ast-featured-img":"","footer-sml-layout":"","theme-transparent-header-meta":"","adv-header-id-meta":"","stick-header-meta":"","header-above-stick-meta":"","header-main-stick-meta":"","header-below-stick-meta":"","astra-migrate-meta-layouts":"default","ast-page-background-enabled":"default","ast-page-background-meta":{"desktop":{"background-color":"var(--ast-global-color-4)","background-image":"","background-repeat":"repeat","background-position":"center center","background-size":"auto","background-attachment":"scroll","background-type":"","background-media":"","overlay-type":"","overlay-color":"","overlay-opacity":"","overlay-gradient":""},"tablet":{"background-color":"","background-image":"","background-repeat":"repeat","background-position":"center center","background-size":"auto","background-attachment":"scroll","background-type":"","background-media":"","overlay-type":"","overlay-color":"","overlay-opacity":"","overlay-gradient":""},"mobile":{"background-color":"","background-image":"","background-repeat":"repeat","background-position":"center center","background-size":"auto","background-attachment":"scroll","background-type":"","background-media":"","overlay-type":"","overlay-color":"","overlay-opacity":"","overlay-gradient":""}},"ast-content-background-meta":{"desktop":{"background-color":"var(--ast-global-color-5)","background-image":"","background-repeat":"repeat","background-position":"center center","background-size":"auto","background-attachment":"scroll","background-type":"","background-media":"","overlay-type":"","overlay-color":"","overlay-opacity":"","overlay-gradient":""},"tablet":{"background-color":"var(--ast-global-color-5)","background-image":"","background-repeat":"repeat","background-position":"center center","background-size":"auto","background-attachment":"scroll","background-type":"","background-media":"","overlay-type":"","overlay-color":"","overlay-opacity":"","overlay-gradient":""},"mobile":{"background-color":"var(--ast-global-color-5)","background-image":"","background-repeat":"repeat","background-position":"center center","background-size":"auto","background-attachment":"scroll","background-type":"","background-media":"","overlay-type":"","overlay-color":"","overlay-opacity":"","overlay-gradient":""}},"footnotes":""},"class_list":["post-3217","page","type-page","status-publish","hentry"],"post_mailing_queue_ids":[],"_links":{"self":[{"href":"https:\/\/agora.xtec.cat\/esclagranadella\/wp-json\/wp\/v2\/pages\/3217","targetHints":{"allow":["GET"]}}],"collection":[{"href":"https:\/\/agora.xtec.cat\/esclagranadella\/wp-json\/wp\/v2\/pages"}],"about":[{"href":"https:\/\/agora.xtec.cat\/esclagranadella\/wp-json\/wp\/v2\/types\/page"}],"author":[{"embeddable":true,"href":"https:\/\/agora.xtec.cat\/esclagranadella\/wp-json\/wp\/v2\/users\/1"}],"replies":[{"embeddable":true,"href":"https:\/\/agora.xtec.cat\/esclagranadella\/wp-json\/wp\/v2\/comments?post=3217"}],"version-history":[{"count":3,"href":"https:\/\/agora.xtec.cat\/esclagranadella\/wp-json\/wp\/v2\/pages\/3217\/revisions"}],"predecessor-version":[{"id":4208,"href":"https:\/\/agora.xtec.cat\/esclagranadella\/wp-json\/wp\/v2\/pages\/3217\/revisions\/4208"}],"up":[{"embeddable":true,"href":"https:\/\/agora.xtec.cat\/esclagranadella\/wp-json\/wp\/v2\/pages\/22"}],"wp:attachment":[{"href":"https:\/\/agora.xtec.cat\/esclagranadella\/wp-json\/wp\/v2\/media?parent=3217"}],"curies":[{"name":"wp","href":"https:\/\/api.w.org\/{rel}","templated":true}]}}