{"id":2203,"date":"2019-01-21T13:45:20","date_gmt":"2019-01-21T12:45:20","guid":{"rendered":"http:\/\/agora.xtec.cat\/escjoseppenuelas\/?page_id=2203"},"modified":"2025-03-12T09:59:01","modified_gmt":"2025-03-12T08:59:01","slug":"ong-josep-penuelas-del-rio","status":"publish","type":"page","link":"https:\/\/agora.xtec.cat\/escjoseppenuelas\/projecte-educatiu\/ong-josep-penuelas-del-rio\/","title":{"rendered":"El cor del Pe\u00f1uelas"},"content":{"rendered":"<p>El cor de Pe\u00f1uelas \u00e9s el nom amb qu\u00e8 els alumnes de l&#8217;escola han batejat la seva col\u00b7laboraci\u00f3 amb\u00a0 estretament amb <strong>l&#8217;associaci\u00f3 de Cooperaci\u00f3 Somriures de Madina Jambor.\u00a0<\/strong><\/p>\n<p>L&#8217;escola es troba al poblat de Madina Jambor, a G\u00e0mbia. Hi estudien vuitanta-cinc infants i va comen\u00e7ar a funcionar el 2019.<!-- \/wp:image --><\/p>\n<p><a href=\"https:\/\/agora.xtec.cat\/escjoseppenuelas\/wp-content\/uploads\/usu1492\/2025\/03\/Cartell-preus.png\"><img loading=\"lazy\" decoding=\"async\" class=\"wp-image-4852 aligncenter\" src=\"https:\/\/agora.xtec.cat\/escjoseppenuelas\/wp-content\/uploads\/usu1492\/2025\/03\/Cartell-preus-724x1024.png\" alt=\"\" width=\"317\" height=\"448\" srcset=\"https:\/\/agora.xtec.cat\/escjoseppenuelas\/wp-content\/uploads\/usu1492\/2025\/03\/Cartell-preus-724x1024.png 724w, https:\/\/agora.xtec.cat\/escjoseppenuelas\/wp-content\/uploads\/usu1492\/2025\/03\/Cartell-preus-212x300.png 212w, https:\/\/agora.xtec.cat\/escjoseppenuelas\/wp-content\/uploads\/usu1492\/2025\/03\/Cartell-preus-768x1086.png 768w, https:\/\/agora.xtec.cat\/escjoseppenuelas\/wp-content\/uploads\/usu1492\/2025\/03\/Cartell-preus-1086x1536.png 1086w, https:\/\/agora.xtec.cat\/escjoseppenuelas\/wp-content\/uploads\/usu1492\/2025\/03\/Cartell-preus.png 1414w\" sizes=\"auto, (max-width: 317px) 100vw, 317px\" \/><\/a><\/p>\n<p><!-- wp:image --><\/p>\n<p>Aqu\u00ed teniu tota una s\u00e8rie de fotos que ens van enviar quan va arribar tot el material que l&#8217;escola havia recollit les \u00faltimes setmanes.<\/p>\n<p>Gr\u00e0cies a tothom !!!!<\/p>\n<table style=\"border-collapse: collapse; width: 100%;\" border=\"1\">\n<tbody>\n<tr style=\"height: 240px;\">\n<td style=\"width: 50%; height: 240px;\"><a href=\"https:\/\/agora.xtec.cat\/escjoseppenuelas\/wp-content\/uploads\/usu1492\/2019\/05\/fb080366-f370-430d-8e05-744b8d77aa9b.jpg\"><img loading=\"lazy\" decoding=\"async\" class=\"aligncenter size-medium wp-image-2510\" src=\"https:\/\/agora.xtec.cat\/escjoseppenuelas\/wp-content\/uploads\/usu1492\/2019\/05\/fb080366-f370-430d-8e05-744b8d77aa9b-300x225.jpg\" alt=\"\" width=\"300\" height=\"225\" srcset=\"https:\/\/agora.xtec.cat\/escjoseppenuelas\/wp-content\/uploads\/usu1492\/2019\/05\/fb080366-f370-430d-8e05-744b8d77aa9b-300x225.jpg 300w, https:\/\/agora.xtec.cat\/escjoseppenuelas\/wp-content\/uploads\/usu1492\/2019\/05\/fb080366-f370-430d-8e05-744b8d77aa9b-768x576.jpg 768w, https:\/\/agora.xtec.cat\/escjoseppenuelas\/wp-content\/uploads\/usu1492\/2019\/05\/fb080366-f370-430d-8e05-744b8d77aa9b-1024x768.jpg 1024w, https:\/\/agora.xtec.cat\/escjoseppenuelas\/wp-content\/uploads\/usu1492\/2019\/05\/fb080366-f370-430d-8e05-744b8d77aa9b-200x150.jpg 200w, https:\/\/agora.xtec.cat\/escjoseppenuelas\/wp-content\/uploads\/usu1492\/2019\/05\/fb080366-f370-430d-8e05-744b8d77aa9b.jpg 1600w\" sizes=\"auto, (max-width: 300px) 100vw, 300px\" \/><\/a><\/td>\n<td style=\"width: 50%; height: 240px;\"><a href=\"https:\/\/agora.xtec.cat\/escjoseppenuelas\/wp-content\/uploads\/usu1492\/2019\/05\/f7df699c-50b7-4c9f-b292-37114e6442f7.jpg\"><img loading=\"lazy\" decoding=\"async\" class=\"aligncenter size-medium wp-image-2509\" src=\"https:\/\/agora.xtec.cat\/escjoseppenuelas\/wp-content\/uploads\/usu1492\/2019\/05\/f7df699c-50b7-4c9f-b292-37114e6442f7-300x225.jpg\" alt=\"\" width=\"300\" height=\"225\" srcset=\"https:\/\/agora.xtec.cat\/escjoseppenuelas\/wp-content\/uploads\/usu1492\/2019\/05\/f7df699c-50b7-4c9f-b292-37114e6442f7-300x225.jpg 300w, https:\/\/agora.xtec.cat\/escjoseppenuelas\/wp-content\/uploads\/usu1492\/2019\/05\/f7df699c-50b7-4c9f-b292-37114e6442f7-768x576.jpg 768w, https:\/\/agora.xtec.cat\/escjoseppenuelas\/wp-content\/uploads\/usu1492\/2019\/05\/f7df699c-50b7-4c9f-b292-37114e6442f7-1024x768.jpg 1024w, https:\/\/agora.xtec.cat\/escjoseppenuelas\/wp-content\/uploads\/usu1492\/2019\/05\/f7df699c-50b7-4c9f-b292-37114e6442f7-200x150.jpg 200w, https:\/\/agora.xtec.cat\/escjoseppenuelas\/wp-content\/uploads\/usu1492\/2019\/05\/f7df699c-50b7-4c9f-b292-37114e6442f7.jpg 1600w\" sizes=\"auto, (max-width: 300px) 100vw, 300px\" \/><\/a><\/td>\n<\/tr>\n<tr style=\"height: 315px;\">\n<td style=\"width: 50%; height: 315px;\"><a href=\"https:\/\/agora.xtec.cat\/escjoseppenuelas\/wp-content\/uploads\/usu1492\/2019\/05\/e5308d16-07ce-4917-a993-14656df4f7a6.jpg\"><img loading=\"lazy\" decoding=\"async\" class=\"aligncenter size-medium wp-image-2508\" src=\"https:\/\/agora.xtec.cat\/escjoseppenuelas\/wp-content\/uploads\/usu1492\/2019\/05\/e5308d16-07ce-4917-a993-14656df4f7a6-300x225.jpg\" alt=\"\" width=\"300\" height=\"225\" srcset=\"https:\/\/agora.xtec.cat\/escjoseppenuelas\/wp-content\/uploads\/usu1492\/2019\/05\/e5308d16-07ce-4917-a993-14656df4f7a6-300x225.jpg 300w, https:\/\/agora.xtec.cat\/escjoseppenuelas\/wp-content\/uploads\/usu1492\/2019\/05\/e5308d16-07ce-4917-a993-14656df4f7a6-768x576.jpg 768w, https:\/\/agora.xtec.cat\/escjoseppenuelas\/wp-content\/uploads\/usu1492\/2019\/05\/e5308d16-07ce-4917-a993-14656df4f7a6-1024x768.jpg 1024w, https:\/\/agora.xtec.cat\/escjoseppenuelas\/wp-content\/uploads\/usu1492\/2019\/05\/e5308d16-07ce-4917-a993-14656df4f7a6-200x150.jpg 200w, https:\/\/agora.xtec.cat\/escjoseppenuelas\/wp-content\/uploads\/usu1492\/2019\/05\/e5308d16-07ce-4917-a993-14656df4f7a6.jpg 1080w\" sizes=\"auto, (max-width: 300px) 100vw, 300px\" \/><\/a><\/td>\n<td style=\"width: 50%; height: 315px;\"><a href=\"https:\/\/agora.xtec.cat\/escjoseppenuelas\/wp-content\/uploads\/usu1492\/2019\/05\/d0611a15-7ca9-4ac3-85e1-e42e98ff703b.jpg\"><img loading=\"lazy\" decoding=\"async\" class=\"aligncenter size-medium wp-image-2507\" src=\"https:\/\/agora.xtec.cat\/escjoseppenuelas\/wp-content\/uploads\/usu1492\/2019\/05\/d0611a15-7ca9-4ac3-85e1-e42e98ff703b-225x300.jpg\" alt=\"\" width=\"225\" height=\"300\" srcset=\"https:\/\/agora.xtec.cat\/escjoseppenuelas\/wp-content\/uploads\/usu1492\/2019\/05\/d0611a15-7ca9-4ac3-85e1-e42e98ff703b-225x300.jpg 225w, https:\/\/agora.xtec.cat\/escjoseppenuelas\/wp-content\/uploads\/usu1492\/2019\/05\/d0611a15-7ca9-4ac3-85e1-e42e98ff703b-768x1024.jpg 768w, https:\/\/agora.xtec.cat\/escjoseppenuelas\/wp-content\/uploads\/usu1492\/2019\/05\/d0611a15-7ca9-4ac3-85e1-e42e98ff703b.jpg 810w\" sizes=\"auto, (max-width: 225px) 100vw, 225px\" \/><\/a><\/td>\n<\/tr>\n<tr style=\"height: 30px;\">\n<td style=\"width: 50%; height: 30px;\"><a href=\"https:\/\/agora.xtec.cat\/escjoseppenuelas\/wp-content\/uploads\/usu1492\/2019\/05\/a367be9e-21b5-4590-bc7e-df9ce10c3bd6.jpg\"><img loading=\"lazy\" decoding=\"async\" class=\"aligncenter size-medium wp-image-2506\" src=\"https:\/\/agora.xtec.cat\/escjoseppenuelas\/wp-content\/uploads\/usu1492\/2019\/05\/a367be9e-21b5-4590-bc7e-df9ce10c3bd6-300x225.jpg\" alt=\"\" width=\"300\" height=\"225\" srcset=\"https:\/\/agora.xtec.cat\/escjoseppenuelas\/wp-content\/uploads\/usu1492\/2019\/05\/a367be9e-21b5-4590-bc7e-df9ce10c3bd6-300x225.jpg 300w, https:\/\/agora.xtec.cat\/escjoseppenuelas\/wp-content\/uploads\/usu1492\/2019\/05\/a367be9e-21b5-4590-bc7e-df9ce10c3bd6-768x576.jpg 768w, https:\/\/agora.xtec.cat\/escjoseppenuelas\/wp-content\/uploads\/usu1492\/2019\/05\/a367be9e-21b5-4590-bc7e-df9ce10c3bd6-1024x768.jpg 1024w, https:\/\/agora.xtec.cat\/escjoseppenuelas\/wp-content\/uploads\/usu1492\/2019\/05\/a367be9e-21b5-4590-bc7e-df9ce10c3bd6-200x150.jpg 200w, https:\/\/agora.xtec.cat\/escjoseppenuelas\/wp-content\/uploads\/usu1492\/2019\/05\/a367be9e-21b5-4590-bc7e-df9ce10c3bd6.jpg 1600w\" sizes=\"auto, (max-width: 300px) 100vw, 300px\" \/><\/a><\/td>\n<td style=\"width: 50%; height: 30px;\"><a href=\"https:\/\/agora.xtec.cat\/escjoseppenuelas\/wp-content\/uploads\/usu1492\/2019\/05\/616b9869-da38-4cdc-a56c-c6d4f17a6aab.jpg\"><img loading=\"lazy\" decoding=\"async\" class=\"aligncenter size-medium wp-image-2505\" src=\"https:\/\/agora.xtec.cat\/escjoseppenuelas\/wp-content\/uploads\/usu1492\/2019\/05\/616b9869-da38-4cdc-a56c-c6d4f17a6aab-300x225.jpg\" alt=\"\" width=\"300\" height=\"225\" srcset=\"https:\/\/agora.xtec.cat\/escjoseppenuelas\/wp-content\/uploads\/usu1492\/2019\/05\/616b9869-da38-4cdc-a56c-c6d4f17a6aab-300x225.jpg 300w, https:\/\/agora.xtec.cat\/escjoseppenuelas\/wp-content\/uploads\/usu1492\/2019\/05\/616b9869-da38-4cdc-a56c-c6d4f17a6aab-768x576.jpg 768w, https:\/\/agora.xtec.cat\/escjoseppenuelas\/wp-content\/uploads\/usu1492\/2019\/05\/616b9869-da38-4cdc-a56c-c6d4f17a6aab-1024x768.jpg 1024w, https:\/\/agora.xtec.cat\/escjoseppenuelas\/wp-content\/uploads\/usu1492\/2019\/05\/616b9869-da38-4cdc-a56c-c6d4f17a6aab-200x150.jpg 200w, https:\/\/agora.xtec.cat\/escjoseppenuelas\/wp-content\/uploads\/usu1492\/2019\/05\/616b9869-da38-4cdc-a56c-c6d4f17a6aab.jpg 1600w\" sizes=\"auto, (max-width: 300px) 100vw, 300px\" \/><\/a><\/td>\n<\/tr>\n<tr style=\"height: 30px;\">\n<td style=\"width: 50%; height: 30px;\"><a href=\"https:\/\/agora.xtec.cat\/escjoseppenuelas\/wp-content\/uploads\/usu1492\/2019\/05\/74a52b1b-279a-4c96-b13e-e2fdb7b54be6.jpg\"><img loading=\"lazy\" decoding=\"async\" class=\"aligncenter size-medium wp-image-2504\" src=\"https:\/\/agora.xtec.cat\/escjoseppenuelas\/wp-content\/uploads\/usu1492\/2019\/05\/74a52b1b-279a-4c96-b13e-e2fdb7b54be6-300x225.jpg\" alt=\"\" width=\"300\" height=\"225\" srcset=\"https:\/\/agora.xtec.cat\/escjoseppenuelas\/wp-content\/uploads\/usu1492\/2019\/05\/74a52b1b-279a-4c96-b13e-e2fdb7b54be6-300x225.jpg 300w, https:\/\/agora.xtec.cat\/escjoseppenuelas\/wp-content\/uploads\/usu1492\/2019\/05\/74a52b1b-279a-4c96-b13e-e2fdb7b54be6-768x576.jpg 768w, https:\/\/agora.xtec.cat\/escjoseppenuelas\/wp-content\/uploads\/usu1492\/2019\/05\/74a52b1b-279a-4c96-b13e-e2fdb7b54be6-1024x768.jpg 1024w, https:\/\/agora.xtec.cat\/escjoseppenuelas\/wp-content\/uploads\/usu1492\/2019\/05\/74a52b1b-279a-4c96-b13e-e2fdb7b54be6-200x150.jpg 200w, https:\/\/agora.xtec.cat\/escjoseppenuelas\/wp-content\/uploads\/usu1492\/2019\/05\/74a52b1b-279a-4c96-b13e-e2fdb7b54be6.jpg 1600w\" sizes=\"auto, (max-width: 300px) 100vw, 300px\" \/><\/a><\/td>\n<td style=\"width: 50%; height: 30px;\"><a href=\"https:\/\/agora.xtec.cat\/escjoseppenuelas\/wp-content\/uploads\/usu1492\/2019\/05\/0c2b4e6a-80ba-4213-b8d7-9c92b5df6a0a.jpg\"><img loading=\"lazy\" decoding=\"async\" class=\"aligncenter size-medium wp-image-2503\" src=\"https:\/\/agora.xtec.cat\/escjoseppenuelas\/wp-content\/uploads\/usu1492\/2019\/05\/0c2b4e6a-80ba-4213-b8d7-9c92b5df6a0a-300x225.jpg\" alt=\"\" width=\"300\" height=\"225\" srcset=\"https:\/\/agora.xtec.cat\/escjoseppenuelas\/wp-content\/uploads\/usu1492\/2019\/05\/0c2b4e6a-80ba-4213-b8d7-9c92b5df6a0a-300x225.jpg 300w, https:\/\/agora.xtec.cat\/escjoseppenuelas\/wp-content\/uploads\/usu1492\/2019\/05\/0c2b4e6a-80ba-4213-b8d7-9c92b5df6a0a-768x576.jpg 768w, https:\/\/agora.xtec.cat\/escjoseppenuelas\/wp-content\/uploads\/usu1492\/2019\/05\/0c2b4e6a-80ba-4213-b8d7-9c92b5df6a0a-1024x768.jpg 1024w, https:\/\/agora.xtec.cat\/escjoseppenuelas\/wp-content\/uploads\/usu1492\/2019\/05\/0c2b4e6a-80ba-4213-b8d7-9c92b5df6a0a-200x150.jpg 200w, https:\/\/agora.xtec.cat\/escjoseppenuelas\/wp-content\/uploads\/usu1492\/2019\/05\/0c2b4e6a-80ba-4213-b8d7-9c92b5df6a0a.jpg 1600w\" sizes=\"auto, (max-width: 300px) 100vw, 300px\" \/><\/a><\/td>\n<\/tr>\n<\/tbody>\n<\/table>\n<p>I aqu\u00ed teniu un petit v\u00eddeo agraint-vos-ho<\/p>\n<div style=\"width: 848px;\" class=\"wp-video\"><!--[if lt IE 9]><script>document.createElement('video');<\/script><![endif]-->\n<video class=\"wp-video-shortcode\" id=\"video-2203-1\" width=\"848\" height=\"480\" preload=\"metadata\" controls=\"controls\"><source type=\"video\/mp4\" src=\"https:\/\/agora.xtec.cat\/escjoseppenuelas\/wp-content\/uploads\/usu1492\/2019\/05\/WhatsApp-Video-2019-05-13-at-17.39.59.mp4?_=1\" \/><a href=\"https:\/\/agora.xtec.cat\/escjoseppenuelas\/wp-content\/uploads\/usu1492\/2019\/05\/WhatsApp-Video-2019-05-13-at-17.39.59.mp4\">https:\/\/agora.xtec.cat\/escjoseppenuelas\/wp-content\/uploads\/usu1492\/2019\/05\/WhatsApp-Video-2019-05-13-at-17.39.59.mp4<\/a><\/video><\/div>\n<p>Els alumnes de CS de l&#8217;escola estem treballant un projecte social. Totes les nostres grans idees les podrem fer realitat gr\u00e0cies a l&#8217;Associaci\u00f3 <strong>Somriures Madina Jambor<\/strong>, amb qui col\u00b7laborarem, al llarg del curs, recaptant diners, material escolar, joguines, roba&#8230; per ajudar-los en la construcci\u00f3 d&#8217;una escola al poble de Jambanjeli, a G\u00e0mbia.<\/p>\n<p><a href=\"https:\/\/www.google.com\/maps\/place\/Jambanj%C3%A3li,+G%C3%A0mbia\/@13.2859956,-16.7389684,13.75z\/data=!4m13!1m7!3m6!1s0xec29c2965af3807:0x9e4a4c406b139d2a!2zR8OgbWJpYQ!3b1!8m2!3d13.443182!4d-15.310139!3m4!1s0xec2bcb56bbffa8d:0x107757d65112e140!8m2!3d13.2817165!4d-16.724968\">MAPA<\/a><\/p>\n<div id=\"23B69\" style=\"width: 600px; height: 400px; display: none;\"><img decoding=\"async\" src=\"https:\/\/lh3.googleusercontent.com\/so-uoQnCCW83pbQ03WMRU8-JF5hpo5usp45leSokNwNzqFC5kIGCWoM-LDkpkHkUL9_VZusWp2qa36YnhsIc3uiYwLJZQTMvi6ujDAx7X0dReCTjj9ZeTKKQlqEnEPUHJ1kH-NVSTQBs69Nn2aChQhUSyvgNDlJTK0EYLNRG7_6v3mPuwFFwt1mgp7FIxgQpsA1c8dkPtcFyL-_jNyb0L5L9o3NBlgrl-iq0bBu9skBxsQ4tluKkyEPqK590J_tc_CFPym-MXrNdYYLPkfC1MRVhWFN9Hi1ZMWNUSqp9STBmRMxu338JkDWioLHGYrDkGNNI0IYjSPi2qYTx_LxOWtrZCG4rIopvh1hdbPVV87EZicsVfKfNNF5n5c4C1EIWwTR4FZmo4EyRHkUH9-kdU6Di3qpZoMOJVtWGUWguN3SJ4NpH_B0gq3w0BIYrzD_iPpTjZbZnckcw5W6jPxzcKnQdrr7Zy0-XuXCG-h2EDWc8UzrwSLBa54QU8rJDj1cJ4gWbh56QofOhgrrr1Q2-4RBGCWN0Wnl8NhQqKj44JBucMoVcWdERHPtCZgUPLyMw_GqvoBZDrmYGYiZ7FoYQKFwvCWthGF8gLI0Sk6jQbwCCmkSD-5YsFdcUoDhPjogTDWTr0GloEsyYHws4wEeVyRbHoQ=w800-h600-no\" data-link=\"https:\/\/photos.google.com\/album\/AF1QipO1WvBeEeTZBB4fyTRlmre5h0NLki51KoExm11h\/photo\/AF1QipMz6t9aV9zaWo6q0c-MQ_PDS1KtiAiH1AY0qFws\" \/><br \/><img decoding=\"async\" src=\"https:\/\/lh3.googleusercontent.com\/zQ9x5MF0DRKsEW5BhEaj8IFrgBwajPqyxGDqaeIQvKJo901koWmfrY6XTq5wAM8GsS-1HEvyrZpp2o1RUZ2LUdtAbSPvksQYUyKRS827ds6ZfXwl-HT99ljNdYZnd0P_4aFww3_yGyNv2y7A-vaYmuyxubYUzmrl07Uxjbn6GOXTWeiZiZPtwXFC0tT8LxpCB474sPM-HkHG_lUPG_yfeD17dRIl4jLzK2-G6qmfsbAlLgCNyC3AKurFE9uYF-pndlTEAhIYrXP4SXQRtuXpRdssO1rEvn3E94vjRX0jpMYfjkwFErDy6gQgRqthaQLJTHJPTxhMhwJi-bMRjdGNIBnXbyFBXxzKqR0NgnbnTGd_epFfCQyX7yEmDh-dw4vXpdtSERRMRiqmA4tWXR-GN1yRY3L-DvweXIL7Yrgp_dtE_-CmZcbtEakSummBG_lW-oFltpLNrHp2ygwNrXLswE5YX7_kyQeYsYzKpLToTre-5hmP2Kkn63aiIDiAikHk-ZbGUVuJ202f-Wg0xTcHkD4hK-O8yiVWXVRNukI1V9IDg-ltOSGJeAziOifSsKd5vvoVqkaltOPI-VfnJLKPeBvoknTNCEHxqYvpIWUGCjEnhRPAn6OMXvBpxNN3XWBltOQQ3RcEfHBveVWx2yjQlTgisA=w800-h600-no\" data-link=\"https:\/\/photos.google.com\/album\/AF1QipO1WvBeEeTZBB4fyTRlmre5h0NLki51KoExm11h\/photo\/AF1QipM4d6U7NLBSFbrnrMcuAbuxUUg0plkaWfQULNK3\" \/><br \/><img decoding=\"async\" src=\"https:\/\/lh3.googleusercontent.com\/fRs1bb7R3ECSTo6xhvuEpFGkVboeVJaRwsba68nJ4CaupHE9wDRCU_A9I39n5EF4WNi6clgGYrcFzX07OCN1hF4a_RWVKF5dxX22j0k6w4vEIeNVGTxbEpbqUw3GCHkvZXJgjvaCwTa3-nGxhlRuhz4B4E5GtAUHqtcz9IANYmIET_sW-vNep5mBgE6G8CezaGkEeY_89iAPbWN737G_Kr74Ai4g14jI434k93g_uVD1wh1wQ6Hi8IkLcbxYT6GWP6_GZMluBEcITSPAxWLhI99gFU-B32Psoc2-yBg5W2wbRl6Zk64nirCkE7aOO4gm8k1-7wCMxGj77mKO-7xW8_Ql-tbTEFoYp_IwOhizA9n3AHMAukkXv_KEXiQyVX8L_z_Iigfz2f6VD4nEYZeb3qbnagz8iGBlHKx6DB1xhyVje0dZ9k4mkQEMnRiYEr2vYXcvPrKMAkRdD-PV1-y50DdEIxgT9WNJq7RsR-B8WJByC-ZArKkDMSiQ4U_TJgMVyOyu7VAf2kgNy7xSe6xZ8O-x3nMLwLU_QnQIIwGXd4HPrKj4YVfCjJVx60_HhiWyLwfaqjMLL1mlesCmvgOXSiwswv25N4mGMKVUoD_oyRmdsfbFBh0Q_UcAB5_N9Jbzae90EJ_tv1ShDT0XPItDpAYa2A=s360-no\" data-link=\"https:\/\/photos.google.com\/album\/AF1QipO1WvBeEeTZBB4fyTRlmre5h0NLki51KoExm11h\/photo\/AF1QipNgY5CzJgqB6yUmBS_0XlSjg6dpFXaHhWf0i9yB\" \/><br \/><img decoding=\"async\" src=\"https:\/\/lh3.googleusercontent.com\/sXR-fvvm5jPxz2WiYuNIEv_LoHpj3TbEBi9S6_blf8Y1baFwrt4cx0zSlx6lQBCV41k4-ivFjkoREl0ch0lJ885kZiGyY019xsuLEGJgQ7yGY1ZcHRKEdWEsrA3_MDSdG8ZoQ263zRRUCIrDHEBTxxKQrMkh85Vse9-VhtARxOCHiGzi7_FwdisKIAH5FDbjtP9ntFgueRqUivWVzQYJOh6qtSAotW74Qbs8Nil2i9JmaHp-ZYHj16k8giP4RZOvdH2UH7_vao2myZc9SK06VZrIsfhny9loyrUJaVPJKtIlOjwtG5lDBj4y0DasNJXBiWPDP9TnoVagFcfHyBpReC4Co4EXj87fB_xrIK3Z-fwFRi2JVHAt2MLf-J2uVG_EXPxL5ILCKKxcNueWeP_mC3X7vVVqNbwXIxsnNw8bCXLK-NtK0BLnNybMs6tYBk1GZ8i3zOt4bWt4W94VUfELBcqLx5VqlsPy8qUCppTAaJv_S9Pw6yE3w5qjtgr1zNsZNOmdU-zAjRziQ2Tl0Q1sx4ZbjKUL2GErYmB12wjFqaZhTQHqNk0IWU3Ypy16iROGK6oN4vu_gg-D3Rd2F87bjfFBCTnAovWDi6JFq4i-F8n8Z4-V3DCg1pm106iBkKwLrhODW3jFTkjXwFRiWyuOsw4DZg=w800-h600-no\" data-link=\"https:\/\/photos.google.com\/album\/AF1QipO1WvBeEeTZBB4fyTRlmre5h0NLki51KoExm11h\/photo\/AF1QipNuu35O1xqby91Yo0QSQMKCAMZCSZq33rAq9s1O\" \/><br \/><img decoding=\"async\" src=\"https:\/\/lh3.googleusercontent.com\/GA5avz_luGdWcfmv5SgwX13KbYjzAsaCr1bW2WSwiPvAwOJYSZvvFRdjIPnHCFwP2ZALs6kaFj3LbWKsscTfQ_5A2-FOu25Nz6ipJbUohR1nKtaZOD43Ua9tWkYDX9plykNB53vT2fcy1P1xvMZuOtn-39u9nz55KGk0IpymohIJj7rfa-JjytH4HF9Ed-zoC52xj3jby3Qet0hkLsGo7PHJcN5QIGlD5lBnY9wJN_5HCbQfZlEyrD7woXSC1zRQGL6GlhxTBM0bnMyYj_ZDMJ5G4qNaN8pLfnfaI_FeBvNi_UTuPuhIW3ysx3i-W4SpfqWU94Tgw2jlqZHNau3FI3Gxq7rv8CTGQOiQZFU__7nMhbGE_4-cTmeklnbQAIwG44oJ4_o_LXSeQbpSB1us1M18KL2N8GEzNsjWxkTlqg6QH0Qqpbg0Yuva8UsMwRQMalw-gS8kDG6JEyiduQ9AJ143cMV2AqyfpEGZsVcVHIy6SsxxOuHaqDIg49ubuV_X8k9_Kj3hVfoe4cX51dUERBB9ftqZ5jExCLnqSouWRSpLpafCjtMpCa3V3VskB08IBSYzcBSdPs5OELfgSQlvpt2JHRHX1WxOfId_l4QPo1rbhrxpfNPv1UL6ChwC0VTN8ak-f4_EScjPWK9m4FgR82HNJw=w800-h600-no\" data-link=\"https:\/\/photos.google.com\/album\/AF1QipO1WvBeEeTZBB4fyTRlmre5h0NLki51KoExm11h\/photo\/AF1QipO4N3i71OimS7y0EG7AEcsVpIHR46iEEI74kCDg\" \/><br \/><img decoding=\"async\" src=\"https:\/\/lh3.googleusercontent.com\/7X_sYlH31wRq50OtwHNweEGSm92iMswlH-L836xM8g7wCyw3cZWZIYToeLuV9G2kYzghWi1dof1ImZ_BMHAtX1gzJKtp35DWd7Ak5QalPSSnrqBWlVF60VFGFGcwubPmi0YLkJj4LvjvxcsLcB_2m4LuGX1uj3OGiEXbx4n5ay17nL8VZEm-qcWTUw0C7JN8LqDsxiPkYCB-acvyY6LplqdK_xvfD3rhOEWPEeh4GY7oSRuwqVBafzIPpjtBMaDn8oe7VgQJomj5Q10M9oTY4GK1QDVHNh0KhVazs-8OoGty_HTXmf6HjgixL293vD3qztsMQb6inVuHzzlGLVhPg3BAixI_WcQvML9uDWA_R7oPjVPqtqOAwUD9N_nXIbbClt3oT6Ls2u--qz6MGY9VRo6pvm12DaOZNi5KyUhRETz8rKxrM4ntnKsvjpJtqqZ9xiXKNRWWA9ZfAM_JLTzEciQqtZpJPwvDWI-1yJydf5aLZioR70tqF2rdECGm-OUi62iTSeeuByJGTOJlOMVMSAxmJRxjPUo3jAyt7YRtlUdUv9nDTokhbvAtPiu96rgtSQD66RY-2zE6OqP2CL9is6aDp1UVplzLCqmjSzzEwWBY7bWyzvcRQcyDhjMTxt9NM1xsUt2IxiWqLeC_7qp38AaWow=w800-h600-no\" data-link=\"https:\/\/photos.google.com\/album\/AF1QipO1WvBeEeTZBB4fyTRlmre5h0NLki51KoExm11h\/photo\/AF1QipN6UDcxJ0-AjUSjNbhqTzXSV4wPtzcsXNmhPhEY\" \/><br \/><img decoding=\"async\" src=\"https:\/\/lh3.googleusercontent.com\/diP9AHtSvJpED_rOIGkySwp7VgIAOVcZ4Zkk03KY1vh4n44avSjL-s4Sx0-TDV00Ddvw14TFPtOnbPRnWNRELZsJP_5OCJ4ScRXCJc88Cg4mfSaFlxQX9kRsukFoMDY8fQBhMR2uSkaMgtsWZLGPoEqNiZkZhS_Q_ZVECdb3zz9j9EoJQAzg3s84zbsqhclx57JlXvAkG9dnu_WWQ7HHdMhTL0RXbl4Va0QbcuBy2NchBrvT2RPq2-H5c7INm_qTaN3nI5DhqAu65y7JDk8ilJ10Gqo6SLpl06xaEHbANDDOwnC9w8sR8e7WP11-ZdMsfwaiP6CfInlY2o_WaDw_MdJqdXvaxAjZTwTV8SkIFjIZhpbkGNL_GPH1EGYAlyeJRdro0YIbITwkg_Gtg4IXYvzbxCkc5n4PGVwx7XKfWB4Srfd6jB_APS5lqiPCjTRyGM7RUQSapJe3gA4PnUUD06QBeBlaJExhkzIpwDMTJu3is1K0kPreT3VCtPDEm9fI2-wjrK1hqEgR-qNkR9QEF4Q_YiPRoE2mlhfeosGfDT_pKiDkTGhNbISEnS-ZX5o5TDMU0LcWGZmm37pShFcazpnR_g6znVVz3giMU6lY5UOXQqdQeuaY2gyvgMAGdFNzsAdwLOvhzsLZvHlK5CVTFTMt6A=w800-h600-no\" data-link=\"https:\/\/photos.google.com\/album\/AF1QipO1WvBeEeTZBB4fyTRlmre5h0NLki51KoExm11h\/photo\/AF1QipNCAzgUL5tEGY-o9j3Xs-qtVq-dF62783O6mUjO\" \/><\/div>\n<p><script type=\"text\/javascript\" src=\"https:\/\/cdn.jsdelivr.net\/jquery\/1.12.3\/jquery.min.js\"><\/script><br \/><script><br \/>\n (MyGalleries=(typeof MyGalleries === 'undefined' ? [] : MyGalleries)).push({gallId:'#23B69',autoplay:true,lightbox:true,debug:false,popupLinks:true});<br \/>\n if(typeof GalleryLoaded === 'undefined'){<br \/>\n  GalleryLoaded = jQuery(function(){<br \/>\n   jQuery.ajax({url:'https:\/\/cdn.jsdelivr.net\/galleria\/1.4.2\/galleria.min.js',dataType:'script',cache:true}).done(function(){<br \/>\n    Galleria.loadTheme('https:\/\/cdn.jsdelivr.net\/galleria\/1.4.2\/themes\/classic\/galleria.classic.js');<br \/>\n    for(var n in MyGalleries){<br \/>\n     Galleria.run(MyGalleries[n].gallId, MyGalleries[n]);<br \/>\n     jQuery(MyGalleries[n].gallId).css('display','block');<br \/>\n    }<br \/>\n   });<br \/>\n  });<br \/>\n }<br \/>\n<\/script><\/p>\n\n<!-- wp:image -->\n<figure class=\"wp-block-image\"><img alt=\"\"\/><\/figure>\n<!-- \/wp:image -->","protected":false},"excerpt":{"rendered":"<p>El cor de Pe\u00f1uelas \u00e9s el nom amb qu\u00e8 els alumnes de l&#8217;escola han batejat la seva col\u00b7laboraci\u00f3 amb\u00a0 estretament [&hellip;]<\/p>\n","protected":false},"author":1,"featured_media":0,"parent":64,"menu_order":0,"comment_status":"open","ping_status":"closed","template":"","meta":{"_bbp_topic_count":0,"_bbp_reply_count":0,"_bbp_total_topic_count":0,"_bbp_total_reply_count":0,"_bbp_voice_count":0,"_bbp_anonymous_reply_count":0,"_bbp_topic_count_hidden":0,"_bbp_reply_count_hidden":0,"_bbp_forum_subforum_count":0,"site-sidebar-layout":"default","site-content-layout":"","ast-site-content-layout":"default","site-content-style":"default","site-sidebar-style":"default","ast-global-header-display":"","ast-banner-title-visibility":"","ast-main-header-display":"","ast-hfb-above-header-display":"","ast-hfb-below-header-display":"","ast-hfb-mobile-header-display":"","site-post-title":"","ast-breadcrumbs-content":"","ast-featured-img":"","footer-sml-layout":"","theme-transparent-header-meta":"","adv-header-id-meta":"","stick-header-meta":"","header-above-stick-meta":"","header-main-stick-meta":"","header-below-stick-meta":"","astra-migrate-meta-layouts":"set","ast-page-background-enabled":"default","ast-page-background-meta":{"desktop":{"background-color":"var(--ast-global-color-4)","background-image":"","background-repeat":"repeat","background-position":"center center","background-size":"auto","background-attachment":"scroll","background-type":"","background-media":"","overlay-type":"","overlay-color":"","overlay-opacity":"","overlay-gradient":""},"tablet":{"background-color":"","background-image":"","background-repeat":"repeat","background-position":"center center","background-size":"auto","background-attachment":"scroll","background-type":"","background-media":"","overlay-type":"","overlay-color":"","overlay-opacity":"","overlay-gradient":""},"mobile":{"background-color":"","background-image":"","background-repeat":"repeat","background-position":"center center","background-size":"auto","background-attachment":"scroll","background-type":"","background-media":"","overlay-type":"","overlay-color":"","overlay-opacity":"","overlay-gradient":""}},"ast-content-background-meta":{"desktop":{"background-color":"var(--ast-global-color-5)","background-image":"","background-repeat":"repeat","background-position":"center center","background-size":"auto","background-attachment":"scroll","background-type":"","background-media":"","overlay-type":"","overlay-color":"","overlay-opacity":"","overlay-gradient":""},"tablet":{"background-color":"var(--ast-global-color-5)","background-image":"","background-repeat":"repeat","background-position":"center center","background-size":"auto","background-attachment":"scroll","background-type":"","background-media":"","overlay-type":"","overlay-color":"","overlay-opacity":"","overlay-gradient":""},"mobile":{"background-color":"var(--ast-global-color-5)","background-image":"","background-repeat":"repeat","background-position":"center center","background-size":"auto","background-attachment":"scroll","background-type":"","background-media":"","overlay-type":"","overlay-color":"","overlay-opacity":"","overlay-gradient":""}},"footnotes":""},"class_list":["post-2203","page","type-page","status-publish","hentry"],"post_mailing_queue_ids":[],"_links":{"self":[{"href":"https:\/\/agora.xtec.cat\/escjoseppenuelas\/wp-json\/wp\/v2\/pages\/2203","targetHints":{"allow":["GET"]}}],"collection":[{"href":"https:\/\/agora.xtec.cat\/escjoseppenuelas\/wp-json\/wp\/v2\/pages"}],"about":[{"href":"https:\/\/agora.xtec.cat\/escjoseppenuelas\/wp-json\/wp\/v2\/types\/page"}],"author":[{"embeddable":true,"href":"https:\/\/agora.xtec.cat\/escjoseppenuelas\/wp-json\/wp\/v2\/users\/1"}],"replies":[{"embeddable":true,"href":"https:\/\/agora.xtec.cat\/escjoseppenuelas\/wp-json\/wp\/v2\/comments?post=2203"}],"version-history":[{"count":6,"href":"https:\/\/agora.xtec.cat\/escjoseppenuelas\/wp-json\/wp\/v2\/pages\/2203\/revisions"}],"predecessor-version":[{"id":4854,"href":"https:\/\/agora.xtec.cat\/escjoseppenuelas\/wp-json\/wp\/v2\/pages\/2203\/revisions\/4854"}],"up":[{"embeddable":true,"href":"https:\/\/agora.xtec.cat\/escjoseppenuelas\/wp-json\/wp\/v2\/pages\/64"}],"wp:attachment":[{"href":"https:\/\/agora.xtec.cat\/escjoseppenuelas\/wp-json\/wp\/v2\/media?parent=2203"}],"curies":[{"name":"wp","href":"https:\/\/api.w.org\/{rel}","templated":true}]}}