{"id":1452,"date":"2017-10-05T13:01:17","date_gmt":"2017-10-05T11:01:17","guid":{"rendered":"http:\/\/agora.xtec.cat\/escjoseppenuelas\/?page_id=1452"},"modified":"2018-04-10T13:02:05","modified_gmt":"2018-04-10T11:02:05","slug":"hort-galliner","status":"publish","type":"page","link":"https:\/\/agora.xtec.cat\/escjoseppenuelas\/hort-galliner\/","title":{"rendered":"Hort, galliner i el Jard\u00ed Medicinal"},"content":{"rendered":"<p>Aqu\u00ed trobareu informaci\u00f3 sobre el funcionament del nostre espai agr\u00edcola\/av\u00edcola de l&#8217;hora del pati. Els nostres alumnes planten, cuiden i recol\u00b7lecten els fruits del nostre hort, del nostre jard\u00ed i del nostre galliner. Podeu veure les fotos (d&#8217;aquest any i d&#8217;anys anteriors) en <a href=\"https:\/\/photos.app.goo.gl\/Xng36ZAUqstjJBP12\">AQUEST ENLLA\u00c7<\/a><\/p>\n<p><a href=\"http:\/\/agora.xtec.cat\/escjoseppenuelas\/wp-content\/uploads\/usu1492\/2017\/10\/DSCF5053.jpg\"><img loading=\"lazy\" decoding=\"async\" class=\"alignnone size-large wp-image-1800\" src=\"http:\/\/agora.xtec.cat\/escjoseppenuelas\/wp-content\/uploads\/usu1492\/2017\/10\/DSCF5053-1024x576.jpg\" alt=\"\" width=\"1024\" height=\"576\" srcset=\"https:\/\/agora.xtec.cat\/escjoseppenuelas\/wp-content\/uploads\/usu1492\/2017\/10\/DSCF5053-1024x576.jpg 1024w, https:\/\/agora.xtec.cat\/escjoseppenuelas\/wp-content\/uploads\/usu1492\/2017\/10\/DSCF5053-300x169.jpg 300w, https:\/\/agora.xtec.cat\/escjoseppenuelas\/wp-content\/uploads\/usu1492\/2017\/10\/DSCF5053-768x432.jpg 768w, https:\/\/agora.xtec.cat\/escjoseppenuelas\/wp-content\/uploads\/usu1492\/2017\/10\/DSCF5053.jpg 1920w\" sizes=\"auto, (max-width: 1024px) 100vw, 1024px\" \/><\/a><\/p>\n<p>Qu\u00e8 hi tenim plantat, a dia d&#8217;avui?<\/p>\n<p>Doncs hi tenim faves, enciam, alls, ravanets, escarxofes, \u00e0pit, cebes, carbassons i br\u00f2quils. A part, enguany hi hem plantat un codonyer i un arbust de gers.<\/p>\n<p><a href=\"http:\/\/agora.xtec.cat\/escjoseppenuelas\/wp-content\/uploads\/usu1492\/2017\/10\/DSCF5059.jpg\"><img loading=\"lazy\" decoding=\"async\" class=\"size-large wp-image-1807 aligncenter\" src=\"http:\/\/agora.xtec.cat\/escjoseppenuelas\/wp-content\/uploads\/usu1492\/2017\/10\/DSCF5059-576x1024.jpg\" alt=\"\" width=\"576\" height=\"1024\" srcset=\"https:\/\/agora.xtec.cat\/escjoseppenuelas\/wp-content\/uploads\/usu1492\/2017\/10\/DSCF5059-576x1024.jpg 576w, https:\/\/agora.xtec.cat\/escjoseppenuelas\/wp-content\/uploads\/usu1492\/2017\/10\/DSCF5059-169x300.jpg 169w, https:\/\/agora.xtec.cat\/escjoseppenuelas\/wp-content\/uploads\/usu1492\/2017\/10\/DSCF5059-768x1365.jpg 768w, https:\/\/agora.xtec.cat\/escjoseppenuelas\/wp-content\/uploads\/usu1492\/2017\/10\/DSCF5059.jpg 1080w\" sizes=\"auto, (max-width: 576px) 100vw, 576px\" \/><\/a><\/p>\n<p><a href=\"http:\/\/agora.xtec.cat\/escjoseppenuelas\/wp-content\/uploads\/usu1492\/2017\/10\/DSCF5056.jpg\"><img loading=\"lazy\" decoding=\"async\" class=\"alignnone size-large wp-image-1804\" src=\"http:\/\/agora.xtec.cat\/escjoseppenuelas\/wp-content\/uploads\/usu1492\/2017\/10\/DSCF5056-1024x576.jpg\" alt=\"\" width=\"1024\" height=\"576\" srcset=\"https:\/\/agora.xtec.cat\/escjoseppenuelas\/wp-content\/uploads\/usu1492\/2017\/10\/DSCF5056-1024x576.jpg 1024w, https:\/\/agora.xtec.cat\/escjoseppenuelas\/wp-content\/uploads\/usu1492\/2017\/10\/DSCF5056-300x169.jpg 300w, https:\/\/agora.xtec.cat\/escjoseppenuelas\/wp-content\/uploads\/usu1492\/2017\/10\/DSCF5056-768x432.jpg 768w, https:\/\/agora.xtec.cat\/escjoseppenuelas\/wp-content\/uploads\/usu1492\/2017\/10\/DSCF5056.jpg 1920w\" sizes=\"auto, (max-width: 1024px) 100vw, 1024px\" \/><\/a><\/p>\n<p>Qu\u00e8 hem recol\u00b7lectat, avui?<\/p>\n<p>Cebes i enciams<\/p>\n<p><a href=\"http:\/\/agora.xtec.cat\/escjoseppenuelas\/wp-content\/uploads\/usu1492\/2017\/10\/DSCF5067.jpg\"><img loading=\"lazy\" decoding=\"async\" class=\"alignnone size-large wp-image-1813\" src=\"http:\/\/agora.xtec.cat\/escjoseppenuelas\/wp-content\/uploads\/usu1492\/2017\/10\/DSCF5067-1024x576.jpg\" alt=\"\" width=\"1024\" height=\"576\" srcset=\"https:\/\/agora.xtec.cat\/escjoseppenuelas\/wp-content\/uploads\/usu1492\/2017\/10\/DSCF5067-1024x576.jpg 1024w, https:\/\/agora.xtec.cat\/escjoseppenuelas\/wp-content\/uploads\/usu1492\/2017\/10\/DSCF5067-300x169.jpg 300w, https:\/\/agora.xtec.cat\/escjoseppenuelas\/wp-content\/uploads\/usu1492\/2017\/10\/DSCF5067-768x432.jpg 768w, https:\/\/agora.xtec.cat\/escjoseppenuelas\/wp-content\/uploads\/usu1492\/2017\/10\/DSCF5067.jpg 1920w\" sizes=\"auto, (max-width: 1024px) 100vw, 1024px\" \/><\/a> <a href=\"http:\/\/agora.xtec.cat\/escjoseppenuelas\/wp-content\/uploads\/usu1492\/2017\/10\/DSCF5066.jpg\"><img loading=\"lazy\" decoding=\"async\" class=\"alignnone size-large wp-image-1812\" src=\"http:\/\/agora.xtec.cat\/escjoseppenuelas\/wp-content\/uploads\/usu1492\/2017\/10\/DSCF5066-1024x576.jpg\" alt=\"\" width=\"1024\" height=\"576\" srcset=\"https:\/\/agora.xtec.cat\/escjoseppenuelas\/wp-content\/uploads\/usu1492\/2017\/10\/DSCF5066-1024x576.jpg 1024w, https:\/\/agora.xtec.cat\/escjoseppenuelas\/wp-content\/uploads\/usu1492\/2017\/10\/DSCF5066-300x169.jpg 300w, https:\/\/agora.xtec.cat\/escjoseppenuelas\/wp-content\/uploads\/usu1492\/2017\/10\/DSCF5066-768x432.jpg 768w, https:\/\/agora.xtec.cat\/escjoseppenuelas\/wp-content\/uploads\/usu1492\/2017\/10\/DSCF5066.jpg 1920w\" sizes=\"auto, (max-width: 1024px) 100vw, 1024px\" \/><\/a><\/p>\n<p>Quins problemes ens hem trobat?<\/p>\n<p>Amb el pug\u00f3. Llegint diversos llocs web, hem trobat diferents maneres de combatir-lo, totes naturals: hi hem plantat cibolet, alf\u00e0brega i cal\u00e8ndula i, a m\u00e9s, els hem pulveritzat amb caldo d&#8217;escarxofa, a veure si funciona. <strong>Si teniu algun altre remei, podeu anotar-lo als comentaris d&#8217;aquesta p\u00e0gina<\/strong>.<\/p>\n<p>A m\u00e9s a m\u00e9s, el nostre espai t\u00e9 reservat un rac\u00f3, el <strong>Jard\u00ed Medicinal<\/strong>, a les plantes arom\u00e0tiques (menta, alf\u00e0brega, lavanda, roman\u00ed&#8230;), que ens proporcionen l&#8217;oportunitat d&#8217;elaborar, amb els nostres alumnes, tot un seguit de sabons i ess\u00e8ncies v\u00e0ries.<\/p>\n<p><a href=\"http:\/\/agora.xtec.cat\/escjoseppenuelas\/wp-content\/uploads\/usu1492\/2017\/10\/DSCF5069.jpg\"><img loading=\"lazy\" decoding=\"async\" class=\"alignnone size-large wp-image-1815\" src=\"http:\/\/agora.xtec.cat\/escjoseppenuelas\/wp-content\/uploads\/usu1492\/2017\/10\/DSCF5069-1024x576.jpg\" alt=\"\" width=\"1024\" height=\"576\" srcset=\"https:\/\/agora.xtec.cat\/escjoseppenuelas\/wp-content\/uploads\/usu1492\/2017\/10\/DSCF5069-1024x576.jpg 1024w, https:\/\/agora.xtec.cat\/escjoseppenuelas\/wp-content\/uploads\/usu1492\/2017\/10\/DSCF5069-300x169.jpg 300w, https:\/\/agora.xtec.cat\/escjoseppenuelas\/wp-content\/uploads\/usu1492\/2017\/10\/DSCF5069-768x432.jpg 768w, https:\/\/agora.xtec.cat\/escjoseppenuelas\/wp-content\/uploads\/usu1492\/2017\/10\/DSCF5069.jpg 1920w\" sizes=\"auto, (max-width: 1024px) 100vw, 1024px\" \/><\/a><\/p>\n<p>Durant el desembre passat, vam organitzar una recollida d&#8217;olives en un olivet proper a l&#8217;escola, a l&#8217;altra banda de l&#8217;autopista. Fruit d&#8217;aquella recol\u00b7lecta, vam obtenir for\u00e7a <strong>litres d&#8217;oli<\/strong>, totalment verge.<\/p>\n<p><a href=\"http:\/\/agora.xtec.cat\/escjoseppenuelas\/wp-content\/uploads\/usu1492\/2017\/10\/DSCF5068.jpg\"><img loading=\"lazy\" decoding=\"async\" class=\"alignnone size-large wp-image-1814\" src=\"http:\/\/agora.xtec.cat\/escjoseppenuelas\/wp-content\/uploads\/usu1492\/2017\/10\/DSCF5068-1024x576.jpg\" alt=\"\" width=\"1024\" height=\"576\" srcset=\"https:\/\/agora.xtec.cat\/escjoseppenuelas\/wp-content\/uploads\/usu1492\/2017\/10\/DSCF5068-1024x576.jpg 1024w, https:\/\/agora.xtec.cat\/escjoseppenuelas\/wp-content\/uploads\/usu1492\/2017\/10\/DSCF5068-300x169.jpg 300w, https:\/\/agora.xtec.cat\/escjoseppenuelas\/wp-content\/uploads\/usu1492\/2017\/10\/DSCF5068-768x432.jpg 768w, https:\/\/agora.xtec.cat\/escjoseppenuelas\/wp-content\/uploads\/usu1492\/2017\/10\/DSCF5068.jpg 1920w\" sizes=\"auto, (max-width: 1024px) 100vw, 1024px\" \/><\/a><\/p>\n<p>I menci\u00f3 a part per les nostres <strong>gallines<\/strong>, que ens provisionen un parell d&#8217;ous cada dia.<\/p>\n<p><a href=\"http:\/\/agora.xtec.cat\/escjoseppenuelas\/wp-content\/uploads\/usu1492\/2017\/10\/DSCF5064.jpg\"><img loading=\"lazy\" decoding=\"async\" class=\"alignnone size-large wp-image-1810\" src=\"http:\/\/agora.xtec.cat\/escjoseppenuelas\/wp-content\/uploads\/usu1492\/2017\/10\/DSCF5064-1024x576.jpg\" alt=\"\" width=\"1024\" height=\"576\" srcset=\"https:\/\/agora.xtec.cat\/escjoseppenuelas\/wp-content\/uploads\/usu1492\/2017\/10\/DSCF5064-1024x576.jpg 1024w, https:\/\/agora.xtec.cat\/escjoseppenuelas\/wp-content\/uploads\/usu1492\/2017\/10\/DSCF5064-300x169.jpg 300w, https:\/\/agora.xtec.cat\/escjoseppenuelas\/wp-content\/uploads\/usu1492\/2017\/10\/DSCF5064-768x432.jpg 768w, https:\/\/agora.xtec.cat\/escjoseppenuelas\/wp-content\/uploads\/usu1492\/2017\/10\/DSCF5064.jpg 1920w\" sizes=\"auto, (max-width: 1024px) 100vw, 1024px\" \/><\/a><a href=\"http:\/\/agora.xtec.cat\/escjoseppenuelas\/wp-content\/uploads\/usu1492\/2017\/10\/DSCF5061.jpg\"><img loading=\"lazy\" decoding=\"async\" class=\"wp-image-1809 aligncenter\" src=\"http:\/\/agora.xtec.cat\/escjoseppenuelas\/wp-content\/uploads\/usu1492\/2017\/10\/DSCF5061-1024x576.jpg\" alt=\"\" width=\"847\" height=\"477\" srcset=\"https:\/\/agora.xtec.cat\/escjoseppenuelas\/wp-content\/uploads\/usu1492\/2017\/10\/DSCF5061-1024x576.jpg 1024w, https:\/\/agora.xtec.cat\/escjoseppenuelas\/wp-content\/uploads\/usu1492\/2017\/10\/DSCF5061-300x169.jpg 300w, https:\/\/agora.xtec.cat\/escjoseppenuelas\/wp-content\/uploads\/usu1492\/2017\/10\/DSCF5061-768x432.jpg 768w, https:\/\/agora.xtec.cat\/escjoseppenuelas\/wp-content\/uploads\/usu1492\/2017\/10\/DSCF5061.jpg 1920w\" sizes=\"auto, (max-width: 847px) 100vw, 847px\" \/><\/a><\/p>\n<p>Si us interessa algun dels nostres productes, nom\u00e9s heu de vigilar a les hores de sortida de l&#8217;escola (12:30 i 16:30). Sovint hi instal\u00b7lem una taula de mercat ben variada.<\/p>\n<p>Salutacions cordials<\/p>\n","protected":false},"excerpt":{"rendered":"<p>Aqu\u00ed trobareu informaci\u00f3 sobre el funcionament del nostre espai agr\u00edcola\/av\u00edcola de l&#8217;hora del pati. Els nostres alumnes planten, cuiden i [&hellip;]<\/p>\n","protected":false},"author":1,"featured_media":0,"parent":0,"menu_order":0,"comment_status":"closed","ping_status":"closed","template":"","meta":{"_bbp_topic_count":0,"_bbp_reply_count":0,"_bbp_total_topic_count":0,"_bbp_total_reply_count":0,"_bbp_voice_count":0,"_bbp_anonymous_reply_count":0,"_bbp_topic_count_hidden":0,"_bbp_reply_count_hidden":0,"_bbp_forum_subforum_count":0,"site-sidebar-layout":"default","site-content-layout":"","ast-site-content-layout":"","site-content-style":"default","site-sidebar-style":"default","ast-global-header-display":"","ast-banner-title-visibility":"","ast-main-header-display":"","ast-hfb-above-header-display":"","ast-hfb-below-header-display":"","ast-hfb-mobile-header-display":"","site-post-title":"","ast-breadcrumbs-content":"","ast-featured-img":"","footer-sml-layout":"","theme-transparent-header-meta":"","adv-header-id-meta":"","stick-header-meta":"","header-above-stick-meta":"","header-main-stick-meta":"","header-below-stick-meta":"","astra-migrate-meta-layouts":"default","ast-page-background-enabled":"default","ast-page-background-meta":{"desktop":{"background-color":"var(--ast-global-color-4)","background-image":"","background-repeat":"repeat","background-position":"center center","background-size":"auto","background-attachment":"scroll","background-type":"","background-media":"","overlay-type":"","overlay-color":"","overlay-opacity":"","overlay-gradient":""},"tablet":{"background-color":"","background-image":"","background-repeat":"repeat","background-position":"center center","background-size":"auto","background-attachment":"scroll","background-type":"","background-media":"","overlay-type":"","overlay-color":"","overlay-opacity":"","overlay-gradient":""},"mobile":{"background-color":"","background-image":"","background-repeat":"repeat","background-position":"center center","background-size":"auto","background-attachment":"scroll","background-type":"","background-media":"","overlay-type":"","overlay-color":"","overlay-opacity":"","overlay-gradient":""}},"ast-content-background-meta":{"desktop":{"background-color":"var(--ast-global-color-5)","background-image":"","background-repeat":"repeat","background-position":"center center","background-size":"auto","background-attachment":"scroll","background-type":"","background-media":"","overlay-type":"","overlay-color":"","overlay-opacity":"","overlay-gradient":""},"tablet":{"background-color":"var(--ast-global-color-5)","background-image":"","background-repeat":"repeat","background-position":"center center","background-size":"auto","background-attachment":"scroll","background-type":"","background-media":"","overlay-type":"","overlay-color":"","overlay-opacity":"","overlay-gradient":""},"mobile":{"background-color":"var(--ast-global-color-5)","background-image":"","background-repeat":"repeat","background-position":"center center","background-size":"auto","background-attachment":"scroll","background-type":"","background-media":"","overlay-type":"","overlay-color":"","overlay-opacity":"","overlay-gradient":""}},"footnotes":""},"class_list":["post-1452","page","type-page","status-publish","hentry"],"post_mailing_queue_ids":[],"_links":{"self":[{"href":"https:\/\/agora.xtec.cat\/escjoseppenuelas\/wp-json\/wp\/v2\/pages\/1452","targetHints":{"allow":["GET"]}}],"collection":[{"href":"https:\/\/agora.xtec.cat\/escjoseppenuelas\/wp-json\/wp\/v2\/pages"}],"about":[{"href":"https:\/\/agora.xtec.cat\/escjoseppenuelas\/wp-json\/wp\/v2\/types\/page"}],"author":[{"embeddable":true,"href":"https:\/\/agora.xtec.cat\/escjoseppenuelas\/wp-json\/wp\/v2\/users\/1"}],"replies":[{"embeddable":true,"href":"https:\/\/agora.xtec.cat\/escjoseppenuelas\/wp-json\/wp\/v2\/comments?post=1452"}],"version-history":[{"count":3,"href":"https:\/\/agora.xtec.cat\/escjoseppenuelas\/wp-json\/wp\/v2\/pages\/1452\/revisions"}],"predecessor-version":[{"id":1820,"href":"https:\/\/agora.xtec.cat\/escjoseppenuelas\/wp-json\/wp\/v2\/pages\/1452\/revisions\/1820"}],"wp:attachment":[{"href":"https:\/\/agora.xtec.cat\/escjoseppenuelas\/wp-json\/wp\/v2\/media?parent=1452"}],"curies":[{"name":"wp","href":"https:\/\/api.w.org\/{rel}","templated":true}]}}