{"id":1451,"date":"2017-10-05T13:01:17","date_gmt":"2017-10-05T11:01:17","guid":{"rendered":"http:\/\/agora.xtec.cat\/escjoseppenuelas\/?page_id=1451"},"modified":"2017-10-05T13:11:54","modified_gmt":"2017-10-05T11:11:54","slug":"relacio-amb-les-families","status":"publish","type":"page","link":"https:\/\/agora.xtec.cat\/escjoseppenuelas\/relacio-amb-les-families\/","title":{"rendered":"Relaci\u00f3 amb les fam\u00edlies"},"content":{"rendered":"<p><strong>MALETES PEDAG\u00d2GIQUES:<\/strong><\/p>\n<p><span style=\"font-weight: 400;\">Les maletes pedag\u00f2giques s\u00f3n un recull de llibres, articles i materials pensats per oferir informaci\u00f3 i recursos a les fam\u00edlies sobre temes concrets a nivell educatiu i pedag\u00f2gic. Cada maleta tractar\u00e0 una tem\u00e0tica espec\u00edfica i es facilitar\u00e0 a les fam\u00edlies amb un servei de pr\u00e9stec. <\/span><\/p>\n<p><strong>CAF\u00c8S PEDAG\u00d2GICS:<\/strong><\/p>\n<p>Aquest \u00e9s un dels punts per potenciar i millorar la \u00a0relaci\u00f3 amb les fam\u00edlies. De manera peri\u00f2dica es tractaran, amb experts externs o mestres del claustre, temes que preocupin a les fam\u00edlies. Es fa un buidatge, i es prioritzen juntament amb l\u2019Ampa. Es diu caf\u00e8 pedag\u00f2gic perqu\u00e8 \u00e9s un divendres a les 15h, per afavorir a les fam\u00edlies mentre els fills i filles estan a l\u2019escola.<\/p>\n<p><span style=\"font-weight: 400;\">Aquesta proposta ser\u00e0 desenvolupada per l\u2019equip directiu el qual tractar\u00e0 amb l\u2019Ampa i les fam\u00edlies les diferents tem\u00e0tiques a parlar durant els caf\u00e8s.<\/span><\/p>\n","protected":false},"excerpt":{"rendered":"<p>MALETES PEDAG\u00d2GIQUES: Les maletes pedag\u00f2giques s\u00f3n un recull de llibres, articles i materials pensats per oferir informaci\u00f3 i recursos a [&hellip;]<\/p>\n","protected":false},"author":1,"featured_media":0,"parent":0,"menu_order":0,"comment_status":"open","ping_status":"open","template":"","meta":{"_bbp_topic_count":0,"_bbp_reply_count":0,"_bbp_total_topic_count":0,"_bbp_total_reply_count":0,"_bbp_voice_count":0,"_bbp_anonymous_reply_count":0,"_bbp_topic_count_hidden":0,"_bbp_reply_count_hidden":0,"_bbp_forum_subforum_count":0,"site-sidebar-layout":"default","site-content-layout":"","ast-site-content-layout":"","site-content-style":"default","site-sidebar-style":"default","ast-global-header-display":"","ast-banner-title-visibility":"","ast-main-header-display":"","ast-hfb-above-header-display":"","ast-hfb-below-header-display":"","ast-hfb-mobile-header-display":"","site-post-title":"","ast-breadcrumbs-content":"","ast-featured-img":"","footer-sml-layout":"","theme-transparent-header-meta":"","adv-header-id-meta":"","stick-header-meta":"","header-above-stick-meta":"","header-main-stick-meta":"","header-below-stick-meta":"","astra-migrate-meta-layouts":"default","ast-page-background-enabled":"default","ast-page-background-meta":{"desktop":{"background-color":"var(--ast-global-color-4)","background-image":"","background-repeat":"repeat","background-position":"center center","background-size":"auto","background-attachment":"scroll","background-type":"","background-media":"","overlay-type":"","overlay-color":"","overlay-opacity":"","overlay-gradient":""},"tablet":{"background-color":"","background-image":"","background-repeat":"repeat","background-position":"center center","background-size":"auto","background-attachment":"scroll","background-type":"","background-media":"","overlay-type":"","overlay-color":"","overlay-opacity":"","overlay-gradient":""},"mobile":{"background-color":"","background-image":"","background-repeat":"repeat","background-position":"center center","background-size":"auto","background-attachment":"scroll","background-type":"","background-media":"","overlay-type":"","overlay-color":"","overlay-opacity":"","overlay-gradient":""}},"ast-content-background-meta":{"desktop":{"background-color":"var(--ast-global-color-5)","background-image":"","background-repeat":"repeat","background-position":"center center","background-size":"auto","background-attachment":"scroll","background-type":"","background-media":"","overlay-type":"","overlay-color":"","overlay-opacity":"","overlay-gradient":""},"tablet":{"background-color":"var(--ast-global-color-5)","background-image":"","background-repeat":"repeat","background-position":"center center","background-size":"auto","background-attachment":"scroll","background-type":"","background-media":"","overlay-type":"","overlay-color":"","overlay-opacity":"","overlay-gradient":""},"mobile":{"background-color":"var(--ast-global-color-5)","background-image":"","background-repeat":"repeat","background-position":"center center","background-size":"auto","background-attachment":"scroll","background-type":"","background-media":"","overlay-type":"","overlay-color":"","overlay-opacity":"","overlay-gradient":""}},"footnotes":""},"class_list":["post-1451","page","type-page","status-publish","hentry"],"post_mailing_queue_ids":[],"_links":{"self":[{"href":"https:\/\/agora.xtec.cat\/escjoseppenuelas\/wp-json\/wp\/v2\/pages\/1451","targetHints":{"allow":["GET"]}}],"collection":[{"href":"https:\/\/agora.xtec.cat\/escjoseppenuelas\/wp-json\/wp\/v2\/pages"}],"about":[{"href":"https:\/\/agora.xtec.cat\/escjoseppenuelas\/wp-json\/wp\/v2\/types\/page"}],"author":[{"embeddable":true,"href":"https:\/\/agora.xtec.cat\/escjoseppenuelas\/wp-json\/wp\/v2\/users\/1"}],"replies":[{"embeddable":true,"href":"https:\/\/agora.xtec.cat\/escjoseppenuelas\/wp-json\/wp\/v2\/comments?post=1451"}],"version-history":[{"count":2,"href":"https:\/\/agora.xtec.cat\/escjoseppenuelas\/wp-json\/wp\/v2\/pages\/1451\/revisions"}],"predecessor-version":[{"id":1472,"href":"https:\/\/agora.xtec.cat\/escjoseppenuelas\/wp-json\/wp\/v2\/pages\/1451\/revisions\/1472"}],"wp:attachment":[{"href":"https:\/\/agora.xtec.cat\/escjoseppenuelas\/wp-json\/wp\/v2\/media?parent=1451"}],"curies":[{"name":"wp","href":"https:\/\/api.w.org\/{rel}","templated":true}]}}