{"id":1447,"date":"2017-10-05T13:01:17","date_gmt":"2017-10-05T11:01:17","guid":{"rendered":"http:\/\/agora.xtec.cat\/escjoseppenuelas\/?page_id=1447"},"modified":"2017-10-05T13:10:42","modified_gmt":"2017-10-05T11:10:42","slug":"525-hores-patis","status":"publish","type":"page","link":"https:\/\/agora.xtec.cat\/escjoseppenuelas\/525-hores-patis\/","title":{"rendered":"525 hores (PATIS)"},"content":{"rendered":"<p><span style=\"font-weight: 400;\">Ens referim a les hores de pati. Sens dubte, \u00e9s un espai pensat exclusivament pel joc i l\u2019esbarjo dels nens i les nenes. Per\u00f2 \u00e9s alhora un espai \u00a0educatiu dins l\u2019escola. Aix\u00ed doncs creiem que \u00e9s un bon lloc per treure el m\u00e0xim profit sense tallar la llibertat dels infants, que puguin aprendre a organitzar-se, a posar en marxa la creativitat i evidentment, a superar conflictes. Per tant, posarem al seu abast una s\u00e8rie de recursos l\u00fadics per poder dinamitzar b\u00e9 aquest espai (sorral, pissarra, bibliopati, jocs de taula, jocs tradicionals, feinejar a l&#8217;hort, cuidar-se del galliner&#8230;)<\/span><\/p>\n<p><span style=\"font-weight: 400;\">Aquest curs volem desenvolupar m\u00e9s a fons aquest projecte amb una major presencia del professorat, no com a vigilants sin\u00f3 com a acompanyants del joc, de l\u2019aprenentatge, de la descoberta i de les relacions dels alumnes.<\/span><\/p>\n","protected":false},"excerpt":{"rendered":"<p>Ens referim a les hores de pati. Sens dubte, \u00e9s un espai pensat exclusivament pel joc i l\u2019esbarjo dels nens [&hellip;]<\/p>\n","protected":false},"author":1,"featured_media":0,"parent":0,"menu_order":0,"comment_status":"open","ping_status":"open","template":"","meta":{"_bbp_topic_count":0,"_bbp_reply_count":0,"_bbp_total_topic_count":0,"_bbp_total_reply_count":0,"_bbp_voice_count":0,"_bbp_anonymous_reply_count":0,"_bbp_topic_count_hidden":0,"_bbp_reply_count_hidden":0,"_bbp_forum_subforum_count":0,"site-sidebar-layout":"default","site-content-layout":"","ast-site-content-layout":"","site-content-style":"default","site-sidebar-style":"default","ast-global-header-display":"","ast-banner-title-visibility":"","ast-main-header-display":"","ast-hfb-above-header-display":"","ast-hfb-below-header-display":"","ast-hfb-mobile-header-display":"","site-post-title":"","ast-breadcrumbs-content":"","ast-featured-img":"","footer-sml-layout":"","theme-transparent-header-meta":"","adv-header-id-meta":"","stick-header-meta":"","header-above-stick-meta":"","header-main-stick-meta":"","header-below-stick-meta":"","astra-migrate-meta-layouts":"default","ast-page-background-enabled":"default","ast-page-background-meta":{"desktop":{"background-color":"var(--ast-global-color-4)","background-image":"","background-repeat":"repeat","background-position":"center center","background-size":"auto","background-attachment":"scroll","background-type":"","background-media":"","overlay-type":"","overlay-color":"","overlay-opacity":"","overlay-gradient":""},"tablet":{"background-color":"","background-image":"","background-repeat":"repeat","background-position":"center center","background-size":"auto","background-attachment":"scroll","background-type":"","background-media":"","overlay-type":"","overlay-color":"","overlay-opacity":"","overlay-gradient":""},"mobile":{"background-color":"","background-image":"","background-repeat":"repeat","background-position":"center center","background-size":"auto","background-attachment":"scroll","background-type":"","background-media":"","overlay-type":"","overlay-color":"","overlay-opacity":"","overlay-gradient":""}},"ast-content-background-meta":{"desktop":{"background-color":"var(--ast-global-color-5)","background-image":"","background-repeat":"repeat","background-position":"center center","background-size":"auto","background-attachment":"scroll","background-type":"","background-media":"","overlay-type":"","overlay-color":"","overlay-opacity":"","overlay-gradient":""},"tablet":{"background-color":"var(--ast-global-color-5)","background-image":"","background-repeat":"repeat","background-position":"center center","background-size":"auto","background-attachment":"scroll","background-type":"","background-media":"","overlay-type":"","overlay-color":"","overlay-opacity":"","overlay-gradient":""},"mobile":{"background-color":"var(--ast-global-color-5)","background-image":"","background-repeat":"repeat","background-position":"center center","background-size":"auto","background-attachment":"scroll","background-type":"","background-media":"","overlay-type":"","overlay-color":"","overlay-opacity":"","overlay-gradient":""}},"footnotes":""},"class_list":["post-1447","page","type-page","status-publish","hentry"],"post_mailing_queue_ids":[],"_links":{"self":[{"href":"https:\/\/agora.xtec.cat\/escjoseppenuelas\/wp-json\/wp\/v2\/pages\/1447","targetHints":{"allow":["GET"]}}],"collection":[{"href":"https:\/\/agora.xtec.cat\/escjoseppenuelas\/wp-json\/wp\/v2\/pages"}],"about":[{"href":"https:\/\/agora.xtec.cat\/escjoseppenuelas\/wp-json\/wp\/v2\/types\/page"}],"author":[{"embeddable":true,"href":"https:\/\/agora.xtec.cat\/escjoseppenuelas\/wp-json\/wp\/v2\/users\/1"}],"replies":[{"embeddable":true,"href":"https:\/\/agora.xtec.cat\/escjoseppenuelas\/wp-json\/wp\/v2\/comments?post=1447"}],"version-history":[{"count":2,"href":"https:\/\/agora.xtec.cat\/escjoseppenuelas\/wp-json\/wp\/v2\/pages\/1447\/revisions"}],"predecessor-version":[{"id":1467,"href":"https:\/\/agora.xtec.cat\/escjoseppenuelas\/wp-json\/wp\/v2\/pages\/1447\/revisions\/1467"}],"wp:attachment":[{"href":"https:\/\/agora.xtec.cat\/escjoseppenuelas\/wp-json\/wp\/v2\/media?parent=1447"}],"curies":[{"name":"wp","href":"https:\/\/api.w.org\/{rel}","templated":true}]}}