{"id":34,"date":"2014-09-18T12:32:18","date_gmt":"2014-09-18T10:32:18","guid":{"rendered":"http:\/\/agora.xtec.cat\/escjoaquimgifre\/?page_id=34"},"modified":"2022-09-16T13:09:35","modified_gmt":"2022-09-16T11:09:35","slug":"oferta-educativa","status":"publish","type":"page","link":"https:\/\/agora.xtec.cat\/escjoaquimgifre\/oferta-educativa\/","title":{"rendered":"Metodologies d&#8217;aprenentatge"},"content":{"rendered":"<p>Des de fa anys ens caracteritzem per prescindir del llibre de text com a eina d&#8217;estructuraci\u00f3 de les \u00e0rees en concret. La compra del llibre de text comportava per a les fam\u00edlies i alumnat la creen\u00e7a i l&#8217;expectativa que durant el curs s&#8217;havien d&#8217;acomplir totes les propostes del llibre, es treballava en grup i no contribu\u00efa a una educaci\u00f3 personalitzada i d&#8217;atenci\u00f3 a la diversitat.<\/p>\n<p>Plantegem una escola que apr\u00e8n, seguint els programes d&#8217;innovaci\u00f3 pedag\u00f2gica i les directrius del Departament, aprofitant i fent nostres els recursos que ens brinda.<\/p>\n<p>Participem i ajudem a crear activitats al nostres pobles i a la nostra zona (creant vincles amb les escoles ve\u00efnes, dels que neixen noves activitats).<\/p>\n<p>Oferim a l&#8217;\u2019alumnat el dret a aportar la seva opini\u00f3 i ser escoltat, aprendre, cr\u00e9ixer personalment, relacionar-se, guanyar autonomia i ser feli\u00e7 a l\u2019escola.<\/p>\n<p>Per aix\u00f2 les viv\u00e8ncies i tasques realitzades per cada alumne a l&#8217;escola es basen en:<\/p>\n<ul>\n<li>Possibilitar una dificultat adequada i\/o personalitzada.<\/li>\n<li>Estimular l&#8217;activitat cooperativa a m\u00e9s de la individual.<\/li>\n<li>Augmentar aspectes de manipulaci\u00f3 i experimentaci\u00f3.<\/li>\n<li>Vincular al m\u00f3n real i trobar un significat a aquest treball.<\/li>\n<li>Tenir un destinatari pr\u00f2xim que ajudi a la motivaci\u00f3.<\/li>\n<li>Fer part\u00edcip l&#8217;alumne: de la planificaci\u00f3, del proc\u00e9s i de l&#8217;avaluaci\u00f3.<\/li>\n<li>Conduir-los cap a actituds positives per fomentar una bona consci\u00e8ncia d&#8217;aprenentatge.<\/li>\n<\/ul>\n<p>&nbsp;<\/p>\n","protected":false},"excerpt":{"rendered":"<p>Des de fa anys ens caracteritzem per prescindir del llibre de text com a eina d&#8217;estructuraci\u00f3 de les \u00e0rees en concret. La compra del llibre de text comportava per a les fam\u00edlies i alumnat la creen\u00e7a i l&#8217;expectativa que durant el curs s&#8217;havien d&#8217;acomplir totes les propostes del llibre, es treballava en grup i no [&hellip;]<\/p>\n","protected":false},"author":1,"featured_media":0,"parent":0,"menu_order":60,"comment_status":"closed","ping_status":"closed","template":"page-templates\/side-menu.php","meta":{"site-sidebar-layout":"default","site-content-layout":"","ast-site-content-layout":"","site-content-style":"default","site-sidebar-style":"default","ast-global-header-display":"","ast-banner-title-visibility":"","ast-main-header-display":"","ast-hfb-above-header-display":"","ast-hfb-below-header-display":"","ast-hfb-mobile-header-display":"","site-post-title":"","ast-breadcrumbs-content":"","ast-featured-img":"","footer-sml-layout":"","theme-transparent-header-meta":"","adv-header-id-meta":"","stick-header-meta":"","header-above-stick-meta":"","header-main-stick-meta":"","header-below-stick-meta":"","astra-migrate-meta-layouts":"default","ast-page-background-enabled":"default","ast-page-background-meta":{"desktop":{"background-color":"var(--ast-global-color-4)","background-image":"","background-repeat":"repeat","background-position":"center center","background-size":"auto","background-attachment":"scroll","background-type":"","background-media":"","overlay-type":"","overlay-color":"","overlay-opacity":"","overlay-gradient":""},"tablet":{"background-color":"","background-image":"","background-repeat":"repeat","background-position":"center center","background-size":"auto","background-attachment":"scroll","background-type":"","background-media":"","overlay-type":"","overlay-color":"","overlay-opacity":"","overlay-gradient":""},"mobile":{"background-color":"","background-image":"","background-repeat":"repeat","background-position":"center center","background-size":"auto","background-attachment":"scroll","background-type":"","background-media":"","overlay-type":"","overlay-color":"","overlay-opacity":"","overlay-gradient":""}},"ast-content-background-meta":{"desktop":{"background-color":"var(--ast-global-color-5)","background-image":"","background-repeat":"repeat","background-position":"center center","background-size":"auto","background-attachment":"scroll","background-type":"","background-media":"","overlay-type":"","overlay-color":"","overlay-opacity":"","overlay-gradient":""},"tablet":{"background-color":"var(--ast-global-color-5)","background-image":"","background-repeat":"repeat","background-position":"center center","background-size":"auto","background-attachment":"scroll","background-type":"","background-media":"","overlay-type":"","overlay-color":"","overlay-opacity":"","overlay-gradient":""},"mobile":{"background-color":"var(--ast-global-color-5)","background-image":"","background-repeat":"repeat","background-position":"center center","background-size":"auto","background-attachment":"scroll","background-type":"","background-media":"","overlay-type":"","overlay-color":"","overlay-opacity":"","overlay-gradient":""}},"footnotes":""},"class_list":["post-34","page","type-page","status-publish","hentry"],"post_mailing_queue_ids":[],"_links":{"self":[{"href":"https:\/\/agora.xtec.cat\/escjoaquimgifre\/wp-json\/wp\/v2\/pages\/34","targetHints":{"allow":["GET"]}}],"collection":[{"href":"https:\/\/agora.xtec.cat\/escjoaquimgifre\/wp-json\/wp\/v2\/pages"}],"about":[{"href":"https:\/\/agora.xtec.cat\/escjoaquimgifre\/wp-json\/wp\/v2\/types\/page"}],"author":[{"embeddable":true,"href":"https:\/\/agora.xtec.cat\/escjoaquimgifre\/wp-json\/wp\/v2\/users\/1"}],"replies":[{"embeddable":true,"href":"https:\/\/agora.xtec.cat\/escjoaquimgifre\/wp-json\/wp\/v2\/comments?post=34"}],"version-history":[{"count":3,"href":"https:\/\/agora.xtec.cat\/escjoaquimgifre\/wp-json\/wp\/v2\/pages\/34\/revisions"}],"predecessor-version":[{"id":11577,"href":"https:\/\/agora.xtec.cat\/escjoaquimgifre\/wp-json\/wp\/v2\/pages\/34\/revisions\/11577"}],"wp:attachment":[{"href":"https:\/\/agora.xtec.cat\/escjoaquimgifre\/wp-json\/wp\/v2\/media?parent=34"}],"curies":[{"name":"wp","href":"https:\/\/api.w.org\/{rel}","templated":true}]}}